{"id":1001,"date":"2021-10-13T06:46:55","date_gmt":"2021-10-13T06:46:55","guid":{"rendered":"https:\/\/demo.crocussativus.eu\/privacy-policy\/"},"modified":"2025-10-02T08:22:35","modified_gmt":"2025-10-02T08:22:35","slug":"privacy-policy","status":"publish","type":"page","link":"https:\/\/crocussativus.eu\/de\/privacy-policy\/","title":{"rendered":"Privacy Policy"},"content":{"rendered":"<div class=\"wpb-content-wrapper\"><p>[vc_row][vc_column width=&#8220;1\/2&#8243;][vc_wp_custommenu nav_menu=&#8220;36&#8243;][\/vc_column][vc_column width=&#8220;1\/2&#8243;][vc_column_text css=&#8220;&#8220;]<\/p>\n<h5>DATENSCHUTZ-BESTIMMUNGEN<\/h5>\n<h5>Wir respektieren Ihre Privatsph\u00e4re und verarbeiten Ihre personenbezogenen Daten nur f\u00fcr den Zweck, f\u00fcr den Sie sie bereitgestellt haben, und in \u00dcbereinstimmung mit dem Datenschutzgesetz und dem Telekommunikationsgesetz. 1. Firmendaten Firmenname: ABAC Holland B.V. Website: http:\/\/www.crocussativus.eu Handelsregisternummer: 37107309 Umsatzsteuer-Identifikationsnummer: NL8121.32.968.B.01 2. E-Mail-Adresse Wenn Ihre E-Mail-Adresse aus anderen Gr\u00fcnden als im Rahmen eines geschlossenen Vertrages erhoben wird, wird sie nicht zum \u00dcbermitteln von nicht angeforderten Nachrichten verwendet, wenn Sie dem nicht zugestimmt haben. 3. Postanschrift Ihre Postanschrift verwenden wir nur f\u00fcr die Zusendung der von Ihnen angeforderten Informationen. 4. Telefonnummer Wir verwenden Ihre Telefonnummer nicht f\u00fcr kommerzielle Zwecke. 5. Sonstige personenbezogene Daten Andere personenbezogene Daten verarbeiten wir nur (durch Cookies, Lesen von Peripherieger\u00e4ten oder auf andere Weise), wenn: 1. Die Datenverarbeitung ist erforderlich f\u00fcr: die Ausf\u00fchrung einer mit Ihnen geschlossenen Vereinbarung; die ordnungsgem\u00e4\u00dfe Erf\u00fcllung einer \u00f6ffentlich-rechtlichen Aufgabe; die Vertretung unseres berechtigten Interesses (es sei denn, Ihr Interesse oder Ihre Grundrechte und -freiheiten \u00fcberwiegen dieses Interesse) oder; 2. Sie haben der Verarbeitung bei der Erhebung zugestimmt. In jedem Fall speichern wir Ihre Daten nicht l\u00e4nger, als es f\u00fcr die Verarbeitung der Zwecke, f\u00fcr die sie erhoben wurden, erforderlich ist. 6. Besondere personenbezogene Daten Die gesammelten Informationen werden nur intern verwendet und nicht an andere Organisationen weitergegeben. 7. Sicherheit beim \u00dcbertragen und Empfangen von Daten Wenn wir Ihre Daten auf unserer Website \u00fcbertragen oder empfangen, verwenden wir stets Verschl\u00fcsselungstechnologien, die in der IT-Branche als anerkannte Standards anerkannt sind; Wenn wir bestimmte kritische Informationen erhalten oder \u00fcbertragen, wie beispielsweise Finanz- oder Gesundheitsinformationen, verwenden wir einen sicheren Server. Hier\u00fcber werden Sie \u00fcber einen Bildschirm informiert, der auf unserer Website angezeigt wird (Pop-up); Wir haben die notwendigen Sicherheitsma\u00dfnahmen getroffen, um den Verlust, Missbrauch oder die \u00c4nderung von Informationen, die wir auf unserer Website erhalten, zu verhindern. 8. Sicherheit der Datenspeicherung Sicherheitskriterien Auf der Seite, auf der Sie pers\u00f6nliche Daten angeben, wird eine sichere Verbindung verwendet. Wir speichern so wenig Kundendaten wie m\u00f6glich und stellen sicher, dass keine besonders sensiblen personenbezogenen Daten in unserer Datenbank gespeichert werden, es sei denn, es geht nicht anders. Wir treffen technische und organisatorische Ma\u00dfnahmen, um Datenverlust oder unrechtm\u00e4\u00dfige Verarbeitung (z. B. Angriffe) zu verhindern. Wir garantieren daher ein angemessenes Sicherheitsniveau und lassen unsere Seite regelm\u00e4\u00dfig testen. 9. Zugriff auf Ihre Daten Auf Anfrage teilen wir den Besuchern unserer Website mit, welche personenbezogenen Daten \u00fcber sie verarbeitet werden. Unrichtige Daten k\u00f6nnen berichtigt, erg\u00e4nzt oder gel\u00f6scht werden. Wenn Sie auf diese Informationen zugreifen oder Ihre pers\u00f6nlichen Daten korrigieren m\u00f6chten, kontaktieren Sie uns bitte unter der unten angegebenen Adresse. 10. Kontakt Wenn Sie auf unsere Datenschutzrichtlinie reagieren m\u00f6chten, k\u00f6nnen Sie sich an folgende Adresse wenden: Unter der folgenden E-Mail-Adresse: info@crocussativus.eu Unter folgender Telefonnummer: +31 627267149 Diese Datenschutzerkl\u00e4rung kann jederzeit ge\u00e4ndert werden. Wir werden diese \u00c4nderungen hier ver\u00f6ffentlichen und Sie gegebenenfalls per E-Mail benachrichtigen.<\/h5>\n<p>[\/vc_column_text][\/vc_column][\/vc_row][vc_row full_width=&#8220;stretch_row&#8220; css=&#8220;.vc_custom_1644242697585{background-color: #f9f9f9 !important;}&#8220;][vc_column width=&#8220;1\/4&#8243;][vc_column_text]<\/p>\n<h4>FIRMENDETAILS<\/h4>\n<p><strong>ABAC Holland B.V.<\/strong><br \/>\nT.a.v. Crocussativus.eu<br \/>\nMr. J.Henderikxstraat 57<br \/>\n1788 AZ Julianadorp<br \/>\nNederland<\/p>\n<p>KvK-nr.: 54348765<br \/>\nBTW: NL8512.69.382.B01<\/p>\n<p>[\/vc_column_text][\/vc_column][vc_column width=&#8220;1\/4&#8243;][vc_column_text css=&#8220;&#8220;]<\/p>\n<h4>CONTACT<\/h4>\n<p><strong>Crocussativus.eu<\/strong><br \/>\nT <a href=\"tel:+31627267149\">+31 (0)627 267 149<\/a><br \/>\nE: <a href=\"mailto:info@crocussativus.eu\">info@crocussativus.eu<\/a><\/p>\n<p>[\/vc_column_text][\/vc_column][vc_column width=&#8220;1\/4&#8243;][vc_column_text]<\/p>\n<h4>EINKAUFEN<\/h4>\n<p><strong>Alle unsere Transaktionen werden von Mollie sicher verarbeitet.<\/strong><\/p>\n<p><strong>Shipping costs:<\/strong><\/p>\n<p>The Netherlands: free<br \/>\nE.U.: \u20ac6 per order<br \/>\nOutside EU: Preis auf Anfrage.<\/p>\n<p><em>*Countries with phytosanitary requirements pay fees inspection.<\/em>[\/vc_column_text][\/vc_column][vc_column width=&#8220;1\/4&#8243;][vc_column_text]<\/p>\n<h5>KLANTENSERVICE<\/h5>\n<p>[\/vc_column_text][vc_wp_custommenu nav_menu=&#8220;36&#8243;][\/vc_column][\/vc_row]<\/p>\n<\/div>","protected":false},"excerpt":{"rendered":"<p>[vc_row][vc_column width=&#8220;1\/2&#8243;][vc_wp_custommenu nav_menu=&#8220;36&#8243;][\/vc_column][vc_column width=&#8220;1\/2&#8243;][vc_column_text css=&#8220;&#8220;] DATENSCHUTZ-BESTIMMUNGEN Wir respektieren Ihre Privatsph\u00e4re und verarbeiten Ihre personenbezogenen Daten nur f\u00fcr den Zweck, f\u00fcr den Sie sie bereitgestellt haben, und in \u00dcbereinstimmung mit dem Datenschutzgesetz und dem Telekommunikationsgesetz. 1. Firmendaten Firmenname: ABAC Holland B.V. Website: http:\/\/www.crocussativus.eu Handelsregisternummer: 37107309 Umsatzsteuer-Identifikationsnummer: NL8121.32.968.B.01 2. E-Mail-Adresse Wenn Ihre E-Mail-Adresse aus anderen Gr\u00fcnden als&hellip;<\/p>\n","protected":false},"author":1,"featured_media":0,"parent":0,"menu_order":0,"comment_status":"closed","ping_status":"closed","template":"","meta":{"footnotes":""},"class_list":["post-1001","page","type-page","status-publish","hentry","description-off"],"yoast_head":"<!-- This site is optimized with the Yoast SEO Premium plugin v26.5 (Yoast SEO v26.5) - https:\/\/yoast.com\/wordpress\/plugins\/seo\/ -->\n<title>Privacy Policy - Crocussativus<\/title>\n<meta name=\"robots\" content=\"index, follow, max-snippet:-1, max-image-preview:large, max-video-preview:-1\" \/>\n<link rel=\"canonical\" href=\"https:\/\/crocussativus.eu\/de\/privacy-policy\/\" \/>\n<meta property=\"og:locale\" content=\"de_DE\" \/>\n<meta property=\"og:type\" content=\"article\" \/>\n<meta property=\"og:title\" content=\"Privacy Policy\" \/>\n<meta property=\"og:description\" content=\"[vc_row][vc_column width=&#8220;1\/2&#8243;][vc_wp_custommenu nav_menu=&#8220;36&#8243;][\/vc_column][vc_column width=&#8220;1\/2&#8243;][vc_column_text css=&#8220;&#8220;] DATENSCHUTZ-BESTIMMUNGEN Wir respektieren Ihre Privatsph\u00e4re und verarbeiten Ihre personenbezogenen Daten nur f\u00fcr den Zweck, f\u00fcr den Sie sie bereitgestellt haben, und in \u00dcbereinstimmung mit dem Datenschutzgesetz und dem Telekommunikationsgesetz. 1. Firmendaten Firmenname: ABAC Holland B.V. Website: http:\/\/www.crocussativus.eu Handelsregisternummer: 37107309 Umsatzsteuer-Identifikationsnummer: NL8121.32.968.B.01 2. E-Mail-Adresse Wenn Ihre E-Mail-Adresse aus anderen Gr\u00fcnden als&hellip;\" \/>\n<meta property=\"og:url\" content=\"https:\/\/crocussativus.eu\/de\/privacy-policy\/\" \/>\n<meta property=\"og:site_name\" content=\"Crocussativus\" \/>\n<meta property=\"article:publisher\" content=\"https:\/\/www.facebook.com\/crocussativus.eu\" \/>\n<meta property=\"article:modified_time\" content=\"2025-10-02T08:22:35+00:00\" \/>\n<meta property=\"og:image\" content=\"https:\/\/crocussativus.eu\/wp-content\/uploads\/2022\/02\/saffraan.jpg\" \/>\n\t<meta property=\"og:image:width\" content=\"900\" \/>\n\t<meta property=\"og:image:height\" content=\"500\" \/>\n\t<meta property=\"og:image:type\" content=\"image\/jpeg\" \/>\n<meta name=\"twitter:card\" content=\"summary_large_image\" \/>\n<meta name=\"twitter:label1\" content=\"Gesch\u00e4tzte Lesezeit\" \/>\n\t<meta name=\"twitter:data1\" content=\"3\u00a0Minuten\" \/>\n<script type=\"application\/ld+json\" class=\"yoast-schema-graph\">{\"@context\":\"https:\/\/schema.org\",\"@graph\":[{\"@type\":\"WebPage\",\"@id\":\"https:\/\/crocussativus.eu\/de\/privacy-policy\/\",\"url\":\"https:\/\/crocussativus.eu\/de\/privacy-policy\/\",\"name\":\"Privacy Policy - Crocussativus\",\"isPartOf\":{\"@id\":\"https:\/\/crocussativus.eu\/#website\"},\"datePublished\":\"2021-10-13T06:46:55+00:00\",\"dateModified\":\"2025-10-02T08:22:35+00:00\",\"breadcrumb\":{\"@id\":\"https:\/\/crocussativus.eu\/de\/privacy-policy\/#breadcrumb\"},\"inLanguage\":\"de\",\"potentialAction\":[{\"@type\":\"ReadAction\",\"target\":[\"https:\/\/crocussativus.eu\/de\/privacy-policy\/\"]}]},{\"@type\":\"BreadcrumbList\",\"@id\":\"https:\/\/crocussativus.eu\/de\/privacy-policy\/#breadcrumb\",\"itemListElement\":[{\"@type\":\"ListItem\",\"position\":1,\"name\":\"Home\",\"item\":\"https:\/\/crocussativus.eu\/de\/\"},{\"@type\":\"ListItem\",\"position\":2,\"name\":\"Privacy Policy\"}]},{\"@type\":\"WebSite\",\"@id\":\"https:\/\/crocussativus.eu\/#website\",\"url\":\"https:\/\/crocussativus.eu\/\",\"name\":\"Crocussativus.eu\",\"description\":\"Saffraan, Capsules, Crocus sativus bollen &amp; Saffraankaas\",\"publisher\":{\"@id\":\"https:\/\/crocussativus.eu\/#organization\"},\"potentialAction\":[{\"@type\":\"SearchAction\",\"target\":{\"@type\":\"EntryPoint\",\"urlTemplate\":\"https:\/\/crocussativus.eu\/?s={search_term_string}\"},\"query-input\":{\"@type\":\"PropertyValueSpecification\",\"valueRequired\":true,\"valueName\":\"search_term_string\"}}],\"inLanguage\":\"de\"},{\"@type\":\"Organization\",\"@id\":\"https:\/\/crocussativus.eu\/#organization\",\"name\":\"abac holland bv\",\"alternateName\":\"crocus sativus .eu\",\"url\":\"https:\/\/crocussativus.eu\/\",\"logo\":{\"@type\":\"ImageObject\",\"inLanguage\":\"de\",\"@id\":\"https:\/\/crocussativus.eu\/#\/schema\/logo\/image\/\",\"url\":\"https:\/\/crocussativus.eu\/wp-content\/uploads\/2023\/06\/logo_h80-1.png\",\"contentUrl\":\"https:\/\/crocussativus.eu\/wp-content\/uploads\/2023\/06\/logo_h80-1.png\",\"width\":181,\"height\":80,\"caption\":\"abac holland bv\"},\"image\":{\"@id\":\"https:\/\/crocussativus.eu\/#\/schema\/logo\/image\/\"},\"sameAs\":[\"https:\/\/www.facebook.com\/crocussativus.eu\"],\"description\":\"Social and Solidarity Enterprise. We do everything we can to oSociale en Solidaire Onderneming. We doen er alles aan om innovatieve en transparante middelen en diensten aan te bieden en zo de Saffraan- en Crocus sativus telers te ondersteunen.ffer innovative and transparent resources and services to support Saffron and Crocus sativus growers.\",\"email\":\"info@abacholland.com\",\"telephone\":\"+31 (0)627 267 149\",\"legalName\":\"abac holland bv\",\"foundingDate\":\"2011-01-09\"}]}<\/script>\n<!-- \/ Yoast SEO Premium plugin. -->","yoast_head_json":{"title":"Privacy Policy - Crocussativus","robots":{"index":"index","follow":"follow","max-snippet":"max-snippet:-1","max-image-preview":"max-image-preview:large","max-video-preview":"max-video-preview:-1"},"canonical":"https:\/\/crocussativus.eu\/de\/privacy-policy\/","og_locale":"de_DE","og_type":"article","og_title":"Privacy Policy","og_description":"[vc_row][vc_column width=&#8220;1\/2&#8243;][vc_wp_custommenu nav_menu=&#8220;36&#8243;][\/vc_column][vc_column width=&#8220;1\/2&#8243;][vc_column_text css=&#8220;&#8220;] DATENSCHUTZ-BESTIMMUNGEN Wir respektieren Ihre Privatsph\u00e4re und verarbeiten Ihre personenbezogenen Daten nur f\u00fcr den Zweck, f\u00fcr den Sie sie bereitgestellt haben, und in \u00dcbereinstimmung mit dem Datenschutzgesetz und dem Telekommunikationsgesetz. 1. Firmendaten Firmenname: ABAC Holland B.V. Website: http:\/\/www.crocussativus.eu Handelsregisternummer: 37107309 Umsatzsteuer-Identifikationsnummer: NL8121.32.968.B.01 2. E-Mail-Adresse Wenn Ihre E-Mail-Adresse aus anderen Gr\u00fcnden als&hellip;","og_url":"https:\/\/crocussativus.eu\/de\/privacy-policy\/","og_site_name":"Crocussativus","article_publisher":"https:\/\/www.facebook.com\/crocussativus.eu","article_modified_time":"2025-10-02T08:22:35+00:00","og_image":[{"width":900,"height":500,"url":"https:\/\/crocussativus.eu\/wp-content\/uploads\/2022\/02\/saffraan.jpg","type":"image\/jpeg"}],"twitter_card":"summary_large_image","twitter_misc":{"Gesch\u00e4tzte Lesezeit":"3\u00a0Minuten"},"schema":{"@context":"https:\/\/schema.org","@graph":[{"@type":"WebPage","@id":"https:\/\/crocussativus.eu\/de\/privacy-policy\/","url":"https:\/\/crocussativus.eu\/de\/privacy-policy\/","name":"Privacy Policy - Crocussativus","isPartOf":{"@id":"https:\/\/crocussativus.eu\/#website"},"datePublished":"2021-10-13T06:46:55+00:00","dateModified":"2025-10-02T08:22:35+00:00","breadcrumb":{"@id":"https:\/\/crocussativus.eu\/de\/privacy-policy\/#breadcrumb"},"inLanguage":"de","potentialAction":[{"@type":"ReadAction","target":["https:\/\/crocussativus.eu\/de\/privacy-policy\/"]}]},{"@type":"BreadcrumbList","@id":"https:\/\/crocussativus.eu\/de\/privacy-policy\/#breadcrumb","itemListElement":[{"@type":"ListItem","position":1,"name":"Home","item":"https:\/\/crocussativus.eu\/de\/"},{"@type":"ListItem","position":2,"name":"Privacy Policy"}]},{"@type":"WebSite","@id":"https:\/\/crocussativus.eu\/#website","url":"https:\/\/crocussativus.eu\/","name":"Crocussativus.eu","description":"Saffraan, Capsules, Crocus sativus bollen &amp; Saffraankaas","publisher":{"@id":"https:\/\/crocussativus.eu\/#organization"},"potentialAction":[{"@type":"SearchAction","target":{"@type":"EntryPoint","urlTemplate":"https:\/\/crocussativus.eu\/?s={search_term_string}"},"query-input":{"@type":"PropertyValueSpecification","valueRequired":true,"valueName":"search_term_string"}}],"inLanguage":"de"},{"@type":"Organization","@id":"https:\/\/crocussativus.eu\/#organization","name":"abac holland bv","alternateName":"crocus sativus .eu","url":"https:\/\/crocussativus.eu\/","logo":{"@type":"ImageObject","inLanguage":"de","@id":"https:\/\/crocussativus.eu\/#\/schema\/logo\/image\/","url":"https:\/\/crocussativus.eu\/wp-content\/uploads\/2023\/06\/logo_h80-1.png","contentUrl":"https:\/\/crocussativus.eu\/wp-content\/uploads\/2023\/06\/logo_h80-1.png","width":181,"height":80,"caption":"abac holland bv"},"image":{"@id":"https:\/\/crocussativus.eu\/#\/schema\/logo\/image\/"},"sameAs":["https:\/\/www.facebook.com\/crocussativus.eu"],"description":"Social and Solidarity Enterprise. We do everything we can to oSociale en Solidaire Onderneming. We doen er alles aan om innovatieve en transparante middelen en diensten aan te bieden en zo de Saffraan- en Crocus sativus telers te ondersteunen.ffer innovative and transparent resources and services to support Saffron and Crocus sativus growers.","email":"info@abacholland.com","telephone":"+31 (0)627 267 149","legalName":"abac holland bv","foundingDate":"2011-01-09"}]}},"_links":{"self":[{"href":"https:\/\/crocussativus.eu\/de\/wp-json\/wp\/v2\/pages\/1001","targetHints":{"allow":["GET"]}}],"collection":[{"href":"https:\/\/crocussativus.eu\/de\/wp-json\/wp\/v2\/pages"}],"about":[{"href":"https:\/\/crocussativus.eu\/de\/wp-json\/wp\/v2\/types\/page"}],"author":[{"embeddable":true,"href":"https:\/\/crocussativus.eu\/de\/wp-json\/wp\/v2\/users\/1"}],"replies":[{"embeddable":true,"href":"https:\/\/crocussativus.eu\/de\/wp-json\/wp\/v2\/comments?post=1001"}],"version-history":[{"count":0,"href":"https:\/\/crocussativus.eu\/de\/wp-json\/wp\/v2\/pages\/1001\/revisions"}],"wp:attachment":[{"href":"https:\/\/crocussativus.eu\/de\/wp-json\/wp\/v2\/media?parent=1001"}],"curies":[{"name":"wp","href":"https:\/\/api.w.org\/{rel}","templated":true}]}}