{"id":1005,"date":"2022-02-07T14:36:23","date_gmt":"2022-02-07T14:36:23","guid":{"rendered":"https:\/\/demo.crocussativus.eu\/over-ons\/"},"modified":"2025-05-17T09:02:00","modified_gmt":"2025-05-17T09:02:00","slug":"ueber-uns","status":"publish","type":"page","link":"https:\/\/crocussativus.eu\/de\/ueber-uns\/","title":{"rendered":"\u00dcber uns"},"content":{"rendered":"<div class=\"wpb-content-wrapper\"><p>[vc_row][vc_column][vc_column_text]<\/p>\n<h2>The owners of ABAC Holland<\/h2>\n<p>&nbsp;<\/p>\n<p>ABAC Holland BV wird all\u00fcchter weltweitgemein von Safranz\u00fcchtern weltweit als bedeutender Experte und Wissensbasis sowohl f\u00fcr die Safranzwiebelproduktion als auch f\u00fcr die Safranproduktion angesehen. Das Unternehmen wird kontinuierlich von Landwirten aus 5 Kontinenten um Beratung, Schulung, Lieferung von Blumenzwiebeln, Unterst\u00fctzung bei Marketing und Verkauf und Partnerschaften gebeten. Dar\u00fcber hinaus wurde der CEO des Unternehmens mehrfach von der niederl\u00e4ndischen Regierung mit Zusch\u00fcssen ausgezeichnet, sowohl f\u00fcr die Durchf\u00fchrung von Projekten in Afghanistan als auch f\u00fcr bahnbrechende Forschung in den Niederlanden.<\/p>\n<h2>Safran-Aktivit\u00e4ten<\/h2>\n<p>Abgesehen von seinen Aktivit\u00e4ten im Bereich Safran ist ABAC Holland BV auch in Sektoren wie Erdbeeren, Brombeeren, Obstb\u00e4umen, verarbeiteten Lebensmitteln (100 % frischer Fruchtsaft) sowie in der Entwicklung und Erforschung der biologischen Behandlung von Krankheiten im Gartenbau und in der Landwirtschaft t\u00e4tig. Pilotprojekte zur L\u00f6sung anhaltender Probleme in Landwirtschaft und Wasser in verschiedenen L\u00e4ndern sind in Vorbereitung.<\/p>\n<h2>Partner von ABAC Holland<\/h2>\n<p>Die Partner von ABAC Holland BV haben zusammen \u00fcber 40 Jahre Erfahrung mit Gartenbauprojekten auf 4 Kontinenten, in L\u00e4ndern wie Indien, China, \u00c4gypten, S\u00fcdafrika, Honduras, Guatemala und Kolumbien. Sie haben auf allen Ebenen gearbeitet, von Landwirten bis hin zu Ministern der Zentralregierung. Einer der Partner hat f\u00fcr die niederl\u00e4ndische Entwicklungsbank FMO gearbeitet. Er hat Teams zusammengestellt, um Machbarkeitsstudien in der Blumenzucht in Mexiko, Honduras und Indien durchzuf\u00fchren. Er war ma\u00dfgeblich an der Geburt der indischen Blumenzuchtindustrie beteiligt und hat einen Durchbruch f\u00fcr den mexikanischen Blumenexport in die Vereinigten Staaten geschaffen. In Indien war er an der Co-Verwaltung und Umsetzung mehrerer Blumenfarmen beteiligt.<\/p>\n<p>&nbsp;<\/p>\n<h5 class=\"has-luminous-vivid-orange-color has-text-color\"><img loading=\"lazy\" decoding=\"async\" class=\"alignnone wp-image-185 aligncenter\" src=\"https:\/\/crocussativus.eu\/wp-content\/uploads\/2022\/02\/about_us-300x169.jpg\" alt=\"\" width=\"401\" height=\"226\" srcset=\"https:\/\/crocussativus.eu\/wp-content\/uploads\/2022\/02\/about_us-300x169.jpg 300w, https:\/\/crocussativus.eu\/wp-content\/uploads\/2022\/02\/about_us-600x338.jpg 600w, https:\/\/crocussativus.eu\/wp-content\/uploads\/2022\/02\/about_us.jpg 768w\" sizes=\"auto, (max-width: 401px) 100vw, 401px\" \/><\/h5>\n<h2 style=\"text-align: center;\">Saffron cultivation and more.<\/h2>\n<p>[\/vc_column_text][\/vc_column][\/vc_row][vc_row full_width=&#8220;stretch_row&#8220; css=&#8220;.vc_custom_1644242697585{background-color: #f9f9f9 !important;}&#8220;][vc_column width=&#8220;1\/4&#8243;][vc_column_text]<\/p>\n<h4>FIRMENDETAILS<\/h4>\n<p><strong>ABAC Holland B.V.<\/strong><br \/>\nT.a.v. Crocussativus.eu<br \/>\nMr. J.Henderikxstraat 57<br \/>\n1788 AZ Julianadorp<br \/>\nNederland<\/p>\n<p>KvK-nr.: 54348765<br \/>\nBTW: NL8512.69.382.B01<\/p>\n<p>[\/vc_column_text][\/vc_column][vc_column width=&#8220;1\/4&#8243;][vc_column_text css=&#8220;&#8220;]<\/p>\n<h4>CONTACT<\/h4>\n<p><strong>Crocussativus.eu<\/strong><br \/>\nT <a href=\"tel:+31627267149\">+31 (0)627 267 149<\/a><br \/>\nE: <a href=\"mailto:info@crocussativus.eu\">info@crocussativus.eu<\/a><\/p>\n<p>[\/vc_column_text][\/vc_column][vc_column width=&#8220;1\/4&#8243;][vc_column_text]<\/p>\n<h4>EINKAUFEN<\/h4>\n<p><strong>Alle unsere Transaktionen werden von Mollie sicher verarbeitet.<\/strong><\/p>\n<p><strong>Shipping costs:<\/strong><\/p>\n<p>The Netherlands: free<br \/>\nE.U.: \u20ac6 per order<br \/>\nOutside EU: Preis auf Anfrage.<\/p>\n<p><em>*Countries with phytosanitary requirements pay fees inspection.<\/em>[\/vc_column_text][\/vc_column][vc_column width=&#8220;1\/4&#8243;][vc_column_text]<\/p>\n<h5>KLANTENSERVICE<\/h5>\n<p>[\/vc_column_text][vc_wp_custommenu nav_menu=&#8220;36&#8243;][\/vc_column][\/vc_row]<\/p>\n<\/div>","protected":false},"excerpt":{"rendered":"<p>[vc_row][vc_column][vc_column_text] The owners of ABAC Holland &nbsp; ABAC Holland BV wird all\u00fcchter weltweitgemein von Safranz\u00fcchtern weltweit als bedeutender Experte und Wissensbasis sowohl f\u00fcr die Safranzwiebelproduktion als auch f\u00fcr die Safranproduktion angesehen. Das Unternehmen wird kontinuierlich von Landwirten aus 5 Kontinenten um Beratung, Schulung, Lieferung von Blumenzwiebeln, Unterst\u00fctzung bei Marketing und Verkauf und Partnerschaften gebeten. Dar\u00fcber&hellip;<\/p>\n","protected":false},"author":1,"featured_media":0,"parent":0,"menu_order":0,"comment_status":"closed","ping_status":"closed","template":"","meta":{"footnotes":""},"class_list":["post-1005","page","type-page","status-publish","hentry","description-off"],"yoast_head":"<!-- This site is optimized with the Yoast SEO Premium plugin v26.5 (Yoast SEO v26.5) - https:\/\/yoast.com\/wordpress\/plugins\/seo\/ -->\n<title>\u00dcber uns - Crocussativus<\/title>\n<meta name=\"robots\" content=\"index, follow, max-snippet:-1, max-image-preview:large, max-video-preview:-1\" \/>\n<link rel=\"canonical\" href=\"https:\/\/crocussativus.eu\/de\/ueber-uns\/\" \/>\n<meta property=\"og:locale\" content=\"de_DE\" \/>\n<meta property=\"og:type\" content=\"article\" \/>\n<meta property=\"og:title\" content=\"\u00dcber uns\" \/>\n<meta property=\"og:description\" content=\"[vc_row][vc_column][vc_column_text] The owners of ABAC Holland &nbsp; ABAC Holland BV wird all\u00fcchter weltweitgemein von Safranz\u00fcchtern weltweit als bedeutender Experte und Wissensbasis sowohl f\u00fcr die Safranzwiebelproduktion als auch f\u00fcr die Safranproduktion angesehen. Das Unternehmen wird kontinuierlich von Landwirten aus 5 Kontinenten um Beratung, Schulung, Lieferung von Blumenzwiebeln, Unterst\u00fctzung bei Marketing und Verkauf und Partnerschaften gebeten. Dar\u00fcber&hellip;\" \/>\n<meta property=\"og:url\" content=\"https:\/\/crocussativus.eu\/de\/ueber-uns\/\" \/>\n<meta property=\"og:site_name\" content=\"Crocussativus\" \/>\n<meta property=\"article:publisher\" content=\"https:\/\/www.facebook.com\/crocussativus.eu\" \/>\n<meta property=\"article:modified_time\" content=\"2025-05-17T09:02:00+00:00\" \/>\n<meta property=\"og:image\" content=\"https:\/\/crocussativus.eu\/wp-content\/uploads\/2022\/02\/about_us.jpg\" \/>\n\t<meta property=\"og:image:width\" content=\"768\" \/>\n\t<meta property=\"og:image:height\" content=\"432\" \/>\n\t<meta property=\"og:image:type\" content=\"image\/jpeg\" \/>\n<meta name=\"twitter:card\" content=\"summary_large_image\" \/>\n<meta name=\"twitter:label1\" content=\"Gesch\u00e4tzte Lesezeit\" \/>\n\t<meta name=\"twitter:data1\" content=\"2\u00a0Minuten\" \/>\n<script type=\"application\/ld+json\" class=\"yoast-schema-graph\">{\"@context\":\"https:\/\/schema.org\",\"@graph\":[{\"@type\":\"WebPage\",\"@id\":\"https:\/\/crocussativus.eu\/de\/ueber-uns\/\",\"url\":\"https:\/\/crocussativus.eu\/de\/ueber-uns\/\",\"name\":\"\u00dcber uns - Crocussativus\",\"isPartOf\":{\"@id\":\"https:\/\/crocussativus.eu\/#website\"},\"primaryImageOfPage\":{\"@id\":\"https:\/\/crocussativus.eu\/de\/ueber-uns\/#primaryimage\"},\"image\":{\"@id\":\"https:\/\/crocussativus.eu\/de\/ueber-uns\/#primaryimage\"},\"thumbnailUrl\":\"https:\/\/crocussativus.eu\/wp-content\/uploads\/2022\/02\/about_us-300x169.jpg\",\"datePublished\":\"2022-02-07T14:36:23+00:00\",\"dateModified\":\"2025-05-17T09:02:00+00:00\",\"breadcrumb\":{\"@id\":\"https:\/\/crocussativus.eu\/de\/ueber-uns\/#breadcrumb\"},\"inLanguage\":\"de\",\"potentialAction\":[{\"@type\":\"ReadAction\",\"target\":[\"https:\/\/crocussativus.eu\/de\/ueber-uns\/\"]}]},{\"@type\":\"ImageObject\",\"inLanguage\":\"de\",\"@id\":\"https:\/\/crocussativus.eu\/de\/ueber-uns\/#primaryimage\",\"url\":\"https:\/\/crocussativus.eu\/wp-content\/uploads\/2022\/02\/about_us-300x169.jpg\",\"contentUrl\":\"https:\/\/crocussativus.eu\/wp-content\/uploads\/2022\/02\/about_us-300x169.jpg\"},{\"@type\":\"BreadcrumbList\",\"@id\":\"https:\/\/crocussativus.eu\/de\/ueber-uns\/#breadcrumb\",\"itemListElement\":[{\"@type\":\"ListItem\",\"position\":1,\"name\":\"Home\",\"item\":\"https:\/\/crocussativus.eu\/de\/\"},{\"@type\":\"ListItem\",\"position\":2,\"name\":\"\u00dcber uns\"}]},{\"@type\":\"WebSite\",\"@id\":\"https:\/\/crocussativus.eu\/#website\",\"url\":\"https:\/\/crocussativus.eu\/\",\"name\":\"Crocussativus.eu\",\"description\":\"Saffraan, Capsules, Crocus sativus bollen &amp; Saffraankaas\",\"publisher\":{\"@id\":\"https:\/\/crocussativus.eu\/#organization\"},\"potentialAction\":[{\"@type\":\"SearchAction\",\"target\":{\"@type\":\"EntryPoint\",\"urlTemplate\":\"https:\/\/crocussativus.eu\/?s={search_term_string}\"},\"query-input\":{\"@type\":\"PropertyValueSpecification\",\"valueRequired\":true,\"valueName\":\"search_term_string\"}}],\"inLanguage\":\"de\"},{\"@type\":\"Organization\",\"@id\":\"https:\/\/crocussativus.eu\/#organization\",\"name\":\"abac holland bv\",\"alternateName\":\"crocus sativus .eu\",\"url\":\"https:\/\/crocussativus.eu\/\",\"logo\":{\"@type\":\"ImageObject\",\"inLanguage\":\"de\",\"@id\":\"https:\/\/crocussativus.eu\/#\/schema\/logo\/image\/\",\"url\":\"https:\/\/crocussativus.eu\/wp-content\/uploads\/2023\/06\/logo_h80-1.png\",\"contentUrl\":\"https:\/\/crocussativus.eu\/wp-content\/uploads\/2023\/06\/logo_h80-1.png\",\"width\":181,\"height\":80,\"caption\":\"abac holland bv\"},\"image\":{\"@id\":\"https:\/\/crocussativus.eu\/#\/schema\/logo\/image\/\"},\"sameAs\":[\"https:\/\/www.facebook.com\/crocussativus.eu\"],\"description\":\"Social and Solidarity Enterprise. We do everything we can to oSociale en Solidaire Onderneming. We doen er alles aan om innovatieve en transparante middelen en diensten aan te bieden en zo de Saffraan- en Crocus sativus telers te ondersteunen.ffer innovative and transparent resources and services to support Saffron and Crocus sativus growers.\",\"email\":\"info@abacholland.com\",\"telephone\":\"+31 (0)627 267 149\",\"legalName\":\"abac holland bv\",\"foundingDate\":\"2011-01-09\"}]}<\/script>\n<!-- \/ Yoast SEO Premium plugin. -->","yoast_head_json":{"title":"\u00dcber uns - Crocussativus","robots":{"index":"index","follow":"follow","max-snippet":"max-snippet:-1","max-image-preview":"max-image-preview:large","max-video-preview":"max-video-preview:-1"},"canonical":"https:\/\/crocussativus.eu\/de\/ueber-uns\/","og_locale":"de_DE","og_type":"article","og_title":"\u00dcber uns","og_description":"[vc_row][vc_column][vc_column_text] The owners of ABAC Holland &nbsp; ABAC Holland BV wird all\u00fcchter weltweitgemein von Safranz\u00fcchtern weltweit als bedeutender Experte und Wissensbasis sowohl f\u00fcr die Safranzwiebelproduktion als auch f\u00fcr die Safranproduktion angesehen. Das Unternehmen wird kontinuierlich von Landwirten aus 5 Kontinenten um Beratung, Schulung, Lieferung von Blumenzwiebeln, Unterst\u00fctzung bei Marketing und Verkauf und Partnerschaften gebeten. Dar\u00fcber&hellip;","og_url":"https:\/\/crocussativus.eu\/de\/ueber-uns\/","og_site_name":"Crocussativus","article_publisher":"https:\/\/www.facebook.com\/crocussativus.eu","article_modified_time":"2025-05-17T09:02:00+00:00","og_image":[{"width":768,"height":432,"url":"https:\/\/crocussativus.eu\/wp-content\/uploads\/2022\/02\/about_us.jpg","type":"image\/jpeg"}],"twitter_card":"summary_large_image","twitter_misc":{"Gesch\u00e4tzte Lesezeit":"2\u00a0Minuten"},"schema":{"@context":"https:\/\/schema.org","@graph":[{"@type":"WebPage","@id":"https:\/\/crocussativus.eu\/de\/ueber-uns\/","url":"https:\/\/crocussativus.eu\/de\/ueber-uns\/","name":"\u00dcber uns - Crocussativus","isPartOf":{"@id":"https:\/\/crocussativus.eu\/#website"},"primaryImageOfPage":{"@id":"https:\/\/crocussativus.eu\/de\/ueber-uns\/#primaryimage"},"image":{"@id":"https:\/\/crocussativus.eu\/de\/ueber-uns\/#primaryimage"},"thumbnailUrl":"https:\/\/crocussativus.eu\/wp-content\/uploads\/2022\/02\/about_us-300x169.jpg","datePublished":"2022-02-07T14:36:23+00:00","dateModified":"2025-05-17T09:02:00+00:00","breadcrumb":{"@id":"https:\/\/crocussativus.eu\/de\/ueber-uns\/#breadcrumb"},"inLanguage":"de","potentialAction":[{"@type":"ReadAction","target":["https:\/\/crocussativus.eu\/de\/ueber-uns\/"]}]},{"@type":"ImageObject","inLanguage":"de","@id":"https:\/\/crocussativus.eu\/de\/ueber-uns\/#primaryimage","url":"https:\/\/crocussativus.eu\/wp-content\/uploads\/2022\/02\/about_us-300x169.jpg","contentUrl":"https:\/\/crocussativus.eu\/wp-content\/uploads\/2022\/02\/about_us-300x169.jpg"},{"@type":"BreadcrumbList","@id":"https:\/\/crocussativus.eu\/de\/ueber-uns\/#breadcrumb","itemListElement":[{"@type":"ListItem","position":1,"name":"Home","item":"https:\/\/crocussativus.eu\/de\/"},{"@type":"ListItem","position":2,"name":"\u00dcber uns"}]},{"@type":"WebSite","@id":"https:\/\/crocussativus.eu\/#website","url":"https:\/\/crocussativus.eu\/","name":"Crocussativus.eu","description":"Saffraan, Capsules, Crocus sativus bollen &amp; Saffraankaas","publisher":{"@id":"https:\/\/crocussativus.eu\/#organization"},"potentialAction":[{"@type":"SearchAction","target":{"@type":"EntryPoint","urlTemplate":"https:\/\/crocussativus.eu\/?s={search_term_string}"},"query-input":{"@type":"PropertyValueSpecification","valueRequired":true,"valueName":"search_term_string"}}],"inLanguage":"de"},{"@type":"Organization","@id":"https:\/\/crocussativus.eu\/#organization","name":"abac holland bv","alternateName":"crocus sativus .eu","url":"https:\/\/crocussativus.eu\/","logo":{"@type":"ImageObject","inLanguage":"de","@id":"https:\/\/crocussativus.eu\/#\/schema\/logo\/image\/","url":"https:\/\/crocussativus.eu\/wp-content\/uploads\/2023\/06\/logo_h80-1.png","contentUrl":"https:\/\/crocussativus.eu\/wp-content\/uploads\/2023\/06\/logo_h80-1.png","width":181,"height":80,"caption":"abac holland bv"},"image":{"@id":"https:\/\/crocussativus.eu\/#\/schema\/logo\/image\/"},"sameAs":["https:\/\/www.facebook.com\/crocussativus.eu"],"description":"Social and Solidarity Enterprise. We do everything we can to oSociale en Solidaire Onderneming. We doen er alles aan om innovatieve en transparante middelen en diensten aan te bieden en zo de Saffraan- en Crocus sativus telers te ondersteunen.ffer innovative and transparent resources and services to support Saffron and Crocus sativus growers.","email":"info@abacholland.com","telephone":"+31 (0)627 267 149","legalName":"abac holland bv","foundingDate":"2011-01-09"}]}},"_links":{"self":[{"href":"https:\/\/crocussativus.eu\/de\/wp-json\/wp\/v2\/pages\/1005","targetHints":{"allow":["GET"]}}],"collection":[{"href":"https:\/\/crocussativus.eu\/de\/wp-json\/wp\/v2\/pages"}],"about":[{"href":"https:\/\/crocussativus.eu\/de\/wp-json\/wp\/v2\/types\/page"}],"author":[{"embeddable":true,"href":"https:\/\/crocussativus.eu\/de\/wp-json\/wp\/v2\/users\/1"}],"replies":[{"embeddable":true,"href":"https:\/\/crocussativus.eu\/de\/wp-json\/wp\/v2\/comments?post=1005"}],"version-history":[{"count":0,"href":"https:\/\/crocussativus.eu\/de\/wp-json\/wp\/v2\/pages\/1005\/revisions"}],"wp:attachment":[{"href":"https:\/\/crocussativus.eu\/de\/wp-json\/wp\/v2\/media?parent=1005"}],"curies":[{"name":"wp","href":"https:\/\/api.w.org\/{rel}","templated":true}]}}