{"id":1022,"date":"2022-04-12T14:09:03","date_gmt":"2022-04-12T14:09:03","guid":{"rendered":"https:\/\/demo.crocussativus.eu\/?page_id=1022"},"modified":"2025-11-26T15:21:39","modified_gmt":"2025-11-26T15:21:39","slug":"rueckerstattungs-rueckgaberecht","status":"publish","type":"page","link":"https:\/\/crocussativus.eu\/de\/rueckerstattungs-rueckgaberecht\/","title":{"rendered":"Rueckerstattungs-Rueckgaberecht"},"content":{"rendered":"<div class=\"wpb-content-wrapper\">[vc_row][vc_column][vc_column_text css=&#8220;&#8220;]\r\n\r\n&nbsp;\r\n\r\n\r\n<h1 data-start=\"167\" data-end=\"205\"><strong data-start=\"169\" data-end=\"205\">R\u00fcckerstattungs- &amp; R\u00fcckgaberecht<\/strong><\/h1>\r\n<h2 data-start=\"207\" data-end=\"228\"><strong data-start=\"210\" data-end=\"228\">1. Allgemeines<\/strong><\/h2>\r\n<p data-start=\"229\" data-end=\"448\">Wir legen gro\u00dfen Wert auf Kundenzufriedenheit. Sollten Sie mit Ihrem Kauf nicht zufrieden sein, k\u00f6nnen Sie ihn unter den unten aufgef\u00fchrten Bedingungen zur\u00fcckgeben und \u2013 sofern zutreffend \u2013 eine R\u00fcckerstattung erhalten.<\/p>\r\n\r\n\r\n<hr data-start=\"450\" data-end=\"453\" \/>\r\n\r\n<h2 data-start=\"455\" data-end=\"489\"><strong data-start=\"458\" data-end=\"489\">2. Widerrufsrecht (14 Tage)<\/strong><\/h2>\r\n<p data-start=\"490\" data-end=\"600\">F\u00fcr Online-K\u00e4ufe gilt ein gesetzliches <strong data-start=\"529\" data-end=\"560\">Widerrufsrecht von 14 Tagen<\/strong>, beginnend am Tag des Erhalts der Ware.<\/p>\r\n<p data-start=\"602\" data-end=\"638\">W\u00e4hrend dieses Zeitraums k\u00f6nnen Sie:<\/p>\r\n\r\n<ul data-start=\"639\" data-end=\"743\">\r\n \t<li data-start=\"639\" data-end=\"696\">\r\n<p data-start=\"641\" data-end=\"696\">Ihre Bestellung vollst\u00e4ndig oder teilweise zur\u00fcckgeben.<\/p>\r\n<\/li>\r\n \t<li data-start=\"697\" data-end=\"743\">\r\n<p data-start=\"699\" data-end=\"743\">Den Kauf ohne Angabe von Gr\u00fcnden widerrufen.<\/p>\r\n<\/li>\r\n<\/ul>\r\n<p data-start=\"745\" data-end=\"832\"><strong data-start=\"745\" data-end=\"757\">Wichtig:<\/strong> Aus Hygiene- und Lebensmittelschutzgr\u00fcnden gelten Ausnahmen (siehe unten).<\/p>\r\n\r\n\r\n<hr data-start=\"834\" data-end=\"837\" \/>\r\n\r\n<h2 data-start=\"839\" data-end=\"898\"><strong data-start=\"842\" data-end=\"898\">3. Produkte, die <em data-start=\"861\" data-end=\"868\">nicht<\/em> zur\u00fcckgegeben werden k\u00f6nnen<\/strong><\/h2>\r\n<p data-start=\"899\" data-end=\"1002\">Aus Gr\u00fcnden der Gesundheit, Hygiene und Sicherheit k\u00f6nnen folgende Artikel nicht zur\u00fcckgenommen werden:<\/p>\r\n\r\n<ul data-start=\"1004\" data-end=\"1235\">\r\n \t<li data-start=\"1004\" data-end=\"1089\">\r\n<p data-start=\"1006\" data-end=\"1089\"><strong data-start=\"1006\" data-end=\"1087\">Ge\u00f6ffnete oder besch\u00e4digte Verpackungen von Kapseln\/Nahrungserg\u00e4nzungsmitteln<\/strong><\/p>\r\n<\/li>\r\n \t<li data-start=\"1090\" data-end=\"1126\">\r\n<p data-start=\"1092\" data-end=\"1126\"><strong data-start=\"1092\" data-end=\"1124\">Ge\u00f6ffnete Safranverpackungen<\/strong><\/p>\r\n<\/li>\r\n \t<li data-start=\"1127\" data-end=\"1162\">\r\n<p data-start=\"1129\" data-end=\"1162\">Produkte mit gebrochenem Siegel<\/p>\r\n<\/li>\r\n \t<li data-start=\"1163\" data-end=\"1235\">\r\n<p data-start=\"1165\" data-end=\"1235\">Produkte, die nach der Lieferung besch\u00e4digt oder verunreinigt wurden<\/p>\r\n<\/li>\r\n<\/ul>\r\n<p data-start=\"1237\" data-end=\"1342\">Nur <strong data-start=\"1241\" data-end=\"1286\">unge\u00f6ffnete, unbenutzte und unbesch\u00e4digte<\/strong> Artikel in ihrer Originalverpackung sind r\u00fcckgabef\u00e4hig.<\/p>\r\n\r\n\r\n<hr data-start=\"1344\" data-end=\"1347\" \/>\r\n\r\n<h2 data-start=\"1349\" data-end=\"1378\"><strong data-start=\"1352\" data-end=\"1378\">4. R\u00fcckgabebedingungen<\/strong><\/h2>\r\n<p data-start=\"1379\" data-end=\"1419\">Um f\u00fcr eine R\u00fcckgabe berechtigt zu sein:<\/p>\r\n\r\n<ul data-start=\"1421\" data-end=\"1687\">\r\n \t<li data-start=\"1421\" data-end=\"1527\">\r\n<p data-start=\"1423\" data-end=\"1527\">Das Produkt muss <strong data-start=\"1440\" data-end=\"1454\">unge\u00f6ffnet<\/strong>, <strong data-start=\"1456\" data-end=\"1469\">unbenutzt<\/strong>, <strong data-start=\"1471\" data-end=\"1487\">unbesch\u00e4digt<\/strong> und in der <strong data-start=\"1499\" data-end=\"1521\">Originalverpackung<\/strong> sein.<\/p>\r\n<\/li>\r\n \t<li data-start=\"1528\" data-end=\"1610\">\r\n<p data-start=\"1530\" data-end=\"1610\">Die R\u00fcckgabeanfrage muss innerhalb von <strong data-start=\"1569\" data-end=\"1581\">14 Tagen<\/strong> nach Erhalt gestellt werden.<\/p>\r\n<\/li>\r\n \t<li data-start=\"1611\" data-end=\"1687\">\r\n<p data-start=\"1613\" data-end=\"1687\">Der R\u00fcckversand muss innerhalb von <strong data-start=\"1648\" data-end=\"1660\">14 Tagen<\/strong> nach Best\u00e4tigung erfolgen.<\/p>\r\n<\/li>\r\n<\/ul>\r\n\r\n<hr data-start=\"1689\" data-end=\"1692\" \/>\r\n\r\n<h2 data-start=\"1694\" data-end=\"1719\"><strong data-start=\"1697\" data-end=\"1719\">5. R\u00fccksendekosten<\/strong><\/h2>\r\n<ul data-start=\"1720\" data-end=\"1971\">\r\n \t<li data-start=\"1720\" data-end=\"1876\">\r\n<p data-start=\"1722\" data-end=\"1876\">Die Kosten f\u00fcr die R\u00fccksendung tr\u00e4gt <strong data-start=\"1759\" data-end=\"1772\">der Kunde<\/strong>, es sei denn, der Fehler liegt unsererseits vor (z. B. falscher Artikel, besch\u00e4digte Ware bei Ankunft).<\/p>\r\n<\/li>\r\n \t<li data-start=\"1877\" data-end=\"1971\">\r\n<p data-start=\"1879\" data-end=\"1971\">R\u00fccksendungen erfolgen auf eigenes Risiko. Wir empfehlen einen <strong data-start=\"1942\" data-end=\"1970\">nachverfolgbaren Versand<\/strong>.<\/p>\r\n<\/li>\r\n<\/ul>\r\n\r\n<hr data-start=\"1973\" data-end=\"1976\" \/>\r\n\r\n<h2 data-start=\"1978\" data-end=\"2021\"><strong data-start=\"1981\" data-end=\"2021\">6. Besch\u00e4digte oder falsche Produkte<\/strong><\/h2>\r\n<p data-start=\"2022\" data-end=\"2093\">Wenn Sie ein besch\u00e4digtes, fehlerhaftes oder falsches Produkt erhalten:<\/p>\r\n<p data-start=\"2095\" data-end=\"2234\">Bitte kontaktieren Sie uns innerhalb von <strong data-start=\"2136\" data-end=\"2150\">48 Stunden<\/strong> unter [Ihre E-Mail-Adresse].<br data-start=\"2179\" data-end=\"2182\" \/>F\u00fcgen Sie Fotos des Produkts und der Verpackung bei.<\/p>\r\n<p data-start=\"2236\" data-end=\"2253\">Wir bieten Ihnen:<\/p>\r\n\r\n<ul data-start=\"2254\" data-end=\"2324\">\r\n \t<li data-start=\"2254\" data-end=\"2289\">\r\n<p data-start=\"2256\" data-end=\"2289\">Einen kostenlosen Ersatz <strong data-start=\"2281\" data-end=\"2289\">oder<\/strong><\/p>\r\n<\/li>\r\n \t<li data-start=\"2290\" data-end=\"2324\">\r\n<p data-start=\"2292\" data-end=\"2324\">Eine vollst\u00e4ndige R\u00fcckerstattung<\/p>\r\n<\/li>\r\n<\/ul>\r\n\r\n<hr data-start=\"2326\" data-end=\"2329\" \/>\r\n\r\n<h2 data-start=\"2331\" data-end=\"2357\"><strong data-start=\"2334\" data-end=\"2357\">7. R\u00fcckerstattungen<\/strong><\/h2>\r\n<p data-start=\"2358\" data-end=\"2413\">Nach Erhalt und Pr\u00fcfung Ihrer R\u00fccksendung erhalten Sie:<\/p>\r\n\r\n<ul data-start=\"2415\" data-end=\"2574\">\r\n \t<li data-start=\"2415\" data-end=\"2490\">\r\n<p data-start=\"2417\" data-end=\"2490\">Eine vollst\u00e4ndige R\u00fcckerstattung des Produktpreises (exkl. Versandkosten)<\/p>\r\n<\/li>\r\n \t<li data-start=\"2491\" data-end=\"2574\">\r\n<p data-start=\"2493\" data-end=\"2574\">R\u00fcckzahlung \u00fcber dieselbe Zahlungsmethode, die bei der Bestellung verwendet wurde<\/p>\r\n<\/li>\r\n<\/ul>\r\n<p data-start=\"2576\" data-end=\"2650\">Die Bearbeitung erfolgt innerhalb von <strong data-start=\"2614\" data-end=\"2632\">7\u201310 Werktagen<\/strong> nach Genehmigung.<\/p>\r\n\r\n\r\n<hr data-start=\"2652\" data-end=\"2655\" \/>\r\n\r\n<h2 data-start=\"2657\" data-end=\"2676\"><strong data-start=\"2660\" data-end=\"2676\">8. Ausnahmen<\/strong><\/h2>\r\n<ul data-start=\"2677\" data-end=\"2871\">\r\n \t<li data-start=\"2677\" data-end=\"2787\">\r\n<p data-start=\"2679\" data-end=\"2787\">Sonderangebote oder reduzierte Artikel k\u00f6nnen, sofern beim Kauf angegeben, vom Umtausch ausgeschlossen sein.<\/p>\r\n<\/li>\r\n \t<li data-start=\"2788\" data-end=\"2871\">\r\n<p data-start=\"2790\" data-end=\"2871\">Gesch\u00e4ftskunden oder Gro\u00dfbestellungen k\u00f6nnen gesonderten Bedingungen unterliegen.<\/p>\r\n<\/li>\r\n<\/ul>\r\n[\/vc_column_text][\/vc_column][\/vc_row][vc_row full_width=&#8220;stretch_row&#8220; css=&#8220;.vc_custom_1644242697585{background-color: #f9f9f9 !important;}&#8220;][vc_column width=&#8220;1\/4&#8243;][vc_column_text]\r\n<h4>FIRMENDETAILS<\/h4>\r\n<strong>ABAC Holland B.V.<\/strong>\r\nT.a.v. Crocussativus.eu\r\nMr. J.Henderikxstraat 57\r\n1788 AZ Julianadorp\r\nNederland\r\n\r\nKvK-nr.: 54348765\r\nBTW: NL8512.69.382.B01\r\n\r\n[\/vc_column_text][\/vc_column][vc_column width=&#8220;1\/4&#8243;][vc_column_text css=&#8220;&#8220;]\r\n<h4>CONTACT<\/h4>\r\n<strong>Crocussativus.eu<\/strong>\r\nT <a href=\"tel:+31627267149\">+31 (0)627 267 149<\/a>\r\nE: <a href=\"mailto:info@crocussativus.eu\">info@crocussativus.eu<\/a>\r\n\r\n&nbsp;\r\n\r\n[\/vc_column_text][\/vc_column][vc_column width=&#8220;1\/4&#8243;][vc_column_text]\r\n<h4>EINKAUFEN<\/h4>\r\n<strong>Alle unsere Transaktionen werden von Mollie sicher verarbeitet.<\/strong>\r\n\r\n<strong>Shipping costs:<\/strong>\r\n\r\nThe Netherlands: free\r\nE.U.: \u20ac6 per order\r\nOutside EU: Preis auf Anfrage.\r\n\r\n<em>*Countries with phytosanitary requirements pay fees inspection.<\/em>[\/vc_column_text][\/vc_column][vc_column width=&#8220;1\/4&#8243;][vc_column_text]\r\n<h5>KLANTENSERVICE<\/h5>\r\n[\/vc_column_text][vc_wp_custommenu nav_menu=&#8220;36&#8243;][\/vc_column][\/vc_row]<!-- \/wp:post-content --><\/div>","protected":false},"excerpt":{"rendered":"<p>[vc_row][vc_column][vc_column_text css=&#8220;&#8220;] &nbsp; R\u00fcckerstattungs- &amp; R\u00fcckgaberecht 1. Allgemeines Wir legen gro\u00dfen Wert auf Kundenzufriedenheit. Sollten Sie mit Ihrem Kauf nicht zufrieden sein, k\u00f6nnen Sie ihn unter den unten aufgef\u00fchrten Bedingungen zur\u00fcckgeben und \u2013 sofern zutreffend \u2013 eine R\u00fcckerstattung erhalten. 2. Widerrufsrecht (14 Tage) F\u00fcr Online-K\u00e4ufe gilt ein gesetzliches Widerrufsrecht von 14 Tagen, beginnend am Tag&hellip;<\/p>\n","protected":false},"author":1,"featured_media":0,"parent":0,"menu_order":0,"comment_status":"closed","ping_status":"closed","template":"","meta":{"footnotes":""},"class_list":["post-1022","page","type-page","status-publish","hentry","description-off"],"yoast_head":"<!-- This site is optimized with the Yoast SEO Premium plugin v26.5 (Yoast SEO v26.5) - https:\/\/yoast.com\/wordpress\/plugins\/seo\/ -->\n<title>Rueckerstattungs-Rueckgaberecht - Crocussativus<\/title>\n<meta name=\"description\" content=\"R\u00fcckgabe- und Erstattungsrichtlinie f\u00fcr Kapseln und Safran. Erfahren Sie, wie Sie Produkte zur\u00fcckgeben und schnell Ihr Geld zur\u00fcckerhalten.\" \/>\n<meta name=\"robots\" content=\"index, follow, max-snippet:-1, max-image-preview:large, max-video-preview:-1\" \/>\n<link rel=\"canonical\" href=\"https:\/\/crocussativus.eu\/de\/rueckerstattungs-rueckgaberecht\/\" \/>\n<meta property=\"og:locale\" content=\"de_DE\" \/>\n<meta property=\"og:type\" content=\"article\" \/>\n<meta property=\"og:title\" content=\"Rueckerstattungs-Rueckgaberecht\" \/>\n<meta property=\"og:description\" content=\"R\u00fcckgabe- und Erstattungsrichtlinie f\u00fcr Kapseln und Safran. Erfahren Sie, wie Sie Produkte zur\u00fcckgeben und schnell Ihr Geld zur\u00fcckerhalten.\" \/>\n<meta property=\"og:url\" content=\"https:\/\/crocussativus.eu\/de\/rueckerstattungs-rueckgaberecht\/\" \/>\n<meta property=\"og:site_name\" content=\"Crocussativus\" \/>\n<meta property=\"article:publisher\" content=\"https:\/\/www.facebook.com\/crocussativus.eu\" \/>\n<meta property=\"article:modified_time\" content=\"2025-11-26T15:21:39+00:00\" \/>\n<meta property=\"og:image\" content=\"https:\/\/crocussativus.eu\/wp-content\/uploads\/2022\/02\/saffraan.jpg\" \/>\n\t<meta property=\"og:image:width\" content=\"900\" \/>\n\t<meta property=\"og:image:height\" content=\"500\" \/>\n\t<meta property=\"og:image:type\" content=\"image\/jpeg\" \/>\n<meta name=\"twitter:card\" content=\"summary_large_image\" \/>\n<meta name=\"twitter:label1\" content=\"Gesch\u00e4tzte Lesezeit\" \/>\n\t<meta name=\"twitter:data1\" content=\"2\u00a0Minuten\" \/>\n<script type=\"application\/ld+json\" class=\"yoast-schema-graph\">{\"@context\":\"https:\/\/schema.org\",\"@graph\":[{\"@type\":\"WebPage\",\"@id\":\"https:\/\/crocussativus.eu\/de\/rueckerstattungs-rueckgaberecht\/\",\"url\":\"https:\/\/crocussativus.eu\/de\/rueckerstattungs-rueckgaberecht\/\",\"name\":\"Rueckerstattungs-Rueckgaberecht - Crocussativus\",\"isPartOf\":{\"@id\":\"https:\/\/crocussativus.eu\/#website\"},\"datePublished\":\"2022-04-12T14:09:03+00:00\",\"dateModified\":\"2025-11-26T15:21:39+00:00\",\"description\":\"R\u00fcckgabe- und Erstattungsrichtlinie f\u00fcr Kapseln und Safran. Erfahren Sie, wie Sie Produkte zur\u00fcckgeben und schnell Ihr Geld zur\u00fcckerhalten.\",\"breadcrumb\":{\"@id\":\"https:\/\/crocussativus.eu\/de\/rueckerstattungs-rueckgaberecht\/#breadcrumb\"},\"inLanguage\":\"de\",\"potentialAction\":[{\"@type\":\"ReadAction\",\"target\":[\"https:\/\/crocussativus.eu\/de\/rueckerstattungs-rueckgaberecht\/\"]}]},{\"@type\":\"BreadcrumbList\",\"@id\":\"https:\/\/crocussativus.eu\/de\/rueckerstattungs-rueckgaberecht\/#breadcrumb\",\"itemListElement\":[{\"@type\":\"ListItem\",\"position\":1,\"name\":\"Home\",\"item\":\"https:\/\/crocussativus.eu\/de\/\"},{\"@type\":\"ListItem\",\"position\":2,\"name\":\"Rueckerstattungs-Rueckgaberecht\"}]},{\"@type\":\"WebSite\",\"@id\":\"https:\/\/crocussativus.eu\/#website\",\"url\":\"https:\/\/crocussativus.eu\/\",\"name\":\"Crocussativus.eu\",\"description\":\"Saffraan, Capsules, Crocus sativus bollen &amp; Saffraankaas\",\"publisher\":{\"@id\":\"https:\/\/crocussativus.eu\/#organization\"},\"potentialAction\":[{\"@type\":\"SearchAction\",\"target\":{\"@type\":\"EntryPoint\",\"urlTemplate\":\"https:\/\/crocussativus.eu\/?s={search_term_string}\"},\"query-input\":{\"@type\":\"PropertyValueSpecification\",\"valueRequired\":true,\"valueName\":\"search_term_string\"}}],\"inLanguage\":\"de\"},{\"@type\":\"Organization\",\"@id\":\"https:\/\/crocussativus.eu\/#organization\",\"name\":\"abac holland bv\",\"alternateName\":\"crocus sativus .eu\",\"url\":\"https:\/\/crocussativus.eu\/\",\"logo\":{\"@type\":\"ImageObject\",\"inLanguage\":\"de\",\"@id\":\"https:\/\/crocussativus.eu\/#\/schema\/logo\/image\/\",\"url\":\"https:\/\/crocussativus.eu\/wp-content\/uploads\/2023\/06\/logo_h80-1.png\",\"contentUrl\":\"https:\/\/crocussativus.eu\/wp-content\/uploads\/2023\/06\/logo_h80-1.png\",\"width\":181,\"height\":80,\"caption\":\"abac holland bv\"},\"image\":{\"@id\":\"https:\/\/crocussativus.eu\/#\/schema\/logo\/image\/\"},\"sameAs\":[\"https:\/\/www.facebook.com\/crocussativus.eu\"],\"description\":\"Social and Solidarity Enterprise. We do everything we can to oSociale en Solidaire Onderneming. We doen er alles aan om innovatieve en transparante middelen en diensten aan te bieden en zo de Saffraan- en Crocus sativus telers te ondersteunen.ffer innovative and transparent resources and services to support Saffron and Crocus sativus growers.\",\"email\":\"info@abacholland.com\",\"telephone\":\"+31 (0)627 267 149\",\"legalName\":\"abac holland bv\",\"foundingDate\":\"2011-01-09\"}]}<\/script>\n<!-- \/ Yoast SEO Premium plugin. -->","yoast_head_json":{"title":"Rueckerstattungs-Rueckgaberecht - Crocussativus","description":"R\u00fcckgabe- und Erstattungsrichtlinie f\u00fcr Kapseln und Safran. Erfahren Sie, wie Sie Produkte zur\u00fcckgeben und schnell Ihr Geld zur\u00fcckerhalten.","robots":{"index":"index","follow":"follow","max-snippet":"max-snippet:-1","max-image-preview":"max-image-preview:large","max-video-preview":"max-video-preview:-1"},"canonical":"https:\/\/crocussativus.eu\/de\/rueckerstattungs-rueckgaberecht\/","og_locale":"de_DE","og_type":"article","og_title":"Rueckerstattungs-Rueckgaberecht","og_description":"R\u00fcckgabe- und Erstattungsrichtlinie f\u00fcr Kapseln und Safran. Erfahren Sie, wie Sie Produkte zur\u00fcckgeben und schnell Ihr Geld zur\u00fcckerhalten.","og_url":"https:\/\/crocussativus.eu\/de\/rueckerstattungs-rueckgaberecht\/","og_site_name":"Crocussativus","article_publisher":"https:\/\/www.facebook.com\/crocussativus.eu","article_modified_time":"2025-11-26T15:21:39+00:00","og_image":[{"width":900,"height":500,"url":"https:\/\/crocussativus.eu\/wp-content\/uploads\/2022\/02\/saffraan.jpg","type":"image\/jpeg"}],"twitter_card":"summary_large_image","twitter_misc":{"Gesch\u00e4tzte Lesezeit":"2\u00a0Minuten"},"schema":{"@context":"https:\/\/schema.org","@graph":[{"@type":"WebPage","@id":"https:\/\/crocussativus.eu\/de\/rueckerstattungs-rueckgaberecht\/","url":"https:\/\/crocussativus.eu\/de\/rueckerstattungs-rueckgaberecht\/","name":"Rueckerstattungs-Rueckgaberecht - Crocussativus","isPartOf":{"@id":"https:\/\/crocussativus.eu\/#website"},"datePublished":"2022-04-12T14:09:03+00:00","dateModified":"2025-11-26T15:21:39+00:00","description":"R\u00fcckgabe- und Erstattungsrichtlinie f\u00fcr Kapseln und Safran. Erfahren Sie, wie Sie Produkte zur\u00fcckgeben und schnell Ihr Geld zur\u00fcckerhalten.","breadcrumb":{"@id":"https:\/\/crocussativus.eu\/de\/rueckerstattungs-rueckgaberecht\/#breadcrumb"},"inLanguage":"de","potentialAction":[{"@type":"ReadAction","target":["https:\/\/crocussativus.eu\/de\/rueckerstattungs-rueckgaberecht\/"]}]},{"@type":"BreadcrumbList","@id":"https:\/\/crocussativus.eu\/de\/rueckerstattungs-rueckgaberecht\/#breadcrumb","itemListElement":[{"@type":"ListItem","position":1,"name":"Home","item":"https:\/\/crocussativus.eu\/de\/"},{"@type":"ListItem","position":2,"name":"Rueckerstattungs-Rueckgaberecht"}]},{"@type":"WebSite","@id":"https:\/\/crocussativus.eu\/#website","url":"https:\/\/crocussativus.eu\/","name":"Crocussativus.eu","description":"Saffraan, Capsules, Crocus sativus bollen &amp; Saffraankaas","publisher":{"@id":"https:\/\/crocussativus.eu\/#organization"},"potentialAction":[{"@type":"SearchAction","target":{"@type":"EntryPoint","urlTemplate":"https:\/\/crocussativus.eu\/?s={search_term_string}"},"query-input":{"@type":"PropertyValueSpecification","valueRequired":true,"valueName":"search_term_string"}}],"inLanguage":"de"},{"@type":"Organization","@id":"https:\/\/crocussativus.eu\/#organization","name":"abac holland bv","alternateName":"crocus sativus .eu","url":"https:\/\/crocussativus.eu\/","logo":{"@type":"ImageObject","inLanguage":"de","@id":"https:\/\/crocussativus.eu\/#\/schema\/logo\/image\/","url":"https:\/\/crocussativus.eu\/wp-content\/uploads\/2023\/06\/logo_h80-1.png","contentUrl":"https:\/\/crocussativus.eu\/wp-content\/uploads\/2023\/06\/logo_h80-1.png","width":181,"height":80,"caption":"abac holland bv"},"image":{"@id":"https:\/\/crocussativus.eu\/#\/schema\/logo\/image\/"},"sameAs":["https:\/\/www.facebook.com\/crocussativus.eu"],"description":"Social and Solidarity Enterprise. We do everything we can to oSociale en Solidaire Onderneming. We doen er alles aan om innovatieve en transparante middelen en diensten aan te bieden en zo de Saffraan- en Crocus sativus telers te ondersteunen.ffer innovative and transparent resources and services to support Saffron and Crocus sativus growers.","email":"info@abacholland.com","telephone":"+31 (0)627 267 149","legalName":"abac holland bv","foundingDate":"2011-01-09"}]}},"_links":{"self":[{"href":"https:\/\/crocussativus.eu\/de\/wp-json\/wp\/v2\/pages\/1022","targetHints":{"allow":["GET"]}}],"collection":[{"href":"https:\/\/crocussativus.eu\/de\/wp-json\/wp\/v2\/pages"}],"about":[{"href":"https:\/\/crocussativus.eu\/de\/wp-json\/wp\/v2\/types\/page"}],"author":[{"embeddable":true,"href":"https:\/\/crocussativus.eu\/de\/wp-json\/wp\/v2\/users\/1"}],"replies":[{"embeddable":true,"href":"https:\/\/crocussativus.eu\/de\/wp-json\/wp\/v2\/comments?post=1022"}],"version-history":[{"count":0,"href":"https:\/\/crocussativus.eu\/de\/wp-json\/wp\/v2\/pages\/1022\/revisions"}],"wp:attachment":[{"href":"https:\/\/crocussativus.eu\/de\/wp-json\/wp\/v2\/media?parent=1022"}],"curies":[{"name":"wp","href":"https:\/\/api.w.org\/{rel}","templated":true}]}}