{"id":534,"date":"2021-12-09T07:09:44","date_gmt":"2021-12-09T07:09:44","guid":{"rendered":"https:\/\/demo.crocussativus.eu\/homepage\/"},"modified":"2025-05-13T08:37:07","modified_gmt":"2025-05-13T08:37:07","slug":"homepage","status":"publish","type":"page","link":"https:\/\/crocussativus.eu\/de\/","title":{"rendered":"Homepage"},"content":{"rendered":"<div class=\"wpb-content-wrapper\"><p>[vc_row full_width=&#8220;stretch_row_content_no_spaces&#8220; full_height=&#8220;yes&#8220; columns_placement=&#8220;top&#8220; css=&#8220;.vc_custom_1644242870669{background-image: url(https:\/\/crocussativus.eu\/wp-content\/uploads\/2021\/12\/header.jpg?id=51) !important;background-position: center !important;background-repeat: no-repeat !important;background-size: cover !important;}&#8220;][vc_column][\/vc_column][\/vc_row][vc_row][vc_column][vc_column_text]<\/p>\n<h1>Crocus Sativus Shop<\/h1>\n<p>&nbsp;<\/p>\n<p>Safran safrankapseln und crocus sativus<\/p>\n<p>Vorteil unserer erm\u00e4\u00dfigten Preise f\u00fcr gr\u00f6\u00dfere Mengen. Suchen Sie nach unseren neuen Produkten <a href=\"https:\/\/crocussativus.eu\/de\/safran-kaese\/\">Srankaf\u00e4se<\/a> und <a href=\"https:\/\/crocussativus.eu\/de\/safran-kaesestangen\/\">Safrank\u00e4sestange.<\/a>[\/vc_column_text][vc_row_inner][vc_column_inner width=&#8220;1\/3&#8243;][vc_single_image image=&#8220;820&#8243; img_size=&#8220;full&#8220; onclick=&#8220;custom_link&#8220; link=&#8220;\/de\/produkt\/saffraan\/&#8220;][vc_column_text]<\/p>\n<h4 style=\"text-align: center;\">SAFFRAN<\/h4>\n<p>[\/vc_column_text][vc_table]5%20Gramm%20(%E2%82%AC%205%20%2F%201%20gr),%E2%82%AC%2025%2C00|[c#000000;bg#e0e0e0]10%20Gramm%20(%E2%82%AC%204%2C50%20%2F%201%20gr),[bg#e0e0e0]%E2%82%AC%2045%2C00|20%20Gramm%20(%20%E2%82%AC%203%2C50%20%2F%201%20gr),%E2%82%AC%2070%2C00[\/vc_table][vc_column_text]<\/p>\n<p>100% Safran der Kategorie I. Das bedeutet, dass die Werte unseres Safrans in Bezug auf Farbe, Geschmack und Aroma alle in die h\u00f6chste Kategorie I fallen.Das k\u00f6nnen wir garantieren, denn wir lassen unseren Safran immer von Eurofins pr\u00fcfen![\/vc_column_text]<style type=\"text\/css\" data-type=\"the7_shortcodes-inline-css\">#default-btn-7645623b6316b1cd366d511c066f23b6 {\n  border-radius: 15px;\n  font-size: 14px;\n  line-height: 16px;\n}\n.btn-shadow#default-btn-7645623b6316b1cd366d511c066f23b6 {\n  box-shadow: 0 1px 6px rgba(0,0,0,0.12);\n  transition: box-shadow 0.2s ease-out, opacity 0.45s;\n}\n.btn-shadow#default-btn-7645623b6316b1cd366d511c066f23b6:hover {\n  box-shadow: 0 5px 11px 0 rgba(0,0,0,0.18), 0 4px 15px 0 rgba(0,0,0,0.15);\n}\n.btn-flat#default-btn-7645623b6316b1cd366d511c066f23b6 {\n  box-shadow: none;\n}\n.btn-flat#default-btn-7645623b6316b1cd366d511c066f23b6:hover {\n  box-shadow: none;\n}\n#default-btn-7645623b6316b1cd366d511c066f23b6.ico-right-side > i {\n  margin-right: 0px;\n  margin-left: 8px;\n}\n#default-btn-7645623b6316b1cd366d511c066f23b6 > i {\n  margin-right: 8px;\n  font-size: 12px;\n}\n#default-btn-7645623b6316b1cd366d511c066f23b6:not(:hover) {\n  border-width: 0px;\n  padding: 12px 18px 12px 18px;\n}\n#default-btn-7645623b6316b1cd366d511c066f23b6:hover {\n  border-width: 0px;\n  padding: 12px 18px 12px 18px;\n}\n#default-btn-7645623b6316b1cd366d511c066f23b6.ico-right-side > i {\n  margin-right: 0px;\n  margin-left: 8px;\n}\n#default-btn-7645623b6316b1cd366d511c066f23b6 > i {\n  margin-right: 8px;\n}<\/style><div class=\"btn-align-center\"><a href=\"https:\/\/crocussativus.eu\/de\/produkt\/saffraan\/\" class=\"default-btn-shortcode dt-btn link-hover-off btn-flat \" id=\"default-btn-7645623b6316b1cd366d511c066f23b6\" title=\"SAFFRAAN\"><span>PRODUKT ANZEIGEN<\/span><\/a><\/div>[\/vc_column_inner][vc_column_inner width=&#8220;1\/3&#8243;][vc_single_image image=&#8220;810&#8243; img_size=&#8220;full&#8220; onclick=&#8220;custom_link&#8220; link=&#8220;\/de\/produkt\/saffraan-capsules\/&#8220;][vc_column_text]<\/p>\n<h4 style=\"text-align: center;\">SAFFRANKAPSELN<\/h4>\n<p>[\/vc_column_text][vc_table]60%20St%C3%BCck,%E2%82%AC%2023%2C95|[c#000000;bg#e0e0e0]120%20St%C3%BCck,[bg#e0e0e0]%E2%82%AC%2042%2C95|180%20St%C3%BCck,%E2%82%AC%2059%2C95[\/vc_table][vc_column_text css=&#8220;&#8220;]<\/p>\n<p>&nbsp;<\/p>\n<ul>\n<li>Kapseln 100% gef\u00fcllt mit 75 mg Safran<\/li>\n<li>100% Kategorie I<\/li>\n<li><strong>Vegetarische Kapseln<\/strong> \u2714 Vegetarische Gesellschaft<\/li>\n<li>\u2714 Nicht-GMO-Projekt \u2714 Halal \u2714 Koscher<\/li>\n<li>f\u00fcr einen entspannten Gem\u00fctszustand!<\/li>\n<\/ul>\n<p>[\/vc_column_text]<style type=\"text\/css\" data-type=\"the7_shortcodes-inline-css\">#default-btn-dddd902e8d8f00956428ea3ee33cc15b {\n  border-radius: 15px;\n  font-size: 14px;\n  line-height: 16px;\n}\n.btn-shadow#default-btn-dddd902e8d8f00956428ea3ee33cc15b {\n  box-shadow: 0 1px 6px rgba(0,0,0,0.12);\n  transition: box-shadow 0.2s ease-out, opacity 0.45s;\n}\n.btn-shadow#default-btn-dddd902e8d8f00956428ea3ee33cc15b:hover {\n  box-shadow: 0 5px 11px 0 rgba(0,0,0,0.18), 0 4px 15px 0 rgba(0,0,0,0.15);\n}\n.btn-flat#default-btn-dddd902e8d8f00956428ea3ee33cc15b {\n  box-shadow: none;\n}\n.btn-flat#default-btn-dddd902e8d8f00956428ea3ee33cc15b:hover {\n  box-shadow: none;\n}\n#default-btn-dddd902e8d8f00956428ea3ee33cc15b.ico-right-side > i {\n  margin-right: 0px;\n  margin-left: 8px;\n}\n#default-btn-dddd902e8d8f00956428ea3ee33cc15b > i {\n  margin-right: 8px;\n  font-size: 12px;\n}\n#default-btn-dddd902e8d8f00956428ea3ee33cc15b:not(:hover) {\n  border-width: 0px;\n  padding: 12px 18px 12px 18px;\n}\n#default-btn-dddd902e8d8f00956428ea3ee33cc15b:hover {\n  border-width: 0px;\n  padding: 12px 18px 12px 18px;\n}\n#default-btn-dddd902e8d8f00956428ea3ee33cc15b.ico-right-side > i {\n  margin-right: 0px;\n  margin-left: 8px;\n}\n#default-btn-dddd902e8d8f00956428ea3ee33cc15b > i {\n  margin-right: 8px;\n}<\/style><div class=\"btn-align-center\"><a href=\"https:\/\/crocussativus.eu\/de\/produkt\/saffraan-capsules\/\" class=\"default-btn-shortcode dt-btn link-hover-off btn-flat \" id=\"default-btn-dddd902e8d8f00956428ea3ee33cc15b\" title=\"Safrankapseln\"><span>PRODUKT ANZEIGEN<\/span><\/a><\/div>[\/vc_column_inner][vc_column_inner width=&#8220;1\/3&#8243;][vc_single_image image=&#8220;815&#8243; img_size=&#8220;full&#8220; onclick=&#8220;custom_link&#8220; link=&#8220;\/de\/produkt\/krokus-sativus-groesse-8-9\/&#8220;][vc_column_text]<\/p>\n<p style=\"text-align: center;\"><strong>CROCUS SATIVUS<\/strong> <strong>Gr\u00f6\u00dfe 8-9<\/strong><\/p>\n<p>[\/vc_column_text][vc_column_text]Unsere Zwiebeln der Klasse I geben die meisten Blumen pro Zwiebel:<\/p>\n<ul>\n<li>wir liefern vom 10. Juli bis Oktober<\/li>\n<li>andere gr\u00f6ssen\u00a0 Zwiebeln auf Anfrage<\/li>\n<li>au\u00dferhalb der EU: Preise auf Anfrage.<\/li>\n<li>Produkt ansehen<\/li>\n<\/ul>\n<p>[\/vc_column_text]<style type=\"text\/css\" data-type=\"the7_shortcodes-inline-css\">#default-btn-f483bca8b414bfad8a74d06d01f467cd {\n  border-radius: 15px;\n  font-size: 14px;\n  line-height: 16px;\n}\n.btn-shadow#default-btn-f483bca8b414bfad8a74d06d01f467cd {\n  box-shadow: 0 1px 6px rgba(0,0,0,0.12);\n  transition: box-shadow 0.2s ease-out, opacity 0.45s;\n}\n.btn-shadow#default-btn-f483bca8b414bfad8a74d06d01f467cd:hover {\n  box-shadow: 0 5px 11px 0 rgba(0,0,0,0.18), 0 4px 15px 0 rgba(0,0,0,0.15);\n}\n.btn-flat#default-btn-f483bca8b414bfad8a74d06d01f467cd {\n  box-shadow: none;\n}\n.btn-flat#default-btn-f483bca8b414bfad8a74d06d01f467cd:hover {\n  box-shadow: none;\n}\n#default-btn-f483bca8b414bfad8a74d06d01f467cd.ico-right-side > i {\n  margin-right: 0px;\n  margin-left: 8px;\n}\n#default-btn-f483bca8b414bfad8a74d06d01f467cd > i {\n  margin-right: 8px;\n  font-size: 12px;\n}\n#default-btn-f483bca8b414bfad8a74d06d01f467cd:not(:hover) {\n  border-width: 0px;\n  padding: 12px 18px 12px 18px;\n}\n#default-btn-f483bca8b414bfad8a74d06d01f467cd:hover {\n  border-width: 0px;\n  padding: 12px 18px 12px 18px;\n}\n#default-btn-f483bca8b414bfad8a74d06d01f467cd.ico-right-side > i {\n  margin-right: 0px;\n  margin-left: 8px;\n}\n#default-btn-f483bca8b414bfad8a74d06d01f467cd > i {\n  margin-right: 8px;\n}<\/style><div class=\"btn-align-center\"><a href=\"https:\/\/crocussativus.eu\/de\/produkt\/krokus-sativus-groesse-8-9\/\" class=\"default-btn-shortcode dt-btn link-hover-off btn-flat \" id=\"default-btn-f483bca8b414bfad8a74d06d01f467cd\" title=\"Krokus Sativus Gr\u00f6\u00dfe 8-9\"><span>PRODUKT ANZEIGEN<\/span><\/a><\/div>[\/vc_column_inner][\/vc_row_inner][vc_column_text css=&#8220;.vc_custom_1703770327058{margin-top: 35px !important;}&#8220;]<\/p>\n<h2>Bei Crocussativus.eu k\u00f6nnen Sie die besten Safranzwiebeln, Safrankapseln, Safrangew\u00fcrz sowie Safrank\u00e4se bestellen.<\/h2>\n<p><a href=\"https:\/\/www.keurmerk.info\/en\/consumers\/webshop\/?key=3967\"><img loading=\"lazy\" decoding=\"async\" class=\"alignnone wp-image-1384\" src=\"https:\/\/crocussativus.eu\/wp-content\/uploads\/2022\/04\/logo_webshopkeurmerk-300x122.png\" alt=\"\" width=\"167\" height=\"68\" srcset=\"https:\/\/crocussativus.eu\/wp-content\/uploads\/2022\/04\/logo_webshopkeurmerk-300x122.png 300w, https:\/\/crocussativus.eu\/wp-content\/uploads\/2022\/04\/logo_webshopkeurmerk-1024x417.png 1024w, https:\/\/crocussativus.eu\/wp-content\/uploads\/2022\/04\/logo_webshopkeurmerk-768x313.png 768w, https:\/\/crocussativus.eu\/wp-content\/uploads\/2022\/04\/logo_webshopkeurmerk-600x245.png 600w, https:\/\/crocussativus.eu\/wp-content\/uploads\/2022\/04\/logo_webshopkeurmerk.png 1092w\" sizes=\"auto, (max-width: 167px) 100vw, 167px\" \/><\/a><img loading=\"lazy\" decoding=\"async\" class=\"alignnone wp-image-1373\" src=\"https:\/\/crocussativus.eu\/wp-content\/uploads\/2022\/04\/5_sterren-300x99-1.jpg\" alt=\"\" width=\"230\" height=\"76\" \/><\/p>\n<p><strong>Mit mehr als 40 Jahren Erfahrung in Crocus sativus Corms und Safran stehen wir f\u00fcr h\u00f6chste Qualit\u00e4t.<\/strong><\/p>\n<p>&nbsp;<\/p>\n<p><strong><a href=\"https:\/\/www.eurofins.com\/about-us\/our-business\/eurofins-fact-sheet\/\">Eurofins Scientific<\/a>, der Weltmarktf\u00fchrer im Bereich der Lebensmittelpr\u00fcfung, pr\u00fcft unseren Safran und den Zwiebelinspektionsdienst <a href=\"https:\/\/www.bkd.eu\/\">BKD<\/a> unsere Krokus sativus Blumenzwiebeln.<\/strong><\/p>\n<p>&nbsp;<\/p>\n<p><strong>Aufgrund unserer Erfahrung und dieser Kontrollen bieten wir Ihnen immer die Garantie f\u00fcr Safran der Kategorie I und Klasse 1 Krokus sativus Blumenzwiebeln!<\/strong>[\/vc_column_text][\/vc_column][\/vc_row][vc_row full_width=&#8220;stretch_row&#8220; css=&#8220;.vc_custom_1644242697585{background-color: #f9f9f9 !important;}&#8220;][vc_column width=&#8220;1\/4&#8243;][vc_column_text]<\/p>\n<h4>FIRMENDETAILS<\/h4>\n<p><strong>ABAC Holland B.V.<\/strong><br \/>\nT.a.v. Crocussativus.eu<br \/>\nMr. J.Henderikxstraat 57<br \/>\n1788 AZ Julianadorp<br \/>\nNederland<\/p>\n<p>KvK-nr.: 54348765<br \/>\nBTW: NL8512.69.382.B01<\/p>\n<p>[\/vc_column_text][\/vc_column][vc_column width=&#8220;1\/4&#8243;][vc_column_text css=&#8220;&#8220;]<\/p>\n<h4>CONTACT<\/h4>\n<p><strong>Crocussativus.eu<\/strong><br \/>\nT <a href=\"tel:+31627267149\">+31 (0)627 267 149<\/a><br \/>\nE: <a href=\"mailto:info@crocussativus.eu\">info@crocussativus.eu<\/a><\/p>\n<p>[\/vc_column_text][\/vc_column][vc_column width=&#8220;1\/4&#8243;][vc_column_text]<\/p>\n<h4>EINKAUFEN<\/h4>\n<p><strong>Alle unsere Transaktionen werden von Mollie sicher verarbeitet.<\/strong><\/p>\n<p><strong>Shipping costs:<\/strong><\/p>\n<p>The Netherlands: free<br \/>\nE.U.: \u20ac6 per order<br \/>\nOutside EU: Preis auf Anfrage.<\/p>\n<p><em>*Countries with phytosanitary requirements pay fees inspection.<\/em>[\/vc_column_text][\/vc_column][vc_column width=&#8220;1\/4&#8243;][vc_column_text]<\/p>\n<h4>KUNDENSERVICE<\/h4>\n<p>[\/vc_column_text][vc_wp_custommenu nav_menu=&#8220;36&#8243;][\/vc_column][\/vc_row]<\/p>\n<\/div>","protected":false},"excerpt":{"rendered":"<p>[vc_row full_width=&#8220;stretch_row_content_no_spaces&#8220; full_height=&#8220;yes&#8220; columns_placement=&#8220;top&#8220; css=&#8220;.vc_custom_1644242870669{background-image: url(https:\/\/crocussativus.eu\/wp-content\/uploads\/2021\/12\/header.jpg?id=51) !important;background-position: center !important;background-repeat: no-repeat !important;background-size: cover !important;}&#8220;][vc_column][\/vc_column][\/vc_row][vc_row][vc_column][vc_column_text] Crocus Sativus Shop &nbsp; Safran safrankapseln und crocus sativus Vorteil unserer erm\u00e4\u00dfigten Preise f\u00fcr gr\u00f6\u00dfere Mengen. Suchen Sie nach unseren neuen Produkten Srankaf\u00e4se und Safrank\u00e4sestange.[\/vc_column_text][vc_row_inner][vc_column_inner width=&#8220;1\/3&#8243;][vc_single_image image=&#8220;820&#8243; img_size=&#8220;full&#8220; onclick=&#8220;custom_link&#8220; link=&#8220;\/de\/produkt\/saffraan\/&#8220;][vc_column_text] SAFFRAN [\/vc_column_text][vc_table]5%20Gramm%20(%E2%82%AC%205%20%2F%201%20gr),%E2%82%AC%2025%2C00|[c#000000;bg#e0e0e0]10%20Gramm%20(%E2%82%AC%204%2C50%20%2F%201%20gr),[bg#e0e0e0]%E2%82%AC%2045%2C00|20%20Gramm%20(%20%E2%82%AC%203%2C50%20%2F%201%20gr),%E2%82%AC%2070%2C00[\/vc_table][vc_column_text] 100% Safran der Kategorie I. Das bedeutet, dass die Werte&hellip;<\/p>\n","protected":false},"author":1,"featured_media":0,"parent":0,"menu_order":0,"comment_status":"closed","ping_status":"closed","template":"","meta":{"footnotes":""},"class_list":["post-534","page","type-page","status-publish","hentry","description-off"],"yoast_head":"<!-- This site is optimized with the Yoast SEO Premium plugin v26.5 (Yoast SEO v26.5) - https:\/\/yoast.com\/wordpress\/plugins\/seo\/ -->\n<title>Homepage - Crocussativus<\/title>\n<meta name=\"description\" content=\"Bei crocussativus.eu k\u00f6nnen Sie Safran, Safrankapseln und Crocus sativus-Zwiebeln in bester Qualit\u00e4t zu den besten Preisen kaufen.\" \/>\n<meta name=\"robots\" content=\"index, follow, max-snippet:-1, max-image-preview:large, max-video-preview:-1\" \/>\n<link rel=\"canonical\" href=\"https:\/\/crocussativus.eu\/de\/\" \/>\n<meta property=\"og:locale\" content=\"de_DE\" \/>\n<meta property=\"og:type\" content=\"article\" \/>\n<meta property=\"og:title\" content=\"Homepage\" \/>\n<meta property=\"og:description\" content=\"Bei crocussativus.eu k\u00f6nnen Sie Safran, Safrankapseln und Crocus sativus-Zwiebeln in bester Qualit\u00e4t zu den besten Preisen kaufen.\" \/>\n<meta property=\"og:url\" content=\"https:\/\/crocussativus.eu\/de\/\" \/>\n<meta property=\"og:site_name\" content=\"Crocussativus\" \/>\n<meta property=\"article:publisher\" content=\"https:\/\/www.facebook.com\/crocussativus.eu\" \/>\n<meta property=\"article:modified_time\" content=\"2025-05-13T08:37:07+00:00\" \/>\n<meta property=\"og:image\" content=\"https:\/\/crocussativus.eu\/wp-content\/uploads\/2022\/04\/logo_webshopkeurmerk-300x122.png\" \/>\n<meta name=\"twitter:card\" content=\"summary_large_image\" \/>\n<meta name=\"twitter:label1\" content=\"Gesch\u00e4tzte Lesezeit\" \/>\n\t<meta name=\"twitter:data1\" content=\"3\u00a0Minuten\" \/>\n<script type=\"application\/ld+json\" class=\"yoast-schema-graph\">{\"@context\":\"https:\/\/schema.org\",\"@graph\":[{\"@type\":\"WebPage\",\"@id\":\"https:\/\/crocussativus.eu\/de\/\",\"url\":\"https:\/\/crocussativus.eu\/de\/\",\"name\":\"Homepage - Crocussativus\",\"isPartOf\":{\"@id\":\"https:\/\/crocussativus.eu\/#website\"},\"primaryImageOfPage\":{\"@id\":\"https:\/\/crocussativus.eu\/de\/#primaryimage\"},\"image\":{\"@id\":\"https:\/\/crocussativus.eu\/de\/#primaryimage\"},\"thumbnailUrl\":\"https:\/\/crocussativus.eu\/wp-content\/uploads\/2022\/04\/logo_webshopkeurmerk-300x122.png\",\"datePublished\":\"2021-12-09T07:09:44+00:00\",\"dateModified\":\"2025-05-13T08:37:07+00:00\",\"description\":\"Bei crocussativus.eu k\u00f6nnen Sie Safran, Safrankapseln und Crocus sativus-Zwiebeln in bester Qualit\u00e4t zu den besten Preisen kaufen.\",\"breadcrumb\":{\"@id\":\"https:\/\/crocussativus.eu\/de\/#breadcrumb\"},\"inLanguage\":\"de\",\"potentialAction\":[{\"@type\":\"ReadAction\",\"target\":[\"https:\/\/crocussativus.eu\/de\/\"]}]},{\"@type\":\"ImageObject\",\"inLanguage\":\"de\",\"@id\":\"https:\/\/crocussativus.eu\/de\/#primaryimage\",\"url\":\"https:\/\/crocussativus.eu\/wp-content\/uploads\/2022\/04\/logo_webshopkeurmerk-300x122.png\",\"contentUrl\":\"https:\/\/crocussativus.eu\/wp-content\/uploads\/2022\/04\/logo_webshopkeurmerk-300x122.png\"},{\"@type\":\"BreadcrumbList\",\"@id\":\"https:\/\/crocussativus.eu\/de\/#breadcrumb\",\"itemListElement\":[{\"@type\":\"ListItem\",\"position\":1,\"name\":\"Home\",\"item\":\"https:\/\/crocussativus.eu\/de\/\"},{\"@type\":\"ListItem\",\"position\":2,\"name\":\"Homepage\"}]},{\"@type\":\"WebSite\",\"@id\":\"https:\/\/crocussativus.eu\/#website\",\"url\":\"https:\/\/crocussativus.eu\/\",\"name\":\"Crocussativus.eu\",\"description\":\"Saffraan, Capsules, Crocus sativus bollen &amp; Saffraankaas\",\"publisher\":{\"@id\":\"https:\/\/crocussativus.eu\/#organization\"},\"potentialAction\":[{\"@type\":\"SearchAction\",\"target\":{\"@type\":\"EntryPoint\",\"urlTemplate\":\"https:\/\/crocussativus.eu\/?s={search_term_string}\"},\"query-input\":{\"@type\":\"PropertyValueSpecification\",\"valueRequired\":true,\"valueName\":\"search_term_string\"}}],\"inLanguage\":\"de\"},{\"@type\":\"Organization\",\"@id\":\"https:\/\/crocussativus.eu\/#organization\",\"name\":\"abac holland bv\",\"alternateName\":\"crocus sativus .eu\",\"url\":\"https:\/\/crocussativus.eu\/\",\"logo\":{\"@type\":\"ImageObject\",\"inLanguage\":\"de\",\"@id\":\"https:\/\/crocussativus.eu\/#\/schema\/logo\/image\/\",\"url\":\"https:\/\/crocussativus.eu\/wp-content\/uploads\/2023\/06\/logo_h80-1.png\",\"contentUrl\":\"https:\/\/crocussativus.eu\/wp-content\/uploads\/2023\/06\/logo_h80-1.png\",\"width\":181,\"height\":80,\"caption\":\"abac holland bv\"},\"image\":{\"@id\":\"https:\/\/crocussativus.eu\/#\/schema\/logo\/image\/\"},\"sameAs\":[\"https:\/\/www.facebook.com\/crocussativus.eu\"],\"description\":\"Social and Solidarity Enterprise. We do everything we can to oSociale en Solidaire Onderneming. We doen er alles aan om innovatieve en transparante middelen en diensten aan te bieden en zo de Saffraan- en Crocus sativus telers te ondersteunen.ffer innovative and transparent resources and services to support Saffron and Crocus sativus growers.\",\"email\":\"info@abacholland.com\",\"telephone\":\"+31 (0)627 267 149\",\"legalName\":\"abac holland bv\",\"foundingDate\":\"2011-01-09\"}]}<\/script>\n<!-- \/ Yoast SEO Premium plugin. -->","yoast_head_json":{"title":"Homepage - Crocussativus","description":"Bei crocussativus.eu k\u00f6nnen Sie Safran, Safrankapseln und Crocus sativus-Zwiebeln in bester Qualit\u00e4t zu den besten Preisen kaufen.","robots":{"index":"index","follow":"follow","max-snippet":"max-snippet:-1","max-image-preview":"max-image-preview:large","max-video-preview":"max-video-preview:-1"},"canonical":"https:\/\/crocussativus.eu\/de\/","og_locale":"de_DE","og_type":"article","og_title":"Homepage","og_description":"Bei crocussativus.eu k\u00f6nnen Sie Safran, Safrankapseln und Crocus sativus-Zwiebeln in bester Qualit\u00e4t zu den besten Preisen kaufen.","og_url":"https:\/\/crocussativus.eu\/de\/","og_site_name":"Crocussativus","article_publisher":"https:\/\/www.facebook.com\/crocussativus.eu","article_modified_time":"2025-05-13T08:37:07+00:00","og_image":[{"url":"https:\/\/crocussativus.eu\/wp-content\/uploads\/2022\/04\/logo_webshopkeurmerk-300x122.png","type":"","width":"","height":""}],"twitter_card":"summary_large_image","twitter_misc":{"Gesch\u00e4tzte Lesezeit":"3\u00a0Minuten"},"schema":{"@context":"https:\/\/schema.org","@graph":[{"@type":"WebPage","@id":"https:\/\/crocussativus.eu\/de\/","url":"https:\/\/crocussativus.eu\/de\/","name":"Homepage - Crocussativus","isPartOf":{"@id":"https:\/\/crocussativus.eu\/#website"},"primaryImageOfPage":{"@id":"https:\/\/crocussativus.eu\/de\/#primaryimage"},"image":{"@id":"https:\/\/crocussativus.eu\/de\/#primaryimage"},"thumbnailUrl":"https:\/\/crocussativus.eu\/wp-content\/uploads\/2022\/04\/logo_webshopkeurmerk-300x122.png","datePublished":"2021-12-09T07:09:44+00:00","dateModified":"2025-05-13T08:37:07+00:00","description":"Bei crocussativus.eu k\u00f6nnen Sie Safran, Safrankapseln und Crocus sativus-Zwiebeln in bester Qualit\u00e4t zu den besten Preisen kaufen.","breadcrumb":{"@id":"https:\/\/crocussativus.eu\/de\/#breadcrumb"},"inLanguage":"de","potentialAction":[{"@type":"ReadAction","target":["https:\/\/crocussativus.eu\/de\/"]}]},{"@type":"ImageObject","inLanguage":"de","@id":"https:\/\/crocussativus.eu\/de\/#primaryimage","url":"https:\/\/crocussativus.eu\/wp-content\/uploads\/2022\/04\/logo_webshopkeurmerk-300x122.png","contentUrl":"https:\/\/crocussativus.eu\/wp-content\/uploads\/2022\/04\/logo_webshopkeurmerk-300x122.png"},{"@type":"BreadcrumbList","@id":"https:\/\/crocussativus.eu\/de\/#breadcrumb","itemListElement":[{"@type":"ListItem","position":1,"name":"Home","item":"https:\/\/crocussativus.eu\/de\/"},{"@type":"ListItem","position":2,"name":"Homepage"}]},{"@type":"WebSite","@id":"https:\/\/crocussativus.eu\/#website","url":"https:\/\/crocussativus.eu\/","name":"Crocussativus.eu","description":"Saffraan, Capsules, Crocus sativus bollen &amp; Saffraankaas","publisher":{"@id":"https:\/\/crocussativus.eu\/#organization"},"potentialAction":[{"@type":"SearchAction","target":{"@type":"EntryPoint","urlTemplate":"https:\/\/crocussativus.eu\/?s={search_term_string}"},"query-input":{"@type":"PropertyValueSpecification","valueRequired":true,"valueName":"search_term_string"}}],"inLanguage":"de"},{"@type":"Organization","@id":"https:\/\/crocussativus.eu\/#organization","name":"abac holland bv","alternateName":"crocus sativus .eu","url":"https:\/\/crocussativus.eu\/","logo":{"@type":"ImageObject","inLanguage":"de","@id":"https:\/\/crocussativus.eu\/#\/schema\/logo\/image\/","url":"https:\/\/crocussativus.eu\/wp-content\/uploads\/2023\/06\/logo_h80-1.png","contentUrl":"https:\/\/crocussativus.eu\/wp-content\/uploads\/2023\/06\/logo_h80-1.png","width":181,"height":80,"caption":"abac holland bv"},"image":{"@id":"https:\/\/crocussativus.eu\/#\/schema\/logo\/image\/"},"sameAs":["https:\/\/www.facebook.com\/crocussativus.eu"],"description":"Social and Solidarity Enterprise. We do everything we can to oSociale en Solidaire Onderneming. We doen er alles aan om innovatieve en transparante middelen en diensten aan te bieden en zo de Saffraan- en Crocus sativus telers te ondersteunen.ffer innovative and transparent resources and services to support Saffron and Crocus sativus growers.","email":"info@abacholland.com","telephone":"+31 (0)627 267 149","legalName":"abac holland bv","foundingDate":"2011-01-09"}]}},"_links":{"self":[{"href":"https:\/\/crocussativus.eu\/de\/wp-json\/wp\/v2\/pages\/534","targetHints":{"allow":["GET"]}}],"collection":[{"href":"https:\/\/crocussativus.eu\/de\/wp-json\/wp\/v2\/pages"}],"about":[{"href":"https:\/\/crocussativus.eu\/de\/wp-json\/wp\/v2\/types\/page"}],"author":[{"embeddable":true,"href":"https:\/\/crocussativus.eu\/de\/wp-json\/wp\/v2\/users\/1"}],"replies":[{"embeddable":true,"href":"https:\/\/crocussativus.eu\/de\/wp-json\/wp\/v2\/comments?post=534"}],"version-history":[{"count":0,"href":"https:\/\/crocussativus.eu\/de\/wp-json\/wp\/v2\/pages\/534\/revisions"}],"wp:attachment":[{"href":"https:\/\/crocussativus.eu\/de\/wp-json\/wp\/v2\/media?parent=534"}],"curies":[{"name":"wp","href":"https:\/\/api.w.org\/{rel}","templated":true}]}}