{"id":542,"date":"2022-02-07T14:25:10","date_gmt":"2022-02-07T14:25:10","guid":{"rendered":"https:\/\/demo.crocussativus.eu\/gebruik-saffraan\/"},"modified":"2025-05-17T08:39:10","modified_gmt":"2025-05-17T08:39:10","slug":"safran-verwenden","status":"publish","type":"page","link":"https:\/\/crocussativus.eu\/de\/safran-verwenden\/","title":{"rendered":"Safran verwenden"},"content":{"rendered":"<div class=\"wpb-content-wrapper\"><p>[vc_row][vc_column][vc_column_text]<\/p>\n<h1>Safran verwenden<\/h1>\n<p><img loading=\"lazy\" decoding=\"async\" class=\"alignnone wp-image-220\" src=\"https:\/\/crocussativus.eu\/wp-content\/uploads\/2022\/02\/gebruik_saffraan-300x167.jpg\" alt=\"\" width=\"507\" height=\"282\" srcset=\"https:\/\/crocussativus.eu\/wp-content\/uploads\/2022\/02\/gebruik_saffraan-300x167.jpg 300w, https:\/\/crocussativus.eu\/wp-content\/uploads\/2022\/02\/gebruik_saffraan-768x427.jpg 768w, https:\/\/crocussativus.eu\/wp-content\/uploads\/2022\/02\/gebruik_saffraan-600x333.jpg 600w, https:\/\/crocussativus.eu\/wp-content\/uploads\/2022\/02\/gebruik_saffraan.jpg 900w\" sizes=\"auto, (max-width: 507px) 100vw, 507px\" \/><\/p>\n<p>Je nach zuzubereitendem Gericht werden die Safranf\u00e4den unterschiedlich verwendet. Die Safranf\u00e4den k\u00f6nnen auf vier Arten verwendet werden.<\/p>\n<h2>Sofort:<\/h2>\n<p>Die F\u00e4den werden ohne Vorbehandlung in Gerichten mit langer Garzeit verwendet, damit ausreichend Zeit f\u00fcr die Freisetzung der Farb-, Aroma- und Geschmacksstoffe bleibt.<\/p>\n<h2>Aufguss:<\/h2>\n<p>Wird vor \u201ekurzen\u201c Zubereitungen verwendet. Legen Sie die notwendigen F\u00e4den in eine Sch\u00fcssel und gie\u00dfen Sie etwas hei\u00dfe (nicht kochende!) Fl\u00fcssigkeit dar\u00fcber. Zerkleinern Sie die F\u00e4den, indem Sie sie mit einem Teel\u00f6ffel gegen die Wand der Sch\u00fcssel dr\u00fccken und lassen Sie sie dann 10 bis 15 Minuten einweichen (die Fl\u00fcssigkeit ist dann gebrauchsfertig). H\u00e4ufig erfolgt das Einweichen in einem Teil der sp\u00e4ter f\u00fcr die Zubereitung verwendeten Fl\u00fcssigkeit (Wasser, Wein, Essig, Milch, Sahne, Fruchtsaft).<\/p>\n<h2>Fruchtbildung:<\/h2>\n<p>Zu Beginn einer Zubereitung die Safranf\u00e4den kurz in Butter oder \u00d6l anbraten, oder anbraten, damit das Fett den Geschmack aufnehmen und sich Aroma und Aroma gut entfalten k\u00f6nnen. Dies wird oft in Gerichten mit Zutaten verwendet, die selbst schon viel Geschmack haben.<\/p>\n<h2>Braten:<\/h2>\n<p>Die F\u00e4den in einer schweren Bratpfanne (ohne Fett) oder in einem m\u00e4\u00dfig hei\u00dfen Ofen r\u00f6sten, bis sie spr\u00f6de sind, oder die F\u00e4den in Alufolie wickeln, auf den Deckel einer Pfanne mit kochendem Inhalt legen. F\u00fcgen Sie dann die zwischen den Fingern geriebenen F\u00e4den der Zubereitung hinzu.<\/p>\n<h2>Safran hilft der Hautalterung vorzubeugen<\/h2>\n<p>Safran steckt voller Vitamine, die sich positiv auf die Haut auswirken. Nehmen Sie eine Kapsel oder 75 mg Safran und mischen Sie es mit einer Tasse lauwarmer Milch und einem Teel\u00f6ffel Zitronensaft. Mischen Sie dies zusammen und massieren Sie diese Paste zun\u00e4chst f\u00fcnf Minuten lang auf Ihr Gesicht. Machen Sie sanfte, kreisende Bewegungen und lassen Sie es 15 Minuten lang auf der Haut. Auf diese Weise haben Sie eine ganz nat\u00fcrliche Maske, die Sie mit Hilfe von etwas Safran frisch selbst zubereiten k\u00f6nnen, also ohne Konservierungsstoffe aus einer Maske aus einer Packung, die manchmal Monate oder sogar l\u00e4nger zusammengestellt wurde.<\/p>\n<p>M\u00f6chten Sie auch Gerichte mit Safran zubereiten? Sie k\u00f6nnen Ihre Safrangew\u00fcrze bei uns bestellen.[\/vc_column_text][\/vc_column][\/vc_row][vc_row full_width=&#8220;stretch_row&#8220; css=&#8220;.vc_custom_1644242697585{background-color: #f9f9f9 !important;}&#8220;][vc_column width=&#8220;1\/4&#8243;][vc_column_text]<\/p>\n<h4>FIRMENDETAILS<\/h4>\n<p><strong>ABAC Holland B.V.<\/strong><br \/>\nT.a.v. Crocussativus.eu<br \/>\nMr. J.Henderikxstraat 57<br \/>\n1788 AZ Julianadorp<br \/>\nNederland<\/p>\n<p>KvK-nr.: 54348765<br \/>\nBTW: NL8512.69.382.B01<\/p>\n<p>[\/vc_column_text][\/vc_column][vc_column width=&#8220;1\/4&#8243;][vc_column_text css=&#8220;&#8220;]<\/p>\n<h4>CONTACT<\/h4>\n<p><strong>Crocussativus.eu<\/strong><br \/>\nT <a href=\"tel:+31627267149\">+31 (0)627 267 149<\/a><br \/>\nE: <a href=\"mailto:info@crocussativus.eu\">info@crocussativus.eu<\/a><\/p>\n<p>[\/vc_column_text][\/vc_column][vc_column width=&#8220;1\/4&#8243;][vc_column_text]<\/p>\n<h4>EINKAUFEN<\/h4>\n<p><strong>Alle unsere Transaktionen werden von Mollie sicher verarbeitet.<\/strong><\/p>\n<p><strong>Shipping costs:<\/strong><\/p>\n<p>The Netherlands: free<br \/>\nE.U.: \u20ac6 per order<br \/>\nOutside EU: Preis auf Anfrage.<\/p>\n<p><em>*Countries with phytosanitary requirements pay fees inspection.<\/em>[\/vc_column_text][\/vc_column][vc_column width=&#8220;1\/4&#8243;][vc_column_text]<\/p>\n<h5>KLANTENSERVICE<\/h5>\n<p>[\/vc_column_text][vc_wp_custommenu nav_menu=&#8220;36&#8243;][\/vc_column][\/vc_row]<\/p>\n<\/div>","protected":false},"excerpt":{"rendered":"<p>[vc_row][vc_column][vc_column_text] Safran verwenden Je nach zuzubereitendem Gericht werden die Safranf\u00e4den unterschiedlich verwendet. Die Safranf\u00e4den k\u00f6nnen auf vier Arten verwendet werden. Sofort: Die F\u00e4den werden ohne Vorbehandlung in Gerichten mit langer Garzeit verwendet, damit ausreichend Zeit f\u00fcr die Freisetzung der Farb-, Aroma- und Geschmacksstoffe bleibt. Aufguss: Wird vor \u201ekurzen\u201c Zubereitungen verwendet. Legen Sie die notwendigen F\u00e4den&hellip;<\/p>\n","protected":false},"author":1,"featured_media":0,"parent":0,"menu_order":0,"comment_status":"closed","ping_status":"closed","template":"","meta":{"footnotes":""},"class_list":["post-542","page","type-page","status-publish","hentry","description-off"],"yoast_head":"<!-- This site is optimized with the Yoast SEO Premium plugin v26.5 (Yoast SEO v26.5) - https:\/\/yoast.com\/wordpress\/plugins\/seo\/ -->\n<title>Safran verwenden - Crocussativus<\/title>\n<meta name=\"robots\" content=\"index, follow, max-snippet:-1, max-image-preview:large, max-video-preview:-1\" \/>\n<link rel=\"canonical\" href=\"https:\/\/crocussativus.eu\/de\/safran-verwenden\/\" \/>\n<meta property=\"og:locale\" content=\"de_DE\" \/>\n<meta property=\"og:type\" content=\"article\" \/>\n<meta property=\"og:title\" content=\"Safran verwenden\" \/>\n<meta property=\"og:description\" content=\"[vc_row][vc_column][vc_column_text] Safran verwenden Je nach zuzubereitendem Gericht werden die Safranf\u00e4den unterschiedlich verwendet. Die Safranf\u00e4den k\u00f6nnen auf vier Arten verwendet werden. Sofort: Die F\u00e4den werden ohne Vorbehandlung in Gerichten mit langer Garzeit verwendet, damit ausreichend Zeit f\u00fcr die Freisetzung der Farb-, Aroma- und Geschmacksstoffe bleibt. Aufguss: Wird vor \u201ekurzen\u201c Zubereitungen verwendet. Legen Sie die notwendigen F\u00e4den&hellip;\" \/>\n<meta property=\"og:url\" content=\"https:\/\/crocussativus.eu\/de\/safran-verwenden\/\" \/>\n<meta property=\"og:site_name\" content=\"Crocussativus\" \/>\n<meta property=\"article:publisher\" content=\"https:\/\/www.facebook.com\/crocussativus.eu\" \/>\n<meta property=\"article:modified_time\" content=\"2025-05-17T08:39:10+00:00\" \/>\n<meta property=\"og:image\" content=\"https:\/\/crocussativus.eu\/wp-content\/uploads\/2022\/02\/gebruik_saffraan.jpg\" \/>\n\t<meta property=\"og:image:width\" content=\"900\" \/>\n\t<meta property=\"og:image:height\" content=\"500\" \/>\n\t<meta property=\"og:image:type\" content=\"image\/jpeg\" \/>\n<meta name=\"twitter:card\" content=\"summary_large_image\" \/>\n<meta name=\"twitter:label1\" content=\"Gesch\u00e4tzte Lesezeit\" \/>\n\t<meta name=\"twitter:data1\" content=\"3\u00a0Minuten\" \/>\n<script type=\"application\/ld+json\" class=\"yoast-schema-graph\">{\"@context\":\"https:\/\/schema.org\",\"@graph\":[{\"@type\":\"WebPage\",\"@id\":\"https:\/\/crocussativus.eu\/de\/safran-verwenden\/\",\"url\":\"https:\/\/crocussativus.eu\/de\/safran-verwenden\/\",\"name\":\"Safran verwenden - Crocussativus\",\"isPartOf\":{\"@id\":\"https:\/\/crocussativus.eu\/#website\"},\"primaryImageOfPage\":{\"@id\":\"https:\/\/crocussativus.eu\/de\/safran-verwenden\/#primaryimage\"},\"image\":{\"@id\":\"https:\/\/crocussativus.eu\/de\/safran-verwenden\/#primaryimage\"},\"thumbnailUrl\":\"https:\/\/crocussativus.eu\/wp-content\/uploads\/2022\/02\/gebruik_saffraan-300x167.jpg\",\"datePublished\":\"2022-02-07T14:25:10+00:00\",\"dateModified\":\"2025-05-17T08:39:10+00:00\",\"breadcrumb\":{\"@id\":\"https:\/\/crocussativus.eu\/de\/safran-verwenden\/#breadcrumb\"},\"inLanguage\":\"de\",\"potentialAction\":[{\"@type\":\"ReadAction\",\"target\":[\"https:\/\/crocussativus.eu\/de\/safran-verwenden\/\"]}]},{\"@type\":\"ImageObject\",\"inLanguage\":\"de\",\"@id\":\"https:\/\/crocussativus.eu\/de\/safran-verwenden\/#primaryimage\",\"url\":\"https:\/\/crocussativus.eu\/wp-content\/uploads\/2022\/02\/gebruik_saffraan-300x167.jpg\",\"contentUrl\":\"https:\/\/crocussativus.eu\/wp-content\/uploads\/2022\/02\/gebruik_saffraan-300x167.jpg\"},{\"@type\":\"BreadcrumbList\",\"@id\":\"https:\/\/crocussativus.eu\/de\/safran-verwenden\/#breadcrumb\",\"itemListElement\":[{\"@type\":\"ListItem\",\"position\":1,\"name\":\"Home\",\"item\":\"https:\/\/crocussativus.eu\/de\/\"},{\"@type\":\"ListItem\",\"position\":2,\"name\":\"Safran verwenden\"}]},{\"@type\":\"WebSite\",\"@id\":\"https:\/\/crocussativus.eu\/#website\",\"url\":\"https:\/\/crocussativus.eu\/\",\"name\":\"Crocussativus.eu\",\"description\":\"Saffraan, Capsules, Crocus sativus bollen &amp; Saffraankaas\",\"publisher\":{\"@id\":\"https:\/\/crocussativus.eu\/#organization\"},\"potentialAction\":[{\"@type\":\"SearchAction\",\"target\":{\"@type\":\"EntryPoint\",\"urlTemplate\":\"https:\/\/crocussativus.eu\/?s={search_term_string}\"},\"query-input\":{\"@type\":\"PropertyValueSpecification\",\"valueRequired\":true,\"valueName\":\"search_term_string\"}}],\"inLanguage\":\"de\"},{\"@type\":\"Organization\",\"@id\":\"https:\/\/crocussativus.eu\/#organization\",\"name\":\"abac holland bv\",\"alternateName\":\"crocus sativus .eu\",\"url\":\"https:\/\/crocussativus.eu\/\",\"logo\":{\"@type\":\"ImageObject\",\"inLanguage\":\"de\",\"@id\":\"https:\/\/crocussativus.eu\/#\/schema\/logo\/image\/\",\"url\":\"https:\/\/crocussativus.eu\/wp-content\/uploads\/2023\/06\/logo_h80-1.png\",\"contentUrl\":\"https:\/\/crocussativus.eu\/wp-content\/uploads\/2023\/06\/logo_h80-1.png\",\"width\":181,\"height\":80,\"caption\":\"abac holland bv\"},\"image\":{\"@id\":\"https:\/\/crocussativus.eu\/#\/schema\/logo\/image\/\"},\"sameAs\":[\"https:\/\/www.facebook.com\/crocussativus.eu\"],\"description\":\"Social and Solidarity Enterprise. We do everything we can to oSociale en Solidaire Onderneming. We doen er alles aan om innovatieve en transparante middelen en diensten aan te bieden en zo de Saffraan- en Crocus sativus telers te ondersteunen.ffer innovative and transparent resources and services to support Saffron and Crocus sativus growers.\",\"email\":\"info@abacholland.com\",\"telephone\":\"+31 (0)627 267 149\",\"legalName\":\"abac holland bv\",\"foundingDate\":\"2011-01-09\"}]}<\/script>\n<!-- \/ Yoast SEO Premium plugin. -->","yoast_head_json":{"title":"Safran verwenden - Crocussativus","robots":{"index":"index","follow":"follow","max-snippet":"max-snippet:-1","max-image-preview":"max-image-preview:large","max-video-preview":"max-video-preview:-1"},"canonical":"https:\/\/crocussativus.eu\/de\/safran-verwenden\/","og_locale":"de_DE","og_type":"article","og_title":"Safran verwenden","og_description":"[vc_row][vc_column][vc_column_text] Safran verwenden Je nach zuzubereitendem Gericht werden die Safranf\u00e4den unterschiedlich verwendet. Die Safranf\u00e4den k\u00f6nnen auf vier Arten verwendet werden. Sofort: Die F\u00e4den werden ohne Vorbehandlung in Gerichten mit langer Garzeit verwendet, damit ausreichend Zeit f\u00fcr die Freisetzung der Farb-, Aroma- und Geschmacksstoffe bleibt. Aufguss: Wird vor \u201ekurzen\u201c Zubereitungen verwendet. Legen Sie die notwendigen F\u00e4den&hellip;","og_url":"https:\/\/crocussativus.eu\/de\/safran-verwenden\/","og_site_name":"Crocussativus","article_publisher":"https:\/\/www.facebook.com\/crocussativus.eu","article_modified_time":"2025-05-17T08:39:10+00:00","og_image":[{"width":900,"height":500,"url":"https:\/\/crocussativus.eu\/wp-content\/uploads\/2022\/02\/gebruik_saffraan.jpg","type":"image\/jpeg"}],"twitter_card":"summary_large_image","twitter_misc":{"Gesch\u00e4tzte Lesezeit":"3\u00a0Minuten"},"schema":{"@context":"https:\/\/schema.org","@graph":[{"@type":"WebPage","@id":"https:\/\/crocussativus.eu\/de\/safran-verwenden\/","url":"https:\/\/crocussativus.eu\/de\/safran-verwenden\/","name":"Safran verwenden - Crocussativus","isPartOf":{"@id":"https:\/\/crocussativus.eu\/#website"},"primaryImageOfPage":{"@id":"https:\/\/crocussativus.eu\/de\/safran-verwenden\/#primaryimage"},"image":{"@id":"https:\/\/crocussativus.eu\/de\/safran-verwenden\/#primaryimage"},"thumbnailUrl":"https:\/\/crocussativus.eu\/wp-content\/uploads\/2022\/02\/gebruik_saffraan-300x167.jpg","datePublished":"2022-02-07T14:25:10+00:00","dateModified":"2025-05-17T08:39:10+00:00","breadcrumb":{"@id":"https:\/\/crocussativus.eu\/de\/safran-verwenden\/#breadcrumb"},"inLanguage":"de","potentialAction":[{"@type":"ReadAction","target":["https:\/\/crocussativus.eu\/de\/safran-verwenden\/"]}]},{"@type":"ImageObject","inLanguage":"de","@id":"https:\/\/crocussativus.eu\/de\/safran-verwenden\/#primaryimage","url":"https:\/\/crocussativus.eu\/wp-content\/uploads\/2022\/02\/gebruik_saffraan-300x167.jpg","contentUrl":"https:\/\/crocussativus.eu\/wp-content\/uploads\/2022\/02\/gebruik_saffraan-300x167.jpg"},{"@type":"BreadcrumbList","@id":"https:\/\/crocussativus.eu\/de\/safran-verwenden\/#breadcrumb","itemListElement":[{"@type":"ListItem","position":1,"name":"Home","item":"https:\/\/crocussativus.eu\/de\/"},{"@type":"ListItem","position":2,"name":"Safran verwenden"}]},{"@type":"WebSite","@id":"https:\/\/crocussativus.eu\/#website","url":"https:\/\/crocussativus.eu\/","name":"Crocussativus.eu","description":"Saffraan, Capsules, Crocus sativus bollen &amp; Saffraankaas","publisher":{"@id":"https:\/\/crocussativus.eu\/#organization"},"potentialAction":[{"@type":"SearchAction","target":{"@type":"EntryPoint","urlTemplate":"https:\/\/crocussativus.eu\/?s={search_term_string}"},"query-input":{"@type":"PropertyValueSpecification","valueRequired":true,"valueName":"search_term_string"}}],"inLanguage":"de"},{"@type":"Organization","@id":"https:\/\/crocussativus.eu\/#organization","name":"abac holland bv","alternateName":"crocus sativus .eu","url":"https:\/\/crocussativus.eu\/","logo":{"@type":"ImageObject","inLanguage":"de","@id":"https:\/\/crocussativus.eu\/#\/schema\/logo\/image\/","url":"https:\/\/crocussativus.eu\/wp-content\/uploads\/2023\/06\/logo_h80-1.png","contentUrl":"https:\/\/crocussativus.eu\/wp-content\/uploads\/2023\/06\/logo_h80-1.png","width":181,"height":80,"caption":"abac holland bv"},"image":{"@id":"https:\/\/crocussativus.eu\/#\/schema\/logo\/image\/"},"sameAs":["https:\/\/www.facebook.com\/crocussativus.eu"],"description":"Social and Solidarity Enterprise. We do everything we can to oSociale en Solidaire Onderneming. We doen er alles aan om innovatieve en transparante middelen en diensten aan te bieden en zo de Saffraan- en Crocus sativus telers te ondersteunen.ffer innovative and transparent resources and services to support Saffron and Crocus sativus growers.","email":"info@abacholland.com","telephone":"+31 (0)627 267 149","legalName":"abac holland bv","foundingDate":"2011-01-09"}]}},"_links":{"self":[{"href":"https:\/\/crocussativus.eu\/de\/wp-json\/wp\/v2\/pages\/542","targetHints":{"allow":["GET"]}}],"collection":[{"href":"https:\/\/crocussativus.eu\/de\/wp-json\/wp\/v2\/pages"}],"about":[{"href":"https:\/\/crocussativus.eu\/de\/wp-json\/wp\/v2\/types\/page"}],"author":[{"embeddable":true,"href":"https:\/\/crocussativus.eu\/de\/wp-json\/wp\/v2\/users\/1"}],"replies":[{"embeddable":true,"href":"https:\/\/crocussativus.eu\/de\/wp-json\/wp\/v2\/comments?post=542"}],"version-history":[{"count":0,"href":"https:\/\/crocussativus.eu\/de\/wp-json\/wp\/v2\/pages\/542\/revisions"}],"wp:attachment":[{"href":"https:\/\/crocussativus.eu\/de\/wp-json\/wp\/v2\/media?parent=542"}],"curies":[{"name":"wp","href":"https:\/\/api.w.org\/{rel}","templated":true}]}}