{"id":980,"date":"2022-04-12T12:16:31","date_gmt":"2022-04-12T12:16:31","guid":{"rendered":"https:\/\/demo.crocussativus.eu\/saffraankaas-sticks\/"},"modified":"2025-05-17T08:51:25","modified_gmt":"2025-05-17T08:51:25","slug":"safran-kaesestangen","status":"publish","type":"page","link":"https:\/\/crocussativus.eu\/de\/safran-kaesestangen\/","title":{"rendered":"Safran-K\u00e4sestangen"},"content":{"rendered":"<div class=\"wpb-content-wrapper\"><p>[vc_row][vc_column][vc_column_text]<\/p>\n<h1 style=\"text-align: center;\">Pain fromager safran\u00e9<\/h1>\n<p>&nbsp;<\/p>\n<p><img loading=\"lazy\" decoding=\"async\" class=\"aligncenter wp-image-929 size-large\" src=\"https:\/\/crocussativus.eu\/wp-content\/uploads\/2022\/04\/20220304124857_IMG_3730-683x1024.jpg\" alt=\"\" width=\"683\" height=\"1024\" srcset=\"https:\/\/crocussativus.eu\/wp-content\/uploads\/2022\/04\/20220304124857_IMG_3730-683x1024.jpg 683w, https:\/\/crocussativus.eu\/wp-content\/uploads\/2022\/04\/20220304124857_IMG_3730-200x300.jpg 200w, https:\/\/crocussativus.eu\/wp-content\/uploads\/2022\/04\/20220304124857_IMG_3730-768x1152.jpg 768w, https:\/\/crocussativus.eu\/wp-content\/uploads\/2022\/04\/20220304124857_IMG_3730-1024x1536.jpg 1024w, https:\/\/crocussativus.eu\/wp-content\/uploads\/2022\/04\/20220304124857_IMG_3730-600x900.jpg 600w, https:\/\/crocussativus.eu\/wp-content\/uploads\/2022\/04\/20220304124857_IMG_3730.jpg 1280w\" sizes=\"auto, (max-width: 683px) 100vw, 683px\" \/><\/p>\n<h3>Eine gebackene Sauerteigbrotstange nach franz\u00f6sischer Art kombiniert mit dem original Safrank\u00e4se vom Bauernhof.<\/h3>\n<p><img loading=\"lazy\" decoding=\"async\" class=\"aligncenter wp-image-934 size-large\" src=\"https:\/\/crocussativus.eu\/wp-content\/uploads\/2022\/04\/20220304135813_IMG_3868-1024x683.jpg\" alt=\"\" width=\"1024\" height=\"683\" srcset=\"https:\/\/crocussativus.eu\/wp-content\/uploads\/2022\/04\/20220304135813_IMG_3868-1024x683.jpg 1024w, https:\/\/crocussativus.eu\/wp-content\/uploads\/2022\/04\/20220304135813_IMG_3868-300x200.jpg 300w, https:\/\/crocussativus.eu\/wp-content\/uploads\/2022\/04\/20220304135813_IMG_3868-768x512.jpg 768w, https:\/\/crocussativus.eu\/wp-content\/uploads\/2022\/04\/20220304135813_IMG_3868-1536x1024.jpg 1536w, https:\/\/crocussativus.eu\/wp-content\/uploads\/2022\/04\/20220304135813_IMG_3868-600x400.jpg 600w, https:\/\/crocussativus.eu\/wp-content\/uploads\/2022\/04\/20220304135813_IMG_3868.jpg 1920w\" sizes=\"auto, (max-width: 1024px) 100vw, 1024px\" \/><\/p>\n<h3>Diese Kombination schafft eine k\u00f6stlich schmackhafte Brotbar mit einem v\u00f6llig traditionellen Ursprung.<\/h3>\n<p><img loading=\"lazy\" decoding=\"async\" class=\"wp-image-1279 size-large aligncenter\" src=\"https:\/\/crocussativus.eu\/wp-content\/uploads\/2022\/04\/20220304125442_IMG_3762-1024x683.jpg\" alt=\"\" width=\"1024\" height=\"683\" srcset=\"https:\/\/crocussativus.eu\/wp-content\/uploads\/2022\/04\/20220304125442_IMG_3762-1024x683.jpg 1024w, https:\/\/crocussativus.eu\/wp-content\/uploads\/2022\/04\/20220304125442_IMG_3762-300x200.jpg 300w, https:\/\/crocussativus.eu\/wp-content\/uploads\/2022\/04\/20220304125442_IMG_3762-768x512.jpg 768w, https:\/\/crocussativus.eu\/wp-content\/uploads\/2022\/04\/20220304125442_IMG_3762-1536x1025.jpg 1536w, https:\/\/crocussativus.eu\/wp-content\/uploads\/2022\/04\/20220304125442_IMG_3762-600x400.jpg 600w, https:\/\/crocussativus.eu\/wp-content\/uploads\/2022\/04\/20220304125442_IMG_3762.jpg 1826w\" sizes=\"auto, (max-width: 1024px) 100vw, 1024px\" \/><\/p>\n<h3>Um Pain fromager safran\u00e9 herzustellen, mischt der B\u00e4cker den in kleine St\u00fccke geschnittenen Safrank\u00e4se mit dem Teig, der 24 Stunden lang aufgegangen ist.<\/h3>\n<p><img loading=\"lazy\" decoding=\"async\" class=\"aligncenter wp-image-944 size-large\" src=\"https:\/\/crocussativus.eu\/wp-content\/uploads\/2022\/04\/20220304134007_IMG_3828-1024x683.jpg\" alt=\"\" width=\"1024\" height=\"683\" srcset=\"https:\/\/crocussativus.eu\/wp-content\/uploads\/2022\/04\/20220304134007_IMG_3828-1024x683.jpg 1024w, https:\/\/crocussativus.eu\/wp-content\/uploads\/2022\/04\/20220304134007_IMG_3828-300x200.jpg 300w, https:\/\/crocussativus.eu\/wp-content\/uploads\/2022\/04\/20220304134007_IMG_3828-768x512.jpg 768w, https:\/\/crocussativus.eu\/wp-content\/uploads\/2022\/04\/20220304134007_IMG_3828-600x400.jpg 600w, https:\/\/crocussativus.eu\/wp-content\/uploads\/2022\/04\/20220304134007_IMG_3828.jpg 1479w\" sizes=\"auto, (max-width: 1024px) 100vw, 1024px\" \/><\/p>\n<h3>Der B\u00e4cker formt dann die Safrank\u00e4sest\u00e4bchen und schneidet sie, bevor er sie in den Ofen gibt.<\/h3>\n<p><img loading=\"lazy\" decoding=\"async\" class=\"wp-image-1286 size-large aligncenter\" src=\"https:\/\/crocussativus.eu\/wp-content\/uploads\/2022\/04\/20220304132723_IMG_3789-1024x683.jpg\" alt=\"\" width=\"1024\" height=\"683\" srcset=\"https:\/\/crocussativus.eu\/wp-content\/uploads\/2022\/04\/20220304132723_IMG_3789-1024x683.jpg 1024w, https:\/\/crocussativus.eu\/wp-content\/uploads\/2022\/04\/20220304132723_IMG_3789-300x200.jpg 300w, https:\/\/crocussativus.eu\/wp-content\/uploads\/2022\/04\/20220304132723_IMG_3789-768x512.jpg 768w, https:\/\/crocussativus.eu\/wp-content\/uploads\/2022\/04\/20220304132723_IMG_3789-1536x1025.jpg 1536w, https:\/\/crocussativus.eu\/wp-content\/uploads\/2022\/04\/20220304132723_IMG_3789-600x400.jpg 600w, https:\/\/crocussativus.eu\/wp-content\/uploads\/2022\/04\/20220304132723_IMG_3789.jpg 1824w\" sizes=\"auto, (max-width: 1024px) 100vw, 1024px\" \/><\/p>\n<h3>Den Safran-K\u00e4sebrotteig mit einer Sauerteigkultur anstelle von Hefe belassen:<br \/>\n&#8211; sorgt f\u00fcr einen volleren Geschmack<br \/>\n&#8211; ist leicht verdaulich<br \/>\n&#8211; hat eine 50% bis 100% bessere Aufnahme von Mineralien (z.B. Magnesium, Eisen, Zink)<br \/>\n&#8211; hat eine l\u00e4ngere Haltbarkeit<img loading=\"lazy\" decoding=\"async\" class=\"aligncenter wp-image-954 size-large\" style=\"font-size: 14px; font-weight: normal;\" src=\"https:\/\/crocussativus.eu\/wp-content\/uploads\/2022\/04\/20220304135739_IMG_3863-1024x683.jpg\" alt=\"\" width=\"1024\" height=\"683\" srcset=\"https:\/\/crocussativus.eu\/wp-content\/uploads\/2022\/04\/20220304135739_IMG_3863-1024x683.jpg 1024w, https:\/\/crocussativus.eu\/wp-content\/uploads\/2022\/04\/20220304135739_IMG_3863-300x200.jpg 300w, https:\/\/crocussativus.eu\/wp-content\/uploads\/2022\/04\/20220304135739_IMG_3863-768x512.jpg 768w, https:\/\/crocussativus.eu\/wp-content\/uploads\/2022\/04\/20220304135739_IMG_3863-600x400.jpg 600w, https:\/\/crocussativus.eu\/wp-content\/uploads\/2022\/04\/20220304135739_IMG_3863.jpg 1052w\" sizes=\"auto, (max-width: 1024px) 100vw, 1024px\" \/><\/h3>\n<h2>F\u00fcr weitere Informationen und Preise \u00fcber die Safran-K\u00e4se-Sticks mailen oder rufen Sie uns an.<\/h2>\n<p><img loading=\"lazy\" decoding=\"async\" class=\"aligncenter wp-image-959 size-large\" src=\"https:\/\/crocussativus.eu\/wp-content\/uploads\/2022\/04\/20220304140426_IMG_3886-1024x683.jpg\" alt=\"\" width=\"1024\" height=\"683\" srcset=\"https:\/\/crocussativus.eu\/wp-content\/uploads\/2022\/04\/20220304140426_IMG_3886-1024x683.jpg 1024w, https:\/\/crocussativus.eu\/wp-content\/uploads\/2022\/04\/20220304140426_IMG_3886-300x200.jpg 300w, https:\/\/crocussativus.eu\/wp-content\/uploads\/2022\/04\/20220304140426_IMG_3886-768x512.jpg 768w, https:\/\/crocussativus.eu\/wp-content\/uploads\/2022\/04\/20220304140426_IMG_3886-1536x1025.jpg 1536w, https:\/\/crocussativus.eu\/wp-content\/uploads\/2022\/04\/20220304140426_IMG_3886-600x400.jpg 600w, https:\/\/crocussativus.eu\/wp-content\/uploads\/2022\/04\/20220304140426_IMG_3886.jpg 1856w\" sizes=\"auto, (max-width: 1024px) 100vw, 1024px\" \/>[\/vc_column_text][\/vc_column][\/vc_row][vc_row full_width=&#8220;stretch_row&#8220; css=&#8220;.vc_custom_1644242697585{background-color: #f9f9f9 !important;}&#8220;][vc_column width=&#8220;1\/4&#8243;][vc_column_text]<\/p>\n<h4>FIRMENDETAILS<\/h4>\n<p><strong>ABAC Holland B.V.<\/strong><br \/>\nT.a.v. Crocussativus.eu<br \/>\nMr. J.Henderikxstraat 57<br \/>\n1788 AZ Julianadorp<br \/>\nNederland<\/p>\n<p>KvK-nr.: 54348765<br \/>\nBTW: NL8512.69.382.B01<\/p>\n<p>[\/vc_column_text][\/vc_column][vc_column width=&#8220;1\/4&#8243;][vc_column_text css=&#8220;&#8220;]<\/p>\n<h4>CONTACT<\/h4>\n<p><strong>Crocussativus.eu<\/strong><br \/>\nT <a href=\"tel:+31627267149\">+31 (0)627 267 149<\/a><br \/>\nE: <a href=\"mailto:info@crocussativus.eu\">info@crocussativus.eu<\/a><\/p>\n<p>[\/vc_column_text][\/vc_column][vc_column width=&#8220;1\/4&#8243;][vc_column_text]<\/p>\n<h4>EINKAUFEN<\/h4>\n<p><strong>Alle unsere Transaktionen werden von Mollie sicher verarbeitet.<\/strong><\/p>\n<p><strong>Shipping costs:<\/strong><\/p>\n<p>The Netherlands: free<br \/>\nE.U.: \u20ac6 per order<br \/>\nOutside EU: Preis auf Anfrage.<\/p>\n<p><em>*Countries with phytosanitary requirements pay fees inspection.<\/em>[\/vc_column_text][\/vc_column][vc_column width=&#8220;1\/4&#8243;][vc_column_text]<\/p>\n<h5>KLANTENSERVICE<\/h5>\n<p>[\/vc_column_text][vc_wp_custommenu nav_menu=&#8220;36&#8243;][\/vc_column][\/vc_row]<\/p>\n<\/div>","protected":false},"excerpt":{"rendered":"<p>[vc_row][vc_column][vc_column_text] Pain fromager safran\u00e9 &nbsp; Eine gebackene Sauerteigbrotstange nach franz\u00f6sischer Art kombiniert mit dem original Safrank\u00e4se vom Bauernhof. Diese Kombination schafft eine k\u00f6stlich schmackhafte Brotbar mit einem v\u00f6llig traditionellen Ursprung. Um Pain fromager safran\u00e9 herzustellen, mischt der B\u00e4cker den in kleine St\u00fccke geschnittenen Safrank\u00e4se mit dem Teig, der 24 Stunden lang aufgegangen ist. Der B\u00e4cker&hellip;<\/p>\n","protected":false},"author":2,"featured_media":0,"parent":0,"menu_order":0,"comment_status":"closed","ping_status":"closed","template":"","meta":{"footnotes":""},"class_list":["post-980","page","type-page","status-publish","hentry","description-off"],"yoast_head":"<!-- This site is optimized with the Yoast SEO Premium plugin v26.5 (Yoast SEO v26.5) - https:\/\/yoast.com\/wordpress\/plugins\/seo\/ -->\n<title>Safran-K\u00e4sestangen - Crocussativus<\/title>\n<meta name=\"robots\" content=\"index, follow, max-snippet:-1, max-image-preview:large, max-video-preview:-1\" \/>\n<link rel=\"canonical\" href=\"https:\/\/crocussativus.eu\/de\/safran-kaesestangen\/\" \/>\n<meta property=\"og:locale\" content=\"de_DE\" \/>\n<meta property=\"og:type\" content=\"article\" \/>\n<meta property=\"og:title\" content=\"Safran-K\u00e4sestangen\" \/>\n<meta property=\"og:description\" content=\"[vc_row][vc_column][vc_column_text] Pain fromager safran\u00e9 &nbsp; Eine gebackene Sauerteigbrotstange nach franz\u00f6sischer Art kombiniert mit dem original Safrank\u00e4se vom Bauernhof. Diese Kombination schafft eine k\u00f6stlich schmackhafte Brotbar mit einem v\u00f6llig traditionellen Ursprung. Um Pain fromager safran\u00e9 herzustellen, mischt der B\u00e4cker den in kleine St\u00fccke geschnittenen Safrank\u00e4se mit dem Teig, der 24 Stunden lang aufgegangen ist. Der B\u00e4cker&hellip;\" \/>\n<meta property=\"og:url\" content=\"https:\/\/crocussativus.eu\/de\/safran-kaesestangen\/\" \/>\n<meta property=\"og:site_name\" content=\"Crocussativus\" \/>\n<meta property=\"article:publisher\" content=\"https:\/\/www.facebook.com\/crocussativus.eu\" \/>\n<meta property=\"article:modified_time\" content=\"2025-05-17T08:51:25+00:00\" \/>\n<meta property=\"og:image\" content=\"https:\/\/crocussativus.eu\/wp-content\/uploads\/2022\/04\/20220304124857_IMG_3730.jpg\" \/>\n\t<meta property=\"og:image:width\" content=\"1280\" \/>\n\t<meta property=\"og:image:height\" content=\"1920\" \/>\n\t<meta property=\"og:image:type\" content=\"image\/jpeg\" \/>\n<meta name=\"twitter:card\" content=\"summary_large_image\" \/>\n<meta name=\"twitter:label1\" content=\"Gesch\u00e4tzte Lesezeit\" \/>\n\t<meta name=\"twitter:data1\" content=\"3\u00a0Minuten\" \/>\n<script type=\"application\/ld+json\" class=\"yoast-schema-graph\">{\"@context\":\"https:\/\/schema.org\",\"@graph\":[{\"@type\":\"WebPage\",\"@id\":\"https:\/\/crocussativus.eu\/de\/safran-kaesestangen\/\",\"url\":\"https:\/\/crocussativus.eu\/de\/safran-kaesestangen\/\",\"name\":\"Safran-K\u00e4sestangen - Crocussativus\",\"isPartOf\":{\"@id\":\"https:\/\/crocussativus.eu\/#website\"},\"primaryImageOfPage\":{\"@id\":\"https:\/\/crocussativus.eu\/de\/safran-kaesestangen\/#primaryimage\"},\"image\":{\"@id\":\"https:\/\/crocussativus.eu\/de\/safran-kaesestangen\/#primaryimage\"},\"thumbnailUrl\":\"https:\/\/crocussativus.eu\/wp-content\/uploads\/2022\/04\/20220304124857_IMG_3730-683x1024.jpg\",\"datePublished\":\"2022-04-12T12:16:31+00:00\",\"dateModified\":\"2025-05-17T08:51:25+00:00\",\"breadcrumb\":{\"@id\":\"https:\/\/crocussativus.eu\/de\/safran-kaesestangen\/#breadcrumb\"},\"inLanguage\":\"de\",\"potentialAction\":[{\"@type\":\"ReadAction\",\"target\":[\"https:\/\/crocussativus.eu\/de\/safran-kaesestangen\/\"]}]},{\"@type\":\"ImageObject\",\"inLanguage\":\"de\",\"@id\":\"https:\/\/crocussativus.eu\/de\/safran-kaesestangen\/#primaryimage\",\"url\":\"https:\/\/crocussativus.eu\/wp-content\/uploads\/2022\/04\/20220304124857_IMG_3730-683x1024.jpg\",\"contentUrl\":\"https:\/\/crocussativus.eu\/wp-content\/uploads\/2022\/04\/20220304124857_IMG_3730-683x1024.jpg\"},{\"@type\":\"BreadcrumbList\",\"@id\":\"https:\/\/crocussativus.eu\/de\/safran-kaesestangen\/#breadcrumb\",\"itemListElement\":[{\"@type\":\"ListItem\",\"position\":1,\"name\":\"Home\",\"item\":\"https:\/\/crocussativus.eu\/de\/\"},{\"@type\":\"ListItem\",\"position\":2,\"name\":\"Safran-K\u00e4sestangen\"}]},{\"@type\":\"WebSite\",\"@id\":\"https:\/\/crocussativus.eu\/#website\",\"url\":\"https:\/\/crocussativus.eu\/\",\"name\":\"Crocussativus.eu\",\"description\":\"Saffraan, Capsules, Crocus sativus bollen &amp; Saffraankaas\",\"publisher\":{\"@id\":\"https:\/\/crocussativus.eu\/#organization\"},\"potentialAction\":[{\"@type\":\"SearchAction\",\"target\":{\"@type\":\"EntryPoint\",\"urlTemplate\":\"https:\/\/crocussativus.eu\/?s={search_term_string}\"},\"query-input\":{\"@type\":\"PropertyValueSpecification\",\"valueRequired\":true,\"valueName\":\"search_term_string\"}}],\"inLanguage\":\"de\"},{\"@type\":\"Organization\",\"@id\":\"https:\/\/crocussativus.eu\/#organization\",\"name\":\"abac holland bv\",\"alternateName\":\"crocus sativus .eu\",\"url\":\"https:\/\/crocussativus.eu\/\",\"logo\":{\"@type\":\"ImageObject\",\"inLanguage\":\"de\",\"@id\":\"https:\/\/crocussativus.eu\/#\/schema\/logo\/image\/\",\"url\":\"https:\/\/crocussativus.eu\/wp-content\/uploads\/2023\/06\/logo_h80-1.png\",\"contentUrl\":\"https:\/\/crocussativus.eu\/wp-content\/uploads\/2023\/06\/logo_h80-1.png\",\"width\":181,\"height\":80,\"caption\":\"abac holland bv\"},\"image\":{\"@id\":\"https:\/\/crocussativus.eu\/#\/schema\/logo\/image\/\"},\"sameAs\":[\"https:\/\/www.facebook.com\/crocussativus.eu\"],\"description\":\"Social and Solidarity Enterprise. We do everything we can to oSociale en Solidaire Onderneming. We doen er alles aan om innovatieve en transparante middelen en diensten aan te bieden en zo de Saffraan- en Crocus sativus telers te ondersteunen.ffer innovative and transparent resources and services to support Saffron and Crocus sativus growers.\",\"email\":\"info@abacholland.com\",\"telephone\":\"+31 (0)627 267 149\",\"legalName\":\"abac holland bv\",\"foundingDate\":\"2011-01-09\"}]}<\/script>\n<!-- \/ Yoast SEO Premium plugin. -->","yoast_head_json":{"title":"Safran-K\u00e4sestangen - Crocussativus","robots":{"index":"index","follow":"follow","max-snippet":"max-snippet:-1","max-image-preview":"max-image-preview:large","max-video-preview":"max-video-preview:-1"},"canonical":"https:\/\/crocussativus.eu\/de\/safran-kaesestangen\/","og_locale":"de_DE","og_type":"article","og_title":"Safran-K\u00e4sestangen","og_description":"[vc_row][vc_column][vc_column_text] Pain fromager safran\u00e9 &nbsp; Eine gebackene Sauerteigbrotstange nach franz\u00f6sischer Art kombiniert mit dem original Safrank\u00e4se vom Bauernhof. Diese Kombination schafft eine k\u00f6stlich schmackhafte Brotbar mit einem v\u00f6llig traditionellen Ursprung. Um Pain fromager safran\u00e9 herzustellen, mischt der B\u00e4cker den in kleine St\u00fccke geschnittenen Safrank\u00e4se mit dem Teig, der 24 Stunden lang aufgegangen ist. Der B\u00e4cker&hellip;","og_url":"https:\/\/crocussativus.eu\/de\/safran-kaesestangen\/","og_site_name":"Crocussativus","article_publisher":"https:\/\/www.facebook.com\/crocussativus.eu","article_modified_time":"2025-05-17T08:51:25+00:00","og_image":[{"width":1280,"height":1920,"url":"https:\/\/crocussativus.eu\/wp-content\/uploads\/2022\/04\/20220304124857_IMG_3730.jpg","type":"image\/jpeg"}],"twitter_card":"summary_large_image","twitter_misc":{"Gesch\u00e4tzte Lesezeit":"3\u00a0Minuten"},"schema":{"@context":"https:\/\/schema.org","@graph":[{"@type":"WebPage","@id":"https:\/\/crocussativus.eu\/de\/safran-kaesestangen\/","url":"https:\/\/crocussativus.eu\/de\/safran-kaesestangen\/","name":"Safran-K\u00e4sestangen - Crocussativus","isPartOf":{"@id":"https:\/\/crocussativus.eu\/#website"},"primaryImageOfPage":{"@id":"https:\/\/crocussativus.eu\/de\/safran-kaesestangen\/#primaryimage"},"image":{"@id":"https:\/\/crocussativus.eu\/de\/safran-kaesestangen\/#primaryimage"},"thumbnailUrl":"https:\/\/crocussativus.eu\/wp-content\/uploads\/2022\/04\/20220304124857_IMG_3730-683x1024.jpg","datePublished":"2022-04-12T12:16:31+00:00","dateModified":"2025-05-17T08:51:25+00:00","breadcrumb":{"@id":"https:\/\/crocussativus.eu\/de\/safran-kaesestangen\/#breadcrumb"},"inLanguage":"de","potentialAction":[{"@type":"ReadAction","target":["https:\/\/crocussativus.eu\/de\/safran-kaesestangen\/"]}]},{"@type":"ImageObject","inLanguage":"de","@id":"https:\/\/crocussativus.eu\/de\/safran-kaesestangen\/#primaryimage","url":"https:\/\/crocussativus.eu\/wp-content\/uploads\/2022\/04\/20220304124857_IMG_3730-683x1024.jpg","contentUrl":"https:\/\/crocussativus.eu\/wp-content\/uploads\/2022\/04\/20220304124857_IMG_3730-683x1024.jpg"},{"@type":"BreadcrumbList","@id":"https:\/\/crocussativus.eu\/de\/safran-kaesestangen\/#breadcrumb","itemListElement":[{"@type":"ListItem","position":1,"name":"Home","item":"https:\/\/crocussativus.eu\/de\/"},{"@type":"ListItem","position":2,"name":"Safran-K\u00e4sestangen"}]},{"@type":"WebSite","@id":"https:\/\/crocussativus.eu\/#website","url":"https:\/\/crocussativus.eu\/","name":"Crocussativus.eu","description":"Saffraan, Capsules, Crocus sativus bollen &amp; Saffraankaas","publisher":{"@id":"https:\/\/crocussativus.eu\/#organization"},"potentialAction":[{"@type":"SearchAction","target":{"@type":"EntryPoint","urlTemplate":"https:\/\/crocussativus.eu\/?s={search_term_string}"},"query-input":{"@type":"PropertyValueSpecification","valueRequired":true,"valueName":"search_term_string"}}],"inLanguage":"de"},{"@type":"Organization","@id":"https:\/\/crocussativus.eu\/#organization","name":"abac holland bv","alternateName":"crocus sativus .eu","url":"https:\/\/crocussativus.eu\/","logo":{"@type":"ImageObject","inLanguage":"de","@id":"https:\/\/crocussativus.eu\/#\/schema\/logo\/image\/","url":"https:\/\/crocussativus.eu\/wp-content\/uploads\/2023\/06\/logo_h80-1.png","contentUrl":"https:\/\/crocussativus.eu\/wp-content\/uploads\/2023\/06\/logo_h80-1.png","width":181,"height":80,"caption":"abac holland bv"},"image":{"@id":"https:\/\/crocussativus.eu\/#\/schema\/logo\/image\/"},"sameAs":["https:\/\/www.facebook.com\/crocussativus.eu"],"description":"Social and Solidarity Enterprise. We do everything we can to oSociale en Solidaire Onderneming. We doen er alles aan om innovatieve en transparante middelen en diensten aan te bieden en zo de Saffraan- en Crocus sativus telers te ondersteunen.ffer innovative and transparent resources and services to support Saffron and Crocus sativus growers.","email":"info@abacholland.com","telephone":"+31 (0)627 267 149","legalName":"abac holland bv","foundingDate":"2011-01-09"}]}},"_links":{"self":[{"href":"https:\/\/crocussativus.eu\/de\/wp-json\/wp\/v2\/pages\/980","targetHints":{"allow":["GET"]}}],"collection":[{"href":"https:\/\/crocussativus.eu\/de\/wp-json\/wp\/v2\/pages"}],"about":[{"href":"https:\/\/crocussativus.eu\/de\/wp-json\/wp\/v2\/types\/page"}],"author":[{"embeddable":true,"href":"https:\/\/crocussativus.eu\/de\/wp-json\/wp\/v2\/users\/2"}],"replies":[{"embeddable":true,"href":"https:\/\/crocussativus.eu\/de\/wp-json\/wp\/v2\/comments?post=980"}],"version-history":[{"count":0,"href":"https:\/\/crocussativus.eu\/de\/wp-json\/wp\/v2\/pages\/980\/revisions"}],"wp:attachment":[{"href":"https:\/\/crocussativus.eu\/de\/wp-json\/wp\/v2\/media?parent=980"}],"curies":[{"name":"wp","href":"https:\/\/api.w.org\/{rel}","templated":true}]}}