{"id":990,"date":"2022-02-07T14:35:56","date_gmt":"2022-02-07T14:35:56","guid":{"rendered":"https:\/\/demo.crocussativus.eu\/publicaties\/"},"modified":"2025-05-17T08:59:28","modified_gmt":"2025-05-17T08:59:28","slug":"safran-suedliche-hemisphaere","status":"publish","type":"page","link":"https:\/\/crocussativus.eu\/de\/safran-suedliche-hemisphaere\/","title":{"rendered":"Safran s\u00fcdliche Hemisph\u00e4re"},"content":{"rendered":"<div class=\"wpb-content-wrapper\"><p>[vc_row][vc_column][vc_column_text]<\/p>\n<h1>Interessieren Sie sich f\u00fcr den Anbau von Crocus sativus in der s\u00fcdlichen Hemisph\u00e4re?<\/h1>\n<p>Bitte kontaktieren Sie uns per E-Mail f\u00fcr eine Anbaubeschreibung und Lieferbedingungen von Crocus sativus Blumenzwiebeln.<\/p>\n<p>&nbsp;<\/p>\n<p><img loading=\"lazy\" decoding=\"async\" class=\"alignnone size-medium wp-image-864\" src=\"https:\/\/crocussativus.eu\/wp-content\/uploads\/2022\/04\/Annual_Cycle_Southern_Hemisphere-300x197.png\" alt=\"\" width=\"300\" height=\"197\" srcset=\"https:\/\/crocussativus.eu\/wp-content\/uploads\/2022\/04\/Annual_Cycle_Southern_Hemisphere-300x197.png 300w, https:\/\/crocussativus.eu\/wp-content\/uploads\/2022\/04\/Annual_Cycle_Southern_Hemisphere-1024x672.png 1024w, https:\/\/crocussativus.eu\/wp-content\/uploads\/2022\/04\/Annual_Cycle_Southern_Hemisphere-768x504.png 768w, https:\/\/crocussativus.eu\/wp-content\/uploads\/2022\/04\/Annual_Cycle_Southern_Hemisphere-1536x1008.png 1536w, https:\/\/crocussativus.eu\/wp-content\/uploads\/2022\/04\/Annual_Cycle_Southern_Hemisphere-600x394.png 600w, https:\/\/crocussativus.eu\/wp-content\/uploads\/2022\/04\/Annual_Cycle_Southern_Hemisphere.png 1980w\" sizes=\"auto, (max-width: 300px) 100vw, 300px\" \/><\/p>\n<h1>F\u00fcr den professionellen Anbau<\/h1>\n<p><a href=\"http:\/\/www.abacholland.com\">gehen Sie zu unserer Websitewww.abacholland.com<\/a> oder senden Sie eine E-Mail f\u00fcr mehr informatie.[\/vc_column_text][\/vc_column][\/vc_row][vc_row full_width=&#8220;stretch_row&#8220; css=&#8220;.vc_custom_1644242697585{background-color: #f9f9f9 !important;}&#8220;][vc_column width=&#8220;1\/4&#8243;][vc_column_text]<\/p>\n<h4>FIRMENDETAILS<\/h4>\n<p><strong>ABAC Holland B.V.<\/strong><br \/>\nT.a.v. Crocussativus.eu<br \/>\nMr. J.Henderikxstraat 57<br \/>\n1788 AZ Julianadorp<br \/>\nNederland<\/p>\n<p>KvK-nr.: 54348765<br \/>\nBTW: NL8512.69.382.B01<\/p>\n<p>[\/vc_column_text][\/vc_column][vc_column width=&#8220;1\/4&#8243;][vc_column_text css=&#8220;&#8220;]<\/p>\n<h4>CONTACT<\/h4>\n<p><strong>Crocussativus.eu<\/strong><br \/>\nT <a href=\"tel:+31627267149\">+31 (0)627 267 149<\/a><br \/>\nE: <a href=\"mailto:info@crocussativus.eu\">info@crocussativus.eu<\/a><\/p>\n<p>[\/vc_column_text][\/vc_column][vc_column width=&#8220;1\/4&#8243;][vc_column_text]<\/p>\n<h4>EINKAUFEN<\/h4>\n<p><strong>Alle unsere Transaktionen werden von Mollie sicher verarbeitet.<\/strong><\/p>\n<p><strong>Shipping costs:<\/strong><\/p>\n<p>The Netherlands: free<br \/>\nE.U.: \u20ac6 per order<br \/>\nOutside EU: Preis auf Anfrage.<\/p>\n<p><em>*Countries with phytosanitary requirements pay fees inspection.<\/em>[\/vc_column_text][\/vc_column][vc_column width=&#8220;1\/4&#8243;][vc_column_text]<\/p>\n<h5>KLANTENSERVICE<\/h5>\n<p>[\/vc_column_text][vc_wp_custommenu nav_menu=&#8220;36&#8243;][\/vc_column][\/vc_row]<\/p>\n<\/div>","protected":false},"excerpt":{"rendered":"<p>[vc_row][vc_column][vc_column_text] Interessieren Sie sich f\u00fcr den Anbau von Crocus sativus in der s\u00fcdlichen Hemisph\u00e4re? Bitte kontaktieren Sie uns per E-Mail f\u00fcr eine Anbaubeschreibung und Lieferbedingungen von Crocus sativus Blumenzwiebeln. &nbsp; F\u00fcr den professionellen Anbau gehen Sie zu unserer Websitewww.abacholland.com oder senden Sie eine E-Mail f\u00fcr mehr informatie.[\/vc_column_text][\/vc_column][\/vc_row][vc_row full_width=&#8220;stretch_row&#8220; css=&#8220;.vc_custom_1644242697585{background-color: #f9f9f9 !important;}&#8220;][vc_column width=&#8220;1\/4&#8243;][vc_column_text] FIRMENDETAILS ABAC Holland&hellip;<\/p>\n","protected":false},"author":1,"featured_media":0,"parent":0,"menu_order":0,"comment_status":"closed","ping_status":"closed","template":"","meta":{"footnotes":""},"class_list":["post-990","page","type-page","status-publish","hentry","description-off"],"yoast_head":"<!-- This site is optimized with the Yoast SEO Premium plugin v26.5 (Yoast SEO v26.5) - https:\/\/yoast.com\/wordpress\/plugins\/seo\/ -->\n<title>Safran s\u00fcdliche Hemisph\u00e4re - Crocussativus<\/title>\n<meta name=\"robots\" content=\"index, follow, max-snippet:-1, max-image-preview:large, max-video-preview:-1\" \/>\n<link rel=\"canonical\" href=\"https:\/\/crocussativus.eu\/de\/safran-suedliche-hemisphaere\/\" \/>\n<meta property=\"og:locale\" content=\"de_DE\" \/>\n<meta property=\"og:type\" content=\"article\" \/>\n<meta property=\"og:title\" content=\"Safran s\u00fcdliche Hemisph\u00e4re\" \/>\n<meta property=\"og:description\" content=\"[vc_row][vc_column][vc_column_text] Interessieren Sie sich f\u00fcr den Anbau von Crocus sativus in der s\u00fcdlichen Hemisph\u00e4re? Bitte kontaktieren Sie uns per E-Mail f\u00fcr eine Anbaubeschreibung und Lieferbedingungen von Crocus sativus Blumenzwiebeln. &nbsp; F\u00fcr den professionellen Anbau gehen Sie zu unserer Websitewww.abacholland.com oder senden Sie eine E-Mail f\u00fcr mehr informatie.[\/vc_column_text][\/vc_column][\/vc_row][vc_row full_width=&#8220;stretch_row&#8220; css=&#8220;.vc_custom_1644242697585{background-color: #f9f9f9 !important;}&#8220;][vc_column width=&#8220;1\/4&#8243;][vc_column_text] FIRMENDETAILS ABAC Holland&hellip;\" \/>\n<meta property=\"og:url\" content=\"https:\/\/crocussativus.eu\/de\/safran-suedliche-hemisphaere\/\" \/>\n<meta property=\"og:site_name\" content=\"Crocussativus\" \/>\n<meta property=\"article:publisher\" content=\"https:\/\/www.facebook.com\/crocussativus.eu\" \/>\n<meta property=\"article:modified_time\" content=\"2025-05-17T08:59:28+00:00\" \/>\n<meta property=\"og:image\" content=\"https:\/\/crocussativus.eu\/wp-content\/uploads\/2022\/04\/Annual_Cycle_Southern_Hemisphere.png\" \/>\n\t<meta property=\"og:image:width\" content=\"1980\" \/>\n\t<meta property=\"og:image:height\" content=\"1300\" \/>\n\t<meta property=\"og:image:type\" content=\"image\/png\" \/>\n<meta name=\"twitter:card\" content=\"summary_large_image\" \/>\n<meta name=\"twitter:label1\" content=\"Gesch\u00e4tzte Lesezeit\" \/>\n\t<meta name=\"twitter:data1\" content=\"1\u00a0Minute\" \/>\n<script type=\"application\/ld+json\" class=\"yoast-schema-graph\">{\"@context\":\"https:\/\/schema.org\",\"@graph\":[{\"@type\":\"WebPage\",\"@id\":\"https:\/\/crocussativus.eu\/de\/safran-suedliche-hemisphaere\/\",\"url\":\"https:\/\/crocussativus.eu\/de\/safran-suedliche-hemisphaere\/\",\"name\":\"Safran s\u00fcdliche Hemisph\u00e4re - Crocussativus\",\"isPartOf\":{\"@id\":\"https:\/\/crocussativus.eu\/#website\"},\"primaryImageOfPage\":{\"@id\":\"https:\/\/crocussativus.eu\/de\/safran-suedliche-hemisphaere\/#primaryimage\"},\"image\":{\"@id\":\"https:\/\/crocussativus.eu\/de\/safran-suedliche-hemisphaere\/#primaryimage\"},\"thumbnailUrl\":\"https:\/\/crocussativus.eu\/wp-content\/uploads\/2022\/04\/Annual_Cycle_Southern_Hemisphere-300x197.png\",\"datePublished\":\"2022-02-07T14:35:56+00:00\",\"dateModified\":\"2025-05-17T08:59:28+00:00\",\"breadcrumb\":{\"@id\":\"https:\/\/crocussativus.eu\/de\/safran-suedliche-hemisphaere\/#breadcrumb\"},\"inLanguage\":\"de\",\"potentialAction\":[{\"@type\":\"ReadAction\",\"target\":[\"https:\/\/crocussativus.eu\/de\/safran-suedliche-hemisphaere\/\"]}]},{\"@type\":\"ImageObject\",\"inLanguage\":\"de\",\"@id\":\"https:\/\/crocussativus.eu\/de\/safran-suedliche-hemisphaere\/#primaryimage\",\"url\":\"https:\/\/crocussativus.eu\/wp-content\/uploads\/2022\/04\/Annual_Cycle_Southern_Hemisphere-300x197.png\",\"contentUrl\":\"https:\/\/crocussativus.eu\/wp-content\/uploads\/2022\/04\/Annual_Cycle_Southern_Hemisphere-300x197.png\"},{\"@type\":\"BreadcrumbList\",\"@id\":\"https:\/\/crocussativus.eu\/de\/safran-suedliche-hemisphaere\/#breadcrumb\",\"itemListElement\":[{\"@type\":\"ListItem\",\"position\":1,\"name\":\"Home\",\"item\":\"https:\/\/crocussativus.eu\/de\/\"},{\"@type\":\"ListItem\",\"position\":2,\"name\":\"Safran s\u00fcdliche Hemisph\u00e4re\"}]},{\"@type\":\"WebSite\",\"@id\":\"https:\/\/crocussativus.eu\/#website\",\"url\":\"https:\/\/crocussativus.eu\/\",\"name\":\"Crocussativus.eu\",\"description\":\"Saffraan, Capsules, Crocus sativus bollen &amp; Saffraankaas\",\"publisher\":{\"@id\":\"https:\/\/crocussativus.eu\/#organization\"},\"potentialAction\":[{\"@type\":\"SearchAction\",\"target\":{\"@type\":\"EntryPoint\",\"urlTemplate\":\"https:\/\/crocussativus.eu\/?s={search_term_string}\"},\"query-input\":{\"@type\":\"PropertyValueSpecification\",\"valueRequired\":true,\"valueName\":\"search_term_string\"}}],\"inLanguage\":\"de\"},{\"@type\":\"Organization\",\"@id\":\"https:\/\/crocussativus.eu\/#organization\",\"name\":\"abac holland bv\",\"alternateName\":\"crocus sativus .eu\",\"url\":\"https:\/\/crocussativus.eu\/\",\"logo\":{\"@type\":\"ImageObject\",\"inLanguage\":\"de\",\"@id\":\"https:\/\/crocussativus.eu\/#\/schema\/logo\/image\/\",\"url\":\"https:\/\/crocussativus.eu\/wp-content\/uploads\/2023\/06\/logo_h80-1.png\",\"contentUrl\":\"https:\/\/crocussativus.eu\/wp-content\/uploads\/2023\/06\/logo_h80-1.png\",\"width\":181,\"height\":80,\"caption\":\"abac holland bv\"},\"image\":{\"@id\":\"https:\/\/crocussativus.eu\/#\/schema\/logo\/image\/\"},\"sameAs\":[\"https:\/\/www.facebook.com\/crocussativus.eu\"],\"description\":\"Social and Solidarity Enterprise. We do everything we can to oSociale en Solidaire Onderneming. We doen er alles aan om innovatieve en transparante middelen en diensten aan te bieden en zo de Saffraan- en Crocus sativus telers te ondersteunen.ffer innovative and transparent resources and services to support Saffron and Crocus sativus growers.\",\"email\":\"info@abacholland.com\",\"telephone\":\"+31 (0)627 267 149\",\"legalName\":\"abac holland bv\",\"foundingDate\":\"2011-01-09\"}]}<\/script>\n<!-- \/ Yoast SEO Premium plugin. -->","yoast_head_json":{"title":"Safran s\u00fcdliche Hemisph\u00e4re - Crocussativus","robots":{"index":"index","follow":"follow","max-snippet":"max-snippet:-1","max-image-preview":"max-image-preview:large","max-video-preview":"max-video-preview:-1"},"canonical":"https:\/\/crocussativus.eu\/de\/safran-suedliche-hemisphaere\/","og_locale":"de_DE","og_type":"article","og_title":"Safran s\u00fcdliche Hemisph\u00e4re","og_description":"[vc_row][vc_column][vc_column_text] Interessieren Sie sich f\u00fcr den Anbau von Crocus sativus in der s\u00fcdlichen Hemisph\u00e4re? Bitte kontaktieren Sie uns per E-Mail f\u00fcr eine Anbaubeschreibung und Lieferbedingungen von Crocus sativus Blumenzwiebeln. &nbsp; F\u00fcr den professionellen Anbau gehen Sie zu unserer Websitewww.abacholland.com oder senden Sie eine E-Mail f\u00fcr mehr informatie.[\/vc_column_text][\/vc_column][\/vc_row][vc_row full_width=&#8220;stretch_row&#8220; css=&#8220;.vc_custom_1644242697585{background-color: #f9f9f9 !important;}&#8220;][vc_column width=&#8220;1\/4&#8243;][vc_column_text] FIRMENDETAILS ABAC Holland&hellip;","og_url":"https:\/\/crocussativus.eu\/de\/safran-suedliche-hemisphaere\/","og_site_name":"Crocussativus","article_publisher":"https:\/\/www.facebook.com\/crocussativus.eu","article_modified_time":"2025-05-17T08:59:28+00:00","og_image":[{"width":1980,"height":1300,"url":"https:\/\/crocussativus.eu\/wp-content\/uploads\/2022\/04\/Annual_Cycle_Southern_Hemisphere.png","type":"image\/png"}],"twitter_card":"summary_large_image","twitter_misc":{"Gesch\u00e4tzte Lesezeit":"1\u00a0Minute"},"schema":{"@context":"https:\/\/schema.org","@graph":[{"@type":"WebPage","@id":"https:\/\/crocussativus.eu\/de\/safran-suedliche-hemisphaere\/","url":"https:\/\/crocussativus.eu\/de\/safran-suedliche-hemisphaere\/","name":"Safran s\u00fcdliche Hemisph\u00e4re - Crocussativus","isPartOf":{"@id":"https:\/\/crocussativus.eu\/#website"},"primaryImageOfPage":{"@id":"https:\/\/crocussativus.eu\/de\/safran-suedliche-hemisphaere\/#primaryimage"},"image":{"@id":"https:\/\/crocussativus.eu\/de\/safran-suedliche-hemisphaere\/#primaryimage"},"thumbnailUrl":"https:\/\/crocussativus.eu\/wp-content\/uploads\/2022\/04\/Annual_Cycle_Southern_Hemisphere-300x197.png","datePublished":"2022-02-07T14:35:56+00:00","dateModified":"2025-05-17T08:59:28+00:00","breadcrumb":{"@id":"https:\/\/crocussativus.eu\/de\/safran-suedliche-hemisphaere\/#breadcrumb"},"inLanguage":"de","potentialAction":[{"@type":"ReadAction","target":["https:\/\/crocussativus.eu\/de\/safran-suedliche-hemisphaere\/"]}]},{"@type":"ImageObject","inLanguage":"de","@id":"https:\/\/crocussativus.eu\/de\/safran-suedliche-hemisphaere\/#primaryimage","url":"https:\/\/crocussativus.eu\/wp-content\/uploads\/2022\/04\/Annual_Cycle_Southern_Hemisphere-300x197.png","contentUrl":"https:\/\/crocussativus.eu\/wp-content\/uploads\/2022\/04\/Annual_Cycle_Southern_Hemisphere-300x197.png"},{"@type":"BreadcrumbList","@id":"https:\/\/crocussativus.eu\/de\/safran-suedliche-hemisphaere\/#breadcrumb","itemListElement":[{"@type":"ListItem","position":1,"name":"Home","item":"https:\/\/crocussativus.eu\/de\/"},{"@type":"ListItem","position":2,"name":"Safran s\u00fcdliche Hemisph\u00e4re"}]},{"@type":"WebSite","@id":"https:\/\/crocussativus.eu\/#website","url":"https:\/\/crocussativus.eu\/","name":"Crocussativus.eu","description":"Saffraan, Capsules, Crocus sativus bollen &amp; Saffraankaas","publisher":{"@id":"https:\/\/crocussativus.eu\/#organization"},"potentialAction":[{"@type":"SearchAction","target":{"@type":"EntryPoint","urlTemplate":"https:\/\/crocussativus.eu\/?s={search_term_string}"},"query-input":{"@type":"PropertyValueSpecification","valueRequired":true,"valueName":"search_term_string"}}],"inLanguage":"de"},{"@type":"Organization","@id":"https:\/\/crocussativus.eu\/#organization","name":"abac holland bv","alternateName":"crocus sativus .eu","url":"https:\/\/crocussativus.eu\/","logo":{"@type":"ImageObject","inLanguage":"de","@id":"https:\/\/crocussativus.eu\/#\/schema\/logo\/image\/","url":"https:\/\/crocussativus.eu\/wp-content\/uploads\/2023\/06\/logo_h80-1.png","contentUrl":"https:\/\/crocussativus.eu\/wp-content\/uploads\/2023\/06\/logo_h80-1.png","width":181,"height":80,"caption":"abac holland bv"},"image":{"@id":"https:\/\/crocussativus.eu\/#\/schema\/logo\/image\/"},"sameAs":["https:\/\/www.facebook.com\/crocussativus.eu"],"description":"Social and Solidarity Enterprise. We do everything we can to oSociale en Solidaire Onderneming. We doen er alles aan om innovatieve en transparante middelen en diensten aan te bieden en zo de Saffraan- en Crocus sativus telers te ondersteunen.ffer innovative and transparent resources and services to support Saffron and Crocus sativus growers.","email":"info@abacholland.com","telephone":"+31 (0)627 267 149","legalName":"abac holland bv","foundingDate":"2011-01-09"}]}},"_links":{"self":[{"href":"https:\/\/crocussativus.eu\/de\/wp-json\/wp\/v2\/pages\/990","targetHints":{"allow":["GET"]}}],"collection":[{"href":"https:\/\/crocussativus.eu\/de\/wp-json\/wp\/v2\/pages"}],"about":[{"href":"https:\/\/crocussativus.eu\/de\/wp-json\/wp\/v2\/types\/page"}],"author":[{"embeddable":true,"href":"https:\/\/crocussativus.eu\/de\/wp-json\/wp\/v2\/users\/1"}],"replies":[{"embeddable":true,"href":"https:\/\/crocussativus.eu\/de\/wp-json\/wp\/v2\/comments?post=990"}],"version-history":[{"count":0,"href":"https:\/\/crocussativus.eu\/de\/wp-json\/wp\/v2\/pages\/990\/revisions"}],"wp:attachment":[{"href":"https:\/\/crocussativus.eu\/de\/wp-json\/wp\/v2\/media?parent=990"}],"curies":[{"name":"wp","href":"https:\/\/api.w.org\/{rel}","templated":true}]}}