{"id":997,"date":"2022-04-12T12:05:03","date_gmt":"2022-04-12T12:05:03","guid":{"rendered":"https:\/\/demo.crocussativus.eu\/saffraan-kaas\/"},"modified":"2025-05-17T08:56:45","modified_gmt":"2025-05-17T08:56:45","slug":"safran-kaese","status":"publish","type":"page","link":"https:\/\/crocussativus.eu\/de\/safran-kaese\/","title":{"rendered":"Safran K\u00e4se"},"content":{"rendered":"<div class=\"wpb-content-wrapper\"><p>[vc_row][vc_column][vc_column_text]<\/p>\n<h1 style=\"text-align: center;\">Safrank\u00e4se<\/h1>\n<p>Um Safran als wertvollstes Gew\u00fcrz in die niederl\u00e4ndische K\u00fcche einzuf\u00fchren, wurde mit einer B\u00e4uerin aus Rijpwetering und verschiedenen K\u00e4seinspektoren ein Safrank\u00e4se entwickelt. Ein einzigartiger K\u00e4se, der nirgendwo sonst auf der Welt hergestellt wird.<\/p>\n<h1 style=\"text-align: center;\"><img loading=\"lazy\" decoding=\"async\" class=\"aligncenter wp-image-911 size-large\" style=\"font-size: 14px; font-weight: normal;\" src=\"https:\/\/crocussativus.eu\/wp-content\/uploads\/2022\/04\/20220304111448_IMG_3589-1024x683.jpg\" alt=\"\" width=\"1024\" height=\"683\" srcset=\"https:\/\/crocussativus.eu\/wp-content\/uploads\/2022\/04\/20220304111448_IMG_3589-1024x683.jpg 1024w, https:\/\/crocussativus.eu\/wp-content\/uploads\/2022\/04\/20220304111448_IMG_3589-300x200.jpg 300w, https:\/\/crocussativus.eu\/wp-content\/uploads\/2022\/04\/20220304111448_IMG_3589-768x512.jpg 768w, https:\/\/crocussativus.eu\/wp-content\/uploads\/2022\/04\/20220304111448_IMG_3589-600x400.jpg 600w, https:\/\/crocussativus.eu\/wp-content\/uploads\/2022\/04\/20220304111448_IMG_3589.jpg 1508w\" sizes=\"auto, (max-width: 1024px) 100vw, 1024px\" \/><\/h1>\n<h2>Safrank\u00e4se kombiniert Safran mit der vollcremigen niederl\u00e4ndischen Milch der Farm.<\/h2>\n<p>Dies verleiht dem K\u00e4se ein reiches Aroma, einen bitters\u00fc\u00dfen Geschmack und eine tiefgoldene gelbe Farbe. Dar\u00fcber hinaus ist der K\u00e4se voller Antioxidantien.<br \/>\nIn der Welt wird Safran mit seiner wohltuenden Wirkung als &#8222;rotes&#8220; Gold bezeichnet. So wie Gold Sie von au\u00dfen zum Strahlen bringen kann, sorgt der Safran im Safrank\u00e4se f\u00fcr die Sonne im Inneren.<\/p>\n<p><img loading=\"lazy\" decoding=\"async\" class=\"aligncenter wp-image-916 size-large\" src=\"https:\/\/crocussativus.eu\/wp-content\/uploads\/2022\/04\/20220304113958_IMG_3662-1024x682.jpg\" alt=\"\" width=\"1024\" height=\"682\" srcset=\"https:\/\/crocussativus.eu\/wp-content\/uploads\/2022\/04\/20220304113958_IMG_3662-1024x682.jpg 1024w, https:\/\/crocussativus.eu\/wp-content\/uploads\/2022\/04\/20220304113958_IMG_3662-300x200.jpg 300w, https:\/\/crocussativus.eu\/wp-content\/uploads\/2022\/04\/20220304113958_IMG_3662-768x512.jpg 768w, https:\/\/crocussativus.eu\/wp-content\/uploads\/2022\/04\/20220304113958_IMG_3662-1536x1024.jpg 1536w, https:\/\/crocussativus.eu\/wp-content\/uploads\/2022\/04\/20220304113958_IMG_3662-600x400.jpg 600w, https:\/\/crocussativus.eu\/wp-content\/uploads\/2022\/04\/20220304113958_IMG_3662.jpg 1709w\" sizes=\"auto, (max-width: 1024px) 100vw, 1024px\" \/><\/p>\n<h2>Senden Sie eine E-Mail oder rufen Sie crocussativus.eu an, um Preise und Informationen zu unserem Safrank\u00e4se zu erhalten<\/h2>\n<p><img loading=\"lazy\" decoding=\"async\" class=\"aligncenter wp-image-921 size-large\" src=\"https:\/\/crocussativus.eu\/wp-content\/uploads\/2022\/04\/20220304112456_IMG_3612-1-2-1024x1024.jpg\" alt=\"\" width=\"1024\" height=\"1024\" srcset=\"https:\/\/crocussativus.eu\/wp-content\/uploads\/2022\/04\/20220304112456_IMG_3612-1-2-1024x1024.jpg 1024w, https:\/\/crocussativus.eu\/wp-content\/uploads\/2022\/04\/20220304112456_IMG_3612-1-2-300x300.jpg 300w, https:\/\/crocussativus.eu\/wp-content\/uploads\/2022\/04\/20220304112456_IMG_3612-1-2-150x150.jpg 150w, https:\/\/crocussativus.eu\/wp-content\/uploads\/2022\/04\/20220304112456_IMG_3612-1-2-768x769.jpg 768w, https:\/\/crocussativus.eu\/wp-content\/uploads\/2022\/04\/20220304112456_IMG_3612-1-2-600x601.jpg 600w, https:\/\/crocussativus.eu\/wp-content\/uploads\/2022\/04\/20220304112456_IMG_3612-1-2-200x200.jpg 200w, https:\/\/crocussativus.eu\/wp-content\/uploads\/2022\/04\/20220304112456_IMG_3612-1-2.jpg 1053w\" sizes=\"auto, (max-width: 1024px) 100vw, 1024px\" \/>[\/vc_column_text][\/vc_column][\/vc_row][vc_row full_width=&#8220;stretch_row&#8220; css=&#8220;.vc_custom_1644242697585{background-color: #f9f9f9 !important;}&#8220;][vc_column width=&#8220;1\/4&#8243;][vc_column_text]<\/p>\n<h4>FIRMENDETAILS<\/h4>\n<p><strong>ABAC Holland B.V.<\/strong><br \/>\nT.a.v. Crocussativus.eu<br \/>\nMr. J.Henderikxstraat 57<br \/>\n1788 AZ Julianadorp<br \/>\nNederland<\/p>\n<p>KvK-nr.: 54348765<br \/>\nBTW: NL8512.69.382.B01<\/p>\n<p>[\/vc_column_text][\/vc_column][vc_column width=&#8220;1\/4&#8243;][vc_column_text css=&#8220;&#8220;]<\/p>\n<h4>CONTACT<\/h4>\n<p><strong>Crocussativus.eu<\/strong><br \/>\nT <a href=\"tel:+31627267149\">+31 (0)627 267 149<\/a><br \/>\nE: <a href=\"mailto:info@crocussativus.eu\">info@crocussativus.eu<\/a><\/p>\n<p>[\/vc_column_text][\/vc_column][vc_column width=&#8220;1\/4&#8243;][vc_column_text]<\/p>\n<h4>EINKAUFEN<\/h4>\n<p><strong>Alle unsere Transaktionen werden von Mollie sicher verarbeitet.<\/strong><\/p>\n<p><strong>Shipping costs:<\/strong><\/p>\n<p>The Netherlands: free<br \/>\nE.U.: \u20ac6 per order<br \/>\nOutside EU: Preis auf Anfrage.<\/p>\n<p><em>*Countries with phytosanitary requirements pay fees inspection.<\/em>[\/vc_column_text][\/vc_column][vc_column width=&#8220;1\/4&#8243;][vc_column_text]<\/p>\n<h5>KLANTENSERVICE<\/h5>\n<p>[\/vc_column_text][vc_wp_custommenu nav_menu=&#8220;36&#8243;][\/vc_column][\/vc_row]<\/p>\n<\/div>","protected":false},"excerpt":{"rendered":"<p>[vc_row][vc_column][vc_column_text] Safrank\u00e4se Um Safran als wertvollstes Gew\u00fcrz in die niederl\u00e4ndische K\u00fcche einzuf\u00fchren, wurde mit einer B\u00e4uerin aus Rijpwetering und verschiedenen K\u00e4seinspektoren ein Safrank\u00e4se entwickelt. Ein einzigartiger K\u00e4se, der nirgendwo sonst auf der Welt hergestellt wird. Safrank\u00e4se kombiniert Safran mit der vollcremigen niederl\u00e4ndischen Milch der Farm. Dies verleiht dem K\u00e4se ein reiches Aroma, einen bitters\u00fc\u00dfen Geschmack&hellip;<\/p>\n","protected":false},"author":2,"featured_media":0,"parent":0,"menu_order":0,"comment_status":"closed","ping_status":"closed","template":"","meta":{"footnotes":""},"class_list":["post-997","page","type-page","status-publish","hentry","description-off"],"yoast_head":"<!-- This site is optimized with the Yoast SEO Premium plugin v26.5 (Yoast SEO v26.5) - https:\/\/yoast.com\/wordpress\/plugins\/seo\/ -->\n<title>Safran K\u00e4se - Crocussativus<\/title>\n<meta name=\"robots\" content=\"index, follow, max-snippet:-1, max-image-preview:large, max-video-preview:-1\" \/>\n<link rel=\"canonical\" href=\"https:\/\/crocussativus.eu\/de\/safran-kaese\/\" \/>\n<meta property=\"og:locale\" content=\"de_DE\" \/>\n<meta property=\"og:type\" content=\"article\" \/>\n<meta property=\"og:title\" content=\"Safran K\u00e4se\" \/>\n<meta property=\"og:description\" content=\"[vc_row][vc_column][vc_column_text] Safrank\u00e4se Um Safran als wertvollstes Gew\u00fcrz in die niederl\u00e4ndische K\u00fcche einzuf\u00fchren, wurde mit einer B\u00e4uerin aus Rijpwetering und verschiedenen K\u00e4seinspektoren ein Safrank\u00e4se entwickelt. Ein einzigartiger K\u00e4se, der nirgendwo sonst auf der Welt hergestellt wird. Safrank\u00e4se kombiniert Safran mit der vollcremigen niederl\u00e4ndischen Milch der Farm. Dies verleiht dem K\u00e4se ein reiches Aroma, einen bitters\u00fc\u00dfen Geschmack&hellip;\" \/>\n<meta property=\"og:url\" content=\"https:\/\/crocussativus.eu\/de\/safran-kaese\/\" \/>\n<meta property=\"og:site_name\" content=\"Crocussativus\" \/>\n<meta property=\"article:publisher\" content=\"https:\/\/www.facebook.com\/crocussativus.eu\" \/>\n<meta property=\"article:modified_time\" content=\"2025-05-17T08:56:45+00:00\" \/>\n<meta property=\"og:image\" content=\"https:\/\/crocussativus.eu\/wp-content\/uploads\/2022\/04\/20220304111448_IMG_3589.jpg\" \/>\n\t<meta property=\"og:image:width\" content=\"1508\" \/>\n\t<meta property=\"og:image:height\" content=\"1006\" \/>\n\t<meta property=\"og:image:type\" content=\"image\/jpeg\" \/>\n<meta name=\"twitter:card\" content=\"summary_large_image\" \/>\n<meta name=\"twitter:label1\" content=\"Gesch\u00e4tzte Lesezeit\" \/>\n\t<meta name=\"twitter:data1\" content=\"2\u00a0Minuten\" \/>\n<script type=\"application\/ld+json\" class=\"yoast-schema-graph\">{\"@context\":\"https:\/\/schema.org\",\"@graph\":[{\"@type\":\"WebPage\",\"@id\":\"https:\/\/crocussativus.eu\/de\/safran-kaese\/\",\"url\":\"https:\/\/crocussativus.eu\/de\/safran-kaese\/\",\"name\":\"Safran K\u00e4se - Crocussativus\",\"isPartOf\":{\"@id\":\"https:\/\/crocussativus.eu\/#website\"},\"primaryImageOfPage\":{\"@id\":\"https:\/\/crocussativus.eu\/de\/safran-kaese\/#primaryimage\"},\"image\":{\"@id\":\"https:\/\/crocussativus.eu\/de\/safran-kaese\/#primaryimage\"},\"thumbnailUrl\":\"https:\/\/crocussativus.eu\/wp-content\/uploads\/2022\/04\/20220304111448_IMG_3589-1024x683.jpg\",\"datePublished\":\"2022-04-12T12:05:03+00:00\",\"dateModified\":\"2025-05-17T08:56:45+00:00\",\"breadcrumb\":{\"@id\":\"https:\/\/crocussativus.eu\/de\/safran-kaese\/#breadcrumb\"},\"inLanguage\":\"de\",\"potentialAction\":[{\"@type\":\"ReadAction\",\"target\":[\"https:\/\/crocussativus.eu\/de\/safran-kaese\/\"]}]},{\"@type\":\"ImageObject\",\"inLanguage\":\"de\",\"@id\":\"https:\/\/crocussativus.eu\/de\/safran-kaese\/#primaryimage\",\"url\":\"https:\/\/crocussativus.eu\/wp-content\/uploads\/2022\/04\/20220304111448_IMG_3589-1024x683.jpg\",\"contentUrl\":\"https:\/\/crocussativus.eu\/wp-content\/uploads\/2022\/04\/20220304111448_IMG_3589-1024x683.jpg\"},{\"@type\":\"BreadcrumbList\",\"@id\":\"https:\/\/crocussativus.eu\/de\/safran-kaese\/#breadcrumb\",\"itemListElement\":[{\"@type\":\"ListItem\",\"position\":1,\"name\":\"Home\",\"item\":\"https:\/\/crocussativus.eu\/de\/\"},{\"@type\":\"ListItem\",\"position\":2,\"name\":\"Safran K\u00e4se\"}]},{\"@type\":\"WebSite\",\"@id\":\"https:\/\/crocussativus.eu\/#website\",\"url\":\"https:\/\/crocussativus.eu\/\",\"name\":\"Crocussativus.eu\",\"description\":\"Saffraan, Capsules, Crocus sativus bollen &amp; Saffraankaas\",\"publisher\":{\"@id\":\"https:\/\/crocussativus.eu\/#organization\"},\"potentialAction\":[{\"@type\":\"SearchAction\",\"target\":{\"@type\":\"EntryPoint\",\"urlTemplate\":\"https:\/\/crocussativus.eu\/?s={search_term_string}\"},\"query-input\":{\"@type\":\"PropertyValueSpecification\",\"valueRequired\":true,\"valueName\":\"search_term_string\"}}],\"inLanguage\":\"de\"},{\"@type\":\"Organization\",\"@id\":\"https:\/\/crocussativus.eu\/#organization\",\"name\":\"abac holland bv\",\"alternateName\":\"crocus sativus .eu\",\"url\":\"https:\/\/crocussativus.eu\/\",\"logo\":{\"@type\":\"ImageObject\",\"inLanguage\":\"de\",\"@id\":\"https:\/\/crocussativus.eu\/#\/schema\/logo\/image\/\",\"url\":\"https:\/\/crocussativus.eu\/wp-content\/uploads\/2023\/06\/logo_h80-1.png\",\"contentUrl\":\"https:\/\/crocussativus.eu\/wp-content\/uploads\/2023\/06\/logo_h80-1.png\",\"width\":181,\"height\":80,\"caption\":\"abac holland bv\"},\"image\":{\"@id\":\"https:\/\/crocussativus.eu\/#\/schema\/logo\/image\/\"},\"sameAs\":[\"https:\/\/www.facebook.com\/crocussativus.eu\"],\"description\":\"Social and Solidarity Enterprise. We do everything we can to oSociale en Solidaire Onderneming. We doen er alles aan om innovatieve en transparante middelen en diensten aan te bieden en zo de Saffraan- en Crocus sativus telers te ondersteunen.ffer innovative and transparent resources and services to support Saffron and Crocus sativus growers.\",\"email\":\"info@abacholland.com\",\"telephone\":\"+31 (0)627 267 149\",\"legalName\":\"abac holland bv\",\"foundingDate\":\"2011-01-09\"}]}<\/script>\n<!-- \/ Yoast SEO Premium plugin. -->","yoast_head_json":{"title":"Safran K\u00e4se - Crocussativus","robots":{"index":"index","follow":"follow","max-snippet":"max-snippet:-1","max-image-preview":"max-image-preview:large","max-video-preview":"max-video-preview:-1"},"canonical":"https:\/\/crocussativus.eu\/de\/safran-kaese\/","og_locale":"de_DE","og_type":"article","og_title":"Safran K\u00e4se","og_description":"[vc_row][vc_column][vc_column_text] Safrank\u00e4se Um Safran als wertvollstes Gew\u00fcrz in die niederl\u00e4ndische K\u00fcche einzuf\u00fchren, wurde mit einer B\u00e4uerin aus Rijpwetering und verschiedenen K\u00e4seinspektoren ein Safrank\u00e4se entwickelt. Ein einzigartiger K\u00e4se, der nirgendwo sonst auf der Welt hergestellt wird. Safrank\u00e4se kombiniert Safran mit der vollcremigen niederl\u00e4ndischen Milch der Farm. Dies verleiht dem K\u00e4se ein reiches Aroma, einen bitters\u00fc\u00dfen Geschmack&hellip;","og_url":"https:\/\/crocussativus.eu\/de\/safran-kaese\/","og_site_name":"Crocussativus","article_publisher":"https:\/\/www.facebook.com\/crocussativus.eu","article_modified_time":"2025-05-17T08:56:45+00:00","og_image":[{"width":1508,"height":1006,"url":"https:\/\/crocussativus.eu\/wp-content\/uploads\/2022\/04\/20220304111448_IMG_3589.jpg","type":"image\/jpeg"}],"twitter_card":"summary_large_image","twitter_misc":{"Gesch\u00e4tzte Lesezeit":"2\u00a0Minuten"},"schema":{"@context":"https:\/\/schema.org","@graph":[{"@type":"WebPage","@id":"https:\/\/crocussativus.eu\/de\/safran-kaese\/","url":"https:\/\/crocussativus.eu\/de\/safran-kaese\/","name":"Safran K\u00e4se - Crocussativus","isPartOf":{"@id":"https:\/\/crocussativus.eu\/#website"},"primaryImageOfPage":{"@id":"https:\/\/crocussativus.eu\/de\/safran-kaese\/#primaryimage"},"image":{"@id":"https:\/\/crocussativus.eu\/de\/safran-kaese\/#primaryimage"},"thumbnailUrl":"https:\/\/crocussativus.eu\/wp-content\/uploads\/2022\/04\/20220304111448_IMG_3589-1024x683.jpg","datePublished":"2022-04-12T12:05:03+00:00","dateModified":"2025-05-17T08:56:45+00:00","breadcrumb":{"@id":"https:\/\/crocussativus.eu\/de\/safran-kaese\/#breadcrumb"},"inLanguage":"de","potentialAction":[{"@type":"ReadAction","target":["https:\/\/crocussativus.eu\/de\/safran-kaese\/"]}]},{"@type":"ImageObject","inLanguage":"de","@id":"https:\/\/crocussativus.eu\/de\/safran-kaese\/#primaryimage","url":"https:\/\/crocussativus.eu\/wp-content\/uploads\/2022\/04\/20220304111448_IMG_3589-1024x683.jpg","contentUrl":"https:\/\/crocussativus.eu\/wp-content\/uploads\/2022\/04\/20220304111448_IMG_3589-1024x683.jpg"},{"@type":"BreadcrumbList","@id":"https:\/\/crocussativus.eu\/de\/safran-kaese\/#breadcrumb","itemListElement":[{"@type":"ListItem","position":1,"name":"Home","item":"https:\/\/crocussativus.eu\/de\/"},{"@type":"ListItem","position":2,"name":"Safran K\u00e4se"}]},{"@type":"WebSite","@id":"https:\/\/crocussativus.eu\/#website","url":"https:\/\/crocussativus.eu\/","name":"Crocussativus.eu","description":"Saffraan, Capsules, Crocus sativus bollen &amp; Saffraankaas","publisher":{"@id":"https:\/\/crocussativus.eu\/#organization"},"potentialAction":[{"@type":"SearchAction","target":{"@type":"EntryPoint","urlTemplate":"https:\/\/crocussativus.eu\/?s={search_term_string}"},"query-input":{"@type":"PropertyValueSpecification","valueRequired":true,"valueName":"search_term_string"}}],"inLanguage":"de"},{"@type":"Organization","@id":"https:\/\/crocussativus.eu\/#organization","name":"abac holland bv","alternateName":"crocus sativus .eu","url":"https:\/\/crocussativus.eu\/","logo":{"@type":"ImageObject","inLanguage":"de","@id":"https:\/\/crocussativus.eu\/#\/schema\/logo\/image\/","url":"https:\/\/crocussativus.eu\/wp-content\/uploads\/2023\/06\/logo_h80-1.png","contentUrl":"https:\/\/crocussativus.eu\/wp-content\/uploads\/2023\/06\/logo_h80-1.png","width":181,"height":80,"caption":"abac holland bv"},"image":{"@id":"https:\/\/crocussativus.eu\/#\/schema\/logo\/image\/"},"sameAs":["https:\/\/www.facebook.com\/crocussativus.eu"],"description":"Social and Solidarity Enterprise. We do everything we can to oSociale en Solidaire Onderneming. We doen er alles aan om innovatieve en transparante middelen en diensten aan te bieden en zo de Saffraan- en Crocus sativus telers te ondersteunen.ffer innovative and transparent resources and services to support Saffron and Crocus sativus growers.","email":"info@abacholland.com","telephone":"+31 (0)627 267 149","legalName":"abac holland bv","foundingDate":"2011-01-09"}]}},"_links":{"self":[{"href":"https:\/\/crocussativus.eu\/de\/wp-json\/wp\/v2\/pages\/997","targetHints":{"allow":["GET"]}}],"collection":[{"href":"https:\/\/crocussativus.eu\/de\/wp-json\/wp\/v2\/pages"}],"about":[{"href":"https:\/\/crocussativus.eu\/de\/wp-json\/wp\/v2\/types\/page"}],"author":[{"embeddable":true,"href":"https:\/\/crocussativus.eu\/de\/wp-json\/wp\/v2\/users\/2"}],"replies":[{"embeddable":true,"href":"https:\/\/crocussativus.eu\/de\/wp-json\/wp\/v2\/comments?post=997"}],"version-history":[{"count":0,"href":"https:\/\/crocussativus.eu\/de\/wp-json\/wp\/v2\/pages\/997\/revisions"}],"wp:attachment":[{"href":"https:\/\/crocussativus.eu\/de\/wp-json\/wp\/v2\/media?parent=997"}],"curies":[{"name":"wp","href":"https:\/\/api.w.org\/{rel}","templated":true}]}}