{"id":668,"date":"2022-02-11T12:02:52","date_gmt":"2022-02-11T12:02:52","guid":{"rendered":"https:\/\/demo.crocussativus.eu\/product\/crocus-sativus-bollen-maat-8-9\/"},"modified":"2025-09-09T09:22:55","modified_gmt":"2025-09-09T09:22:55","slug":"krokus-sativus-groesse-8-9","status":"publish","type":"product","link":"https:\/\/crocussativus.eu\/de\/produkt\/krokus-sativus-groesse-8-9\/","title":{"rendered":"Krokus Sativus Gr\u00f6\u00dfe 8-9 Grundst\u00fcck mit 25 Blumenzwiebeln"},"content":{"rendered":"<h2>Hochwertige Safranzwiebeln<\/h2>\n<p>Safranzwiebeln kaufen? Dank <a title=\"Crocussativus\" href=\"https:\/\/crocussativus.eu\/de\/home\">Krokus sativus<\/a>\u00a0k\u00f6nnen Sie dieses Gew\u00fcrz ganz alleine anbauen. Diese Zwiebeln eignen sich zur Herstellung von 100% reinem Safran ohne Zusatzstoffe. Dar\u00fcber hinaus werden sie nachhaltig angebaut und sind offiziell zertifiziert.<\/p>\n<p>Die Zwiebeln werden gegen eine geringe Transportgeb\u00fchr an den Standort geliefert und sind zu wettbewerbsf\u00e4higen Preisen erh\u00e4ltlich. Bevor Sie es wissen, k\u00f6nnen Sie Ihren eigenen Safran selbst anbauen.<\/p>\n<h2>Kaufen Sie Safranzwiebeln bei Krokus sativus<\/h2>\n<h3><\/h3>\n<h3>\u2713 Einkaufsvorteil gr\u00f6\u00dfere St\u00fcckzahlen<br \/>\n\u2713 Offiziell zertifiziert<br \/>\n\u2713 Kostenlose Lieferung nach Hause in NL<br \/>\n\u2713 Safranproduktion von 100% Qualit\u00e4t<br \/>\n\u2713 Lieferzeit: 5 Werktage<br \/>\n\u2713 In den Niederlanden gewachsen<\/h3>\n<p>Sehen Sie sich das Sortiment an und bestellen Sie eine Reihe von Gl\u00fchlampen oder die von Ihnen gew\u00fcnschte. Weil Sie mehr \u00fcber Safran wissen wollen? Lesen Sie hier mehr \u00fcber den Betrieb und die Verwendung von\u00a0<a title=\"Safran\" href=\"https:\/\/crocussativus.eu\/de\/webshop\/product\/saffraan\">Safran.<\/a>\u00a0Oder\u00a0<a title=\"kontaktieren\" href=\"https:\/\/crocussativus.eu\/de\/contact\/\">kontaktieren<\/a>\u00a0Sie uns f\u00fcr weitere Informationen.<\/p>\n<p>&nbsp;<\/p>\n<h2>Safran anbauen<\/h2>\n<p>Alle Safranblumenzwiebeln, die wir von niederl\u00e4ndischen Baumschulen verkaufen. Dar\u00fcber hinaus sind sie alle vom niederl\u00e4ndischen Blumenzwiebel-Inspektionsdienst zertifiziert. Da wir die Landwirte bei der Herstellung und dem Verkauf von Blumenzwiebeln unterst\u00fctzen, k\u00f6nnen wir auf die kommerzielle Nachfrage reagieren.<\/p>\n<p>Aber auch die Art und Weise, wie Blumenzwiebeln wachsen sollten. Wir bei Crocussativus streben nach der besten Safranproduktion f\u00fcr die beste Blumenzwiebel.<\/p>\n<p>&#8222;Bei Crocussativus kaufen Sie die besten Qualit\u00e4tsprodukte&#8220;<\/p>\n<h2>Bitterer Geschmack und attraktives Aroma<\/h2>\n<p>Safran ist ein teures exotisches Kraut mit ein milder bitterem bitters\u00fc er Gesmack\u00a0 und attraktivem Aroma. Diese Kombination macht dieses Gew\u00fcrz zu einer sehr beliebten Zutat f\u00fcr eine Vielzahl von <a title=\"Gerichten. \" href=\"https:\/\/crocussativus.eu\/de\/gerichte\/\">Gerichten.<\/a>\u00a0Sondern auch in\u00a0<a title=\"Safrank\u00e4se.\" href=\"https:\/\/crocussativus.eu\/de\/safran-kaese\/\">Safrank\u00e4se.<\/a><\/p>\n<p>Es wird von verschiedenen K\u00f6chen auf der ganzen Welt f\u00fcr traditionelle delikate und raffinierte traditionelle Gerichte verwendet. Es ist aber auch ein sehr beliebtes Kraut f\u00fcr die Zubereitung von Fusionsgerichten.<\/p>\n<h2>Wohltuende Wirkung<\/h2>\n<p>Wussten Sie, dass Safran eine wohltuende Wirkung hat? Sie k\u00f6nnen den Safran aus den Bio-Safranzwiebeln nehmen, die wir von Crocussativus in Kapselen verkaufen. Das Kraut sorgt dann daf\u00fcr, dass Sie sich besser f\u00fchlen. Dar\u00fcber hinaus sorgen die Wirkstoffe in diesem Gew\u00fcrz daf\u00fcr, dass ein Altersaspekt oder ein Unbehagen kombiniert wird. Das Kraut h\u00e4lt auch Ihren Geist und K\u00f6rper in Alarmbereitschaft.<\/p>\n<p>&#8222;Bringen Sie mit unseren Safranprodukten die Balance zur\u00fcck in Ihr Leben&#8220;<\/p>\n<p>&nbsp;<\/p>\n<h2>Bestellen Sie\u00a0Safranzwiebeln im Webshop<\/h2>\n<h3>krokus-sativus-groesse-8-9<\/h3>\n<p>Sehen Sie sich das Sortiment an und w\u00e4hlen Sie die Anzahl der Crocus Sativus-Zwiebeln, die Sie erhalten m\u00f6chten. Sie m\u00fcssen nicht lange auf die Safranzwiebeln warten, da diese gegen eine geringe Transportgeb\u00fchr an Sie geliefert werden.<\/p>\n<p>Wenn Sie Fragen oder Kommentare haben, k\u00f6nnen Sie uns gerne \u00fcber das\u00a0<a title=\"Kontaktformular \" href=\"https:\/\/crocussativus.eu\/de\/contact\/\">Kontaktformular<\/a>\u00a0kontaktieren.<\/p>\n<p>Weil Sie mehr \u00fcber dieses Kraut wissen wollen? Mehr \u00fcber\u00a0<a title=\"Safran\" href=\"https:\/\/crocussativus.eu\/de\/\">Safran<\/a>\u00a0erfahren Sie hier. Behalten Sie diese Seite im Auge und bleiben Sie mit den neuesten\u00a0<a title=\"Nachrichten\" href=\"https:\/\/crocussativus.eu\/de\/gerichte\/\">Nachrichten<\/a>\u00a0auf dem Laufenden.<\/p>\n<h2>Denn um mehr \u00fcber Crocussativus-Zwiebeln zu erfahren?<\/h2>\n<p><a href=\"https:\/\/www.abacholland.com\/\">ABAC HOLLAND BV<\/a><\/p>\n<p><a title=\"Lesen Sie hier alles \u00fcber Crocussativus-Zwiebeln.\" href=\"https:\/\/crocussativus.eu\/de\/pflanzhinweise\/\">Lesen Sie hier alles \u00fcber Krokus sativus-Zwiebeln.<\/a><\/p>\n","protected":false},"excerpt":{"rendered":"<p>&nbsp;<\/p>\n<pre id=\"tw-target-text\" class=\"tw-data-text tw-text-large tw-ta\" dir=\"ltr\" data-placeholder=\"Vertaling\" data-ved=\"2ahUKEwiC4o6s78qMAxVS_7sIHV9oHVoQ3ewLegQICBAV\" aria-label=\"Vertaalde tekst: 25 Zwiebeln 14,50 \u20ac 0,58 \u20ac pro Zwiebel 100 Zwiebeln im Karton 53,00 \u20ac 0,53 \u20ac pro Zwiebel 1.000 Zwiebeln im Karton 180,00 \u20ac 0,18 \u20ac pro Zwiebel 10.000 Zwiebeln 5 Kartons 1600,00 \u20ac 0,16 \u20ac pro Zwiebel\"><span class=\"Y2IQFc\" lang=\"de\">25 Zwiebeln 14,50 \u20ac 0,58 \u20ac pro Zwiebel\r\n100 Zwiebeln im Karton 53,00 \u20ac 0,53 \u20ac pro Zwiebel\r\n1.000 Zwiebeln im Karton 180,00 \u20ac 0,18 \u20ac pro Zwiebel \r\n10.000 Zwiebeln 5 Kartons 1600,00 \u20ac 0,16 \u20ac pro Zwiebel<\/span><\/pre>\n<p>&nbsp;<\/p>\n<p>Lieferung vom 10. Juli bis Oktober. Zwiebeln\u00a0 lieferung au\u00dferhalb der EU. Preise auf Anfrage. Andere Gr\u00f6\u00dfen von Zwiebeln auf Anfrage.<\/p>\n","protected":false},"featured_media":818,"comment_status":"closed","ping_status":"closed","template":"","meta":[],"product_brand":[],"product_cat":[71],"product_tag":[133,186,178,169,155,174],"class_list":{"0":"post-668","1":"product","2":"type-product","3":"status-publish","4":"has-post-thumbnail","6":"product_cat-geen-categorie-de","7":"product_tag-crocussativus-de","8":"product_tag-krokuksativus-krokusbollen-de","9":"product_tag-saffraan-bollen-de","10":"product_tag-saffraan-bollen-crocus-sativus-de","11":"product_tag-saffraan-krokkus-de","12":"product_tag-saffraanbollen-de","13":"description-off","15":"first","16":"instock","17":"taxable","18":"shipping-taxable","19":"purchasable","20":"product-type-simple"},"yoast_head":"<!-- This site is optimized with the Yoast SEO Premium plugin v26.5 (Yoast SEO v26.5) - https:\/\/yoast.com\/wordpress\/plugins\/seo\/ -->\n<title>Krokus Sativus Gr\u00f6\u00dfe 8-9 Grundst\u00fcck mit 25 Blumenzwiebeln - Crocussativus<\/title>\n<meta name=\"description\" content=\"krokus-sativus-groesse-8-9 Safranzwiebeln kaufen? Dank Crocussativus k\u00f6nnen Sie dieses Gew\u00fcrz ganz alleine anbauen. offiziell zertifiziert.\" \/>\n<meta name=\"robots\" content=\"index, follow, max-snippet:-1, max-image-preview:large, max-video-preview:-1\" \/>\n<link rel=\"canonical\" href=\"https:\/\/crocussativus.eu\/de\/produkt\/krokus-sativus-groesse-8-9\/\" \/>\n<meta property=\"og:locale\" content=\"de_DE\" \/>\n<meta property=\"og:type\" content=\"article\" \/>\n<meta property=\"og:title\" content=\"Krokus Sativus Gr\u00f6\u00dfe 8-9 Grundst\u00fcck mit 25 Blumenzwiebeln\" \/>\n<meta property=\"og:description\" content=\"krokus-sativus-groesse-8-9 Safranzwiebeln kaufen? Dank Crocussativus k\u00f6nnen Sie dieses Gew\u00fcrz ganz alleine anbauen. offiziell zertifiziert.\" \/>\n<meta property=\"og:url\" content=\"https:\/\/crocussativus.eu\/de\/produkt\/krokus-sativus-groesse-8-9\/\" \/>\n<meta property=\"og:site_name\" content=\"Crocussativus\" \/>\n<meta property=\"article:publisher\" content=\"https:\/\/www.facebook.com\/crocussativus.eu\" \/>\n<meta property=\"article:modified_time\" content=\"2025-09-09T09:22:55+00:00\" \/>\n<meta property=\"og:image\" content=\"https:\/\/crocussativus.eu\/wp-content\/uploads\/2022\/04\/pr_bollen1.jpg\" \/>\n\t<meta property=\"og:image:width\" content=\"800\" \/>\n\t<meta property=\"og:image:height\" content=\"563\" \/>\n\t<meta property=\"og:image:type\" content=\"image\/jpeg\" \/>\n<meta name=\"twitter:card\" content=\"summary_large_image\" \/>\n<meta name=\"twitter:label1\" content=\"Gesch\u00e4tzte Lesezeit\" \/>\n\t<meta name=\"twitter:data1\" content=\"3\u00a0Minuten\" \/>\n<script type=\"application\/ld+json\" class=\"yoast-schema-graph\">{\"@context\":\"https:\/\/schema.org\",\"@graph\":[{\"@type\":\"WebPage\",\"@id\":\"https:\/\/crocussativus.eu\/de\/produkt\/krokus-sativus-groesse-8-9\/\",\"url\":\"https:\/\/crocussativus.eu\/de\/produkt\/krokus-sativus-groesse-8-9\/\",\"name\":\"Krokus Sativus Gr\u00f6\u00dfe 8-9 Grundst\u00fcck mit 25 Blumenzwiebeln - Crocussativus\",\"isPartOf\":{\"@id\":\"https:\/\/crocussativus.eu\/#website\"},\"primaryImageOfPage\":{\"@id\":\"https:\/\/crocussativus.eu\/de\/produkt\/krokus-sativus-groesse-8-9\/#primaryimage\"},\"image\":{\"@id\":\"https:\/\/crocussativus.eu\/de\/produkt\/krokus-sativus-groesse-8-9\/#primaryimage\"},\"thumbnailUrl\":\"https:\/\/crocussativus.eu\/wp-content\/uploads\/2022\/04\/pr_bollen1.jpg\",\"datePublished\":\"2022-02-11T12:02:52+00:00\",\"dateModified\":\"2025-09-09T09:22:55+00:00\",\"description\":\"krokus-sativus-groesse-8-9 Safranzwiebeln kaufen? Dank Crocussativus k\u00f6nnen Sie dieses Gew\u00fcrz ganz alleine anbauen. offiziell zertifiziert.\",\"breadcrumb\":{\"@id\":\"https:\/\/crocussativus.eu\/de\/produkt\/krokus-sativus-groesse-8-9\/#breadcrumb\"},\"inLanguage\":\"de\",\"potentialAction\":[{\"@type\":\"ReadAction\",\"target\":[\"https:\/\/crocussativus.eu\/de\/produkt\/krokus-sativus-groesse-8-9\/\"]}]},{\"@type\":\"ImageObject\",\"inLanguage\":\"de\",\"@id\":\"https:\/\/crocussativus.eu\/de\/produkt\/krokus-sativus-groesse-8-9\/#primaryimage\",\"url\":\"https:\/\/crocussativus.eu\/wp-content\/uploads\/2022\/04\/pr_bollen1.jpg\",\"contentUrl\":\"https:\/\/crocussativus.eu\/wp-content\/uploads\/2022\/04\/pr_bollen1.jpg\",\"width\":800,\"height\":563,\"caption\":\"crocus sativus bollen kopen en planten\"},{\"@type\":\"BreadcrumbList\",\"@id\":\"https:\/\/crocussativus.eu\/de\/produkt\/krokus-sativus-groesse-8-9\/#breadcrumb\",\"itemListElement\":[{\"@type\":\"ListItem\",\"position\":1,\"name\":\"Home\",\"item\":\"https:\/\/crocussativus.eu\/de\/\"},{\"@type\":\"ListItem\",\"position\":2,\"name\":\"Shop\",\"item\":\"https:\/\/crocussativus.eu\/de\/shop\/\"},{\"@type\":\"ListItem\",\"position\":3,\"name\":\"Krokus Sativus Gr\u00f6\u00dfe 8-9 Grundst\u00fcck mit 25 Blumenzwiebeln\"}]},{\"@type\":\"WebSite\",\"@id\":\"https:\/\/crocussativus.eu\/#website\",\"url\":\"https:\/\/crocussativus.eu\/\",\"name\":\"Crocussativus.eu\",\"description\":\"Saffraan, Capsules, Crocus sativus bollen &amp; Saffraankaas\",\"publisher\":{\"@id\":\"https:\/\/crocussativus.eu\/#organization\"},\"potentialAction\":[{\"@type\":\"SearchAction\",\"target\":{\"@type\":\"EntryPoint\",\"urlTemplate\":\"https:\/\/crocussativus.eu\/?s={search_term_string}\"},\"query-input\":{\"@type\":\"PropertyValueSpecification\",\"valueRequired\":true,\"valueName\":\"search_term_string\"}}],\"inLanguage\":\"de\"},{\"@type\":\"Organization\",\"@id\":\"https:\/\/crocussativus.eu\/#organization\",\"name\":\"abac holland bv\",\"alternateName\":\"crocus sativus .eu\",\"url\":\"https:\/\/crocussativus.eu\/\",\"logo\":{\"@type\":\"ImageObject\",\"inLanguage\":\"de\",\"@id\":\"https:\/\/crocussativus.eu\/#\/schema\/logo\/image\/\",\"url\":\"https:\/\/crocussativus.eu\/wp-content\/uploads\/2023\/06\/logo_h80-1.png\",\"contentUrl\":\"https:\/\/crocussativus.eu\/wp-content\/uploads\/2023\/06\/logo_h80-1.png\",\"width\":181,\"height\":80,\"caption\":\"abac holland bv\"},\"image\":{\"@id\":\"https:\/\/crocussativus.eu\/#\/schema\/logo\/image\/\"},\"sameAs\":[\"https:\/\/www.facebook.com\/crocussativus.eu\"],\"description\":\"Social and Solidarity Enterprise. We do everything we can to oSociale en Solidaire Onderneming. We doen er alles aan om innovatieve en transparante middelen en diensten aan te bieden en zo de Saffraan- en Crocus sativus telers te ondersteunen.ffer innovative and transparent resources and services to support Saffron and Crocus sativus growers.\",\"email\":\"info@abacholland.com\",\"telephone\":\"+31 (0)627 267 149\",\"legalName\":\"abac holland bv\",\"foundingDate\":\"2011-01-09\"}]}<\/script>\n<!-- \/ Yoast SEO Premium plugin. -->","yoast_head_json":{"title":"Krokus Sativus Gr\u00f6\u00dfe 8-9 Grundst\u00fcck mit 25 Blumenzwiebeln - Crocussativus","description":"krokus-sativus-groesse-8-9 Safranzwiebeln kaufen? Dank Crocussativus k\u00f6nnen Sie dieses Gew\u00fcrz ganz alleine anbauen. offiziell zertifiziert.","robots":{"index":"index","follow":"follow","max-snippet":"max-snippet:-1","max-image-preview":"max-image-preview:large","max-video-preview":"max-video-preview:-1"},"canonical":"https:\/\/crocussativus.eu\/de\/produkt\/krokus-sativus-groesse-8-9\/","og_locale":"de_DE","og_type":"article","og_title":"Krokus Sativus Gr\u00f6\u00dfe 8-9 Grundst\u00fcck mit 25 Blumenzwiebeln","og_description":"krokus-sativus-groesse-8-9 Safranzwiebeln kaufen? Dank Crocussativus k\u00f6nnen Sie dieses Gew\u00fcrz ganz alleine anbauen. offiziell zertifiziert.","og_url":"https:\/\/crocussativus.eu\/de\/produkt\/krokus-sativus-groesse-8-9\/","og_site_name":"Crocussativus","article_publisher":"https:\/\/www.facebook.com\/crocussativus.eu","article_modified_time":"2025-09-09T09:22:55+00:00","og_image":[{"width":800,"height":563,"url":"https:\/\/crocussativus.eu\/wp-content\/uploads\/2022\/04\/pr_bollen1.jpg","type":"image\/jpeg"}],"twitter_card":"summary_large_image","twitter_misc":{"Gesch\u00e4tzte Lesezeit":"3\u00a0Minuten"},"schema":{"@context":"https:\/\/schema.org","@graph":[{"@type":"WebPage","@id":"https:\/\/crocussativus.eu\/de\/produkt\/krokus-sativus-groesse-8-9\/","url":"https:\/\/crocussativus.eu\/de\/produkt\/krokus-sativus-groesse-8-9\/","name":"Krokus Sativus Gr\u00f6\u00dfe 8-9 Grundst\u00fcck mit 25 Blumenzwiebeln - Crocussativus","isPartOf":{"@id":"https:\/\/crocussativus.eu\/#website"},"primaryImageOfPage":{"@id":"https:\/\/crocussativus.eu\/de\/produkt\/krokus-sativus-groesse-8-9\/#primaryimage"},"image":{"@id":"https:\/\/crocussativus.eu\/de\/produkt\/krokus-sativus-groesse-8-9\/#primaryimage"},"thumbnailUrl":"https:\/\/crocussativus.eu\/wp-content\/uploads\/2022\/04\/pr_bollen1.jpg","datePublished":"2022-02-11T12:02:52+00:00","dateModified":"2025-09-09T09:22:55+00:00","description":"krokus-sativus-groesse-8-9 Safranzwiebeln kaufen? Dank Crocussativus k\u00f6nnen Sie dieses Gew\u00fcrz ganz alleine anbauen. offiziell zertifiziert.","breadcrumb":{"@id":"https:\/\/crocussativus.eu\/de\/produkt\/krokus-sativus-groesse-8-9\/#breadcrumb"},"inLanguage":"de","potentialAction":[{"@type":"ReadAction","target":["https:\/\/crocussativus.eu\/de\/produkt\/krokus-sativus-groesse-8-9\/"]}]},{"@type":"ImageObject","inLanguage":"de","@id":"https:\/\/crocussativus.eu\/de\/produkt\/krokus-sativus-groesse-8-9\/#primaryimage","url":"https:\/\/crocussativus.eu\/wp-content\/uploads\/2022\/04\/pr_bollen1.jpg","contentUrl":"https:\/\/crocussativus.eu\/wp-content\/uploads\/2022\/04\/pr_bollen1.jpg","width":800,"height":563,"caption":"crocus sativus bollen kopen en planten"},{"@type":"BreadcrumbList","@id":"https:\/\/crocussativus.eu\/de\/produkt\/krokus-sativus-groesse-8-9\/#breadcrumb","itemListElement":[{"@type":"ListItem","position":1,"name":"Home","item":"https:\/\/crocussativus.eu\/de\/"},{"@type":"ListItem","position":2,"name":"Shop","item":"https:\/\/crocussativus.eu\/de\/shop\/"},{"@type":"ListItem","position":3,"name":"Krokus Sativus Gr\u00f6\u00dfe 8-9 Grundst\u00fcck mit 25 Blumenzwiebeln"}]},{"@type":"WebSite","@id":"https:\/\/crocussativus.eu\/#website","url":"https:\/\/crocussativus.eu\/","name":"Crocussativus.eu","description":"Saffraan, Capsules, Crocus sativus bollen &amp; Saffraankaas","publisher":{"@id":"https:\/\/crocussativus.eu\/#organization"},"potentialAction":[{"@type":"SearchAction","target":{"@type":"EntryPoint","urlTemplate":"https:\/\/crocussativus.eu\/?s={search_term_string}"},"query-input":{"@type":"PropertyValueSpecification","valueRequired":true,"valueName":"search_term_string"}}],"inLanguage":"de"},{"@type":"Organization","@id":"https:\/\/crocussativus.eu\/#organization","name":"abac holland bv","alternateName":"crocus sativus .eu","url":"https:\/\/crocussativus.eu\/","logo":{"@type":"ImageObject","inLanguage":"de","@id":"https:\/\/crocussativus.eu\/#\/schema\/logo\/image\/","url":"https:\/\/crocussativus.eu\/wp-content\/uploads\/2023\/06\/logo_h80-1.png","contentUrl":"https:\/\/crocussativus.eu\/wp-content\/uploads\/2023\/06\/logo_h80-1.png","width":181,"height":80,"caption":"abac holland bv"},"image":{"@id":"https:\/\/crocussativus.eu\/#\/schema\/logo\/image\/"},"sameAs":["https:\/\/www.facebook.com\/crocussativus.eu"],"description":"Social and Solidarity Enterprise. We do everything we can to oSociale en Solidaire Onderneming. We doen er alles aan om innovatieve en transparante middelen en diensten aan te bieden en zo de Saffraan- en Crocus sativus telers te ondersteunen.ffer innovative and transparent resources and services to support Saffron and Crocus sativus growers.","email":"info@abacholland.com","telephone":"+31 (0)627 267 149","legalName":"abac holland bv","foundingDate":"2011-01-09"}]}},"_links":{"self":[{"href":"https:\/\/crocussativus.eu\/de\/wp-json\/wp\/v2\/product\/668","targetHints":{"allow":["GET"]}}],"collection":[{"href":"https:\/\/crocussativus.eu\/de\/wp-json\/wp\/v2\/product"}],"about":[{"href":"https:\/\/crocussativus.eu\/de\/wp-json\/wp\/v2\/types\/product"}],"replies":[{"embeddable":true,"href":"https:\/\/crocussativus.eu\/de\/wp-json\/wp\/v2\/comments?post=668"}],"wp:featuredmedia":[{"embeddable":true,"href":"https:\/\/crocussativus.eu\/de\/wp-json\/wp\/v2\/media\/818"}],"wp:attachment":[{"href":"https:\/\/crocussativus.eu\/de\/wp-json\/wp\/v2\/media?parent=668"}],"wp:term":[{"taxonomy":"product_brand","embeddable":true,"href":"https:\/\/crocussativus.eu\/de\/wp-json\/wp\/v2\/product_brand?post=668"},{"taxonomy":"product_cat","embeddable":true,"href":"https:\/\/crocussativus.eu\/de\/wp-json\/wp\/v2\/product_cat?post=668"},{"taxonomy":"product_tag","embeddable":true,"href":"https:\/\/crocussativus.eu\/de\/wp-json\/wp\/v2\/product_tag?post=668"}],"curies":[{"name":"wp","href":"https:\/\/api.w.org\/{rel}","templated":true}]}}