{"id":674,"date":"2022-02-11T11:55:22","date_gmt":"2022-02-11T11:55:22","guid":{"rendered":"https:\/\/demo.crocussativus.eu\/product\/saffraan-capsules\/"},"modified":"2025-09-12T08:25:53","modified_gmt":"2025-09-12T08:25:53","slug":"safrankapseln","status":"publish","type":"product","link":"https:\/\/crocussativus.eu\/de\/produkt\/safrankapseln\/","title":{"rendered":"Safrankapseln 60 St\u00fcck"},"content":{"rendered":"<h1 data-start=\"350\" data-end=\"393\">SafranKapseln kaufen bei Crocussativus<\/h1>\n<p data-start=\"395\" data-end=\"784\">M\u00f6chten Sie <strong data-start=\"407\" data-end=\"444\">hochwertige SafranKapseln kaufen<\/strong>? Bei Crocussativus erhalten Sie <strong data-start=\"477\" data-end=\"500\">100 % reinen Safran kapseln<\/strong>, ISO-zertifiziert und streng laborgepr\u00fcft. Jede Kapsel enth\u00e4lt <strong data-start=\"564\" data-end=\"598\">75 mg Safran h\u00f6chster Qualit\u00e4t<\/strong>, angebaut ohne Chemikalien und frei von F\u00fcllstoffen oder k\u00fcnstlichen Zus\u00e4tzen. Unser <strong data-start=\"684\" data-end=\"705\">Safran Supplement<\/strong> ist die nat\u00fcrliche Wahl f\u00fcr mehr Wohlbefinden, Energie und Ausgeglichenheit.<\/p>\n<hr data-start=\"434\" data-end=\"437\" \/>\n<h2 data-start=\"439\" data-end=\"471\">Vorteile von Safran Supplement<\/h2>\n<ul data-start=\"473\" data-end=\"820\">\n<li data-start=\"473\" data-end=\"547\">\n<p data-start=\"475\" data-end=\"547\">\u2705 Unterst\u00fctzt eine <strong data-start=\"494\" data-end=\"515\">positive Stimmung<\/strong> und emotionales Gleichgewicht<\/p>\n<\/li>\n<li data-start=\"548\" data-end=\"615\">\n<p data-start=\"550\" data-end=\"615\">\u2705 Hilft bei der Reduzierung von <strong data-start=\"582\" data-end=\"613\">Stress, M\u00fcdigkeit und Angst<\/strong><\/p>\n<\/li>\n<li data-start=\"616\" data-end=\"677\">\n<p data-start=\"618\" data-end=\"677\">\u2705 Unterst\u00fctzt <strong data-start=\"632\" data-end=\"675\">Gewichtsmanagement und Appetitkontrolle<\/strong><\/p>\n<\/li>\n<li data-start=\"678\" data-end=\"746\">\n<p data-start=\"680\" data-end=\"746\">\u2705 F\u00f6rdert eine <strong data-start=\"695\" data-end=\"711\">gesunde Haut<\/strong> und verlangsamt die Hautalterung<\/p>\n<\/li>\n<li data-start=\"747\" data-end=\"820\">\n<p data-start=\"749\" data-end=\"820\">\u2705 Steigert auf nat\u00fcrliche Weise die <strong data-start=\"785\" data-end=\"795\">Libido<\/strong> bei M\u00e4nnern und Frauen<\/p>\n<\/li>\n<\/ul>\n<hr data-start=\"822\" data-end=\"825\" \/>\n<h2 data-start=\"827\" data-end=\"867\">Warum Crocussativus Safran Kapseln?<\/h2>\n<ul data-start=\"869\" data-end=\"1259\">\n<li data-start=\"869\" data-end=\"935\">\n<p data-start=\"871\" data-end=\"935\">\ud83c\udf3f <strong data-start=\"874\" data-end=\"897\">100 % reiner Safran<\/strong> \u2013 ohne F\u00fcllstoffe oder Zusatzstoffe<\/p>\n<\/li>\n<li data-start=\"936\" data-end=\"1012\">\n<p data-start=\"938\" data-end=\"1012\">\ud83c\udfc6 Zertifiziert nach <strong data-start=\"959\" data-end=\"985\">ISO 3632-2 Kategorie I<\/strong> (h\u00f6chste Qualit\u00e4tsstufe)<\/p>\n<\/li>\n<li data-start=\"1013\" data-end=\"1060\">\n<p data-start=\"1015\" data-end=\"1060\">\ud83d\udd2c Laborgepr\u00fcft von <strong data-start=\"1035\" data-end=\"1058\">Eurofins Scientific<\/strong><\/p>\n<\/li>\n<li data-start=\"1061\" data-end=\"1131\">\n<p data-start=\"1063\" data-end=\"1131\">\ud83d\udce6 <strong data-start=\"1066\" data-end=\"1116\">Kostenlose Lieferung innerhalb der Niederlande<\/strong> (2 Werktage)<\/p>\n<\/li>\n<li data-start=\"1132\" data-end=\"1208\">\n<p data-start=\"1134\" data-end=\"1208\">\ud83c\udf0d <strong data-start=\"1137\" data-end=\"1165\">Internationale Lieferung<\/strong> in 5\u20137 Werktagen (geringe Versandkosten)<\/p>\n<\/li>\n<li data-start=\"1209\" data-end=\"1259\">\n<p data-start=\"1211\" data-end=\"1259\">\ud83d\udc8a Einfache Einnahme: <strong data-start=\"1233\" data-end=\"1257\">nur 1 Kapsel t\u00e4glich<\/strong><\/p>\n<\/li>\n<\/ul>\n<hr data-start=\"1261\" data-end=\"1264\" \/>\n<h2 data-start=\"1266\" data-end=\"1299\">Anwendung der Safran Supplement<\/h2>\n<p data-start=\"1301\" data-end=\"1534\">Nehmen Sie t\u00e4glich <strong data-start=\"1320\" data-end=\"1343\">1 safranKapsenl mit Wasser<\/strong>, vor oder nach den Mahlzeiten.<br data-start=\"1374\" data-end=\"1377\" \/>\u26a0\ufe0f Die empfohlene Tagesdosis darf <strong data-start=\"1411\" data-end=\"1441\">nicht \u00fcberschritten werden<\/strong>. Safran ist wirksam und die Effekte treten schrittweise ein \u2013 individuell unterschiedlich.<\/p>\n<hr data-start=\"1536\" data-end=\"1539\" \/>\n<h2 data-start=\"1541\" data-end=\"1569\">Verwendung in der K\u00fcche<\/h2>\n<p data-start=\"1571\" data-end=\"1745\">Safran Kapseln k\u00f6nnen ge\u00f6ffnet und die Safranf\u00e4den direkt in <a href=\"https:\/\/crocussativus.eu\/de\/gerichte\/\">Gerichten<\/a> verwendet werden. Sie verleihen Speisen ein einzigartiges <strong data-start=\"1700\" data-end=\"1724\">honig\u00e4hnliches Aroma<\/strong> und goldene Farbe:<\/p>\n<ul data-start=\"1747\" data-end=\"1877\">\n<li data-start=\"1747\" data-end=\"1780\">\n<p data-start=\"1749\" data-end=\"1780\">Reis, Risotto, Kartoffelp\u00fcree<\/p>\n<\/li>\n<li data-start=\"1781\" data-end=\"1818\">\n<p data-start=\"1783\" data-end=\"1818\">Gefl\u00fcgel, Fleisch, Wild und Fisch<\/p>\n<\/li>\n<li data-start=\"1819\" data-end=\"1849\">\n<p data-start=\"1821\" data-end=\"1849\">Suppen, Saucen, Vorspeisen<\/p>\n<\/li>\n<li data-start=\"1850\" data-end=\"1877\">\n<p data-start=\"1852\" data-end=\"1877\">Desserts und S\u00fc\u00dfspeisen<\/p>\n<\/li>\n<\/ul>\n<p data-start=\"1879\" data-end=\"1975\">Probieren Sie auch unseren exklusiven <a href=\"https:\/\/crocussativus.eu\/de\/produkt\/safran\/\"><strong data-start=\"1917\" data-end=\"1932\">Safran <\/strong><\/a>,und safrankapseln erh\u00e4ltlich im Crocussativus Onlineshop.<\/p>\n<hr data-start=\"1977\" data-end=\"1980\" \/>\n<h2 data-start=\"1982\" data-end=\"2018\">Safran Kapseln online bestellen<\/h2>\n<p data-start=\"2020\" data-end=\"2173\">Bestellen Sie Ihre <strong data-start=\"2039\" data-end=\"2064\">SafranKapseln online<\/strong> bequem im Crocussativus Webshop. Profitieren Sie von attraktiven Preisen und Rabatten bei gr\u00f6\u00dferen Mengen.<\/p>\n<ul data-start=\"2175\" data-end=\"2305\">\n<li data-start=\"2175\" data-end=\"2238\">\n<p data-start=\"2177\" data-end=\"2238\">Kostenlose Lieferung innerhalb der Niederlande (2 Werktage)<\/p>\n<\/li>\n<li data-start=\"2239\" data-end=\"2305\">\n<p data-start=\"2241\" data-end=\"2305\">Internationale Lieferung (5\u20137 Werktage, geringe Versandkosten)<\/p>\n<\/li>\n<\/ul>\n<p data-start=\"2307\" data-end=\"2395\">\ud83d\udc49 Bestellen Sie jetzt und erleben Sie die Wirkung des wertvollsten Gew\u00fcrzes der Welt.<\/p>\n<hr data-start=\"2397\" data-end=\"2400\" \/>\n<p data-start=\"2402\" data-end=\"2485\">\ud83d\udce9 Haben Sie Fragen? <strong data-start=\"2423\" data-end=\"2447\"><a href=\"https:\/\/crocussativus.eu\/de\/contact\/\">Kontaktieren Sie uns by mail<\/a>.<\/strong> \u2013 wir beraten Sie gerne fachkundig.<\/p>\n","protected":false},"excerpt":{"rendered":"<p data-start=\"127\" data-end=\"201\"><strong data-start=\"127\" data-end=\"199\">Crocussativus Safran Kapseln \u2013 100 % reiner Safran, ISO-zertifiziert<\/strong><\/p>\n<ul data-start=\"203\" data-end=\"623\">\n<li data-start=\"203\" data-end=\"298\">\n<p data-start=\"205\" data-end=\"298\"><strong data-start=\"205\" data-end=\"239\">75 mg reiner Safran pro Kapsel<\/strong> \u2013 ohne F\u00fcllstoffe, Zus\u00e4tze oder k\u00fcnstliche Inhaltsstoffe<\/p>\n<\/li>\n<li data-start=\"299\" data-end=\"370\">\n<p data-start=\"301\" data-end=\"370\"><strong data-start=\"301\" data-end=\"336\">Laborgepr\u00fcft &amp; ISO-zertifiziert<\/strong> \u2013 h\u00f6chste Reinheit und Qualit\u00e4t<\/p>\n<\/li>\n<li data-start=\"371\" data-end=\"467\">\n<p data-start=\"373\" data-end=\"467\"><strong data-start=\"373\" data-end=\"401\">Nat\u00fcrliche Unterst\u00fctzung<\/strong> f\u00fcr Stimmung, Energie, Stressabbau und allgemeines Wohlbefinden<\/p>\n<\/li>\n<li data-start=\"468\" data-end=\"554\">\n<p data-start=\"470\" data-end=\"554\"><strong data-start=\"470\" data-end=\"499\">Premium-Nahrungserg\u00e4nzung<\/strong> \u2013 sorgf\u00e4ltig hergestellt aus bestem <em data-start=\"536\" data-end=\"552\">Crocus sativus<\/em><\/p>\n<\/li>\n<li data-start=\"555\" data-end=\"623\">\n<p data-start=\"557\" data-end=\"623\"><strong data-start=\"557\" data-end=\"579\">Schnelle Lieferung<\/strong> innerhalb der Niederlande &amp; international<\/p>\n<\/li>\n<\/ul>\n","protected":false},"featured_media":813,"comment_status":"closed","ping_status":"closed","template":"","meta":[],"product_brand":[],"product_cat":[71],"product_tag":[181,167,159,161],"class_list":{"0":"post-674","1":"product","2":"type-product","3":"status-publish","4":"has-post-thumbnail","6":"product_cat-geen-categorie-de","7":"product_tag-saffraan-de","8":"product_tag-saffraan-capsule-de","9":"product_tag-saffraan-capsules-de","10":"product_tag-saffraancapsules-de","11":"description-off","13":"first","14":"instock","15":"taxable","16":"shipping-taxable","17":"purchasable","18":"product-type-simple"},"yoast_head":"<!-- This site is optimized with the Yoast SEO Premium plugin v26.5 (Yoast SEO v26.5) - https:\/\/yoast.com\/wordpress\/plugins\/seo\/ -->\n<title>Safrankapseln 60 St\u00fcck - Crocussativus<\/title>\n<meta name=\"description\" content=\"safrankapseln Nahrungserg\u00e4nzungsmittel \u2013 100% caps.: F\u00fcr geistige Belastbarkeit und eine positive Einstellung.: Safran kapseln pstimuliert die Immunit\u00e4t.:\" \/>\n<meta name=\"robots\" content=\"index, follow, max-snippet:-1, max-image-preview:large, max-video-preview:-1\" \/>\n<link rel=\"canonical\" href=\"https:\/\/crocussativus.eu\/de\/produkt\/safrankapseln\/\" \/>\n<meta property=\"og:locale\" content=\"de_DE\" \/>\n<meta property=\"og:type\" content=\"article\" \/>\n<meta property=\"og:title\" content=\"Safrankapseln 60 St\u00fcck\" \/>\n<meta property=\"og:description\" content=\"safrankapseln Nahrungserg\u00e4nzungsmittel \u2013 100% caps.: F\u00fcr geistige Belastbarkeit und eine positive Einstellung.: Safran kapseln pstimuliert die Immunit\u00e4t.:\" \/>\n<meta property=\"og:url\" content=\"https:\/\/crocussativus.eu\/de\/produkt\/safrankapseln\/\" \/>\n<meta property=\"og:site_name\" content=\"Crocussativus\" \/>\n<meta property=\"article:publisher\" content=\"https:\/\/www.facebook.com\/crocussativus.eu\" \/>\n<meta property=\"article:modified_time\" content=\"2025-09-12T08:25:53+00:00\" \/>\n<meta property=\"og:image\" content=\"https:\/\/crocussativus.eu\/wp-content\/uploads\/2022\/04\/pr_saffraan_capsules.jpg\" \/>\n\t<meta property=\"og:image:width\" content=\"800\" \/>\n\t<meta property=\"og:image:height\" content=\"563\" \/>\n\t<meta property=\"og:image:type\" content=\"image\/jpeg\" \/>\n<meta name=\"twitter:card\" content=\"summary_large_image\" \/>\n<meta name=\"twitter:label1\" content=\"Gesch\u00e4tzte Lesezeit\" \/>\n\t<meta name=\"twitter:data1\" content=\"2\u00a0Minuten\" \/>\n<script type=\"application\/ld+json\" class=\"yoast-schema-graph\">{\"@context\":\"https:\/\/schema.org\",\"@graph\":[{\"@type\":\"WebPage\",\"@id\":\"https:\/\/crocussativus.eu\/de\/produkt\/safrankapseln\/\",\"url\":\"https:\/\/crocussativus.eu\/de\/produkt\/safrankapseln\/\",\"name\":\"Safrankapseln 60 St\u00fcck - Crocussativus\",\"isPartOf\":{\"@id\":\"https:\/\/crocussativus.eu\/#website\"},\"primaryImageOfPage\":{\"@id\":\"https:\/\/crocussativus.eu\/de\/produkt\/safrankapseln\/#primaryimage\"},\"image\":{\"@id\":\"https:\/\/crocussativus.eu\/de\/produkt\/safrankapseln\/#primaryimage\"},\"thumbnailUrl\":\"https:\/\/crocussativus.eu\/wp-content\/uploads\/2022\/04\/pr_saffraan_capsules.jpg\",\"datePublished\":\"2022-02-11T11:55:22+00:00\",\"dateModified\":\"2025-09-12T08:25:53+00:00\",\"description\":\"safrankapseln Nahrungserg\u00e4nzungsmittel \u2013 100% caps.: F\u00fcr geistige Belastbarkeit und eine positive Einstellung.: Safran kapseln pstimuliert die Immunit\u00e4t.:\",\"breadcrumb\":{\"@id\":\"https:\/\/crocussativus.eu\/de\/produkt\/safrankapseln\/#breadcrumb\"},\"inLanguage\":\"de\",\"potentialAction\":[{\"@type\":\"ReadAction\",\"target\":[\"https:\/\/crocussativus.eu\/de\/produkt\/safrankapseln\/\"]}]},{\"@type\":\"ImageObject\",\"inLanguage\":\"de\",\"@id\":\"https:\/\/crocussativus.eu\/de\/produkt\/safrankapseln\/#primaryimage\",\"url\":\"https:\/\/crocussativus.eu\/wp-content\/uploads\/2022\/04\/pr_saffraan_capsules.jpg\",\"contentUrl\":\"https:\/\/crocussativus.eu\/wp-content\/uploads\/2022\/04\/pr_saffraan_capsules.jpg\",\"width\":800,\"height\":563,\"caption\":\"Crocussativus Safran Kapseln enthalten 75 mg reinen, ISO-zertifizierten Safran. Laborgepr\u00fcft, frei von F\u00fcllstoffen und nat\u00fcrlich angebaut. Schnelle Lieferung in den Niederlanden und international.\"},{\"@type\":\"BreadcrumbList\",\"@id\":\"https:\/\/crocussativus.eu\/de\/produkt\/safrankapseln\/#breadcrumb\",\"itemListElement\":[{\"@type\":\"ListItem\",\"position\":1,\"name\":\"Home\",\"item\":\"https:\/\/crocussativus.eu\/de\/\"},{\"@type\":\"ListItem\",\"position\":2,\"name\":\"Shop\",\"item\":\"https:\/\/crocussativus.eu\/de\/shop\/\"},{\"@type\":\"ListItem\",\"position\":3,\"name\":\"Safrankapseln 60 St\u00fcck\"}]},{\"@type\":\"WebSite\",\"@id\":\"https:\/\/crocussativus.eu\/#website\",\"url\":\"https:\/\/crocussativus.eu\/\",\"name\":\"Crocussativus.eu\",\"description\":\"Saffraan, Capsules, Crocus sativus bollen &amp; Saffraankaas\",\"publisher\":{\"@id\":\"https:\/\/crocussativus.eu\/#organization\"},\"potentialAction\":[{\"@type\":\"SearchAction\",\"target\":{\"@type\":\"EntryPoint\",\"urlTemplate\":\"https:\/\/crocussativus.eu\/?s={search_term_string}\"},\"query-input\":{\"@type\":\"PropertyValueSpecification\",\"valueRequired\":true,\"valueName\":\"search_term_string\"}}],\"inLanguage\":\"de\"},{\"@type\":\"Organization\",\"@id\":\"https:\/\/crocussativus.eu\/#organization\",\"name\":\"abac holland bv\",\"alternateName\":\"crocus sativus .eu\",\"url\":\"https:\/\/crocussativus.eu\/\",\"logo\":{\"@type\":\"ImageObject\",\"inLanguage\":\"de\",\"@id\":\"https:\/\/crocussativus.eu\/#\/schema\/logo\/image\/\",\"url\":\"https:\/\/crocussativus.eu\/wp-content\/uploads\/2023\/06\/logo_h80-1.png\",\"contentUrl\":\"https:\/\/crocussativus.eu\/wp-content\/uploads\/2023\/06\/logo_h80-1.png\",\"width\":181,\"height\":80,\"caption\":\"abac holland bv\"},\"image\":{\"@id\":\"https:\/\/crocussativus.eu\/#\/schema\/logo\/image\/\"},\"sameAs\":[\"https:\/\/www.facebook.com\/crocussativus.eu\"],\"description\":\"Social and Solidarity Enterprise. We do everything we can to oSociale en Solidaire Onderneming. We doen er alles aan om innovatieve en transparante middelen en diensten aan te bieden en zo de Saffraan- en Crocus sativus telers te ondersteunen.ffer innovative and transparent resources and services to support Saffron and Crocus sativus growers.\",\"email\":\"info@abacholland.com\",\"telephone\":\"+31 (0)627 267 149\",\"legalName\":\"abac holland bv\",\"foundingDate\":\"2011-01-09\"}]}<\/script>\n<!-- \/ Yoast SEO Premium plugin. -->","yoast_head_json":{"title":"Safrankapseln 60 St\u00fcck - Crocussativus","description":"safrankapseln Nahrungserg\u00e4nzungsmittel \u2013 100% caps.: F\u00fcr geistige Belastbarkeit und eine positive Einstellung.: Safran kapseln pstimuliert die Immunit\u00e4t.:","robots":{"index":"index","follow":"follow","max-snippet":"max-snippet:-1","max-image-preview":"max-image-preview:large","max-video-preview":"max-video-preview:-1"},"canonical":"https:\/\/crocussativus.eu\/de\/produkt\/safrankapseln\/","og_locale":"de_DE","og_type":"article","og_title":"Safrankapseln 60 St\u00fcck","og_description":"safrankapseln Nahrungserg\u00e4nzungsmittel \u2013 100% caps.: F\u00fcr geistige Belastbarkeit und eine positive Einstellung.: Safran kapseln pstimuliert die Immunit\u00e4t.:","og_url":"https:\/\/crocussativus.eu\/de\/produkt\/safrankapseln\/","og_site_name":"Crocussativus","article_publisher":"https:\/\/www.facebook.com\/crocussativus.eu","article_modified_time":"2025-09-12T08:25:53+00:00","og_image":[{"width":800,"height":563,"url":"https:\/\/crocussativus.eu\/wp-content\/uploads\/2022\/04\/pr_saffraan_capsules.jpg","type":"image\/jpeg"}],"twitter_card":"summary_large_image","twitter_misc":{"Gesch\u00e4tzte Lesezeit":"2\u00a0Minuten"},"schema":{"@context":"https:\/\/schema.org","@graph":[{"@type":"WebPage","@id":"https:\/\/crocussativus.eu\/de\/produkt\/safrankapseln\/","url":"https:\/\/crocussativus.eu\/de\/produkt\/safrankapseln\/","name":"Safrankapseln 60 St\u00fcck - Crocussativus","isPartOf":{"@id":"https:\/\/crocussativus.eu\/#website"},"primaryImageOfPage":{"@id":"https:\/\/crocussativus.eu\/de\/produkt\/safrankapseln\/#primaryimage"},"image":{"@id":"https:\/\/crocussativus.eu\/de\/produkt\/safrankapseln\/#primaryimage"},"thumbnailUrl":"https:\/\/crocussativus.eu\/wp-content\/uploads\/2022\/04\/pr_saffraan_capsules.jpg","datePublished":"2022-02-11T11:55:22+00:00","dateModified":"2025-09-12T08:25:53+00:00","description":"safrankapseln Nahrungserg\u00e4nzungsmittel \u2013 100% caps.: F\u00fcr geistige Belastbarkeit und eine positive Einstellung.: Safran kapseln pstimuliert die Immunit\u00e4t.:","breadcrumb":{"@id":"https:\/\/crocussativus.eu\/de\/produkt\/safrankapseln\/#breadcrumb"},"inLanguage":"de","potentialAction":[{"@type":"ReadAction","target":["https:\/\/crocussativus.eu\/de\/produkt\/safrankapseln\/"]}]},{"@type":"ImageObject","inLanguage":"de","@id":"https:\/\/crocussativus.eu\/de\/produkt\/safrankapseln\/#primaryimage","url":"https:\/\/crocussativus.eu\/wp-content\/uploads\/2022\/04\/pr_saffraan_capsules.jpg","contentUrl":"https:\/\/crocussativus.eu\/wp-content\/uploads\/2022\/04\/pr_saffraan_capsules.jpg","width":800,"height":563,"caption":"Crocussativus Safran Kapseln enthalten 75 mg reinen, ISO-zertifizierten Safran. Laborgepr\u00fcft, frei von F\u00fcllstoffen und nat\u00fcrlich angebaut. Schnelle Lieferung in den Niederlanden und international."},{"@type":"BreadcrumbList","@id":"https:\/\/crocussativus.eu\/de\/produkt\/safrankapseln\/#breadcrumb","itemListElement":[{"@type":"ListItem","position":1,"name":"Home","item":"https:\/\/crocussativus.eu\/de\/"},{"@type":"ListItem","position":2,"name":"Shop","item":"https:\/\/crocussativus.eu\/de\/shop\/"},{"@type":"ListItem","position":3,"name":"Safrankapseln 60 St\u00fcck"}]},{"@type":"WebSite","@id":"https:\/\/crocussativus.eu\/#website","url":"https:\/\/crocussativus.eu\/","name":"Crocussativus.eu","description":"Saffraan, Capsules, Crocus sativus bollen &amp; Saffraankaas","publisher":{"@id":"https:\/\/crocussativus.eu\/#organization"},"potentialAction":[{"@type":"SearchAction","target":{"@type":"EntryPoint","urlTemplate":"https:\/\/crocussativus.eu\/?s={search_term_string}"},"query-input":{"@type":"PropertyValueSpecification","valueRequired":true,"valueName":"search_term_string"}}],"inLanguage":"de"},{"@type":"Organization","@id":"https:\/\/crocussativus.eu\/#organization","name":"abac holland bv","alternateName":"crocus sativus .eu","url":"https:\/\/crocussativus.eu\/","logo":{"@type":"ImageObject","inLanguage":"de","@id":"https:\/\/crocussativus.eu\/#\/schema\/logo\/image\/","url":"https:\/\/crocussativus.eu\/wp-content\/uploads\/2023\/06\/logo_h80-1.png","contentUrl":"https:\/\/crocussativus.eu\/wp-content\/uploads\/2023\/06\/logo_h80-1.png","width":181,"height":80,"caption":"abac holland bv"},"image":{"@id":"https:\/\/crocussativus.eu\/#\/schema\/logo\/image\/"},"sameAs":["https:\/\/www.facebook.com\/crocussativus.eu"],"description":"Social and Solidarity Enterprise. We do everything we can to oSociale en Solidaire Onderneming. We doen er alles aan om innovatieve en transparante middelen en diensten aan te bieden en zo de Saffraan- en Crocus sativus telers te ondersteunen.ffer innovative and transparent resources and services to support Saffron and Crocus sativus growers.","email":"info@abacholland.com","telephone":"+31 (0)627 267 149","legalName":"abac holland bv","foundingDate":"2011-01-09"}]}},"_links":{"self":[{"href":"https:\/\/crocussativus.eu\/de\/wp-json\/wp\/v2\/product\/674","targetHints":{"allow":["GET"]}}],"collection":[{"href":"https:\/\/crocussativus.eu\/de\/wp-json\/wp\/v2\/product"}],"about":[{"href":"https:\/\/crocussativus.eu\/de\/wp-json\/wp\/v2\/types\/product"}],"replies":[{"embeddable":true,"href":"https:\/\/crocussativus.eu\/de\/wp-json\/wp\/v2\/comments?post=674"}],"wp:featuredmedia":[{"embeddable":true,"href":"https:\/\/crocussativus.eu\/de\/wp-json\/wp\/v2\/media\/813"}],"wp:attachment":[{"href":"https:\/\/crocussativus.eu\/de\/wp-json\/wp\/v2\/media?parent=674"}],"wp:term":[{"taxonomy":"product_brand","embeddable":true,"href":"https:\/\/crocussativus.eu\/de\/wp-json\/wp\/v2\/product_brand?post=674"},{"taxonomy":"product_cat","embeddable":true,"href":"https:\/\/crocussativus.eu\/de\/wp-json\/wp\/v2\/product_cat?post=674"},{"taxonomy":"product_tag","embeddable":true,"href":"https:\/\/crocussativus.eu\/de\/wp-json\/wp\/v2\/product_tag?post=674"}],"curies":[{"name":"wp","href":"https:\/\/api.w.org\/{rel}","templated":true}]}}