{"id":682,"date":"2022-02-11T10:24:17","date_gmt":"2022-02-11T10:24:17","guid":{"rendered":"https:\/\/demo.crocussativus.eu\/product\/saffraan\/"},"modified":"2025-09-14T14:24:21","modified_gmt":"2025-09-14T14:24:21","slug":"safran","status":"publish","type":"product","link":"https:\/\/crocussativus.eu\/de\/produkt\/safran\/","title":{"rendered":"Safran 5 Gramm"},"content":{"rendered":"<h1>Safran von h\u00f6chster Qualit\u00e4t kaufen<\/h1>\n<p>Sie k\u00f6nnen\u00a0<strong>Safran<\/strong>\u00a0bei\u00a0<strong><a href=\"https:\/\/crocussativus.eu\/de\/home\">Crocussativus<\/a><\/strong>\u00a0<strong>kaufen<\/strong>. Dieses Gew\u00fcrz hat eine heilende Wirkung und wird in allen Arten von raffinierten Gerichten verwendet. Dieses Gew\u00fcrz macht jedes Gericht schmackhafter, ges\u00fcnder und attraktiver.<\/p>\n<p>Unsere Produkte wurden von\u00a0<strong><a href=\"https:\/\/www.eurofins.com\/about-us\/eurofins-fact-sheet\/\">Eurofins Scientific<\/a><\/strong>\u00a0getestet. Dies garantiert Produkte von h\u00f6chster Qualit\u00e4t.<\/p>\n<p>Profitieren Sie jetzt von hohen Rabatten, damit Sie einen hochwertigen Bestand an Safran zu einem attraktiven und sehr wettbewerbsf\u00e4higen Preis haben. Erschwingliche Spitzenqualit\u00e4t, zertifizierter Safran.<\/p>\n<h2><\/h2>\n<h2>Safran Kaufen bei Crocussativus<\/h2>\n<p>\u2713 100% reines Safran, ohne Zus\u00e4tze<br \/>\n\u2713 ISO-zertifiziert<br \/>\n\u2713 Authentische Verpackung<br \/>\n\u2713 Gro\u00dfer Einkaufsvorteil<br \/>\n\u2713 Kostenlose Lieferung in die Niederlande (gegen eine geringe Geb\u00fchr in Duitsland geliefert)<br \/>\n\u2713 Lieferung innerhalb von 2\/10 Werktagen\u2713 100% pure Saffron, without additives<\/p>\n<p>&nbsp;<\/p>\n<h2>Safranf\u00e4den oder &#8222;Rotgold&#8220;<\/h2>\n<p>Ist ein <strong>exotisches Gew\u00fcrz<\/strong>. Es ist ein rot gef\u00e4rbtes Gew\u00fcrz, das aus dem Safrankrokus (Crocus sativus) gewonnen wird. Aufgrund der zeitraubenden Handlese ist das Gew\u00fcrz sehr teuer. Es ist sogar das teuerste Gew\u00fcrz der Welt. Nicht umsonst wird dieses Kraut auch &#8222;Rotgold&#8220; genannt.<\/p>\n<p>Das Gew\u00fcrz wirkt wohltuend, ist aber auch in vielen K\u00fcchen unverzichtbar. Sie k\u00f6nnen an verschiedene K\u00fcchen rund um das Mittelmeer denken. Aber auch in den K\u00fcchen des Nahen Ostens und S\u00fcdasiens ist Safran eine Hauptzutat.<\/p>\n<p>&nbsp;<\/p>\n<h2>Raffinierte, delikate traditionelle Gerichte<\/h2>\n<p>Safran hat einen bitteren Geschmack und ein attraktives Aroma, das etwas nach Honig riecht. Anderen zufolge erinnert es an Blumen oder s\u00fc\u00dfes Gras, w\u00e4hrend andere wiederum den Geruch &#8222;stark&#8220; und scharf finden. Verschiedene K\u00f6che auf der ganzen Welt verwenden dieses Kraut, um raffinierte, delikate traditionelle\u00a0<strong><a href=\"https:\/\/crocussativus.eu\/de\/gerichte\/\">Rezepte<\/a><\/strong>\u00a0zuzubereiten. Dar\u00fcber hinaus wird das &#8222;rote Gold&#8220; auch in Fusionsgerichten verwendet. Diese neu entwickelten modernen Gerichte vereinen verschiedene K\u00fcchen, in denen diese Zutat eine magische Rolle spielt. Mit ein paar F\u00e4den dieses Gew\u00fcrzs wird jedes Gericht schmackhafter, attraktiver und ges\u00fcnder.<\/p>\n<p>Sie k\u00f6nnen\u00a0<strong><a href=\"https:\/\/crocussativus.eu\/de\/safran-kaese\/\">Safrank\u00e4se<\/a><\/strong>\u00a0in unserem Webshop kaufen. Dieser K\u00e4se kombiniert das &#8222;rote Gold&#8220; mit der vollmundigen holl\u00e4ndischen Milch vom Hof.<\/p>\n<h2>G\u00fcnstige Auswirkung<\/h2>\n<p>Neben der Tatsache, dass Safran in vielen Gerichten verwendet wird, hat es auch eine\u00a0<strong>positive gesundheitliche Wirkung<\/strong>. Wir verkaufen\u00a0<strong><a href=\"https:\/\/crocussativus.eu\/de\/produkt\/safrankapseln\/\">Kapseln<\/a><\/strong>, mit denen Sie sich besser f\u00fchlen k\u00f6nnen. Dar\u00fcber hinaus eignen sich die Kapseln auch hervorragend zur Bek\u00e4mpfung von Beschwerden oder altersbedingten Beschwerden.<\/p>\n<p>Jede Kapsel ist mit 100% &#8222;Rotgold&#8220; ohne &#8222;F\u00fcllstoff&#8220; oder Zusatzstoff gef\u00fcllt. Der Inhalt unserer Kapseln kann daher auch f\u00fcr die Zubereitung von Safranschalen verwendet werden.<\/p>\n<h2>Erschwingliche Spitzenqualit\u00e4t<\/h2>\n<p>Wir arbeiten mit Erzeugern in verschiedenen L\u00e4ndern zusammen, darunter Italien, Frankreich, Spanien, Marokko und Bulgarien. Durch die enge Zusammenarbeit k\u00f6nnen wir das ganze Jahr \u00fcber Safran von hoher Qualit\u00e4t anbieten. Das Gew\u00fcrz wurde von 3 Labors von Eurofins Scientific getestet. Diese Tests zeigen, dass unser Safran von h\u00f6chster Qualit\u00e4t ist.<\/p>\n<p>Bei uns kaufen Sie\u00a0<strong>Safran von h\u00f6chster Qualit\u00e4t zu einem sehr g\u00fcnstigen Preis<\/strong>. Sie profitieren von Rabattpreisen f\u00fcr gr\u00f6\u00dfere Mengen (minimum 20 Gramm). Bei uns zahlen Sie nie zu viel. Safran wird f\u00fcr jeden Koch und Haushalt erschwinglich.<\/p>\n<p>&nbsp;<\/p>\n<h2>Eine Bestellung im Webshop aufgeben<\/h2>\n<p>Sie k\u00f6nnen Safran in unserem Webshop kaufen. W\u00e4hlen Sie die Anzahl der Gramm, legen Sie das Produkt in den Warenkorb und pr\u00fcfen Sie. Das Produkt wird Ihnen dann innerhalb von ca. 5-7 Werktagen au\u00dferhalb der Niederlande geliefert, abh\u00e4ngig von der Aktivit\u00e4t des Kurierdienstes. Wenn Sie Fragen oder Anregungen haben, wenden Sie sich bitte\u00a0<strong><a href=\"https:\/\/crocussativus.eu\/de\/contact\/\">\u00fcber dieses Formular<\/a><\/strong>\u00a0an uns.<\/p>\n<p>&nbsp;<\/p>\n","protected":false},"excerpt":{"rendered":"<p>100% Safran, Reinheit wichtig f\u00fcr Qualit\u00e4t und Wirkung.<\/p>\n<p>Ber\u00fchmte K\u00f6che auf der ganzen Welt verwenden Safran, um raffinierte, delikate traditionelle Gerichte sowie neue Fusionsgerichte zuzubereiten, die verschiedene K\u00fcchen zusammenbringen, in denen Safran oft eine magische Rolle spielt.<\/p>\n<p>&nbsp;<\/p>\n","protected":false},"featured_media":823,"comment_status":"closed","ping_status":"closed","template":"","meta":[],"product_brand":[],"product_cat":[71],"product_tag":[181],"class_list":{"0":"post-682","1":"product","2":"type-product","3":"status-publish","4":"has-post-thumbnail","6":"product_cat-geen-categorie-de","7":"product_tag-saffraan-de","8":"description-off","10":"first","11":"instock","12":"taxable","13":"shipping-taxable","14":"purchasable","15":"product-type-simple"},"yoast_head":"<!-- This site is optimized with the Yoast SEO Premium plugin v26.5 (Yoast SEO v26.5) - https:\/\/yoast.com\/wordpress\/plugins\/seo\/ -->\n<title>Safran 5 Gramm - Crocussativus<\/title>\n<meta name=\"description\" content=\"safran Reinheit wichtig f\u00fcr Qualit\u00e4t und Wirkung.Ber\u00fchmte K\u00f6che auf der ganzen Welt verwenden Safran, um raffinierte, delikate traditionelle Gerichte\" \/>\n<meta name=\"robots\" content=\"index, follow, max-snippet:-1, max-image-preview:large, max-video-preview:-1\" \/>\n<link rel=\"canonical\" href=\"https:\/\/crocussativus.eu\/de\/produkt\/safran\/\" \/>\n<meta property=\"og:locale\" content=\"de_DE\" \/>\n<meta property=\"og:type\" content=\"article\" \/>\n<meta property=\"og:title\" content=\"Safran 5 Gramm\" \/>\n<meta property=\"og:description\" content=\"safran Reinheit wichtig f\u00fcr Qualit\u00e4t und Wirkung.Ber\u00fchmte K\u00f6che auf der ganzen Welt verwenden Safran, um raffinierte, delikate traditionelle Gerichte\" \/>\n<meta property=\"og:url\" content=\"https:\/\/crocussativus.eu\/de\/produkt\/safran\/\" \/>\n<meta property=\"og:site_name\" content=\"Crocussativus\" \/>\n<meta property=\"article:publisher\" content=\"https:\/\/www.facebook.com\/crocussativus.eu\" \/>\n<meta property=\"article:modified_time\" content=\"2025-09-14T14:24:21+00:00\" \/>\n<meta property=\"og:image\" content=\"https:\/\/crocussativus.eu\/wp-content\/uploads\/2022\/04\/pr_saffraan.jpg\" \/>\n\t<meta property=\"og:image:width\" content=\"800\" \/>\n\t<meta property=\"og:image:height\" content=\"563\" \/>\n\t<meta property=\"og:image:type\" content=\"image\/jpeg\" \/>\n<meta name=\"twitter:card\" content=\"summary_large_image\" \/>\n<meta name=\"twitter:label1\" content=\"Gesch\u00e4tzte Lesezeit\" \/>\n\t<meta name=\"twitter:data1\" content=\"3\u00a0Minuten\" \/>\n<script type=\"application\/ld+json\" class=\"yoast-schema-graph\">{\"@context\":\"https:\/\/schema.org\",\"@graph\":[{\"@type\":\"WebPage\",\"@id\":\"https:\/\/crocussativus.eu\/de\/produkt\/safran\/\",\"url\":\"https:\/\/crocussativus.eu\/de\/produkt\/safran\/\",\"name\":\"Safran 5 Gramm - Crocussativus\",\"isPartOf\":{\"@id\":\"https:\/\/crocussativus.eu\/#website\"},\"primaryImageOfPage\":{\"@id\":\"https:\/\/crocussativus.eu\/de\/produkt\/safran\/#primaryimage\"},\"image\":{\"@id\":\"https:\/\/crocussativus.eu\/de\/produkt\/safran\/#primaryimage\"},\"thumbnailUrl\":\"https:\/\/crocussativus.eu\/wp-content\/uploads\/2022\/04\/pr_saffraan.jpg\",\"datePublished\":\"2022-02-11T10:24:17+00:00\",\"dateModified\":\"2025-09-14T14:24:21+00:00\",\"description\":\"safran Reinheit wichtig f\u00fcr Qualit\u00e4t und Wirkung.Ber\u00fchmte K\u00f6che auf der ganzen Welt verwenden Safran, um raffinierte, delikate traditionelle Gerichte\",\"breadcrumb\":{\"@id\":\"https:\/\/crocussativus.eu\/de\/produkt\/safran\/#breadcrumb\"},\"inLanguage\":\"de\",\"potentialAction\":[{\"@type\":\"ReadAction\",\"target\":[\"https:\/\/crocussativus.eu\/de\/produkt\/safran\/\"]}]},{\"@type\":\"ImageObject\",\"inLanguage\":\"de\",\"@id\":\"https:\/\/crocussativus.eu\/de\/produkt\/safran\/#primaryimage\",\"url\":\"https:\/\/crocussativus.eu\/wp-content\/uploads\/2022\/04\/pr_saffraan.jpg\",\"contentUrl\":\"https:\/\/crocussativus.eu\/wp-content\/uploads\/2022\/04\/pr_saffraan.jpg\",\"width\":800,\"height\":563,\"caption\":\"Das edle Rotgold \u2013 Safran von h\u00f6chster Qualit\u00e4t.\u201c\"},{\"@type\":\"BreadcrumbList\",\"@id\":\"https:\/\/crocussativus.eu\/de\/produkt\/safran\/#breadcrumb\",\"itemListElement\":[{\"@type\":\"ListItem\",\"position\":1,\"name\":\"Home\",\"item\":\"https:\/\/crocussativus.eu\/de\/\"},{\"@type\":\"ListItem\",\"position\":2,\"name\":\"Shop\",\"item\":\"https:\/\/crocussativus.eu\/de\/shop\/\"},{\"@type\":\"ListItem\",\"position\":3,\"name\":\"Safran 5 Gramm\"}]},{\"@type\":\"WebSite\",\"@id\":\"https:\/\/crocussativus.eu\/#website\",\"url\":\"https:\/\/crocussativus.eu\/\",\"name\":\"Crocussativus.eu\",\"description\":\"Saffraan, Capsules, Crocus sativus bollen &amp; Saffraankaas\",\"publisher\":{\"@id\":\"https:\/\/crocussativus.eu\/#organization\"},\"potentialAction\":[{\"@type\":\"SearchAction\",\"target\":{\"@type\":\"EntryPoint\",\"urlTemplate\":\"https:\/\/crocussativus.eu\/?s={search_term_string}\"},\"query-input\":{\"@type\":\"PropertyValueSpecification\",\"valueRequired\":true,\"valueName\":\"search_term_string\"}}],\"inLanguage\":\"de\"},{\"@type\":\"Organization\",\"@id\":\"https:\/\/crocussativus.eu\/#organization\",\"name\":\"abac holland bv\",\"alternateName\":\"crocus sativus .eu\",\"url\":\"https:\/\/crocussativus.eu\/\",\"logo\":{\"@type\":\"ImageObject\",\"inLanguage\":\"de\",\"@id\":\"https:\/\/crocussativus.eu\/#\/schema\/logo\/image\/\",\"url\":\"https:\/\/crocussativus.eu\/wp-content\/uploads\/2023\/06\/logo_h80-1.png\",\"contentUrl\":\"https:\/\/crocussativus.eu\/wp-content\/uploads\/2023\/06\/logo_h80-1.png\",\"width\":181,\"height\":80,\"caption\":\"abac holland bv\"},\"image\":{\"@id\":\"https:\/\/crocussativus.eu\/#\/schema\/logo\/image\/\"},\"sameAs\":[\"https:\/\/www.facebook.com\/crocussativus.eu\"],\"description\":\"Social and Solidarity Enterprise. We do everything we can to oSociale en Solidaire Onderneming. We doen er alles aan om innovatieve en transparante middelen en diensten aan te bieden en zo de Saffraan- en Crocus sativus telers te ondersteunen.ffer innovative and transparent resources and services to support Saffron and Crocus sativus growers.\",\"email\":\"info@abacholland.com\",\"telephone\":\"+31 (0)627 267 149\",\"legalName\":\"abac holland bv\",\"foundingDate\":\"2011-01-09\"}]}<\/script>\n<!-- \/ Yoast SEO Premium plugin. -->","yoast_head_json":{"title":"Safran 5 Gramm - Crocussativus","description":"safran Reinheit wichtig f\u00fcr Qualit\u00e4t und Wirkung.Ber\u00fchmte K\u00f6che auf der ganzen Welt verwenden Safran, um raffinierte, delikate traditionelle Gerichte","robots":{"index":"index","follow":"follow","max-snippet":"max-snippet:-1","max-image-preview":"max-image-preview:large","max-video-preview":"max-video-preview:-1"},"canonical":"https:\/\/crocussativus.eu\/de\/produkt\/safran\/","og_locale":"de_DE","og_type":"article","og_title":"Safran 5 Gramm","og_description":"safran Reinheit wichtig f\u00fcr Qualit\u00e4t und Wirkung.Ber\u00fchmte K\u00f6che auf der ganzen Welt verwenden Safran, um raffinierte, delikate traditionelle Gerichte","og_url":"https:\/\/crocussativus.eu\/de\/produkt\/safran\/","og_site_name":"Crocussativus","article_publisher":"https:\/\/www.facebook.com\/crocussativus.eu","article_modified_time":"2025-09-14T14:24:21+00:00","og_image":[{"width":800,"height":563,"url":"https:\/\/crocussativus.eu\/wp-content\/uploads\/2022\/04\/pr_saffraan.jpg","type":"image\/jpeg"}],"twitter_card":"summary_large_image","twitter_misc":{"Gesch\u00e4tzte Lesezeit":"3\u00a0Minuten"},"schema":{"@context":"https:\/\/schema.org","@graph":[{"@type":"WebPage","@id":"https:\/\/crocussativus.eu\/de\/produkt\/safran\/","url":"https:\/\/crocussativus.eu\/de\/produkt\/safran\/","name":"Safran 5 Gramm - Crocussativus","isPartOf":{"@id":"https:\/\/crocussativus.eu\/#website"},"primaryImageOfPage":{"@id":"https:\/\/crocussativus.eu\/de\/produkt\/safran\/#primaryimage"},"image":{"@id":"https:\/\/crocussativus.eu\/de\/produkt\/safran\/#primaryimage"},"thumbnailUrl":"https:\/\/crocussativus.eu\/wp-content\/uploads\/2022\/04\/pr_saffraan.jpg","datePublished":"2022-02-11T10:24:17+00:00","dateModified":"2025-09-14T14:24:21+00:00","description":"safran Reinheit wichtig f\u00fcr Qualit\u00e4t und Wirkung.Ber\u00fchmte K\u00f6che auf der ganzen Welt verwenden Safran, um raffinierte, delikate traditionelle Gerichte","breadcrumb":{"@id":"https:\/\/crocussativus.eu\/de\/produkt\/safran\/#breadcrumb"},"inLanguage":"de","potentialAction":[{"@type":"ReadAction","target":["https:\/\/crocussativus.eu\/de\/produkt\/safran\/"]}]},{"@type":"ImageObject","inLanguage":"de","@id":"https:\/\/crocussativus.eu\/de\/produkt\/safran\/#primaryimage","url":"https:\/\/crocussativus.eu\/wp-content\/uploads\/2022\/04\/pr_saffraan.jpg","contentUrl":"https:\/\/crocussativus.eu\/wp-content\/uploads\/2022\/04\/pr_saffraan.jpg","width":800,"height":563,"caption":"Das edle Rotgold \u2013 Safran von h\u00f6chster Qualit\u00e4t.\u201c"},{"@type":"BreadcrumbList","@id":"https:\/\/crocussativus.eu\/de\/produkt\/safran\/#breadcrumb","itemListElement":[{"@type":"ListItem","position":1,"name":"Home","item":"https:\/\/crocussativus.eu\/de\/"},{"@type":"ListItem","position":2,"name":"Shop","item":"https:\/\/crocussativus.eu\/de\/shop\/"},{"@type":"ListItem","position":3,"name":"Safran 5 Gramm"}]},{"@type":"WebSite","@id":"https:\/\/crocussativus.eu\/#website","url":"https:\/\/crocussativus.eu\/","name":"Crocussativus.eu","description":"Saffraan, Capsules, Crocus sativus bollen &amp; Saffraankaas","publisher":{"@id":"https:\/\/crocussativus.eu\/#organization"},"potentialAction":[{"@type":"SearchAction","target":{"@type":"EntryPoint","urlTemplate":"https:\/\/crocussativus.eu\/?s={search_term_string}"},"query-input":{"@type":"PropertyValueSpecification","valueRequired":true,"valueName":"search_term_string"}}],"inLanguage":"de"},{"@type":"Organization","@id":"https:\/\/crocussativus.eu\/#organization","name":"abac holland bv","alternateName":"crocus sativus .eu","url":"https:\/\/crocussativus.eu\/","logo":{"@type":"ImageObject","inLanguage":"de","@id":"https:\/\/crocussativus.eu\/#\/schema\/logo\/image\/","url":"https:\/\/crocussativus.eu\/wp-content\/uploads\/2023\/06\/logo_h80-1.png","contentUrl":"https:\/\/crocussativus.eu\/wp-content\/uploads\/2023\/06\/logo_h80-1.png","width":181,"height":80,"caption":"abac holland bv"},"image":{"@id":"https:\/\/crocussativus.eu\/#\/schema\/logo\/image\/"},"sameAs":["https:\/\/www.facebook.com\/crocussativus.eu"],"description":"Social and Solidarity Enterprise. We do everything we can to oSociale en Solidaire Onderneming. We doen er alles aan om innovatieve en transparante middelen en diensten aan te bieden en zo de Saffraan- en Crocus sativus telers te ondersteunen.ffer innovative and transparent resources and services to support Saffron and Crocus sativus growers.","email":"info@abacholland.com","telephone":"+31 (0)627 267 149","legalName":"abac holland bv","foundingDate":"2011-01-09"}]}},"_links":{"self":[{"href":"https:\/\/crocussativus.eu\/de\/wp-json\/wp\/v2\/product\/682","targetHints":{"allow":["GET"]}}],"collection":[{"href":"https:\/\/crocussativus.eu\/de\/wp-json\/wp\/v2\/product"}],"about":[{"href":"https:\/\/crocussativus.eu\/de\/wp-json\/wp\/v2\/types\/product"}],"replies":[{"embeddable":true,"href":"https:\/\/crocussativus.eu\/de\/wp-json\/wp\/v2\/comments?post=682"}],"wp:featuredmedia":[{"embeddable":true,"href":"https:\/\/crocussativus.eu\/de\/wp-json\/wp\/v2\/media\/823"}],"wp:attachment":[{"href":"https:\/\/crocussativus.eu\/de\/wp-json\/wp\/v2\/media?parent=682"}],"wp:term":[{"taxonomy":"product_brand","embeddable":true,"href":"https:\/\/crocussativus.eu\/de\/wp-json\/wp\/v2\/product_brand?post=682"},{"taxonomy":"product_cat","embeddable":true,"href":"https:\/\/crocussativus.eu\/de\/wp-json\/wp\/v2\/product_cat?post=682"},{"taxonomy":"product_tag","embeddable":true,"href":"https:\/\/crocussativus.eu\/de\/wp-json\/wp\/v2\/product_tag?post=682"}],"curies":[{"name":"wp","href":"https:\/\/api.w.org\/{rel}","templated":true}]}}