{"id":1006,"date":"2022-02-07T14:36:23","date_gmt":"2022-02-07T14:36:23","guid":{"rendered":"https:\/\/demo.crocussativus.eu\/over-ons\/"},"modified":"2025-05-17T09:02:26","modified_gmt":"2025-05-17T09:02:26","slug":"sobre-nosotros","status":"publish","type":"page","link":"https:\/\/crocussativus.eu\/es\/sobre-nosotros\/","title":{"rendered":"Sobre nosotros"},"content":{"rendered":"<div class=\"wpb-content-wrapper\"><p>[vc_row][vc_column][vc_column_text]<\/p>\n<h5>The owners of ABAC Holland<\/h5>\n<p>os propietarios de ABAC Holland BV tienen m\u00e1s de 40 a\u00f1os de experiencia en horticultura y agricultura. Una de sus especializaciones est\u00e1 en toda la cadena del Azafr\u00e1n: cultivo, recolecci\u00f3n, selecci\u00f3n, certificaci\u00f3n, procesado, envasado, transporte, venta y comercializaci\u00f3n. ABAC Holland BV tiene una posici\u00f3n \u00fanica como el principal productor y comercializador de bulbos de azafr\u00e1n en los Pa\u00edses Bajos.<\/p>\n<p>Experto en azafr\u00e1n<\/p>\n<p>El experto en azafr\u00e1n de la empresa ha acumulado experiencia en el sector del azafr\u00e1n en 3 continentes: Europa (Pa\u00edses Bajos, Espa\u00f1a y Portugal), \u00c1frica (Marruecos) y Asia (India y Afganist\u00e1n). ABAC Holland BV est\u00e1 continuamente activo en el desarrollo y la mejora de la cadena de valor del azafr\u00e1n en un n\u00famero creciente de pa\u00edses.<\/p>\n<p>Productores de azafr\u00e1n en todo el mundo<\/p>\n<p>Los cultivadores de azafr\u00e1n de todo el mundo suelen considerar a ABAC Holland BV como un importante experto y una base de conocimientos tanto para la producci\u00f3n de bulbos de azafr\u00e1n como para la producci\u00f3n de azafr\u00e1n. Agricultores de los 5 continentes se acercan continuamente a la empresa para obtener asesoramiento, capacitaci\u00f3n, entrega de bulbos, asistencia en marketing y ventas y asociaciones. Adem\u00e1s, el director general de la empresa ha sido galardonado varias veces con subvenciones del gobierno holand\u00e9s, tanto para ejecutar proyectos en Afganist\u00e1n como para realizar investigaciones pioneras en los Pa\u00edses Bajos.<\/p>\n<p>Actividades Azafr\u00e1n<\/p>\n<p>Apart from its activities in saffron, ABAC Holland BV is also active in sectors like strawberries, blackberries, fruit trees, processed foods (100% Fresh Fruit Juice) as well as development of and research on biological treatment of diseases in horticultural and agricultural crops. Pilot projects focusing on solving persistent problems in agriculture and water in various countries are in the pipeline.<\/p>\n<h5>Partners of ABAC Holland<\/h5>\n<p>The partners in ABAC Holland BV together have over 40 years of experience in horticultural projects in 4 continents, in countries such as India, China, Egypt, South Africa, Honduras, Guatemala and Colombia. They have worked at all levels, from farmers to central government ministers. One of the partners has worked for the Dutch development bank FMO. He has created teams to conduct feasibility studies in Floriculture in Mexico, Honduras and India, He has been instrumental in the birth of the Indian Floriculture industry and has created a breakthrough for the Mexican export of flowers to the United States. In India he has been involved in the co-management and implementation of several flower farms.<\/p>\n<p>&nbsp;<\/p>\n<h5 class=\"has-luminous-vivid-orange-color has-text-color\"><img loading=\"lazy\" decoding=\"async\" class=\"alignnone wp-image-185 aligncenter\" src=\"https:\/\/crocussativus.eu\/wp-content\/uploads\/2022\/02\/about_us-300x169.jpg\" alt=\"\" width=\"401\" height=\"226\" srcset=\"https:\/\/crocussativus.eu\/wp-content\/uploads\/2022\/02\/about_us-300x169.jpg 300w, https:\/\/crocussativus.eu\/wp-content\/uploads\/2022\/02\/about_us-600x338.jpg 600w, https:\/\/crocussativus.eu\/wp-content\/uploads\/2022\/02\/about_us.jpg 768w\" sizes=\"auto, (max-width: 401px) 100vw, 401px\" \/><\/h5>\n<h5 style=\"text-align: center;\">Saffron cultivation and more.<\/h5>\n<p>[\/vc_column_text][\/vc_column][\/vc_row][vc_row full_width=\u00bbstretch_row\u00bb css=\u00bb.vc_custom_1644242697585{background-color: #f9f9f9 !important;}\u00bb][vc_column width=\u00bb1\/4&#8243;][vc_column_text]<\/p>\n<h4>DETALLES DE LA COMPA\u00d1\u00cdA<\/h4>\n<p><strong>ABAC Holland B.V.<\/strong><br \/>\nAttn. Crocussativus<br \/>\nMr.J.Henderikxstraat 57<br \/>\n1788 AZ Julianadorp<br \/>\nPa\u00edses Bajos<\/p>\n<p>Holand\u00e9s CoC 54348765<br \/>\nIVA NL8512.69.382.B01[\/vc_column_text][\/vc_column][vc_column width=\u00bb1\/4&#8243;][vc_column_text css=\u00bb\u00bb]<\/p>\n<h4>CONTACTO<\/h4>\n<p><strong>Crocussativus.eu<\/strong><br \/>\nT +31 (0)627267149<br \/>\ninfo@crocussativus.eu<\/p>\n<p>[\/vc_column_text][\/vc_column][vc_column width=\u00bb1\/4&#8243;][vc_column_text]<\/p>\n<h4>COMPRAS<\/h4>\n<p>Todas nuestras transacciones son procesadas de forma segura por Mollie.<\/p>\n<p>Costos de env\u00edo:<\/p>\n<p>Pa\u00edses Bajos &#8211; gratis<br \/>\nE.U. &#8211; \u20ac6 por pedido<br \/>\nFuera de E.U. -precio a petici\u00f3n.<\/p>\n<p>*Los pa\u00edses con requisitos fitosanitarios pagan la inspecci\u00f3n de las tasas.[\/vc_column_text][\/vc_column][vc_column width=\u00bb1\/4&#8243;][vc_column_text]<\/p>\n<h5>KLANTENSERVICE<\/h5>\n<p>[\/vc_column_text][vc_wp_custommenu nav_menu=\u00bb36&#8243;][\/vc_column][\/vc_row]<\/p>\n<\/div>","protected":false},"excerpt":{"rendered":"<p>[vc_row][vc_column][vc_column_text] The owners of ABAC Holland os propietarios de ABAC Holland BV tienen m\u00e1s de 40 a\u00f1os de experiencia en horticultura y agricultura. Una de sus especializaciones est\u00e1 en toda la cadena del Azafr\u00e1n: cultivo, recolecci\u00f3n, selecci\u00f3n, certificaci\u00f3n, procesado, envasado, transporte, venta y comercializaci\u00f3n. ABAC Holland BV tiene una posici\u00f3n \u00fanica como el principal productor&hellip;<\/p>\n","protected":false},"author":1,"featured_media":0,"parent":0,"menu_order":0,"comment_status":"closed","ping_status":"closed","template":"","meta":{"footnotes":""},"class_list":["post-1006","page","type-page","status-publish","hentry","description-off"],"yoast_head":"<!-- This site is optimized with the Yoast SEO Premium plugin v26.5 (Yoast SEO v26.5) - https:\/\/yoast.com\/wordpress\/plugins\/seo\/ -->\n<title>Sobre nosotros - Crocussativus<\/title>\n<meta name=\"robots\" content=\"index, follow, max-snippet:-1, max-image-preview:large, max-video-preview:-1\" \/>\n<link rel=\"canonical\" href=\"https:\/\/crocussativus.eu\/es\/sobre-nosotros\/\" \/>\n<meta property=\"og:locale\" content=\"es_ES\" \/>\n<meta property=\"og:type\" content=\"article\" \/>\n<meta property=\"og:title\" content=\"Sobre nosotros\" \/>\n<meta property=\"og:description\" content=\"[vc_row][vc_column][vc_column_text] The owners of ABAC Holland os propietarios de ABAC Holland BV tienen m\u00e1s de 40 a\u00f1os de experiencia en horticultura y agricultura. Una de sus especializaciones est\u00e1 en toda la cadena del Azafr\u00e1n: cultivo, recolecci\u00f3n, selecci\u00f3n, certificaci\u00f3n, procesado, envasado, transporte, venta y comercializaci\u00f3n. ABAC Holland BV tiene una posici\u00f3n \u00fanica como el principal productor&hellip;\" \/>\n<meta property=\"og:url\" content=\"https:\/\/crocussativus.eu\/es\/sobre-nosotros\/\" \/>\n<meta property=\"og:site_name\" content=\"Crocussativus\" \/>\n<meta property=\"article:publisher\" content=\"https:\/\/www.facebook.com\/crocussativus.eu\" \/>\n<meta property=\"article:modified_time\" content=\"2025-05-17T09:02:26+00:00\" \/>\n<meta property=\"og:image\" content=\"https:\/\/crocussativus.eu\/wp-content\/uploads\/2022\/02\/about_us.jpg\" \/>\n\t<meta property=\"og:image:width\" content=\"768\" \/>\n\t<meta property=\"og:image:height\" content=\"432\" \/>\n\t<meta property=\"og:image:type\" content=\"image\/jpeg\" \/>\n<meta name=\"twitter:card\" content=\"summary_large_image\" \/>\n<meta name=\"twitter:label1\" content=\"Tiempo de lectura\" \/>\n\t<meta name=\"twitter:data1\" content=\"3 minutos\" \/>\n<script type=\"application\/ld+json\" class=\"yoast-schema-graph\">{\"@context\":\"https:\/\/schema.org\",\"@graph\":[{\"@type\":\"WebPage\",\"@id\":\"https:\/\/crocussativus.eu\/es\/sobre-nosotros\/\",\"url\":\"https:\/\/crocussativus.eu\/es\/sobre-nosotros\/\",\"name\":\"Sobre nosotros - Crocussativus\",\"isPartOf\":{\"@id\":\"https:\/\/crocussativus.eu\/#website\"},\"primaryImageOfPage\":{\"@id\":\"https:\/\/crocussativus.eu\/es\/sobre-nosotros\/#primaryimage\"},\"image\":{\"@id\":\"https:\/\/crocussativus.eu\/es\/sobre-nosotros\/#primaryimage\"},\"thumbnailUrl\":\"https:\/\/crocussativus.eu\/wp-content\/uploads\/2022\/02\/about_us-300x169.jpg\",\"datePublished\":\"2022-02-07T14:36:23+00:00\",\"dateModified\":\"2025-05-17T09:02:26+00:00\",\"breadcrumb\":{\"@id\":\"https:\/\/crocussativus.eu\/es\/sobre-nosotros\/#breadcrumb\"},\"inLanguage\":\"es\",\"potentialAction\":[{\"@type\":\"ReadAction\",\"target\":[\"https:\/\/crocussativus.eu\/es\/sobre-nosotros\/\"]}]},{\"@type\":\"ImageObject\",\"inLanguage\":\"es\",\"@id\":\"https:\/\/crocussativus.eu\/es\/sobre-nosotros\/#primaryimage\",\"url\":\"https:\/\/crocussativus.eu\/wp-content\/uploads\/2022\/02\/about_us-300x169.jpg\",\"contentUrl\":\"https:\/\/crocussativus.eu\/wp-content\/uploads\/2022\/02\/about_us-300x169.jpg\"},{\"@type\":\"BreadcrumbList\",\"@id\":\"https:\/\/crocussativus.eu\/es\/sobre-nosotros\/#breadcrumb\",\"itemListElement\":[{\"@type\":\"ListItem\",\"position\":1,\"name\":\"Home\",\"item\":\"https:\/\/crocussativus.eu\/es\/\"},{\"@type\":\"ListItem\",\"position\":2,\"name\":\"Sobre nosotros\"}]},{\"@type\":\"WebSite\",\"@id\":\"https:\/\/crocussativus.eu\/#website\",\"url\":\"https:\/\/crocussativus.eu\/\",\"name\":\"Crocussativus.eu\",\"description\":\"Saffraan, Capsules, Crocus sativus bollen &amp; Saffraankaas\",\"publisher\":{\"@id\":\"https:\/\/crocussativus.eu\/#organization\"},\"potentialAction\":[{\"@type\":\"SearchAction\",\"target\":{\"@type\":\"EntryPoint\",\"urlTemplate\":\"https:\/\/crocussativus.eu\/?s={search_term_string}\"},\"query-input\":{\"@type\":\"PropertyValueSpecification\",\"valueRequired\":true,\"valueName\":\"search_term_string\"}}],\"inLanguage\":\"es\"},{\"@type\":\"Organization\",\"@id\":\"https:\/\/crocussativus.eu\/#organization\",\"name\":\"abac holland bv\",\"alternateName\":\"crocus sativus .eu\",\"url\":\"https:\/\/crocussativus.eu\/\",\"logo\":{\"@type\":\"ImageObject\",\"inLanguage\":\"es\",\"@id\":\"https:\/\/crocussativus.eu\/#\/schema\/logo\/image\/\",\"url\":\"https:\/\/crocussativus.eu\/wp-content\/uploads\/2023\/06\/logo_h80-1.png\",\"contentUrl\":\"https:\/\/crocussativus.eu\/wp-content\/uploads\/2023\/06\/logo_h80-1.png\",\"width\":181,\"height\":80,\"caption\":\"abac holland bv\"},\"image\":{\"@id\":\"https:\/\/crocussativus.eu\/#\/schema\/logo\/image\/\"},\"sameAs\":[\"https:\/\/www.facebook.com\/crocussativus.eu\"],\"description\":\"Social and Solidarity Enterprise. We do everything we can to oSociale en Solidaire Onderneming. We doen er alles aan om innovatieve en transparante middelen en diensten aan te bieden en zo de Saffraan- en Crocus sativus telers te ondersteunen.ffer innovative and transparent resources and services to support Saffron and Crocus sativus growers.\",\"email\":\"info@abacholland.com\",\"telephone\":\"+31 (0)627 267 149\",\"legalName\":\"abac holland bv\",\"foundingDate\":\"2011-01-09\"}]}<\/script>\n<!-- \/ Yoast SEO Premium plugin. -->","yoast_head_json":{"title":"Sobre nosotros - Crocussativus","robots":{"index":"index","follow":"follow","max-snippet":"max-snippet:-1","max-image-preview":"max-image-preview:large","max-video-preview":"max-video-preview:-1"},"canonical":"https:\/\/crocussativus.eu\/es\/sobre-nosotros\/","og_locale":"es_ES","og_type":"article","og_title":"Sobre nosotros","og_description":"[vc_row][vc_column][vc_column_text] The owners of ABAC Holland os propietarios de ABAC Holland BV tienen m\u00e1s de 40 a\u00f1os de experiencia en horticultura y agricultura. Una de sus especializaciones est\u00e1 en toda la cadena del Azafr\u00e1n: cultivo, recolecci\u00f3n, selecci\u00f3n, certificaci\u00f3n, procesado, envasado, transporte, venta y comercializaci\u00f3n. ABAC Holland BV tiene una posici\u00f3n \u00fanica como el principal productor&hellip;","og_url":"https:\/\/crocussativus.eu\/es\/sobre-nosotros\/","og_site_name":"Crocussativus","article_publisher":"https:\/\/www.facebook.com\/crocussativus.eu","article_modified_time":"2025-05-17T09:02:26+00:00","og_image":[{"width":768,"height":432,"url":"https:\/\/crocussativus.eu\/wp-content\/uploads\/2022\/02\/about_us.jpg","type":"image\/jpeg"}],"twitter_card":"summary_large_image","twitter_misc":{"Tiempo de lectura":"3 minutos"},"schema":{"@context":"https:\/\/schema.org","@graph":[{"@type":"WebPage","@id":"https:\/\/crocussativus.eu\/es\/sobre-nosotros\/","url":"https:\/\/crocussativus.eu\/es\/sobre-nosotros\/","name":"Sobre nosotros - Crocussativus","isPartOf":{"@id":"https:\/\/crocussativus.eu\/#website"},"primaryImageOfPage":{"@id":"https:\/\/crocussativus.eu\/es\/sobre-nosotros\/#primaryimage"},"image":{"@id":"https:\/\/crocussativus.eu\/es\/sobre-nosotros\/#primaryimage"},"thumbnailUrl":"https:\/\/crocussativus.eu\/wp-content\/uploads\/2022\/02\/about_us-300x169.jpg","datePublished":"2022-02-07T14:36:23+00:00","dateModified":"2025-05-17T09:02:26+00:00","breadcrumb":{"@id":"https:\/\/crocussativus.eu\/es\/sobre-nosotros\/#breadcrumb"},"inLanguage":"es","potentialAction":[{"@type":"ReadAction","target":["https:\/\/crocussativus.eu\/es\/sobre-nosotros\/"]}]},{"@type":"ImageObject","inLanguage":"es","@id":"https:\/\/crocussativus.eu\/es\/sobre-nosotros\/#primaryimage","url":"https:\/\/crocussativus.eu\/wp-content\/uploads\/2022\/02\/about_us-300x169.jpg","contentUrl":"https:\/\/crocussativus.eu\/wp-content\/uploads\/2022\/02\/about_us-300x169.jpg"},{"@type":"BreadcrumbList","@id":"https:\/\/crocussativus.eu\/es\/sobre-nosotros\/#breadcrumb","itemListElement":[{"@type":"ListItem","position":1,"name":"Home","item":"https:\/\/crocussativus.eu\/es\/"},{"@type":"ListItem","position":2,"name":"Sobre nosotros"}]},{"@type":"WebSite","@id":"https:\/\/crocussativus.eu\/#website","url":"https:\/\/crocussativus.eu\/","name":"Crocussativus.eu","description":"Saffraan, Capsules, Crocus sativus bollen &amp; Saffraankaas","publisher":{"@id":"https:\/\/crocussativus.eu\/#organization"},"potentialAction":[{"@type":"SearchAction","target":{"@type":"EntryPoint","urlTemplate":"https:\/\/crocussativus.eu\/?s={search_term_string}"},"query-input":{"@type":"PropertyValueSpecification","valueRequired":true,"valueName":"search_term_string"}}],"inLanguage":"es"},{"@type":"Organization","@id":"https:\/\/crocussativus.eu\/#organization","name":"abac holland bv","alternateName":"crocus sativus .eu","url":"https:\/\/crocussativus.eu\/","logo":{"@type":"ImageObject","inLanguage":"es","@id":"https:\/\/crocussativus.eu\/#\/schema\/logo\/image\/","url":"https:\/\/crocussativus.eu\/wp-content\/uploads\/2023\/06\/logo_h80-1.png","contentUrl":"https:\/\/crocussativus.eu\/wp-content\/uploads\/2023\/06\/logo_h80-1.png","width":181,"height":80,"caption":"abac holland bv"},"image":{"@id":"https:\/\/crocussativus.eu\/#\/schema\/logo\/image\/"},"sameAs":["https:\/\/www.facebook.com\/crocussativus.eu"],"description":"Social and Solidarity Enterprise. We do everything we can to oSociale en Solidaire Onderneming. We doen er alles aan om innovatieve en transparante middelen en diensten aan te bieden en zo de Saffraan- en Crocus sativus telers te ondersteunen.ffer innovative and transparent resources and services to support Saffron and Crocus sativus growers.","email":"info@abacholland.com","telephone":"+31 (0)627 267 149","legalName":"abac holland bv","foundingDate":"2011-01-09"}]}},"_links":{"self":[{"href":"https:\/\/crocussativus.eu\/es\/wp-json\/wp\/v2\/pages\/1006","targetHints":{"allow":["GET"]}}],"collection":[{"href":"https:\/\/crocussativus.eu\/es\/wp-json\/wp\/v2\/pages"}],"about":[{"href":"https:\/\/crocussativus.eu\/es\/wp-json\/wp\/v2\/types\/page"}],"author":[{"embeddable":true,"href":"https:\/\/crocussativus.eu\/es\/wp-json\/wp\/v2\/users\/1"}],"replies":[{"embeddable":true,"href":"https:\/\/crocussativus.eu\/es\/wp-json\/wp\/v2\/comments?post=1006"}],"version-history":[{"count":0,"href":"https:\/\/crocussativus.eu\/es\/wp-json\/wp\/v2\/pages\/1006\/revisions"}],"wp:attachment":[{"href":"https:\/\/crocussativus.eu\/es\/wp-json\/wp\/v2\/media?parent=1006"}],"curies":[{"name":"wp","href":"https:\/\/api.w.org\/{rel}","templated":true}]}}