{"id":1010,"date":"2022-02-07T14:26:35","date_gmt":"2022-02-07T14:26:35","guid":{"rendered":"https:\/\/demo.crocussativus.eu\/nieuws\/"},"modified":"2025-09-02T14:30:39","modified_gmt":"2025-09-02T14:30:39","slug":"noticia","status":"publish","type":"page","link":"https:\/\/crocussativus.eu\/es\/noticia\/","title":{"rendered":"Noticia"},"content":{"rendered":"<div class=\"wpb-content-wrapper\"><p>[vc_row][vc_column][vc_basic_grid post_type=\u00bbpost\u00bb max_items=\u00bb10&#8243; style=\u00bbload-more\u00bb element_width=\u00bb6&#8243; grid_id=\u00bbvc_gid:1756823424159-28501ef8-952a-6&#8243; taxonomies=\u00bb39&#8243;][\/vc_column][\/vc_row][vc_row full_width=\u00bbstretch_row\u00bb css=\u00bb.vc_custom_1644242697585{background-color: #f9f9f9 !important;}\u00bb][vc_column width=\u00bb1\/4&#8243;][vc_column_text]<\/p>\n<h4>DETALLES DE LA COMPA\u00d1\u00cdA<\/h4>\n<p><strong>ABAC Holland B.V.<\/strong><br \/>\nAttn. Crocussativus<br \/>\nMr.J.Henderikxstraat 57<br \/>\n1788 AZ Julianadorp<br \/>\nPa\u00edses Bajos<\/p>\n<p>Holand\u00e9s CoC 54348765<br \/>\nIVA NL8512.69.382.B01[\/vc_column_text][\/vc_column][vc_column width=\u00bb1\/4&#8243;][vc_column_text css=\u00bb\u00bb]<\/p>\n<h4>CONTACTO<\/h4>\n<p><strong>Crocussativus.eu<\/strong><br \/>\nT +31 (0)627267149<br \/>\ninfo@crocussativus.eu<\/p>\n<p>[\/vc_column_text][\/vc_column][vc_column width=\u00bb1\/4&#8243;][vc_column_text]<\/p>\n<h4>COMPRAS<\/h4>\n<p>Todas nuestras transacciones son procesadas de forma segura por Mollie.<\/p>\n<p>Costos de env\u00edo:<\/p>\n<p>Pa\u00edses Bajos &#8211; gratis<br \/>\nE.U. &#8211; \u20ac6 por pedido<br \/>\nFuera de E.U. -precio a petici\u00f3n.<\/p>\n<p>*Los pa\u00edses con requisitos fitosanitarios pagan la inspecci\u00f3n de las tasas.[\/vc_column_text][\/vc_column][vc_column width=\u00bb1\/4&#8243;][vc_column_text]<\/p>\n<h5>KLANTENSERVICE<\/h5>\n<p>[\/vc_column_text][vc_wp_custommenu nav_menu=\u00bb36&#8243;][\/vc_column][\/vc_row]<\/p>\n<\/div>","protected":false},"excerpt":{"rendered":"<p>[vc_row][vc_column][vc_basic_grid post_type=\u00bbpost\u00bb max_items=\u00bb10&#8243; style=\u00bbload-more\u00bb element_width=\u00bb6&#8243; grid_id=\u00bbvc_gid:1756823424159-28501ef8-952a-6&#8243; taxonomies=\u00bb39&#8243;][\/vc_column][\/vc_row][vc_row full_width=\u00bbstretch_row\u00bb css=\u00bb.vc_custom_1644242697585{background-color: #f9f9f9 !important;}\u00bb][vc_column width=\u00bb1\/4&#8243;][vc_column_text] DETALLES DE LA COMPA\u00d1\u00cdA ABAC Holland B.V. Attn. Crocussativus Mr.J.Henderikxstraat 57 1788 AZ Julianadorp Pa\u00edses Bajos Holand\u00e9s CoC 54348765 IVA NL8512.69.382.B01[\/vc_column_text][\/vc_column][vc_column width=\u00bb1\/4&#8243;][vc_column_text css=\u00bb\u00bb] CONTACTO Crocussativus.eu T +31 (0)627267149 info@crocussativus.eu [\/vc_column_text][\/vc_column][vc_column width=\u00bb1\/4&#8243;][vc_column_text] COMPRAS Todas nuestras transacciones son procesadas de forma segura por Mollie. Costos&hellip;<\/p>\n","protected":false},"author":1,"featured_media":0,"parent":0,"menu_order":0,"comment_status":"closed","ping_status":"closed","template":"","meta":{"footnotes":""},"class_list":["post-1010","page","type-page","status-publish","hentry","description-off"],"yoast_head":"<!-- This site is optimized with the Yoast SEO Premium plugin v26.5 (Yoast SEO v26.5) - https:\/\/yoast.com\/wordpress\/plugins\/seo\/ -->\n<title>Noticia - Crocussativus<\/title>\n<meta name=\"robots\" content=\"index, follow, max-snippet:-1, max-image-preview:large, max-video-preview:-1\" \/>\n<link rel=\"canonical\" href=\"https:\/\/crocussativus.eu\/es\/noticia\/\" \/>\n<meta property=\"og:locale\" content=\"es_ES\" \/>\n<meta property=\"og:type\" content=\"article\" \/>\n<meta property=\"og:title\" content=\"Noticia\" \/>\n<meta property=\"og:description\" content=\"[vc_row][vc_column][vc_basic_grid post_type=\u00bbpost\u00bb max_items=\u00bb10&#8243; style=\u00bbload-more\u00bb element_width=\u00bb6&#8243; grid_id=\u00bbvc_gid:1756823424159-28501ef8-952a-6&#8243; taxonomies=\u00bb39&#8243;][\/vc_column][\/vc_row][vc_row full_width=\u00bbstretch_row\u00bb css=\u00bb.vc_custom_1644242697585{background-color: #f9f9f9 !important;}\u00bb][vc_column width=\u00bb1\/4&#8243;][vc_column_text] DETALLES DE LA COMPA\u00d1\u00cdA ABAC Holland B.V. Attn. Crocussativus Mr.J.Henderikxstraat 57 1788 AZ Julianadorp Pa\u00edses Bajos Holand\u00e9s CoC 54348765 IVA NL8512.69.382.B01[\/vc_column_text][\/vc_column][vc_column width=\u00bb1\/4&#8243;][vc_column_text css=\u00bb\u00bb] CONTACTO Crocussativus.eu T +31 (0)627267149 info@crocussativus.eu [\/vc_column_text][\/vc_column][vc_column width=\u00bb1\/4&#8243;][vc_column_text] COMPRAS Todas nuestras transacciones son procesadas de forma segura por Mollie. Costos&hellip;\" \/>\n<meta property=\"og:url\" content=\"https:\/\/crocussativus.eu\/es\/noticia\/\" \/>\n<meta property=\"og:site_name\" content=\"Crocussativus\" \/>\n<meta property=\"article:publisher\" content=\"https:\/\/www.facebook.com\/crocussativus.eu\" \/>\n<meta property=\"article:modified_time\" content=\"2025-09-02T14:30:39+00:00\" \/>\n<meta property=\"og:image\" content=\"https:\/\/crocussativus.eu\/wp-content\/uploads\/2022\/02\/saffraan.jpg\" \/>\n\t<meta property=\"og:image:width\" content=\"900\" \/>\n\t<meta property=\"og:image:height\" content=\"500\" \/>\n\t<meta property=\"og:image:type\" content=\"image\/jpeg\" \/>\n<meta name=\"twitter:card\" content=\"summary_large_image\" \/>\n<meta name=\"twitter:label1\" content=\"Tiempo de lectura\" \/>\n\t<meta name=\"twitter:data1\" content=\"1 minuto\" \/>\n<script type=\"application\/ld+json\" class=\"yoast-schema-graph\">{\"@context\":\"https:\/\/schema.org\",\"@graph\":[{\"@type\":\"WebPage\",\"@id\":\"https:\/\/crocussativus.eu\/es\/noticia\/\",\"url\":\"https:\/\/crocussativus.eu\/es\/noticia\/\",\"name\":\"Noticia - Crocussativus\",\"isPartOf\":{\"@id\":\"https:\/\/crocussativus.eu\/#website\"},\"datePublished\":\"2022-02-07T14:26:35+00:00\",\"dateModified\":\"2025-09-02T14:30:39+00:00\",\"breadcrumb\":{\"@id\":\"https:\/\/crocussativus.eu\/es\/noticia\/#breadcrumb\"},\"inLanguage\":\"es\",\"potentialAction\":[{\"@type\":\"ReadAction\",\"target\":[\"https:\/\/crocussativus.eu\/es\/noticia\/\"]}]},{\"@type\":\"BreadcrumbList\",\"@id\":\"https:\/\/crocussativus.eu\/es\/noticia\/#breadcrumb\",\"itemListElement\":[{\"@type\":\"ListItem\",\"position\":1,\"name\":\"Home\",\"item\":\"https:\/\/crocussativus.eu\/es\/\"},{\"@type\":\"ListItem\",\"position\":2,\"name\":\"Noticia\"}]},{\"@type\":\"WebSite\",\"@id\":\"https:\/\/crocussativus.eu\/#website\",\"url\":\"https:\/\/crocussativus.eu\/\",\"name\":\"Crocussativus.eu\",\"description\":\"Saffraan, Capsules, Crocus sativus bollen &amp; Saffraankaas\",\"publisher\":{\"@id\":\"https:\/\/crocussativus.eu\/#organization\"},\"potentialAction\":[{\"@type\":\"SearchAction\",\"target\":{\"@type\":\"EntryPoint\",\"urlTemplate\":\"https:\/\/crocussativus.eu\/?s={search_term_string}\"},\"query-input\":{\"@type\":\"PropertyValueSpecification\",\"valueRequired\":true,\"valueName\":\"search_term_string\"}}],\"inLanguage\":\"es\"},{\"@type\":\"Organization\",\"@id\":\"https:\/\/crocussativus.eu\/#organization\",\"name\":\"abac holland bv\",\"alternateName\":\"crocus sativus .eu\",\"url\":\"https:\/\/crocussativus.eu\/\",\"logo\":{\"@type\":\"ImageObject\",\"inLanguage\":\"es\",\"@id\":\"https:\/\/crocussativus.eu\/#\/schema\/logo\/image\/\",\"url\":\"https:\/\/crocussativus.eu\/wp-content\/uploads\/2023\/06\/logo_h80-1.png\",\"contentUrl\":\"https:\/\/crocussativus.eu\/wp-content\/uploads\/2023\/06\/logo_h80-1.png\",\"width\":181,\"height\":80,\"caption\":\"abac holland bv\"},\"image\":{\"@id\":\"https:\/\/crocussativus.eu\/#\/schema\/logo\/image\/\"},\"sameAs\":[\"https:\/\/www.facebook.com\/crocussativus.eu\"],\"description\":\"Social and Solidarity Enterprise. We do everything we can to oSociale en Solidaire Onderneming. We doen er alles aan om innovatieve en transparante middelen en diensten aan te bieden en zo de Saffraan- en Crocus sativus telers te ondersteunen.ffer innovative and transparent resources and services to support Saffron and Crocus sativus growers.\",\"email\":\"info@abacholland.com\",\"telephone\":\"+31 (0)627 267 149\",\"legalName\":\"abac holland bv\",\"foundingDate\":\"2011-01-09\"}]}<\/script>\n<!-- \/ Yoast SEO Premium plugin. -->","yoast_head_json":{"title":"Noticia - Crocussativus","robots":{"index":"index","follow":"follow","max-snippet":"max-snippet:-1","max-image-preview":"max-image-preview:large","max-video-preview":"max-video-preview:-1"},"canonical":"https:\/\/crocussativus.eu\/es\/noticia\/","og_locale":"es_ES","og_type":"article","og_title":"Noticia","og_description":"[vc_row][vc_column][vc_basic_grid post_type=\u00bbpost\u00bb max_items=\u00bb10&#8243; style=\u00bbload-more\u00bb element_width=\u00bb6&#8243; grid_id=\u00bbvc_gid:1756823424159-28501ef8-952a-6&#8243; taxonomies=\u00bb39&#8243;][\/vc_column][\/vc_row][vc_row full_width=\u00bbstretch_row\u00bb css=\u00bb.vc_custom_1644242697585{background-color: #f9f9f9 !important;}\u00bb][vc_column width=\u00bb1\/4&#8243;][vc_column_text] DETALLES DE LA COMPA\u00d1\u00cdA ABAC Holland B.V. Attn. Crocussativus Mr.J.Henderikxstraat 57 1788 AZ Julianadorp Pa\u00edses Bajos Holand\u00e9s CoC 54348765 IVA NL8512.69.382.B01[\/vc_column_text][\/vc_column][vc_column width=\u00bb1\/4&#8243;][vc_column_text css=\u00bb\u00bb] CONTACTO Crocussativus.eu T +31 (0)627267149 info@crocussativus.eu [\/vc_column_text][\/vc_column][vc_column width=\u00bb1\/4&#8243;][vc_column_text] COMPRAS Todas nuestras transacciones son procesadas de forma segura por Mollie. Costos&hellip;","og_url":"https:\/\/crocussativus.eu\/es\/noticia\/","og_site_name":"Crocussativus","article_publisher":"https:\/\/www.facebook.com\/crocussativus.eu","article_modified_time":"2025-09-02T14:30:39+00:00","og_image":[{"width":900,"height":500,"url":"https:\/\/crocussativus.eu\/wp-content\/uploads\/2022\/02\/saffraan.jpg","type":"image\/jpeg"}],"twitter_card":"summary_large_image","twitter_misc":{"Tiempo de lectura":"1 minuto"},"schema":{"@context":"https:\/\/schema.org","@graph":[{"@type":"WebPage","@id":"https:\/\/crocussativus.eu\/es\/noticia\/","url":"https:\/\/crocussativus.eu\/es\/noticia\/","name":"Noticia - Crocussativus","isPartOf":{"@id":"https:\/\/crocussativus.eu\/#website"},"datePublished":"2022-02-07T14:26:35+00:00","dateModified":"2025-09-02T14:30:39+00:00","breadcrumb":{"@id":"https:\/\/crocussativus.eu\/es\/noticia\/#breadcrumb"},"inLanguage":"es","potentialAction":[{"@type":"ReadAction","target":["https:\/\/crocussativus.eu\/es\/noticia\/"]}]},{"@type":"BreadcrumbList","@id":"https:\/\/crocussativus.eu\/es\/noticia\/#breadcrumb","itemListElement":[{"@type":"ListItem","position":1,"name":"Home","item":"https:\/\/crocussativus.eu\/es\/"},{"@type":"ListItem","position":2,"name":"Noticia"}]},{"@type":"WebSite","@id":"https:\/\/crocussativus.eu\/#website","url":"https:\/\/crocussativus.eu\/","name":"Crocussativus.eu","description":"Saffraan, Capsules, Crocus sativus bollen &amp; Saffraankaas","publisher":{"@id":"https:\/\/crocussativus.eu\/#organization"},"potentialAction":[{"@type":"SearchAction","target":{"@type":"EntryPoint","urlTemplate":"https:\/\/crocussativus.eu\/?s={search_term_string}"},"query-input":{"@type":"PropertyValueSpecification","valueRequired":true,"valueName":"search_term_string"}}],"inLanguage":"es"},{"@type":"Organization","@id":"https:\/\/crocussativus.eu\/#organization","name":"abac holland bv","alternateName":"crocus sativus .eu","url":"https:\/\/crocussativus.eu\/","logo":{"@type":"ImageObject","inLanguage":"es","@id":"https:\/\/crocussativus.eu\/#\/schema\/logo\/image\/","url":"https:\/\/crocussativus.eu\/wp-content\/uploads\/2023\/06\/logo_h80-1.png","contentUrl":"https:\/\/crocussativus.eu\/wp-content\/uploads\/2023\/06\/logo_h80-1.png","width":181,"height":80,"caption":"abac holland bv"},"image":{"@id":"https:\/\/crocussativus.eu\/#\/schema\/logo\/image\/"},"sameAs":["https:\/\/www.facebook.com\/crocussativus.eu"],"description":"Social and Solidarity Enterprise. We do everything we can to oSociale en Solidaire Onderneming. We doen er alles aan om innovatieve en transparante middelen en diensten aan te bieden en zo de Saffraan- en Crocus sativus telers te ondersteunen.ffer innovative and transparent resources and services to support Saffron and Crocus sativus growers.","email":"info@abacholland.com","telephone":"+31 (0)627 267 149","legalName":"abac holland bv","foundingDate":"2011-01-09"}]}},"_links":{"self":[{"href":"https:\/\/crocussativus.eu\/es\/wp-json\/wp\/v2\/pages\/1010","targetHints":{"allow":["GET"]}}],"collection":[{"href":"https:\/\/crocussativus.eu\/es\/wp-json\/wp\/v2\/pages"}],"about":[{"href":"https:\/\/crocussativus.eu\/es\/wp-json\/wp\/v2\/types\/page"}],"author":[{"embeddable":true,"href":"https:\/\/crocussativus.eu\/es\/wp-json\/wp\/v2\/users\/1"}],"replies":[{"embeddable":true,"href":"https:\/\/crocussativus.eu\/es\/wp-json\/wp\/v2\/comments?post=1010"}],"version-history":[{"count":0,"href":"https:\/\/crocussativus.eu\/es\/wp-json\/wp\/v2\/pages\/1010\/revisions"}],"wp:attachment":[{"href":"https:\/\/crocussativus.eu\/es\/wp-json\/wp\/v2\/media?parent=1010"}],"curies":[{"name":"wp","href":"https:\/\/api.w.org\/{rel}","templated":true}]}}