{"id":1023,"date":"2022-04-12T14:09:03","date_gmt":"2022-04-12T14:09:03","guid":{"rendered":"https:\/\/demo.crocussativus.eu\/?page_id=1023"},"modified":"2025-11-26T15:22:58","modified_gmt":"2025-11-26T15:22:58","slug":"politica-de-devoluciones-y-reembolsos","status":"publish","type":"page","link":"https:\/\/crocussativus.eu\/es\/politica-de-devoluciones-y-reembolsos\/","title":{"rendered":"Politica-de-Devoluciones-y-Reembolsos"},"content":{"rendered":"<div class=\"wpb-content-wrapper\">[vc_row][vc_column][vc_column_text css=\u00bb\u00bb]\r\n\r\n&nbsp;\r\n\r\n\r\n<h1 data-start=\"159\" data-end=\"202\"><strong data-start=\"161\" data-end=\"202\">Pol\u00edtica de Devoluciones y Reembolsos<\/strong><\/h1>\r\n<h2 data-start=\"204\" data-end=\"221\"><strong data-start=\"207\" data-end=\"221\">1. General<\/strong><\/h2>\r\n<p data-start=\"222\" data-end=\"441\">Nos esforzamos por garantizar la plena satisfacci\u00f3n de nuestros clientes. Si no est\u00e1s satisfecho con tu compra, puedes devolverla bajo las condiciones indicadas a continuaci\u00f3n y recibir un reembolso, cuando corresponda.<\/p>\r\n\r\n\r\n<hr data-start=\"443\" data-end=\"446\" \/>\r\n\r\n<h2 data-start=\"448\" data-end=\"492\"><strong data-start=\"451\" data-end=\"492\">2. Derecho de desistimiento (14 d\u00edas)<\/strong><\/h2>\r\n<p data-start=\"493\" data-end=\"620\">Para compras online, dispones de un <strong data-start=\"529\" data-end=\"566\">plazo de desistimiento de 14 d\u00edas<\/strong>, contado a partir del d\u00eda en que recibes el producto.<\/p>\r\n<p data-start=\"622\" data-end=\"650\">Durante este periodo puedes:<\/p>\r\n\r\n<ul data-start=\"651\" data-end=\"753\">\r\n \t<li data-start=\"651\" data-end=\"693\">\r\n<p data-start=\"653\" data-end=\"693\">Devolver tu pedido total o parcialmente.<\/p>\r\n<\/li>\r\n \t<li data-start=\"694\" data-end=\"753\">\r\n<p data-start=\"696\" data-end=\"753\">Cancelar tu compra sin necesidad de justificar el motivo.<\/p>\r\n<\/li>\r\n<\/ul>\r\n<p data-start=\"755\" data-end=\"858\"><strong data-start=\"755\" data-end=\"770\">Importante:<\/strong> Por razones de higiene y seguridad alimentaria, se aplican excepciones (ver m\u00e1s abajo).<\/p>\r\n\r\n\r\n<hr data-start=\"860\" data-end=\"863\" \/>\r\n\r\n<h2 data-start=\"865\" data-end=\"911\"><strong data-start=\"868\" data-end=\"911\">3. Productos que <em data-start=\"887\" data-end=\"898\">no pueden<\/em> devolverse<\/strong><\/h2>\r\n<p data-start=\"912\" data-end=\"1012\">Por motivos de salud, higiene y seguridad, no se aceptar\u00e1n devoluciones de los siguientes art\u00edculos:<\/p>\r\n\r\n<ul data-start=\"1014\" data-end=\"1222\">\r\n \t<li data-start=\"1014\" data-end=\"1072\">\r\n<p data-start=\"1016\" data-end=\"1072\"><strong data-start=\"1016\" data-end=\"1070\">Envases abiertos o da\u00f1ados de c\u00e1psulas\/suplementos<\/strong><\/p>\r\n<\/li>\r\n \t<li data-start=\"1073\" data-end=\"1118\">\r\n<p data-start=\"1075\" data-end=\"1118\"><strong data-start=\"1075\" data-end=\"1116\">Azafr\u00e1n cuyo envase haya sido abierto<\/strong><\/p>\r\n<\/li>\r\n \t<li data-start=\"1119\" data-end=\"1163\">\r\n<p data-start=\"1121\" data-end=\"1163\">Productos con el sello de seguridad roto<\/p>\r\n<\/li>\r\n \t<li data-start=\"1164\" data-end=\"1222\">\r\n<p data-start=\"1166\" data-end=\"1222\">Productos da\u00f1ados o contaminados despu\u00e9s de la entrega<\/p>\r\n<\/li>\r\n<\/ul>\r\n<p data-start=\"1224\" data-end=\"1329\">Solo se aceptan devoluciones de productos <strong data-start=\"1266\" data-end=\"1300\">sin abrir, sin usar, sin da\u00f1os<\/strong> y en su <strong data-start=\"1309\" data-end=\"1328\">envase original<\/strong>.<\/p>\r\n\r\n\r\n<hr data-start=\"1331\" data-end=\"1334\" \/>\r\n\r\n<h2 data-start=\"1336\" data-end=\"1371\"><strong data-start=\"1339\" data-end=\"1371\">4. Condiciones de devoluci\u00f3n<\/strong><\/h2>\r\n<p data-start=\"1372\" data-end=\"1409\">Para que una devoluci\u00f3n sea aceptada:<\/p>\r\n\r\n<ul data-start=\"1411\" data-end=\"1716\">\r\n \t<li data-start=\"1411\" data-end=\"1508\">\r\n<p data-start=\"1413\" data-end=\"1508\">El producto debe estar <strong data-start=\"1436\" data-end=\"1449\">sin abrir<\/strong>, <strong data-start=\"1451\" data-end=\"1463\">sin usar<\/strong>, <strong data-start=\"1465\" data-end=\"1478\">sin da\u00f1os<\/strong> y en su <strong data-start=\"1487\" data-end=\"1507\">empaque original<\/strong>.<\/p>\r\n<\/li>\r\n \t<li data-start=\"1509\" data-end=\"1618\">\r\n<p data-start=\"1511\" data-end=\"1618\">La solicitud de devoluci\u00f3n debe realizarse dentro de los <strong data-start=\"1568\" data-end=\"1579\">14 d\u00edas<\/strong> posteriores a la recepci\u00f3n del pedido.<\/p>\r\n<\/li>\r\n \t<li data-start=\"1619\" data-end=\"1716\">\r\n<p data-start=\"1621\" data-end=\"1716\">El env\u00edo de la devoluci\u00f3n debe efectuarse dentro de los <strong data-start=\"1677\" data-end=\"1688\">14 d\u00edas<\/strong> siguientes a la aprobaci\u00f3n.<\/p>\r\n<\/li>\r\n<\/ul>\r\n\r\n<hr data-start=\"1718\" data-end=\"1721\" \/>\r\n\r\n<h2 data-start=\"1723\" data-end=\"1765\"><strong data-start=\"1726\" data-end=\"1765\">5. Costes de env\u00edo de la devoluci\u00f3n<\/strong><\/h2>\r\n<ul data-start=\"1766\" data-end=\"2052\">\r\n \t<li data-start=\"1766\" data-end=\"1938\">\r\n<p data-start=\"1768\" data-end=\"1938\">Los costes del env\u00edo de devoluci\u00f3n corren <strong data-start=\"1810\" data-end=\"1833\">a cargo del cliente<\/strong>, salvo que la devoluci\u00f3n se deba a un error nuestro (p. ej., producto incorrecto o da\u00f1ado a la llegada).<\/p>\r\n<\/li>\r\n \t<li data-start=\"1939\" data-end=\"2052\">\r\n<p data-start=\"1941\" data-end=\"2052\">La devoluci\u00f3n se realiza bajo responsabilidad del cliente. Se recomienda utilizar un <strong data-start=\"2026\" data-end=\"2051\">env\u00edo con seguimiento<\/strong>.<\/p>\r\n<\/li>\r\n<\/ul>\r\n\r\n<hr data-start=\"2054\" data-end=\"2057\" \/>\r\n\r\n<h2 data-start=\"2059\" data-end=\"2100\"><strong data-start=\"2062\" data-end=\"2100\">6. Productos da\u00f1ados o incorrectos<\/strong><\/h2>\r\n<p data-start=\"2101\" data-end=\"2156\">Si recibes un producto da\u00f1ado, defectuoso o incorrecto:<\/p>\r\n<p data-start=\"2158\" data-end=\"2279\">Por favor, cont\u00e1ctanos dentro de las <strong data-start=\"2195\" data-end=\"2207\">48 horas<\/strong> en [tu correo electr\u00f3nico].<br data-start=\"2235\" data-end=\"2238\" \/>Incluye fotos del producto y su embalaje.<\/p>\r\n<p data-start=\"2281\" data-end=\"2296\">Te ofreceremos:<\/p>\r\n\r\n<ul data-start=\"2297\" data-end=\"2350\">\r\n \t<li data-start=\"2297\" data-end=\"2326\">\r\n<p data-start=\"2299\" data-end=\"2326\">Un reemplazo gratuito <strong data-start=\"2321\" data-end=\"2326\">o<\/strong><\/p>\r\n<\/li>\r\n \t<li data-start=\"2327\" data-end=\"2350\">\r\n<p data-start=\"2329\" data-end=\"2350\">Un reembolso completo<\/p>\r\n<\/li>\r\n<\/ul>\r\n\r\n<hr data-start=\"2352\" data-end=\"2355\" \/>\r\n\r\n<h2 data-start=\"2357\" data-end=\"2377\"><strong data-start=\"2360\" data-end=\"2377\">7. Reembolsos<\/strong><\/h2>\r\n<p data-start=\"2378\" data-end=\"2436\">Una vez recibida e inspeccionada la devoluci\u00f3n, recibir\u00e1s:<\/p>\r\n\r\n<ul data-start=\"2438\" data-end=\"2577\">\r\n \t<li data-start=\"2438\" data-end=\"2518\">\r\n<p data-start=\"2440\" data-end=\"2518\">Un reembolso completo del precio del producto (excluyendo los costes de env\u00edo)<\/p>\r\n<\/li>\r\n \t<li data-start=\"2519\" data-end=\"2577\">\r\n<p data-start=\"2521\" data-end=\"2577\">A trav\u00e9s del mismo m\u00e9todo de pago utilizado en la compra<\/p>\r\n<\/li>\r\n<\/ul>\r\n<p data-start=\"2579\" data-end=\"2660\">El proceso se realiza en un plazo de <strong data-start=\"2616\" data-end=\"2640\">7\u201310 d\u00edas laborables<\/strong> tras la aprobaci\u00f3n.<\/p>\r\n\r\n\r\n<hr data-start=\"2662\" data-end=\"2665\" \/>\r\n\r\n<h2 data-start=\"2667\" data-end=\"2688\"><strong data-start=\"2670\" data-end=\"2688\">8. Excepciones<\/strong><\/h2>\r\n<ul data-start=\"2689\" data-end=\"2876\">\r\n \t<li data-start=\"2689\" data-end=\"2787\">\r\n<p data-start=\"2691\" data-end=\"2787\">Los productos en oferta o rebajados pueden no ser reembolsables si as\u00ed se indica en la compra.<\/p>\r\n<\/li>\r\n \t<li data-start=\"2788\" data-end=\"2876\">\r\n<p data-start=\"2790\" data-end=\"2876\">Los pedidos empresariales o al por mayor pueden estar sujetos a condiciones distintas.<\/p>\r\n<\/li>\r\n<\/ul>\r\n[\/vc_column_text][\/vc_column][\/vc_row][vc_row full_width=\u00bbstretch_row\u00bb css=\u00bb.vc_custom_1644242697585{background-color: #f9f9f9 !important;}\u00bb][vc_column width=\u00bb1\/4&#8243;][vc_column_text]\r\n<h4>DETALLES DE LA COMPA\u00d1\u00cdA<\/h4>\r\n<strong>ABAC Holland B.V.<\/strong>\r\nAttn. Crocussativus\r\nMr.J.Henderikxstraat 57\r\n1788 AZ Julianadorp\r\nPa\u00edses Bajos\r\n\r\nHoland\u00e9s CoC 54348765\r\nIVA NL8512.69.382.B01[\/vc_column_text][\/vc_column][vc_column width=\u00bb1\/4&#8243;][vc_column_text css=\u00bb\u00bb]\r\n<h4>CONTACTO<\/h4>\r\n<strong>Crocussativus.eu<\/strong>\r\nT +31 (0)627267149\r\ninfo@crocussativus.eu\r\n\r\n&nbsp;\r\n\r\n[\/vc_column_text][\/vc_column][vc_column width=\u00bb1\/4&#8243;][vc_column_text]\r\n<h4>COMPRAS<\/h4>\r\nTodas nuestras transacciones son procesadas de forma segura por Mollie.\r\n\r\nCostos de env\u00edo:\r\n\r\nPa\u00edses Bajos &#8211; gratis\r\nE.U. &#8211; \u20ac6 por pedido\r\nFuera de E.U. -precio a petici\u00f3n.\r\n\r\n*Los pa\u00edses con requisitos fitosanitarios pagan la inspecci\u00f3n de las tasas.[\/vc_column_text][\/vc_column][vc_column width=\u00bb1\/4&#8243;][vc_column_text]\r\n<h5>KLANTENSERVICE<\/h5>\r\n[\/vc_column_text][vc_wp_custommenu nav_menu=\u00bb36&#8243;][\/vc_column][\/vc_row]<!-- \/wp:post-content --><\/div>","protected":false},"excerpt":{"rendered":"<p>[vc_row][vc_column][vc_column_text css=\u00bb\u00bb] &nbsp; Pol\u00edtica de Devoluciones y Reembolsos 1. General Nos esforzamos por garantizar la plena satisfacci\u00f3n de nuestros clientes. Si no est\u00e1s satisfecho con tu compra, puedes devolverla bajo las condiciones indicadas a continuaci\u00f3n y recibir un reembolso, cuando corresponda. 2. Derecho de desistimiento (14 d\u00edas) Para compras online, dispones de un plazo de&hellip;<\/p>\n","protected":false},"author":1,"featured_media":0,"parent":0,"menu_order":0,"comment_status":"closed","ping_status":"closed","template":"","meta":{"footnotes":""},"class_list":["post-1023","page","type-page","status-publish","hentry","description-off"],"yoast_head":"<!-- This site is optimized with the Yoast SEO Premium plugin v26.5 (Yoast SEO v26.5) - https:\/\/yoast.com\/wordpress\/plugins\/seo\/ -->\n<title>Politica-de-Devoluciones-y-Reembolsos - Crocussativus<\/title>\n<meta name=\"description\" content=\"reembolsos clara y segura para c\u00e1psulas y azafr\u00e1n. Aprende c\u00f3mo devolver productos y obtener tu reembolso de forma r\u00e1pida y sencilla.\" \/>\n<meta name=\"robots\" content=\"index, follow, max-snippet:-1, max-image-preview:large, max-video-preview:-1\" \/>\n<link rel=\"canonical\" href=\"https:\/\/crocussativus.eu\/es\/politica-de-devoluciones-y-reembolsos\/\" \/>\n<meta property=\"og:locale\" content=\"es_ES\" \/>\n<meta property=\"og:type\" content=\"article\" \/>\n<meta property=\"og:title\" content=\"Politica-de-Devoluciones-y-Reembolsos\" \/>\n<meta property=\"og:description\" content=\"reembolsos clara y segura para c\u00e1psulas y azafr\u00e1n. Aprende c\u00f3mo devolver productos y obtener tu reembolso de forma r\u00e1pida y sencilla.\" \/>\n<meta property=\"og:url\" content=\"https:\/\/crocussativus.eu\/es\/politica-de-devoluciones-y-reembolsos\/\" \/>\n<meta property=\"og:site_name\" content=\"Crocussativus\" \/>\n<meta property=\"article:publisher\" content=\"https:\/\/www.facebook.com\/crocussativus.eu\" \/>\n<meta property=\"article:modified_time\" content=\"2025-11-26T15:22:58+00:00\" \/>\n<meta property=\"og:image\" content=\"https:\/\/crocussativus.eu\/wp-content\/uploads\/2022\/02\/saffraan.jpg\" \/>\n\t<meta property=\"og:image:width\" content=\"900\" \/>\n\t<meta property=\"og:image:height\" content=\"500\" \/>\n\t<meta property=\"og:image:type\" content=\"image\/jpeg\" \/>\n<meta name=\"twitter:card\" content=\"summary_large_image\" \/>\n<meta name=\"twitter:label1\" content=\"Tiempo de lectura\" \/>\n\t<meta name=\"twitter:data1\" content=\"3 minutos\" \/>\n<script type=\"application\/ld+json\" class=\"yoast-schema-graph\">{\"@context\":\"https:\/\/schema.org\",\"@graph\":[{\"@type\":\"WebPage\",\"@id\":\"https:\/\/crocussativus.eu\/es\/politica-de-devoluciones-y-reembolsos\/\",\"url\":\"https:\/\/crocussativus.eu\/es\/politica-de-devoluciones-y-reembolsos\/\",\"name\":\"Politica-de-Devoluciones-y-Reembolsos - Crocussativus\",\"isPartOf\":{\"@id\":\"https:\/\/crocussativus.eu\/#website\"},\"datePublished\":\"2022-04-12T14:09:03+00:00\",\"dateModified\":\"2025-11-26T15:22:58+00:00\",\"description\":\"reembolsos clara y segura para c\u00e1psulas y azafr\u00e1n. Aprende c\u00f3mo devolver productos y obtener tu reembolso de forma r\u00e1pida y sencilla.\",\"breadcrumb\":{\"@id\":\"https:\/\/crocussativus.eu\/es\/politica-de-devoluciones-y-reembolsos\/#breadcrumb\"},\"inLanguage\":\"es\",\"potentialAction\":[{\"@type\":\"ReadAction\",\"target\":[\"https:\/\/crocussativus.eu\/es\/politica-de-devoluciones-y-reembolsos\/\"]}]},{\"@type\":\"BreadcrumbList\",\"@id\":\"https:\/\/crocussativus.eu\/es\/politica-de-devoluciones-y-reembolsos\/#breadcrumb\",\"itemListElement\":[{\"@type\":\"ListItem\",\"position\":1,\"name\":\"Home\",\"item\":\"https:\/\/crocussativus.eu\/es\/\"},{\"@type\":\"ListItem\",\"position\":2,\"name\":\"Politica-de-Devoluciones-y-Reembolsos\"}]},{\"@type\":\"WebSite\",\"@id\":\"https:\/\/crocussativus.eu\/#website\",\"url\":\"https:\/\/crocussativus.eu\/\",\"name\":\"Crocussativus.eu\",\"description\":\"Saffraan, Capsules, Crocus sativus bollen &amp; Saffraankaas\",\"publisher\":{\"@id\":\"https:\/\/crocussativus.eu\/#organization\"},\"potentialAction\":[{\"@type\":\"SearchAction\",\"target\":{\"@type\":\"EntryPoint\",\"urlTemplate\":\"https:\/\/crocussativus.eu\/?s={search_term_string}\"},\"query-input\":{\"@type\":\"PropertyValueSpecification\",\"valueRequired\":true,\"valueName\":\"search_term_string\"}}],\"inLanguage\":\"es\"},{\"@type\":\"Organization\",\"@id\":\"https:\/\/crocussativus.eu\/#organization\",\"name\":\"abac holland bv\",\"alternateName\":\"crocus sativus .eu\",\"url\":\"https:\/\/crocussativus.eu\/\",\"logo\":{\"@type\":\"ImageObject\",\"inLanguage\":\"es\",\"@id\":\"https:\/\/crocussativus.eu\/#\/schema\/logo\/image\/\",\"url\":\"https:\/\/crocussativus.eu\/wp-content\/uploads\/2023\/06\/logo_h80-1.png\",\"contentUrl\":\"https:\/\/crocussativus.eu\/wp-content\/uploads\/2023\/06\/logo_h80-1.png\",\"width\":181,\"height\":80,\"caption\":\"abac holland bv\"},\"image\":{\"@id\":\"https:\/\/crocussativus.eu\/#\/schema\/logo\/image\/\"},\"sameAs\":[\"https:\/\/www.facebook.com\/crocussativus.eu\"],\"description\":\"Social and Solidarity Enterprise. We do everything we can to oSociale en Solidaire Onderneming. We doen er alles aan om innovatieve en transparante middelen en diensten aan te bieden en zo de Saffraan- en Crocus sativus telers te ondersteunen.ffer innovative and transparent resources and services to support Saffron and Crocus sativus growers.\",\"email\":\"info@abacholland.com\",\"telephone\":\"+31 (0)627 267 149\",\"legalName\":\"abac holland bv\",\"foundingDate\":\"2011-01-09\"}]}<\/script>\n<!-- \/ Yoast SEO Premium plugin. -->","yoast_head_json":{"title":"Politica-de-Devoluciones-y-Reembolsos - Crocussativus","description":"reembolsos clara y segura para c\u00e1psulas y azafr\u00e1n. Aprende c\u00f3mo devolver productos y obtener tu reembolso de forma r\u00e1pida y sencilla.","robots":{"index":"index","follow":"follow","max-snippet":"max-snippet:-1","max-image-preview":"max-image-preview:large","max-video-preview":"max-video-preview:-1"},"canonical":"https:\/\/crocussativus.eu\/es\/politica-de-devoluciones-y-reembolsos\/","og_locale":"es_ES","og_type":"article","og_title":"Politica-de-Devoluciones-y-Reembolsos","og_description":"reembolsos clara y segura para c\u00e1psulas y azafr\u00e1n. Aprende c\u00f3mo devolver productos y obtener tu reembolso de forma r\u00e1pida y sencilla.","og_url":"https:\/\/crocussativus.eu\/es\/politica-de-devoluciones-y-reembolsos\/","og_site_name":"Crocussativus","article_publisher":"https:\/\/www.facebook.com\/crocussativus.eu","article_modified_time":"2025-11-26T15:22:58+00:00","og_image":[{"width":900,"height":500,"url":"https:\/\/crocussativus.eu\/wp-content\/uploads\/2022\/02\/saffraan.jpg","type":"image\/jpeg"}],"twitter_card":"summary_large_image","twitter_misc":{"Tiempo de lectura":"3 minutos"},"schema":{"@context":"https:\/\/schema.org","@graph":[{"@type":"WebPage","@id":"https:\/\/crocussativus.eu\/es\/politica-de-devoluciones-y-reembolsos\/","url":"https:\/\/crocussativus.eu\/es\/politica-de-devoluciones-y-reembolsos\/","name":"Politica-de-Devoluciones-y-Reembolsos - Crocussativus","isPartOf":{"@id":"https:\/\/crocussativus.eu\/#website"},"datePublished":"2022-04-12T14:09:03+00:00","dateModified":"2025-11-26T15:22:58+00:00","description":"reembolsos clara y segura para c\u00e1psulas y azafr\u00e1n. Aprende c\u00f3mo devolver productos y obtener tu reembolso de forma r\u00e1pida y sencilla.","breadcrumb":{"@id":"https:\/\/crocussativus.eu\/es\/politica-de-devoluciones-y-reembolsos\/#breadcrumb"},"inLanguage":"es","potentialAction":[{"@type":"ReadAction","target":["https:\/\/crocussativus.eu\/es\/politica-de-devoluciones-y-reembolsos\/"]}]},{"@type":"BreadcrumbList","@id":"https:\/\/crocussativus.eu\/es\/politica-de-devoluciones-y-reembolsos\/#breadcrumb","itemListElement":[{"@type":"ListItem","position":1,"name":"Home","item":"https:\/\/crocussativus.eu\/es\/"},{"@type":"ListItem","position":2,"name":"Politica-de-Devoluciones-y-Reembolsos"}]},{"@type":"WebSite","@id":"https:\/\/crocussativus.eu\/#website","url":"https:\/\/crocussativus.eu\/","name":"Crocussativus.eu","description":"Saffraan, Capsules, Crocus sativus bollen &amp; Saffraankaas","publisher":{"@id":"https:\/\/crocussativus.eu\/#organization"},"potentialAction":[{"@type":"SearchAction","target":{"@type":"EntryPoint","urlTemplate":"https:\/\/crocussativus.eu\/?s={search_term_string}"},"query-input":{"@type":"PropertyValueSpecification","valueRequired":true,"valueName":"search_term_string"}}],"inLanguage":"es"},{"@type":"Organization","@id":"https:\/\/crocussativus.eu\/#organization","name":"abac holland bv","alternateName":"crocus sativus .eu","url":"https:\/\/crocussativus.eu\/","logo":{"@type":"ImageObject","inLanguage":"es","@id":"https:\/\/crocussativus.eu\/#\/schema\/logo\/image\/","url":"https:\/\/crocussativus.eu\/wp-content\/uploads\/2023\/06\/logo_h80-1.png","contentUrl":"https:\/\/crocussativus.eu\/wp-content\/uploads\/2023\/06\/logo_h80-1.png","width":181,"height":80,"caption":"abac holland bv"},"image":{"@id":"https:\/\/crocussativus.eu\/#\/schema\/logo\/image\/"},"sameAs":["https:\/\/www.facebook.com\/crocussativus.eu"],"description":"Social and Solidarity Enterprise. We do everything we can to oSociale en Solidaire Onderneming. We doen er alles aan om innovatieve en transparante middelen en diensten aan te bieden en zo de Saffraan- en Crocus sativus telers te ondersteunen.ffer innovative and transparent resources and services to support Saffron and Crocus sativus growers.","email":"info@abacholland.com","telephone":"+31 (0)627 267 149","legalName":"abac holland bv","foundingDate":"2011-01-09"}]}},"_links":{"self":[{"href":"https:\/\/crocussativus.eu\/es\/wp-json\/wp\/v2\/pages\/1023","targetHints":{"allow":["GET"]}}],"collection":[{"href":"https:\/\/crocussativus.eu\/es\/wp-json\/wp\/v2\/pages"}],"about":[{"href":"https:\/\/crocussativus.eu\/es\/wp-json\/wp\/v2\/types\/page"}],"author":[{"embeddable":true,"href":"https:\/\/crocussativus.eu\/es\/wp-json\/wp\/v2\/users\/1"}],"replies":[{"embeddable":true,"href":"https:\/\/crocussativus.eu\/es\/wp-json\/wp\/v2\/comments?post=1023"}],"version-history":[{"count":0,"href":"https:\/\/crocussativus.eu\/es\/wp-json\/wp\/v2\/pages\/1023\/revisions"}],"wp:attachment":[{"href":"https:\/\/crocussativus.eu\/es\/wp-json\/wp\/v2\/media?parent=1023"}],"curies":[{"name":"wp","href":"https:\/\/api.w.org\/{rel}","templated":true}]}}