{"id":1331,"date":"2022-04-13T06:11:54","date_gmt":"2022-04-13T06:11:54","guid":{"rendered":"https:\/\/demo.crocussativus.eu\/saffraan-vodka\/"},"modified":"2025-10-02T08:01:51","modified_gmt":"2025-10-02T08:01:51","slug":"saffran-vodka","status":"publish","type":"page","link":"https:\/\/crocussativus.eu\/es\/saffran-vodka\/","title":{"rendered":"Vodka Saffran"},"content":{"rendered":"<div class=\"wpb-content-wrapper\"><p>[vc_row][vc_column][vc_column_text]<\/p>\n<h1>UN NUEVO VODKA SABOR SENSACI\u00d3N &#8230;.<\/h1>\n<p>El azafr\u00e1n es tambi\u00e9n llamado el \u00aboro rojo\u00bb debido a que la producci\u00f3n es muy costosa. El momento de la cosecha, las condiciones de almacenamiento y la eliminaci\u00f3n adecuada son de gran importancia en la producci\u00f3n de azafr\u00e1n. Los ingredientes activos de azafr\u00e1n son particularmente sensibles a la calidad. La recolecci\u00f3n se lleva a cabo principalmente durante los meses de octubre y noviembre.<\/p>\n<p>&nbsp;<\/p>\n<h2><\/h2>\n<p><img loading=\"lazy\" decoding=\"async\" class=\"aligncenter wp-image-1108 size-full\" src=\"https:\/\/crocussativus.eu\/wp-content\/uploads\/2022\/04\/IMG_1715.jpg\" alt=\"\" width=\"420\" height=\"595\" srcset=\"https:\/\/crocussativus.eu\/wp-content\/uploads\/2022\/04\/IMG_1715.jpg 420w, https:\/\/crocussativus.eu\/wp-content\/uploads\/2022\/04\/IMG_1715-212x300.jpg 212w\" sizes=\"auto, (max-width: 420px) 100vw, 420px\" \/><\/p>\n<p>OK\u00c9 VODKA SAFRAN CONTIENT 40% D&#8217;ALCOOL ET EST DISPONIBLE EN BOUTEILLES DE 700 ML<\/p>\n<p><img loading=\"lazy\" decoding=\"async\" class=\"aligncenter wp-image-1113 size-full\" src=\"https:\/\/crocussativus.eu\/wp-content\/uploads\/2022\/04\/IMG_1716.jpg\" alt=\"\" width=\"420\" height=\"595\" srcset=\"https:\/\/crocussativus.eu\/wp-content\/uploads\/2022\/04\/IMG_1716.jpg 420w, https:\/\/crocussativus.eu\/wp-content\/uploads\/2022\/04\/IMG_1716-212x300.jpg 212w\" sizes=\"auto, (max-width: 420px) 100vw, 420px\" \/><\/p>\n<h1>A NEW TASTE EXPERIENCE&#8230;<\/h1>\n<p><img loading=\"lazy\" decoding=\"async\" class=\"aligncenter wp-image-1118 size-full\" src=\"https:\/\/crocussativus.eu\/wp-content\/uploads\/2022\/04\/IMG_1717.jpg\" alt=\"\" width=\"420\" height=\"595\" srcset=\"https:\/\/crocussativus.eu\/wp-content\/uploads\/2022\/04\/IMG_1717.jpg 420w, https:\/\/crocussativus.eu\/wp-content\/uploads\/2022\/04\/IMG_1717-212x300.jpg 212w\" sizes=\"auto, (max-width: 420px) 100vw, 420px\" \/><\/p>\n<h2>VODKA INSPIRACI\u00d3N Y RECETAS<\/h2>\n<p><img loading=\"lazy\" decoding=\"async\" class=\"aligncenter wp-image-1123 size-large\" src=\"https:\/\/crocussativus.eu\/wp-content\/uploads\/2022\/04\/prosecco-722x1024.jpg\" alt=\"\" width=\"722\" height=\"1024\" srcset=\"https:\/\/crocussativus.eu\/wp-content\/uploads\/2022\/04\/prosecco-722x1024.jpg 722w, https:\/\/crocussativus.eu\/wp-content\/uploads\/2022\/04\/prosecco-211x300.jpg 211w, https:\/\/crocussativus.eu\/wp-content\/uploads\/2022\/04\/prosecco-768x1090.jpg 768w, https:\/\/crocussativus.eu\/wp-content\/uploads\/2022\/04\/prosecco-1083x1536.jpg 1083w, https:\/\/crocussativus.eu\/wp-content\/uploads\/2022\/04\/prosecco-1444x2048.jpg 1444w, https:\/\/crocussativus.eu\/wp-content\/uploads\/2022\/04\/prosecco-600x851.jpg 600w, https:\/\/crocussativus.eu\/wp-content\/uploads\/2022\/04\/prosecco.jpg 1748w\" sizes=\"auto, (max-width: 722px) 100vw, 722px\" \/><\/p>\n<p>Vodka Saffron se puede consumir de diversas maneras: en las rocas, en las bebidas mezcladas, en un c\u00f3ctel o un vaso peque\u00f1o. \u00bfC\u00f3mo est\u00e1s bien beber Vodka Saffron&#8217;re, siempre es una verdadera sensaci\u00f3n de sabor! Las siguientes recetas se presentan como inspiraci\u00f3n para la creaci\u00f3n de nuevos sabores.<\/p>\n<p><img loading=\"lazy\" decoding=\"async\" class=\"aligncenter wp-image-1128 size-large\" src=\"https:\/\/crocussativus.eu\/wp-content\/uploads\/2022\/04\/cosmo-722x1024.jpg\" alt=\"\" width=\"722\" height=\"1024\" srcset=\"https:\/\/crocussativus.eu\/wp-content\/uploads\/2022\/04\/cosmo-722x1024.jpg 722w, https:\/\/crocussativus.eu\/wp-content\/uploads\/2022\/04\/cosmo-211x300.jpg 211w, https:\/\/crocussativus.eu\/wp-content\/uploads\/2022\/04\/cosmo-768x1090.jpg 768w, https:\/\/crocussativus.eu\/wp-content\/uploads\/2022\/04\/cosmo-1083x1536.jpg 1083w, https:\/\/crocussativus.eu\/wp-content\/uploads\/2022\/04\/cosmo-1444x2048.jpg 1444w, https:\/\/crocussativus.eu\/wp-content\/uploads\/2022\/04\/cosmo-600x851.jpg 600w, https:\/\/crocussativus.eu\/wp-content\/uploads\/2022\/04\/cosmo.jpg 1748w\" sizes=\"auto, (max-width: 722px) 100vw, 722px\" \/><\/p>\n<p><strong><img loading=\"lazy\" decoding=\"async\" class=\"aligncenter wp-image-1133 size-large\" src=\"https:\/\/crocussativus.eu\/wp-content\/uploads\/2022\/04\/sourhoney-722x1024.jpg\" alt=\"\" width=\"722\" height=\"1024\" srcset=\"https:\/\/crocussativus.eu\/wp-content\/uploads\/2022\/04\/sourhoney-722x1024.jpg 722w, https:\/\/crocussativus.eu\/wp-content\/uploads\/2022\/04\/sourhoney-211x300.jpg 211w, https:\/\/crocussativus.eu\/wp-content\/uploads\/2022\/04\/sourhoney-768x1090.jpg 768w, https:\/\/crocussativus.eu\/wp-content\/uploads\/2022\/04\/sourhoney-1083x1536.jpg 1083w, https:\/\/crocussativus.eu\/wp-content\/uploads\/2022\/04\/sourhoney-1444x2048.jpg 1444w, https:\/\/crocussativus.eu\/wp-content\/uploads\/2022\/04\/sourhoney-600x851.jpg 600w, https:\/\/crocussativus.eu\/wp-content\/uploads\/2022\/04\/sourhoney.jpg 1748w\" sizes=\"auto, (max-width: 722px) 100vw, 722px\" \/><\/strong><\/p>\n<p><img loading=\"lazy\" decoding=\"async\" class=\"aligncenter wp-image-1138 size-large\" src=\"https:\/\/crocussativus.eu\/wp-content\/uploads\/2022\/04\/shot-722x1024.jpg\" alt=\"\" width=\"722\" height=\"1024\" srcset=\"https:\/\/crocussativus.eu\/wp-content\/uploads\/2022\/04\/shot-722x1024.jpg 722w, https:\/\/crocussativus.eu\/wp-content\/uploads\/2022\/04\/shot-211x300.jpg 211w, https:\/\/crocussativus.eu\/wp-content\/uploads\/2022\/04\/shot-768x1090.jpg 768w, https:\/\/crocussativus.eu\/wp-content\/uploads\/2022\/04\/shot-1083x1536.jpg 1083w, https:\/\/crocussativus.eu\/wp-content\/uploads\/2022\/04\/shot-1444x2048.jpg 1444w, https:\/\/crocussativus.eu\/wp-content\/uploads\/2022\/04\/shot-600x851.jpg 600w, https:\/\/crocussativus.eu\/wp-content\/uploads\/2022\/04\/shot.jpg 1748w\" sizes=\"auto, (max-width: 722px) 100vw, 722px\" \/><\/p>\n<p><img loading=\"lazy\" decoding=\"async\" class=\"aligncenter wp-image-1143 size-large\" src=\"https:\/\/crocussativus.eu\/wp-content\/uploads\/2022\/04\/mix-722x1024.jpg\" alt=\"\" width=\"722\" height=\"1024\" srcset=\"https:\/\/crocussativus.eu\/wp-content\/uploads\/2022\/04\/mix-722x1024.jpg 722w, https:\/\/crocussativus.eu\/wp-content\/uploads\/2022\/04\/mix-211x300.jpg 211w, https:\/\/crocussativus.eu\/wp-content\/uploads\/2022\/04\/mix-768x1090.jpg 768w, https:\/\/crocussativus.eu\/wp-content\/uploads\/2022\/04\/mix-1083x1536.jpg 1083w, https:\/\/crocussativus.eu\/wp-content\/uploads\/2022\/04\/mix-1444x2048.jpg 1444w, https:\/\/crocussativus.eu\/wp-content\/uploads\/2022\/04\/mix-600x851.jpg 600w, https:\/\/crocussativus.eu\/wp-content\/uploads\/2022\/04\/mix.jpg 1748w\" sizes=\"auto, (max-width: 722px) 100vw, 722px\" \/>[\/vc_column_text][\/vc_column][\/vc_row][vc_row full_width=\u00bbstretch_row\u00bb css=\u00bb.vc_custom_1644242697585{background-color: #f9f9f9 !important;}\u00bb][vc_column width=\u00bb1\/4&#8243;][vc_column_text]<\/p>\n<h4>DETALLES DE LA COMPA\u00d1\u00cdA<\/h4>\n<p><strong>ABAC Holland B.V.<\/strong><br \/>\nAttn. Crocussativus<br \/>\nMr.J.Henderikxstraat 57<br \/>\n1788 AZ Julianadorp<br \/>\nPa\u00edses Bajos<\/p>\n<p>Holand\u00e9s CoC 54348765<br \/>\nIVA NL8512.69.382.B01[\/vc_column_text][\/vc_column][vc_column width=\u00bb1\/4&#8243;][vc_column_text css=\u00bb\u00bb]<\/p>\n<h4>CONTACTO<\/h4>\n<p><strong>Crocussativus.eu<\/strong><br \/>\nT +31 (0)627267149<br \/>\ninfo@crocussativus.eu<\/p>\n<p>[\/vc_column_text][\/vc_column][vc_column width=\u00bb1\/4&#8243;][vc_column_text]<\/p>\n<h4>COMPRAS<\/h4>\n<p>Todas nuestras transacciones son procesadas de forma segura por Mollie.<\/p>\n<p>Costos de env\u00edo:<\/p>\n<p>Pa\u00edses Bajos &#8211; gratis<br \/>\nE.U. &#8211; \u20ac6 por pedido<br \/>\nFuera de E.U. -precio a petici\u00f3n.<\/p>\n<p>*Los pa\u00edses con requisitos fitosanitarios pagan la inspecci\u00f3n de las tasas.[\/vc_column_text][\/vc_column][vc_column width=\u00bb1\/4&#8243;][vc_column_text]<\/p>\n<h5>KLANTENSERVICE<\/h5>\n<p>[\/vc_column_text][vc_wp_custommenu nav_menu=\u00bb36&#8243;][\/vc_column][\/vc_row]<\/p>\n<\/div>","protected":false},"excerpt":{"rendered":"<p>[vc_row][vc_column][vc_column_text] UN NUEVO VODKA SABOR SENSACI\u00d3N &#8230;. El azafr\u00e1n es tambi\u00e9n llamado el \u00aboro rojo\u00bb debido a que la producci\u00f3n es muy costosa. El momento de la cosecha, las condiciones de almacenamiento y la eliminaci\u00f3n adecuada son de gran importancia en la producci\u00f3n de azafr\u00e1n. Los ingredientes activos de azafr\u00e1n son particularmente sensibles a la&hellip;<\/p>\n","protected":false},"author":2,"featured_media":0,"parent":0,"menu_order":0,"comment_status":"closed","ping_status":"closed","template":"","meta":{"footnotes":""},"class_list":["post-1331","page","type-page","status-publish","hentry","description-off"],"yoast_head":"<!-- This site is optimized with the Yoast SEO Premium plugin v26.5 (Yoast SEO v26.5) - https:\/\/yoast.com\/wordpress\/plugins\/seo\/ -->\n<title>Vodka Saffran - Crocussativus<\/title>\n<meta name=\"robots\" content=\"index, follow, max-snippet:-1, max-image-preview:large, max-video-preview:-1\" \/>\n<link rel=\"canonical\" href=\"https:\/\/crocussativus.eu\/es\/saffran-vodka\/\" \/>\n<meta property=\"og:locale\" content=\"es_ES\" \/>\n<meta property=\"og:type\" content=\"article\" \/>\n<meta property=\"og:title\" content=\"Vodka Saffran\" \/>\n<meta property=\"og:description\" content=\"[vc_row][vc_column][vc_column_text] UN NUEVO VODKA SABOR SENSACI\u00d3N &#8230;. El azafr\u00e1n es tambi\u00e9n llamado el \u00aboro rojo\u00bb debido a que la producci\u00f3n es muy costosa. El momento de la cosecha, las condiciones de almacenamiento y la eliminaci\u00f3n adecuada son de gran importancia en la producci\u00f3n de azafr\u00e1n. Los ingredientes activos de azafr\u00e1n son particularmente sensibles a la&hellip;\" \/>\n<meta property=\"og:url\" content=\"https:\/\/crocussativus.eu\/es\/saffran-vodka\/\" \/>\n<meta property=\"og:site_name\" content=\"Crocussativus\" \/>\n<meta property=\"article:publisher\" content=\"https:\/\/www.facebook.com\/crocussativus.eu\" \/>\n<meta property=\"article:modified_time\" content=\"2025-10-02T08:01:51+00:00\" \/>\n<meta property=\"og:image\" content=\"https:\/\/crocussativus.eu\/wp-content\/uploads\/2022\/04\/IMG_1715.jpg\" \/>\n\t<meta property=\"og:image:width\" content=\"420\" \/>\n\t<meta property=\"og:image:height\" content=\"595\" \/>\n\t<meta property=\"og:image:type\" content=\"image\/jpeg\" \/>\n<meta name=\"twitter:card\" content=\"summary_large_image\" \/>\n<meta name=\"twitter:label1\" content=\"Tiempo de lectura\" \/>\n\t<meta name=\"twitter:data1\" content=\"3 minutos\" \/>\n<script type=\"application\/ld+json\" class=\"yoast-schema-graph\">{\"@context\":\"https:\/\/schema.org\",\"@graph\":[{\"@type\":\"WebPage\",\"@id\":\"https:\/\/crocussativus.eu\/es\/saffran-vodka\/\",\"url\":\"https:\/\/crocussativus.eu\/es\/saffran-vodka\/\",\"name\":\"Vodka Saffran - Crocussativus\",\"isPartOf\":{\"@id\":\"https:\/\/crocussativus.eu\/#website\"},\"primaryImageOfPage\":{\"@id\":\"https:\/\/crocussativus.eu\/es\/saffran-vodka\/#primaryimage\"},\"image\":{\"@id\":\"https:\/\/crocussativus.eu\/es\/saffran-vodka\/#primaryimage\"},\"thumbnailUrl\":\"https:\/\/crocussativus.eu\/wp-content\/uploads\/2022\/04\/IMG_1715.jpg\",\"datePublished\":\"2022-04-13T06:11:54+00:00\",\"dateModified\":\"2025-10-02T08:01:51+00:00\",\"breadcrumb\":{\"@id\":\"https:\/\/crocussativus.eu\/es\/saffran-vodka\/#breadcrumb\"},\"inLanguage\":\"es\",\"potentialAction\":[{\"@type\":\"ReadAction\",\"target\":[\"https:\/\/crocussativus.eu\/es\/saffran-vodka\/\"]}]},{\"@type\":\"ImageObject\",\"inLanguage\":\"es\",\"@id\":\"https:\/\/crocussativus.eu\/es\/saffran-vodka\/#primaryimage\",\"url\":\"https:\/\/crocussativus.eu\/wp-content\/uploads\/2022\/04\/IMG_1715.jpg\",\"contentUrl\":\"https:\/\/crocussativus.eu\/wp-content\/uploads\/2022\/04\/IMG_1715.jpg\"},{\"@type\":\"BreadcrumbList\",\"@id\":\"https:\/\/crocussativus.eu\/es\/saffran-vodka\/#breadcrumb\",\"itemListElement\":[{\"@type\":\"ListItem\",\"position\":1,\"name\":\"Home\",\"item\":\"https:\/\/crocussativus.eu\/es\/\"},{\"@type\":\"ListItem\",\"position\":2,\"name\":\"Vodka Saffran\"}]},{\"@type\":\"WebSite\",\"@id\":\"https:\/\/crocussativus.eu\/#website\",\"url\":\"https:\/\/crocussativus.eu\/\",\"name\":\"Crocussativus.eu\",\"description\":\"Saffraan, Capsules, Crocus sativus bollen &amp; Saffraankaas\",\"publisher\":{\"@id\":\"https:\/\/crocussativus.eu\/#organization\"},\"potentialAction\":[{\"@type\":\"SearchAction\",\"target\":{\"@type\":\"EntryPoint\",\"urlTemplate\":\"https:\/\/crocussativus.eu\/?s={search_term_string}\"},\"query-input\":{\"@type\":\"PropertyValueSpecification\",\"valueRequired\":true,\"valueName\":\"search_term_string\"}}],\"inLanguage\":\"es\"},{\"@type\":\"Organization\",\"@id\":\"https:\/\/crocussativus.eu\/#organization\",\"name\":\"abac holland bv\",\"alternateName\":\"crocus sativus .eu\",\"url\":\"https:\/\/crocussativus.eu\/\",\"logo\":{\"@type\":\"ImageObject\",\"inLanguage\":\"es\",\"@id\":\"https:\/\/crocussativus.eu\/#\/schema\/logo\/image\/\",\"url\":\"https:\/\/crocussativus.eu\/wp-content\/uploads\/2023\/06\/logo_h80-1.png\",\"contentUrl\":\"https:\/\/crocussativus.eu\/wp-content\/uploads\/2023\/06\/logo_h80-1.png\",\"width\":181,\"height\":80,\"caption\":\"abac holland bv\"},\"image\":{\"@id\":\"https:\/\/crocussativus.eu\/#\/schema\/logo\/image\/\"},\"sameAs\":[\"https:\/\/www.facebook.com\/crocussativus.eu\"],\"description\":\"Social and Solidarity Enterprise. We do everything we can to oSociale en Solidaire Onderneming. We doen er alles aan om innovatieve en transparante middelen en diensten aan te bieden en zo de Saffraan- en Crocus sativus telers te ondersteunen.ffer innovative and transparent resources and services to support Saffron and Crocus sativus growers.\",\"email\":\"info@abacholland.com\",\"telephone\":\"+31 (0)627 267 149\",\"legalName\":\"abac holland bv\",\"foundingDate\":\"2011-01-09\"}]}<\/script>\n<!-- \/ Yoast SEO Premium plugin. -->","yoast_head_json":{"title":"Vodka Saffran - Crocussativus","robots":{"index":"index","follow":"follow","max-snippet":"max-snippet:-1","max-image-preview":"max-image-preview:large","max-video-preview":"max-video-preview:-1"},"canonical":"https:\/\/crocussativus.eu\/es\/saffran-vodka\/","og_locale":"es_ES","og_type":"article","og_title":"Vodka Saffran","og_description":"[vc_row][vc_column][vc_column_text] UN NUEVO VODKA SABOR SENSACI\u00d3N &#8230;. El azafr\u00e1n es tambi\u00e9n llamado el \u00aboro rojo\u00bb debido a que la producci\u00f3n es muy costosa. El momento de la cosecha, las condiciones de almacenamiento y la eliminaci\u00f3n adecuada son de gran importancia en la producci\u00f3n de azafr\u00e1n. Los ingredientes activos de azafr\u00e1n son particularmente sensibles a la&hellip;","og_url":"https:\/\/crocussativus.eu\/es\/saffran-vodka\/","og_site_name":"Crocussativus","article_publisher":"https:\/\/www.facebook.com\/crocussativus.eu","article_modified_time":"2025-10-02T08:01:51+00:00","og_image":[{"width":420,"height":595,"url":"https:\/\/crocussativus.eu\/wp-content\/uploads\/2022\/04\/IMG_1715.jpg","type":"image\/jpeg"}],"twitter_card":"summary_large_image","twitter_misc":{"Tiempo de lectura":"3 minutos"},"schema":{"@context":"https:\/\/schema.org","@graph":[{"@type":"WebPage","@id":"https:\/\/crocussativus.eu\/es\/saffran-vodka\/","url":"https:\/\/crocussativus.eu\/es\/saffran-vodka\/","name":"Vodka Saffran - Crocussativus","isPartOf":{"@id":"https:\/\/crocussativus.eu\/#website"},"primaryImageOfPage":{"@id":"https:\/\/crocussativus.eu\/es\/saffran-vodka\/#primaryimage"},"image":{"@id":"https:\/\/crocussativus.eu\/es\/saffran-vodka\/#primaryimage"},"thumbnailUrl":"https:\/\/crocussativus.eu\/wp-content\/uploads\/2022\/04\/IMG_1715.jpg","datePublished":"2022-04-13T06:11:54+00:00","dateModified":"2025-10-02T08:01:51+00:00","breadcrumb":{"@id":"https:\/\/crocussativus.eu\/es\/saffran-vodka\/#breadcrumb"},"inLanguage":"es","potentialAction":[{"@type":"ReadAction","target":["https:\/\/crocussativus.eu\/es\/saffran-vodka\/"]}]},{"@type":"ImageObject","inLanguage":"es","@id":"https:\/\/crocussativus.eu\/es\/saffran-vodka\/#primaryimage","url":"https:\/\/crocussativus.eu\/wp-content\/uploads\/2022\/04\/IMG_1715.jpg","contentUrl":"https:\/\/crocussativus.eu\/wp-content\/uploads\/2022\/04\/IMG_1715.jpg"},{"@type":"BreadcrumbList","@id":"https:\/\/crocussativus.eu\/es\/saffran-vodka\/#breadcrumb","itemListElement":[{"@type":"ListItem","position":1,"name":"Home","item":"https:\/\/crocussativus.eu\/es\/"},{"@type":"ListItem","position":2,"name":"Vodka Saffran"}]},{"@type":"WebSite","@id":"https:\/\/crocussativus.eu\/#website","url":"https:\/\/crocussativus.eu\/","name":"Crocussativus.eu","description":"Saffraan, Capsules, Crocus sativus bollen &amp; Saffraankaas","publisher":{"@id":"https:\/\/crocussativus.eu\/#organization"},"potentialAction":[{"@type":"SearchAction","target":{"@type":"EntryPoint","urlTemplate":"https:\/\/crocussativus.eu\/?s={search_term_string}"},"query-input":{"@type":"PropertyValueSpecification","valueRequired":true,"valueName":"search_term_string"}}],"inLanguage":"es"},{"@type":"Organization","@id":"https:\/\/crocussativus.eu\/#organization","name":"abac holland bv","alternateName":"crocus sativus .eu","url":"https:\/\/crocussativus.eu\/","logo":{"@type":"ImageObject","inLanguage":"es","@id":"https:\/\/crocussativus.eu\/#\/schema\/logo\/image\/","url":"https:\/\/crocussativus.eu\/wp-content\/uploads\/2023\/06\/logo_h80-1.png","contentUrl":"https:\/\/crocussativus.eu\/wp-content\/uploads\/2023\/06\/logo_h80-1.png","width":181,"height":80,"caption":"abac holland bv"},"image":{"@id":"https:\/\/crocussativus.eu\/#\/schema\/logo\/image\/"},"sameAs":["https:\/\/www.facebook.com\/crocussativus.eu"],"description":"Social and Solidarity Enterprise. We do everything we can to oSociale en Solidaire Onderneming. We doen er alles aan om innovatieve en transparante middelen en diensten aan te bieden en zo de Saffraan- en Crocus sativus telers te ondersteunen.ffer innovative and transparent resources and services to support Saffron and Crocus sativus growers.","email":"info@abacholland.com","telephone":"+31 (0)627 267 149","legalName":"abac holland bv","foundingDate":"2011-01-09"}]}},"_links":{"self":[{"href":"https:\/\/crocussativus.eu\/es\/wp-json\/wp\/v2\/pages\/1331","targetHints":{"allow":["GET"]}}],"collection":[{"href":"https:\/\/crocussativus.eu\/es\/wp-json\/wp\/v2\/pages"}],"about":[{"href":"https:\/\/crocussativus.eu\/es\/wp-json\/wp\/v2\/types\/page"}],"author":[{"embeddable":true,"href":"https:\/\/crocussativus.eu\/es\/wp-json\/wp\/v2\/users\/2"}],"replies":[{"embeddable":true,"href":"https:\/\/crocussativus.eu\/es\/wp-json\/wp\/v2\/comments?post=1331"}],"version-history":[{"count":0,"href":"https:\/\/crocussativus.eu\/es\/wp-json\/wp\/v2\/pages\/1331\/revisions"}],"wp:attachment":[{"href":"https:\/\/crocussativus.eu\/es\/wp-json\/wp\/v2\/media?parent=1331"}],"curies":[{"name":"wp","href":"https:\/\/api.w.org\/{rel}","templated":true}]}}