{"id":535,"date":"2021-12-09T07:09:44","date_gmt":"2021-12-09T07:09:44","guid":{"rendered":"https:\/\/demo.crocussativus.eu\/homepage\/"},"modified":"2025-05-13T08:40:21","modified_gmt":"2025-05-13T08:40:21","slug":"homepage","status":"publish","type":"page","link":"https:\/\/crocussativus.eu\/es\/","title":{"rendered":"Homepage"},"content":{"rendered":"<div class=\"wpb-content-wrapper\"><p>[vc_row full_width=\u00bbstretch_row_content_no_spaces\u00bb full_height=\u00bbyes\u00bb columns_placement=\u00bbtop\u00bb css=\u00bb.vc_custom_1644242870669{background-image: url(https:\/\/crocussativus.eu\/wp-content\/uploads\/2021\/12\/header.jpg?id=51) !important;background-position: center !important;background-repeat: no-repeat !important;background-size: cover !important;}\u00bb][vc_column][\/vc_column][\/vc_row][vc_row][vc_column][vc_column_text]<\/p>\n<h1>Crocus Sativus Shop<\/h1>\n<p>Aproveche nuestros precios con descuento para cantidades m\u00e1s grandes. Busque nuestros nuevos productos <a href=\"https:\/\/crocussativus.eu\/es\/queso-azafran\/\">queso azafr\u00e1n<\/a> y barra de <a href=\"https:\/\/crocussativus.eu\/es\/palitos-de-queso-azafran\/\">queso azafr\u00e1n.<\/a><\/p>\n<p>[\/vc_column_text][vc_row_inner][vc_column_inner width=\u00bb1\/3&#8243;][vc_single_image image=\u00bb820&#8243; img_size=\u00bbfull\u00bb onclick=\u00bbcustom_link\u00bb link=\u00bb\/es\/producto\/saffraan\/\u00bb][vc_column_text]<\/p>\n<h4 style=\"text-align: center;\"><strong>El azafr\u00e1n<\/strong><\/h4>\n<p>[\/vc_column_text][vc_table]5%20gramos%20(%E2%82%AC%205%20%2F%201%20gr),%E2%82%AC%2025%2C00|[c#000000;bg#e0e0e0]10%20gramos%20(%E2%82%AC%204%2C50%20%2F%201%20gr),[bg#e0e0e0]%E2%82%AC%2045%2C00|20%20gramos%20(%20%E2%82%AC%203%2C50%20%2F%201%20gr),%E2%82%AC%2070%2C00[\/vc_table][vc_column_text]Azafr\u00e1n 100% Categor\u00eda I. Esto significa que los valores de nuestro azafr\u00e1n en color, sabor y aroma caen en la categor\u00eda m\u00e1s alta I. Podemos garantizar esto, \u00a1porque siempre tenemos nuestro azafr\u00e1n revisado por Eurofins![\/vc_column_text]<style type=\"text\/css\" data-type=\"the7_shortcodes-inline-css\">#default-btn-6804ae145ce172a402368c5d15c8eb14 {\n  border-radius: 15px;\n  font-size: 14px;\n  line-height: 16px;\n}\n.btn-shadow#default-btn-6804ae145ce172a402368c5d15c8eb14 {\n  box-shadow: 0 1px 6px rgba(0,0,0,0.12);\n  transition: box-shadow 0.2s ease-out, opacity 0.45s;\n}\n.btn-shadow#default-btn-6804ae145ce172a402368c5d15c8eb14:hover {\n  box-shadow: 0 5px 11px 0 rgba(0,0,0,0.18), 0 4px 15px 0 rgba(0,0,0,0.15);\n}\n.btn-flat#default-btn-6804ae145ce172a402368c5d15c8eb14 {\n  box-shadow: none;\n}\n.btn-flat#default-btn-6804ae145ce172a402368c5d15c8eb14:hover {\n  box-shadow: none;\n}\n#default-btn-6804ae145ce172a402368c5d15c8eb14.ico-right-side > i {\n  margin-right: 0px;\n  margin-left: 8px;\n}\n#default-btn-6804ae145ce172a402368c5d15c8eb14 > i {\n  margin-right: 8px;\n  font-size: 12px;\n}\n#default-btn-6804ae145ce172a402368c5d15c8eb14:not(:hover) {\n  border-width: 0px;\n  padding: 12px 18px 12px 18px;\n}\n#default-btn-6804ae145ce172a402368c5d15c8eb14:hover {\n  border-width: 0px;\n  padding: 12px 18px 12px 18px;\n}\n#default-btn-6804ae145ce172a402368c5d15c8eb14.ico-right-side > i {\n  margin-right: 0px;\n  margin-left: 8px;\n}\n#default-btn-6804ae145ce172a402368c5d15c8eb14 > i {\n  margin-right: 8px;\n}<\/style><div class=\"btn-align-center\"><a href=\"https:\/\/crocussativus.eu\/es\/producto\/saffraan\/\" class=\"default-btn-shortcode dt-btn link-hover-off btn-flat \" id=\"default-btn-6804ae145ce172a402368c5d15c8eb14\" title=\"SAFFRAAN\"><span>VER PRODUCTO<\/span><\/a><\/div>[\/vc_column_inner][vc_column_inner width=\u00bb1\/3&#8243;][vc_single_image image=\u00bb810&#8243; img_size=\u00bbfull\u00bb onclick=\u00bbcustom_link\u00bb link=\u00bb\/es\/producto\/saffraan-capsules\/\u00bb][vc_column_text]<\/p>\n<h4 style=\"text-align: center;\">c\u00e1psulas de azafr\u00e1n<\/h4>\n<p>[\/vc_column_text][vc_table]60%20unidades,%E2%82%AC%2023%2C95|[c#000000;bg#e0e0e0]120%20unidades,[bg#e0e0e0]%E2%82%AC%2042%2C95|180%20unidades,%E2%82%AC%2059%2C95[\/vc_table][vc_column_text css=\u00bb\u00bb]<\/p>\n<ul>\n<li>C\u00e1psulas 100% rellenas de 75 mg de azafr\u00e1n<\/li>\n<li>100% Categor\u00eda I<\/li>\n<li><strong>C\u00e1psulas vegetarianas<\/strong><\/li>\n<li>\u2714 Sociedad vegetariana \u2714 Proyecto sin OGM \u2714 Halal \u2714 Kosher<\/li>\n<li>para un estado mental relajado!<\/li>\n<\/ul>\n<p>[\/vc_column_text]<style type=\"text\/css\" data-type=\"the7_shortcodes-inline-css\">#default-btn-cb44358b3c4ea2dcdd9a806a69df92cc {\n  border-radius: 15px;\n  font-size: 14px;\n  line-height: 16px;\n}\n.btn-shadow#default-btn-cb44358b3c4ea2dcdd9a806a69df92cc {\n  box-shadow: 0 1px 6px rgba(0,0,0,0.12);\n  transition: box-shadow 0.2s ease-out, opacity 0.45s;\n}\n.btn-shadow#default-btn-cb44358b3c4ea2dcdd9a806a69df92cc:hover {\n  box-shadow: 0 5px 11px 0 rgba(0,0,0,0.18), 0 4px 15px 0 rgba(0,0,0,0.15);\n}\n.btn-flat#default-btn-cb44358b3c4ea2dcdd9a806a69df92cc {\n  box-shadow: none;\n}\n.btn-flat#default-btn-cb44358b3c4ea2dcdd9a806a69df92cc:hover {\n  box-shadow: none;\n}\n#default-btn-cb44358b3c4ea2dcdd9a806a69df92cc.ico-right-side > i {\n  margin-right: 0px;\n  margin-left: 8px;\n}\n#default-btn-cb44358b3c4ea2dcdd9a806a69df92cc > i {\n  margin-right: 8px;\n  font-size: 12px;\n}\n#default-btn-cb44358b3c4ea2dcdd9a806a69df92cc:not(:hover) {\n  border-width: 0px;\n  padding: 12px 18px 12px 18px;\n}\n#default-btn-cb44358b3c4ea2dcdd9a806a69df92cc:hover {\n  border-width: 0px;\n  padding: 12px 18px 12px 18px;\n}\n#default-btn-cb44358b3c4ea2dcdd9a806a69df92cc.ico-right-side > i {\n  margin-right: 0px;\n  margin-left: 8px;\n}\n#default-btn-cb44358b3c4ea2dcdd9a806a69df92cc > i {\n  margin-right: 8px;\n}<\/style><div class=\"btn-align-center\"><a href=\"https:\/\/crocussativus.eu\/es\/producto\/saffraan-capsules\/\" class=\"default-btn-shortcode dt-btn link-hover-off btn-flat \" id=\"default-btn-cb44358b3c4ea2dcdd9a806a69df92cc\" title=\"C\u00e1psulas de azafr\u00e1n\"><span>VER PRODUCTO<\/span><\/a><\/div>[\/vc_column_inner][vc_column_inner width=\u00bb1\/3&#8243;][vc_single_image image=\u00bb815&#8243; img_size=\u00bbfull\u00bb onclick=\u00bbcustom_link\u00bb link=\u00bb\/es\/producto\/bulbos-crocus-sativus-tamano-8-9\/\u00bb][vc_column_text]<\/p>\n<h4 class=\"h5\" style=\"text-align: center;\">Bulbos crocus sativus tama\u00f1o 8-9<\/h4>\n<p>[\/vc_column_text][vc_column_text]Nuestros bulbos de clase I dan la mayor cantidad de flores por bulbo:<\/p>\n<ul>\n<li>entregamos desde el 10 de julio hasta en octubre<\/li>\n<li>otros tama\u00f1os de bombilla bajo petici\u00f3n<\/li>\n<li>fuera de la UE: precios bajo petici\u00f3n.<\/li>\n<\/ul>\n<p>[\/vc_column_text]<style type=\"text\/css\" data-type=\"the7_shortcodes-inline-css\">#default-btn-2cb1b510ea18f47483557d8e2e41b81c {\n  border-radius: 15px;\n  font-size: 14px;\n  line-height: 16px;\n}\n.btn-shadow#default-btn-2cb1b510ea18f47483557d8e2e41b81c {\n  box-shadow: 0 1px 6px rgba(0,0,0,0.12);\n  transition: box-shadow 0.2s ease-out, opacity 0.45s;\n}\n.btn-shadow#default-btn-2cb1b510ea18f47483557d8e2e41b81c:hover {\n  box-shadow: 0 5px 11px 0 rgba(0,0,0,0.18), 0 4px 15px 0 rgba(0,0,0,0.15);\n}\n.btn-flat#default-btn-2cb1b510ea18f47483557d8e2e41b81c {\n  box-shadow: none;\n}\n.btn-flat#default-btn-2cb1b510ea18f47483557d8e2e41b81c:hover {\n  box-shadow: none;\n}\n#default-btn-2cb1b510ea18f47483557d8e2e41b81c.ico-right-side > i {\n  margin-right: 0px;\n  margin-left: 8px;\n}\n#default-btn-2cb1b510ea18f47483557d8e2e41b81c > i {\n  margin-right: 8px;\n  font-size: 12px;\n}\n#default-btn-2cb1b510ea18f47483557d8e2e41b81c:not(:hover) {\n  border-width: 0px;\n  padding: 12px 18px 12px 18px;\n}\n#default-btn-2cb1b510ea18f47483557d8e2e41b81c:hover {\n  border-width: 0px;\n  padding: 12px 18px 12px 18px;\n}\n#default-btn-2cb1b510ea18f47483557d8e2e41b81c.ico-right-side > i {\n  margin-right: 0px;\n  margin-left: 8px;\n}\n#default-btn-2cb1b510ea18f47483557d8e2e41b81c > i {\n  margin-right: 8px;\n}<\/style><div class=\"btn-align-center\"><a href=\"https:\/\/crocussativus.eu\/es\/producto\/bulbos-crocus-sativus-tamano-8-9\/\" class=\"default-btn-shortcode dt-btn link-hover-off btn-flat \" id=\"default-btn-2cb1b510ea18f47483557d8e2e41b81c\" title=\"Bulbos crocus sativus tama\u00f1o 8-9\"><span>VER PRODUCTO<\/span><\/a><\/div>[\/vc_column_inner][\/vc_row_inner][vc_column_text css=\u00bb.vc_custom_1670412621454{margin-top: 35px !important;}\u00bb]<\/p>\n<h3>COMPRAR AZAFR\u00c1N\u00a0 \u200b<\/h3>\n<h1>En Crocussativus.eu puede pedir los mejores bulbos de Azafr\u00e1n, c\u00e1psulas de Azafr\u00e1n y la especia de Azafr\u00e1n<\/h1>\n<p><a href=\"https:\/\/www.keurmerk.info\/en\/consumers\/webshop\/?key=3967\"><img loading=\"lazy\" decoding=\"async\" class=\"alignnone wp-image-1385\" src=\"https:\/\/crocussativus.eu\/wp-content\/uploads\/2022\/04\/logo_webshopkeurmerk-300x122.png\" alt=\"\" width=\"172\" height=\"70\" srcset=\"https:\/\/crocussativus.eu\/wp-content\/uploads\/2022\/04\/logo_webshopkeurmerk-300x122.png 300w, https:\/\/crocussativus.eu\/wp-content\/uploads\/2022\/04\/logo_webshopkeurmerk-1024x417.png 1024w, https:\/\/crocussativus.eu\/wp-content\/uploads\/2022\/04\/logo_webshopkeurmerk-768x313.png 768w, https:\/\/crocussativus.eu\/wp-content\/uploads\/2022\/04\/logo_webshopkeurmerk-600x245.png 600w, https:\/\/crocussativus.eu\/wp-content\/uploads\/2022\/04\/logo_webshopkeurmerk.png 1092w\" sizes=\"auto, (max-width: 172px) 100vw, 172px\" \/><\/a><img loading=\"lazy\" decoding=\"async\" class=\"alignnone wp-image-1374\" src=\"https:\/\/crocussativus.eu\/wp-content\/uploads\/2022\/04\/5_sterren-300x99-1.jpg\" alt=\"\" width=\"191\" height=\"63\" \/><\/p>\n<p><strong>Con m\u00e1s de 40 a\u00f1os de experiencia en cormos de crocus sativus y azafr\u00e1n, somos sin\u00f3nimo de la m\u00e1s alta calidad.<\/strong><\/p>\n<p>&nbsp;<\/p>\n<p><strong><a href=\"https:\/\/www.bkd.eu\/en\/\">Eurofins Scientific<\/a>, el l\u00edder del mercado mundial en el campo de las pruebas de alimentos, comprueba nuestro azafr\u00e1n y el servicio de inspecci\u00f3n de bulbos <a href=\"https:\/\/www.bkd.eu\/en\/\">BKD<\/a> nuestros bulbos de flores de crocus sativus.<\/strong><\/p>\n<p>&nbsp;<\/p>\n<p><strong>\u00a1Debido a nuestra experiencia y estos controles, siempre le ofrecemos la garant\u00eda para azafr\u00e1n de Categor\u00eda I y Clase 1 para bulbos de crocus sativus!<\/strong>[\/vc_column_text][\/vc_column][\/vc_row][vc_row full_width=\u00bbstretch_row\u00bb css=\u00bb.vc_custom_1644242697585{background-color: #f9f9f9 !important;}\u00bb][vc_column width=\u00bb1\/4&#8243;][vc_column_text]<\/p>\n<h4>DETALLES DE LA COMPA\u00d1\u00cdA<\/h4>\n<p><strong>ABAC Holland B.V.<\/strong><br \/>\nAttn. Crocussativus<br \/>\nMr.J.Henderikxstraat 57<br \/>\n1788 AZ Julianadorp<br \/>\nPa\u00edses Bajos<\/p>\n<p>Holand\u00e9s CoC 54348765<br \/>\nIVA NL8512.69.382.B01[\/vc_column_text][\/vc_column][vc_column width=\u00bb1\/4&#8243;][vc_column_text css=\u00bb\u00bb]<\/p>\n<h4>CONTACTO<\/h4>\n<p><strong>Crocussativus.eu<\/strong><br \/>\nT +31 (0)627267149<br \/>\ninfo@crocussativus.eu<\/p>\n<p>[\/vc_column_text][\/vc_column][vc_column width=\u00bb1\/4&#8243;][vc_column_text]<\/p>\n<h4>COMPRAS<\/h4>\n<p>Todas nuestras transacciones son procesadas de forma segura por Mollie.<\/p>\n<p>Costos de env\u00edo:<\/p>\n<p>Pa\u00edses Bajos &#8211; gratis<br \/>\nE.U. &#8211; \u20ac6 por pedido<br \/>\nFuera de E.U. -precio a petici\u00f3n.<\/p>\n<p>*Los pa\u00edses con requisitos fitosanitarios pagan la inspecci\u00f3n de las tasas.[\/vc_column_text][\/vc_column][vc_column width=\u00bb1\/4&#8243;][vc_column_text]<\/p>\n<h4>SERVICIO AL CLIENTE<\/h4>\n<p>[\/vc_column_text][vc_wp_custommenu nav_menu=\u00bb36&#8243;][\/vc_column][\/vc_row]<\/p>\n<\/div>","protected":false},"excerpt":{"rendered":"<p>[vc_row full_width=\u00bbstretch_row_content_no_spaces\u00bb full_height=\u00bbyes\u00bb columns_placement=\u00bbtop\u00bb css=\u00bb.vc_custom_1644242870669{background-image: url(https:\/\/crocussativus.eu\/wp-content\/uploads\/2021\/12\/header.jpg?id=51) !important;background-position: center !important;background-repeat: no-repeat !important;background-size: cover !important;}\u00bb][vc_column][\/vc_column][\/vc_row][vc_row][vc_column][vc_column_text] Crocus Sativus Shop Aproveche nuestros precios con descuento para cantidades m\u00e1s grandes. Busque nuestros nuevos productos queso azafr\u00e1n y barra de queso azafr\u00e1n. [\/vc_column_text][vc_row_inner][vc_column_inner width=\u00bb1\/3&#8243;][vc_single_image image=\u00bb820&#8243; img_size=\u00bbfull\u00bb onclick=\u00bbcustom_link\u00bb link=\u00bb\/es\/producto\/saffraan\/\u00bb][vc_column_text] El azafr\u00e1n [\/vc_column_text][vc_table]5%20gramos%20(%E2%82%AC%205%20%2F%201%20gr),%E2%82%AC%2025%2C00|[c#000000;bg#e0e0e0]10%20gramos%20(%E2%82%AC%204%2C50%20%2F%201%20gr),[bg#e0e0e0]%E2%82%AC%2045%2C00|20%20gramos%20(%20%E2%82%AC%203%2C50%20%2F%201%20gr),%E2%82%AC%2070%2C00[\/vc_table][vc_column_text]Azafr\u00e1n 100% Categor\u00eda I. Esto significa que los valores de nuestro&hellip;<\/p>\n","protected":false},"author":1,"featured_media":0,"parent":0,"menu_order":0,"comment_status":"closed","ping_status":"closed","template":"","meta":{"footnotes":""},"class_list":["post-535","page","type-page","status-publish","hentry","description-off"],"yoast_head":"<!-- This site is optimized with the Yoast SEO Premium plugin v26.5 (Yoast SEO v26.5) - https:\/\/yoast.com\/wordpress\/plugins\/seo\/ -->\n<title>Homepage - Crocussativus<\/title>\n<meta name=\"description\" content=\"En crocussativus.eu puedes comprar azafr\u00e1n, c\u00e1psulas de azafr\u00e1n y bulbos de crocus sativus de la mejor calidad a los mejores precios.\" \/>\n<meta name=\"robots\" content=\"index, follow, max-snippet:-1, max-image-preview:large, max-video-preview:-1\" \/>\n<link rel=\"canonical\" href=\"https:\/\/crocussativus.eu\/es\/\" \/>\n<meta property=\"og:locale\" content=\"es_ES\" \/>\n<meta property=\"og:type\" content=\"article\" \/>\n<meta property=\"og:title\" content=\"Homepage\" \/>\n<meta property=\"og:description\" content=\"En crocussativus.eu puedes comprar azafr\u00e1n, c\u00e1psulas de azafr\u00e1n y bulbos de crocus sativus de la mejor calidad a los mejores precios.\" \/>\n<meta property=\"og:url\" content=\"https:\/\/crocussativus.eu\/es\/\" \/>\n<meta property=\"og:site_name\" content=\"Crocussativus\" \/>\n<meta property=\"article:publisher\" content=\"https:\/\/www.facebook.com\/crocussativus.eu\" \/>\n<meta property=\"article:modified_time\" content=\"2025-05-13T08:40:21+00:00\" \/>\n<meta property=\"og:image\" content=\"https:\/\/crocussativus.eu\/wp-content\/uploads\/2022\/04\/logo_webshopkeurmerk-300x122.png\" \/>\n<meta name=\"twitter:card\" content=\"summary_large_image\" \/>\n<meta name=\"twitter:label1\" content=\"Tiempo de lectura\" \/>\n\t<meta name=\"twitter:data1\" content=\"3 minutos\" \/>\n<script type=\"application\/ld+json\" class=\"yoast-schema-graph\">{\"@context\":\"https:\/\/schema.org\",\"@graph\":[{\"@type\":\"WebPage\",\"@id\":\"https:\/\/crocussativus.eu\/es\/\",\"url\":\"https:\/\/crocussativus.eu\/es\/\",\"name\":\"Homepage - Crocussativus\",\"isPartOf\":{\"@id\":\"https:\/\/crocussativus.eu\/#website\"},\"primaryImageOfPage\":{\"@id\":\"https:\/\/crocussativus.eu\/es\/#primaryimage\"},\"image\":{\"@id\":\"https:\/\/crocussativus.eu\/es\/#primaryimage\"},\"thumbnailUrl\":\"https:\/\/crocussativus.eu\/wp-content\/uploads\/2022\/04\/logo_webshopkeurmerk-300x122.png\",\"datePublished\":\"2021-12-09T07:09:44+00:00\",\"dateModified\":\"2025-05-13T08:40:21+00:00\",\"description\":\"En crocussativus.eu puedes comprar azafr\u00e1n, c\u00e1psulas de azafr\u00e1n y bulbos de crocus sativus de la mejor calidad a los mejores precios.\",\"breadcrumb\":{\"@id\":\"https:\/\/crocussativus.eu\/es\/#breadcrumb\"},\"inLanguage\":\"es\",\"potentialAction\":[{\"@type\":\"ReadAction\",\"target\":[\"https:\/\/crocussativus.eu\/es\/\"]}]},{\"@type\":\"ImageObject\",\"inLanguage\":\"es\",\"@id\":\"https:\/\/crocussativus.eu\/es\/#primaryimage\",\"url\":\"https:\/\/crocussativus.eu\/wp-content\/uploads\/2022\/04\/logo_webshopkeurmerk-300x122.png\",\"contentUrl\":\"https:\/\/crocussativus.eu\/wp-content\/uploads\/2022\/04\/logo_webshopkeurmerk-300x122.png\"},{\"@type\":\"BreadcrumbList\",\"@id\":\"https:\/\/crocussativus.eu\/es\/#breadcrumb\",\"itemListElement\":[{\"@type\":\"ListItem\",\"position\":1,\"name\":\"Home\",\"item\":\"https:\/\/crocussativus.eu\/es\/\"},{\"@type\":\"ListItem\",\"position\":2,\"name\":\"Homepage\"}]},{\"@type\":\"WebSite\",\"@id\":\"https:\/\/crocussativus.eu\/#website\",\"url\":\"https:\/\/crocussativus.eu\/\",\"name\":\"Crocussativus.eu\",\"description\":\"Saffraan, Capsules, Crocus sativus bollen &amp; Saffraankaas\",\"publisher\":{\"@id\":\"https:\/\/crocussativus.eu\/#organization\"},\"potentialAction\":[{\"@type\":\"SearchAction\",\"target\":{\"@type\":\"EntryPoint\",\"urlTemplate\":\"https:\/\/crocussativus.eu\/?s={search_term_string}\"},\"query-input\":{\"@type\":\"PropertyValueSpecification\",\"valueRequired\":true,\"valueName\":\"search_term_string\"}}],\"inLanguage\":\"es\"},{\"@type\":\"Organization\",\"@id\":\"https:\/\/crocussativus.eu\/#organization\",\"name\":\"abac holland bv\",\"alternateName\":\"crocus sativus .eu\",\"url\":\"https:\/\/crocussativus.eu\/\",\"logo\":{\"@type\":\"ImageObject\",\"inLanguage\":\"es\",\"@id\":\"https:\/\/crocussativus.eu\/#\/schema\/logo\/image\/\",\"url\":\"https:\/\/crocussativus.eu\/wp-content\/uploads\/2023\/06\/logo_h80-1.png\",\"contentUrl\":\"https:\/\/crocussativus.eu\/wp-content\/uploads\/2023\/06\/logo_h80-1.png\",\"width\":181,\"height\":80,\"caption\":\"abac holland bv\"},\"image\":{\"@id\":\"https:\/\/crocussativus.eu\/#\/schema\/logo\/image\/\"},\"sameAs\":[\"https:\/\/www.facebook.com\/crocussativus.eu\"],\"description\":\"Social and Solidarity Enterprise. We do everything we can to oSociale en Solidaire Onderneming. We doen er alles aan om innovatieve en transparante middelen en diensten aan te bieden en zo de Saffraan- en Crocus sativus telers te ondersteunen.ffer innovative and transparent resources and services to support Saffron and Crocus sativus growers.\",\"email\":\"info@abacholland.com\",\"telephone\":\"+31 (0)627 267 149\",\"legalName\":\"abac holland bv\",\"foundingDate\":\"2011-01-09\"}]}<\/script>\n<!-- \/ Yoast SEO Premium plugin. -->","yoast_head_json":{"title":"Homepage - Crocussativus","description":"En crocussativus.eu puedes comprar azafr\u00e1n, c\u00e1psulas de azafr\u00e1n y bulbos de crocus sativus de la mejor calidad a los mejores precios.","robots":{"index":"index","follow":"follow","max-snippet":"max-snippet:-1","max-image-preview":"max-image-preview:large","max-video-preview":"max-video-preview:-1"},"canonical":"https:\/\/crocussativus.eu\/es\/","og_locale":"es_ES","og_type":"article","og_title":"Homepage","og_description":"En crocussativus.eu puedes comprar azafr\u00e1n, c\u00e1psulas de azafr\u00e1n y bulbos de crocus sativus de la mejor calidad a los mejores precios.","og_url":"https:\/\/crocussativus.eu\/es\/","og_site_name":"Crocussativus","article_publisher":"https:\/\/www.facebook.com\/crocussativus.eu","article_modified_time":"2025-05-13T08:40:21+00:00","og_image":[{"url":"https:\/\/crocussativus.eu\/wp-content\/uploads\/2022\/04\/logo_webshopkeurmerk-300x122.png","type":"","width":"","height":""}],"twitter_card":"summary_large_image","twitter_misc":{"Tiempo de lectura":"3 minutos"},"schema":{"@context":"https:\/\/schema.org","@graph":[{"@type":"WebPage","@id":"https:\/\/crocussativus.eu\/es\/","url":"https:\/\/crocussativus.eu\/es\/","name":"Homepage - Crocussativus","isPartOf":{"@id":"https:\/\/crocussativus.eu\/#website"},"primaryImageOfPage":{"@id":"https:\/\/crocussativus.eu\/es\/#primaryimage"},"image":{"@id":"https:\/\/crocussativus.eu\/es\/#primaryimage"},"thumbnailUrl":"https:\/\/crocussativus.eu\/wp-content\/uploads\/2022\/04\/logo_webshopkeurmerk-300x122.png","datePublished":"2021-12-09T07:09:44+00:00","dateModified":"2025-05-13T08:40:21+00:00","description":"En crocussativus.eu puedes comprar azafr\u00e1n, c\u00e1psulas de azafr\u00e1n y bulbos de crocus sativus de la mejor calidad a los mejores precios.","breadcrumb":{"@id":"https:\/\/crocussativus.eu\/es\/#breadcrumb"},"inLanguage":"es","potentialAction":[{"@type":"ReadAction","target":["https:\/\/crocussativus.eu\/es\/"]}]},{"@type":"ImageObject","inLanguage":"es","@id":"https:\/\/crocussativus.eu\/es\/#primaryimage","url":"https:\/\/crocussativus.eu\/wp-content\/uploads\/2022\/04\/logo_webshopkeurmerk-300x122.png","contentUrl":"https:\/\/crocussativus.eu\/wp-content\/uploads\/2022\/04\/logo_webshopkeurmerk-300x122.png"},{"@type":"BreadcrumbList","@id":"https:\/\/crocussativus.eu\/es\/#breadcrumb","itemListElement":[{"@type":"ListItem","position":1,"name":"Home","item":"https:\/\/crocussativus.eu\/es\/"},{"@type":"ListItem","position":2,"name":"Homepage"}]},{"@type":"WebSite","@id":"https:\/\/crocussativus.eu\/#website","url":"https:\/\/crocussativus.eu\/","name":"Crocussativus.eu","description":"Saffraan, Capsules, Crocus sativus bollen &amp; Saffraankaas","publisher":{"@id":"https:\/\/crocussativus.eu\/#organization"},"potentialAction":[{"@type":"SearchAction","target":{"@type":"EntryPoint","urlTemplate":"https:\/\/crocussativus.eu\/?s={search_term_string}"},"query-input":{"@type":"PropertyValueSpecification","valueRequired":true,"valueName":"search_term_string"}}],"inLanguage":"es"},{"@type":"Organization","@id":"https:\/\/crocussativus.eu\/#organization","name":"abac holland bv","alternateName":"crocus sativus .eu","url":"https:\/\/crocussativus.eu\/","logo":{"@type":"ImageObject","inLanguage":"es","@id":"https:\/\/crocussativus.eu\/#\/schema\/logo\/image\/","url":"https:\/\/crocussativus.eu\/wp-content\/uploads\/2023\/06\/logo_h80-1.png","contentUrl":"https:\/\/crocussativus.eu\/wp-content\/uploads\/2023\/06\/logo_h80-1.png","width":181,"height":80,"caption":"abac holland bv"},"image":{"@id":"https:\/\/crocussativus.eu\/#\/schema\/logo\/image\/"},"sameAs":["https:\/\/www.facebook.com\/crocussativus.eu"],"description":"Social and Solidarity Enterprise. We do everything we can to oSociale en Solidaire Onderneming. We doen er alles aan om innovatieve en transparante middelen en diensten aan te bieden en zo de Saffraan- en Crocus sativus telers te ondersteunen.ffer innovative and transparent resources and services to support Saffron and Crocus sativus growers.","email":"info@abacholland.com","telephone":"+31 (0)627 267 149","legalName":"abac holland bv","foundingDate":"2011-01-09"}]}},"_links":{"self":[{"href":"https:\/\/crocussativus.eu\/es\/wp-json\/wp\/v2\/pages\/535","targetHints":{"allow":["GET"]}}],"collection":[{"href":"https:\/\/crocussativus.eu\/es\/wp-json\/wp\/v2\/pages"}],"about":[{"href":"https:\/\/crocussativus.eu\/es\/wp-json\/wp\/v2\/types\/page"}],"author":[{"embeddable":true,"href":"https:\/\/crocussativus.eu\/es\/wp-json\/wp\/v2\/users\/1"}],"replies":[{"embeddable":true,"href":"https:\/\/crocussativus.eu\/es\/wp-json\/wp\/v2\/comments?post=535"}],"version-history":[{"count":0,"href":"https:\/\/crocussativus.eu\/es\/wp-json\/wp\/v2\/pages\/535\/revisions"}],"wp:attachment":[{"href":"https:\/\/crocussativus.eu\/es\/wp-json\/wp\/v2\/media?parent=535"}],"curies":[{"name":"wp","href":"https:\/\/api.w.org\/{rel}","templated":true}]}}