{"id":543,"date":"2022-02-07T14:25:10","date_gmt":"2022-02-07T14:25:10","guid":{"rendered":"https:\/\/demo.crocussativus.eu\/gebruik-saffraan\/"},"modified":"2025-05-17T08:39:44","modified_gmt":"2025-05-17T08:39:44","slug":"guia-de-cocina-azafran","status":"publish","type":"page","link":"https:\/\/crocussativus.eu\/es\/guia-de-cocina-azafran\/","title":{"rendered":"GU\u00cdA DE COCINA AZAFR\u00c1N"},"content":{"rendered":"<div class=\"wpb-content-wrapper\"><p>[vc_row][vc_column][vc_column_text css=\u00bb\u00bb]<\/p>\n<h5><\/h5>\n<p><img loading=\"lazy\" decoding=\"async\" class=\"alignnone wp-image-220\" src=\"https:\/\/crocussativus.eu\/wp-content\/uploads\/2022\/02\/gebruik_saffraan-300x167.jpg\" alt=\"\" width=\"507\" height=\"282\" srcset=\"https:\/\/crocussativus.eu\/wp-content\/uploads\/2022\/02\/gebruik_saffraan-300x167.jpg 300w, https:\/\/crocussativus.eu\/wp-content\/uploads\/2022\/02\/gebruik_saffraan-768x427.jpg 768w, https:\/\/crocussativus.eu\/wp-content\/uploads\/2022\/02\/gebruik_saffraan-600x333.jpg 600w, https:\/\/crocussativus.eu\/wp-content\/uploads\/2022\/02\/gebruik_saffraan.jpg 900w\" sizes=\"auto, (max-width: 507px) 100vw, 507px\" \/><\/p>\n<p>&nbsp;<\/p>\n<p>Seg\u00fan el plato a preparar, las hebras de azafr\u00e1n se utilizan de diferentes formas. Las hebras de azafr\u00e1n se pueden utilizar de cuatro formas.<\/p>\n<p>GU\u00cdA DE COCINA AZAFR\u00c1N<\/p>\n<h2>Inmediatamente:<\/h2>\n<p>Las hebras se utilizan sin pretratamiento en platos con un tiempo de cocci\u00f3n prolongado, para que haya tiempo suficiente para la liberaci\u00f3n de los colorantes, aromas y sabores.<\/p>\n<h2>Infusi\u00f3n:<\/h2>\n<p>Se utiliza antes de preparaciones &#8216;cortas&#8217;. Coloque los hilos necesarios en un recipiente y vierta un poco de l\u00edquido caliente (\u00a1no hirviendo!) Sobre \u00e9l. Triture los hilos presion\u00e1ndolos contra la pared del recipiente con una cucharilla y luego d\u00e9jelos en remojo durante 10 a 15 minutos (el l\u00edquido est\u00e1 listo para usar). A menudo se produce remojo en parte del l\u00edquido que se utiliza posteriormente en la preparaci\u00f3n (agua, vino, vinagre, leche, nata, zumo de frutas).<\/p>\n<h2>Fructificaci\u00f3n:<\/h2>\n<p>Al principio de una preparaci\u00f3n, fre\u00edr brevemente las hebras de azafr\u00e1n en mantequilla o aceite, o fre\u00edrlas para que la grasa absorba el sabor y se desarrolle bien el aroma y el aroma. Esto se usa a menudo en platos con ingredientes que ya tienen mucho sabor.<\/p>\n<h2>Tostado:<\/h2>\n<p>Asar las hebras hasta que est\u00e9n quebradizas en una sart\u00e9n gruesa (sin grasa) o en un horno moderadamente caliente o envolver las hebras en papel aluminio, colocarlas sobre la tapa de una cacerola con contenido hirviendo. Luego agregue los hilos, frotados entre los dedos, a la preparaci\u00f3n.<\/p>\n<h2>El azafr\u00e1n ayuda a prevenir el envejecimiento de la piel<\/h2>\n<p>El azafr\u00e1n est\u00e1 repleto de vitaminas que tienen un efecto positivo en la piel. Tome una c\u00e1psula o 75 mg de azafr\u00e1n y m\u00e9zclelo con una taza de leche tibia y una cucharadita de jugo de lim\u00f3n. Mezcle esto e inicialmente masajee esta pasta en su cara durante cinco minutos. Realiza suaves movimientos circulares y d\u00e9jalo actuar sobre la piel durante 15 minutos. De esta forma tienes una mascarilla completamente natural que puedes preparar t\u00fa misma fresca con la ayuda de un poco de azafr\u00e1n, es decir sin conservantes de una mascarilla de paquete, que a veces se compuso hace meses o incluso m\u00e1s.<\/p>\n<p>\u00bfTambi\u00e9n te gustar\u00eda preparar platos con azafr\u00e1n? Puedes pedirnos tus especias de azafr\u00e1n.[\/vc_column_text][\/vc_column][\/vc_row][vc_row full_width=\u00bbstretch_row\u00bb css=\u00bb.vc_custom_1644242697585{background-color: #f9f9f9 !important;}\u00bb][vc_column width=\u00bb1\/4&#8243;][vc_column_text]<\/p>\n<h4>DETALLES DE LA COMPA\u00d1\u00cdA<\/h4>\n<p><strong>ABAC Holland B.V.<\/strong><br \/>\nAttn. Crocussativus<br \/>\nMr.J.Henderikxstraat 57<br \/>\n1788 AZ Julianadorp<br \/>\nPa\u00edses Bajos<\/p>\n<p>Holand\u00e9s CoC 54348765<br \/>\nIVA NL8512.69.382.B01[\/vc_column_text][\/vc_column][vc_column width=\u00bb1\/4&#8243;][vc_column_text css=\u00bb\u00bb]<\/p>\n<h4>CONTACTO<\/h4>\n<p><strong>Crocussativus.eu<\/strong><br \/>\nT +31 (0)627267149<br \/>\ninfo@crocussativus.eu<\/p>\n<p>[\/vc_column_text][\/vc_column][vc_column width=\u00bb1\/4&#8243;][vc_column_text]<\/p>\n<h4>COMPRAS<\/h4>\n<p>Todas nuestras transacciones son procesadas de forma segura por Mollie.<\/p>\n<p>Costos de env\u00edo:<\/p>\n<p>Pa\u00edses Bajos &#8211; gratis<br \/>\nE.U. &#8211; \u20ac6 por pedido<br \/>\nFuera de E.U. -precio a petici\u00f3n.<\/p>\n<p>*Los pa\u00edses con requisitos fitosanitarios pagan la inspecci\u00f3n de las tasas.[\/vc_column_text][\/vc_column][vc_column width=\u00bb1\/4&#8243;][vc_column_text]<\/p>\n<h5>KLANTENSERVICE<\/h5>\n<p>[\/vc_column_text][vc_wp_custommenu nav_menu=\u00bb36&#8243;][\/vc_column][\/vc_row]<\/p>\n<\/div>","protected":false},"excerpt":{"rendered":"<p>[vc_row][vc_column][vc_column_text css=\u00bb\u00bb] &nbsp; Seg\u00fan el plato a preparar, las hebras de azafr\u00e1n se utilizan de diferentes formas. Las hebras de azafr\u00e1n se pueden utilizar de cuatro formas. GU\u00cdA DE COCINA AZAFR\u00c1N Inmediatamente: Las hebras se utilizan sin pretratamiento en platos con un tiempo de cocci\u00f3n prolongado, para que haya tiempo suficiente para la liberaci\u00f3n de&hellip;<\/p>\n","protected":false},"author":1,"featured_media":0,"parent":0,"menu_order":0,"comment_status":"closed","ping_status":"closed","template":"","meta":{"footnotes":""},"class_list":["post-543","page","type-page","status-publish","hentry","description-off"],"yoast_head":"<!-- This site is optimized with the Yoast SEO Premium plugin v26.5 (Yoast SEO v26.5) - https:\/\/yoast.com\/wordpress\/plugins\/seo\/ -->\n<title>GU\u00cdA DE COCINA AZAFR\u00c1N - Crocussativus<\/title>\n<meta name=\"description\" content=\"Descubre las diferentes formas de utilizar la GU\u00cdA DE COCINA AZAFR\u00c1N para obtener platos deliciosos y de \u00f3ptimo sabor.\" \/>\n<meta name=\"robots\" content=\"index, follow, max-snippet:-1, max-image-preview:large, max-video-preview:-1\" \/>\n<link rel=\"canonical\" href=\"https:\/\/crocussativus.eu\/es\/guia-de-cocina-azafran\/\" \/>\n<meta property=\"og:locale\" content=\"es_ES\" \/>\n<meta property=\"og:type\" content=\"article\" \/>\n<meta property=\"og:title\" content=\"GU\u00cdA DE COCINA AZAFR\u00c1N\" \/>\n<meta property=\"og:description\" content=\"Descubre las diferentes formas de utilizar la GU\u00cdA DE COCINA AZAFR\u00c1N para obtener platos deliciosos y de \u00f3ptimo sabor.\" \/>\n<meta property=\"og:url\" content=\"https:\/\/crocussativus.eu\/es\/guia-de-cocina-azafran\/\" \/>\n<meta property=\"og:site_name\" content=\"Crocussativus\" \/>\n<meta property=\"article:publisher\" content=\"https:\/\/www.facebook.com\/crocussativus.eu\" \/>\n<meta property=\"article:modified_time\" content=\"2025-05-17T08:39:44+00:00\" \/>\n<meta property=\"og:image\" content=\"https:\/\/crocussativus.eu\/wp-content\/uploads\/2022\/02\/gebruik_saffraan.jpg\" \/>\n\t<meta property=\"og:image:width\" content=\"900\" \/>\n\t<meta property=\"og:image:height\" content=\"500\" \/>\n\t<meta property=\"og:image:type\" content=\"image\/jpeg\" \/>\n<meta name=\"twitter:card\" content=\"summary_large_image\" \/>\n<meta name=\"twitter:label1\" content=\"Tiempo de lectura\" \/>\n\t<meta name=\"twitter:data1\" content=\"3 minutos\" \/>\n<script type=\"application\/ld+json\" class=\"yoast-schema-graph\">{\"@context\":\"https:\/\/schema.org\",\"@graph\":[{\"@type\":\"WebPage\",\"@id\":\"https:\/\/crocussativus.eu\/es\/guia-de-cocina-azafran\/\",\"url\":\"https:\/\/crocussativus.eu\/es\/guia-de-cocina-azafran\/\",\"name\":\"GU\u00cdA DE COCINA AZAFR\u00c1N - Crocussativus\",\"isPartOf\":{\"@id\":\"https:\/\/crocussativus.eu\/#website\"},\"primaryImageOfPage\":{\"@id\":\"https:\/\/crocussativus.eu\/es\/guia-de-cocina-azafran\/#primaryimage\"},\"image\":{\"@id\":\"https:\/\/crocussativus.eu\/es\/guia-de-cocina-azafran\/#primaryimage\"},\"thumbnailUrl\":\"https:\/\/crocussativus.eu\/wp-content\/uploads\/2022\/02\/gebruik_saffraan-300x167.jpg\",\"datePublished\":\"2022-02-07T14:25:10+00:00\",\"dateModified\":\"2025-05-17T08:39:44+00:00\",\"description\":\"Descubre las diferentes formas de utilizar la GU\u00cdA DE COCINA AZAFR\u00c1N para obtener platos deliciosos y de \u00f3ptimo sabor.\",\"breadcrumb\":{\"@id\":\"https:\/\/crocussativus.eu\/es\/guia-de-cocina-azafran\/#breadcrumb\"},\"inLanguage\":\"es\",\"potentialAction\":[{\"@type\":\"ReadAction\",\"target\":[\"https:\/\/crocussativus.eu\/es\/guia-de-cocina-azafran\/\"]}]},{\"@type\":\"ImageObject\",\"inLanguage\":\"es\",\"@id\":\"https:\/\/crocussativus.eu\/es\/guia-de-cocina-azafran\/#primaryimage\",\"url\":\"https:\/\/crocussativus.eu\/wp-content\/uploads\/2022\/02\/gebruik_saffraan-300x167.jpg\",\"contentUrl\":\"https:\/\/crocussativus.eu\/wp-content\/uploads\/2022\/02\/gebruik_saffraan-300x167.jpg\"},{\"@type\":\"BreadcrumbList\",\"@id\":\"https:\/\/crocussativus.eu\/es\/guia-de-cocina-azafran\/#breadcrumb\",\"itemListElement\":[{\"@type\":\"ListItem\",\"position\":1,\"name\":\"Home\",\"item\":\"https:\/\/crocussativus.eu\/es\/\"},{\"@type\":\"ListItem\",\"position\":2,\"name\":\"GU\u00cdA DE COCINA AZAFR\u00c1N\"}]},{\"@type\":\"WebSite\",\"@id\":\"https:\/\/crocussativus.eu\/#website\",\"url\":\"https:\/\/crocussativus.eu\/\",\"name\":\"Crocussativus.eu\",\"description\":\"Saffraan, Capsules, Crocus sativus bollen &amp; Saffraankaas\",\"publisher\":{\"@id\":\"https:\/\/crocussativus.eu\/#organization\"},\"potentialAction\":[{\"@type\":\"SearchAction\",\"target\":{\"@type\":\"EntryPoint\",\"urlTemplate\":\"https:\/\/crocussativus.eu\/?s={search_term_string}\"},\"query-input\":{\"@type\":\"PropertyValueSpecification\",\"valueRequired\":true,\"valueName\":\"search_term_string\"}}],\"inLanguage\":\"es\"},{\"@type\":\"Organization\",\"@id\":\"https:\/\/crocussativus.eu\/#organization\",\"name\":\"abac holland bv\",\"alternateName\":\"crocus sativus .eu\",\"url\":\"https:\/\/crocussativus.eu\/\",\"logo\":{\"@type\":\"ImageObject\",\"inLanguage\":\"es\",\"@id\":\"https:\/\/crocussativus.eu\/#\/schema\/logo\/image\/\",\"url\":\"https:\/\/crocussativus.eu\/wp-content\/uploads\/2023\/06\/logo_h80-1.png\",\"contentUrl\":\"https:\/\/crocussativus.eu\/wp-content\/uploads\/2023\/06\/logo_h80-1.png\",\"width\":181,\"height\":80,\"caption\":\"abac holland bv\"},\"image\":{\"@id\":\"https:\/\/crocussativus.eu\/#\/schema\/logo\/image\/\"},\"sameAs\":[\"https:\/\/www.facebook.com\/crocussativus.eu\"],\"description\":\"Social and Solidarity Enterprise. We do everything we can to oSociale en Solidaire Onderneming. We doen er alles aan om innovatieve en transparante middelen en diensten aan te bieden en zo de Saffraan- en Crocus sativus telers te ondersteunen.ffer innovative and transparent resources and services to support Saffron and Crocus sativus growers.\",\"email\":\"info@abacholland.com\",\"telephone\":\"+31 (0)627 267 149\",\"legalName\":\"abac holland bv\",\"foundingDate\":\"2011-01-09\"}]}<\/script>\n<!-- \/ Yoast SEO Premium plugin. -->","yoast_head_json":{"title":"GU\u00cdA DE COCINA AZAFR\u00c1N - Crocussativus","description":"Descubre las diferentes formas de utilizar la GU\u00cdA DE COCINA AZAFR\u00c1N para obtener platos deliciosos y de \u00f3ptimo sabor.","robots":{"index":"index","follow":"follow","max-snippet":"max-snippet:-1","max-image-preview":"max-image-preview:large","max-video-preview":"max-video-preview:-1"},"canonical":"https:\/\/crocussativus.eu\/es\/guia-de-cocina-azafran\/","og_locale":"es_ES","og_type":"article","og_title":"GU\u00cdA DE COCINA AZAFR\u00c1N","og_description":"Descubre las diferentes formas de utilizar la GU\u00cdA DE COCINA AZAFR\u00c1N para obtener platos deliciosos y de \u00f3ptimo sabor.","og_url":"https:\/\/crocussativus.eu\/es\/guia-de-cocina-azafran\/","og_site_name":"Crocussativus","article_publisher":"https:\/\/www.facebook.com\/crocussativus.eu","article_modified_time":"2025-05-17T08:39:44+00:00","og_image":[{"width":900,"height":500,"url":"https:\/\/crocussativus.eu\/wp-content\/uploads\/2022\/02\/gebruik_saffraan.jpg","type":"image\/jpeg"}],"twitter_card":"summary_large_image","twitter_misc":{"Tiempo de lectura":"3 minutos"},"schema":{"@context":"https:\/\/schema.org","@graph":[{"@type":"WebPage","@id":"https:\/\/crocussativus.eu\/es\/guia-de-cocina-azafran\/","url":"https:\/\/crocussativus.eu\/es\/guia-de-cocina-azafran\/","name":"GU\u00cdA DE COCINA AZAFR\u00c1N - Crocussativus","isPartOf":{"@id":"https:\/\/crocussativus.eu\/#website"},"primaryImageOfPage":{"@id":"https:\/\/crocussativus.eu\/es\/guia-de-cocina-azafran\/#primaryimage"},"image":{"@id":"https:\/\/crocussativus.eu\/es\/guia-de-cocina-azafran\/#primaryimage"},"thumbnailUrl":"https:\/\/crocussativus.eu\/wp-content\/uploads\/2022\/02\/gebruik_saffraan-300x167.jpg","datePublished":"2022-02-07T14:25:10+00:00","dateModified":"2025-05-17T08:39:44+00:00","description":"Descubre las diferentes formas de utilizar la GU\u00cdA DE COCINA AZAFR\u00c1N para obtener platos deliciosos y de \u00f3ptimo sabor.","breadcrumb":{"@id":"https:\/\/crocussativus.eu\/es\/guia-de-cocina-azafran\/#breadcrumb"},"inLanguage":"es","potentialAction":[{"@type":"ReadAction","target":["https:\/\/crocussativus.eu\/es\/guia-de-cocina-azafran\/"]}]},{"@type":"ImageObject","inLanguage":"es","@id":"https:\/\/crocussativus.eu\/es\/guia-de-cocina-azafran\/#primaryimage","url":"https:\/\/crocussativus.eu\/wp-content\/uploads\/2022\/02\/gebruik_saffraan-300x167.jpg","contentUrl":"https:\/\/crocussativus.eu\/wp-content\/uploads\/2022\/02\/gebruik_saffraan-300x167.jpg"},{"@type":"BreadcrumbList","@id":"https:\/\/crocussativus.eu\/es\/guia-de-cocina-azafran\/#breadcrumb","itemListElement":[{"@type":"ListItem","position":1,"name":"Home","item":"https:\/\/crocussativus.eu\/es\/"},{"@type":"ListItem","position":2,"name":"GU\u00cdA DE COCINA AZAFR\u00c1N"}]},{"@type":"WebSite","@id":"https:\/\/crocussativus.eu\/#website","url":"https:\/\/crocussativus.eu\/","name":"Crocussativus.eu","description":"Saffraan, Capsules, Crocus sativus bollen &amp; Saffraankaas","publisher":{"@id":"https:\/\/crocussativus.eu\/#organization"},"potentialAction":[{"@type":"SearchAction","target":{"@type":"EntryPoint","urlTemplate":"https:\/\/crocussativus.eu\/?s={search_term_string}"},"query-input":{"@type":"PropertyValueSpecification","valueRequired":true,"valueName":"search_term_string"}}],"inLanguage":"es"},{"@type":"Organization","@id":"https:\/\/crocussativus.eu\/#organization","name":"abac holland bv","alternateName":"crocus sativus .eu","url":"https:\/\/crocussativus.eu\/","logo":{"@type":"ImageObject","inLanguage":"es","@id":"https:\/\/crocussativus.eu\/#\/schema\/logo\/image\/","url":"https:\/\/crocussativus.eu\/wp-content\/uploads\/2023\/06\/logo_h80-1.png","contentUrl":"https:\/\/crocussativus.eu\/wp-content\/uploads\/2023\/06\/logo_h80-1.png","width":181,"height":80,"caption":"abac holland bv"},"image":{"@id":"https:\/\/crocussativus.eu\/#\/schema\/logo\/image\/"},"sameAs":["https:\/\/www.facebook.com\/crocussativus.eu"],"description":"Social and Solidarity Enterprise. We do everything we can to oSociale en Solidaire Onderneming. We doen er alles aan om innovatieve en transparante middelen en diensten aan te bieden en zo de Saffraan- en Crocus sativus telers te ondersteunen.ffer innovative and transparent resources and services to support Saffron and Crocus sativus growers.","email":"info@abacholland.com","telephone":"+31 (0)627 267 149","legalName":"abac holland bv","foundingDate":"2011-01-09"}]}},"_links":{"self":[{"href":"https:\/\/crocussativus.eu\/es\/wp-json\/wp\/v2\/pages\/543","targetHints":{"allow":["GET"]}}],"collection":[{"href":"https:\/\/crocussativus.eu\/es\/wp-json\/wp\/v2\/pages"}],"about":[{"href":"https:\/\/crocussativus.eu\/es\/wp-json\/wp\/v2\/types\/page"}],"author":[{"embeddable":true,"href":"https:\/\/crocussativus.eu\/es\/wp-json\/wp\/v2\/users\/1"}],"replies":[{"embeddable":true,"href":"https:\/\/crocussativus.eu\/es\/wp-json\/wp\/v2\/comments?post=543"}],"version-history":[{"count":0,"href":"https:\/\/crocussativus.eu\/es\/wp-json\/wp\/v2\/pages\/543\/revisions"}],"wp:attachment":[{"href":"https:\/\/crocussativus.eu\/es\/wp-json\/wp\/v2\/media?parent=543"}],"curies":[{"name":"wp","href":"https:\/\/api.w.org\/{rel}","templated":true}]}}