{"id":983,"date":"2022-04-12T12:16:31","date_gmt":"2022-04-12T12:16:31","guid":{"rendered":"https:\/\/demo.crocussativus.eu\/saffraankaas-sticks\/"},"modified":"2025-05-17T08:52:04","modified_gmt":"2025-05-17T08:52:04","slug":"palitos-de-queso-azafran","status":"publish","type":"page","link":"https:\/\/crocussativus.eu\/es\/palitos-de-queso-azafran\/","title":{"rendered":"Palitos de queso azafr\u00e1n"},"content":{"rendered":"<div class=\"wpb-content-wrapper\"><p>[vc_row][vc_column][vc_column_text]<\/p>\n<h1 style=\"text-align: center;\">Pain fromager safran\u00e9<\/h1>\n<p>&nbsp;<\/p>\n<p><img loading=\"lazy\" decoding=\"async\" class=\"aligncenter wp-image-929 size-large\" src=\"https:\/\/crocussativus.eu\/wp-content\/uploads\/2022\/04\/20220304124857_IMG_3730-683x1024.jpg\" alt=\"\" width=\"683\" height=\"1024\" srcset=\"https:\/\/crocussativus.eu\/wp-content\/uploads\/2022\/04\/20220304124857_IMG_3730-683x1024.jpg 683w, https:\/\/crocussativus.eu\/wp-content\/uploads\/2022\/04\/20220304124857_IMG_3730-200x300.jpg 200w, https:\/\/crocussativus.eu\/wp-content\/uploads\/2022\/04\/20220304124857_IMG_3730-768x1152.jpg 768w, https:\/\/crocussativus.eu\/wp-content\/uploads\/2022\/04\/20220304124857_IMG_3730-1024x1536.jpg 1024w, https:\/\/crocussativus.eu\/wp-content\/uploads\/2022\/04\/20220304124857_IMG_3730-600x900.jpg 600w, https:\/\/crocussativus.eu\/wp-content\/uploads\/2022\/04\/20220304124857_IMG_3730.jpg 1280w\" sizes=\"auto, (max-width: 683px) 100vw, 683px\" \/><\/p>\n<h3>Un palito de pan de masa madre al horno al estilo franc\u00e9s combinado con el queso azafr\u00e1n original de la granja.<\/h3>\n<p><img loading=\"lazy\" decoding=\"async\" class=\"aligncenter wp-image-934 size-large\" src=\"https:\/\/crocussativus.eu\/wp-content\/uploads\/2022\/04\/20220304135813_IMG_3868-1024x683.jpg\" alt=\"\" width=\"1024\" height=\"683\" srcset=\"https:\/\/crocussativus.eu\/wp-content\/uploads\/2022\/04\/20220304135813_IMG_3868-1024x683.jpg 1024w, https:\/\/crocussativus.eu\/wp-content\/uploads\/2022\/04\/20220304135813_IMG_3868-300x200.jpg 300w, https:\/\/crocussativus.eu\/wp-content\/uploads\/2022\/04\/20220304135813_IMG_3868-768x512.jpg 768w, https:\/\/crocussativus.eu\/wp-content\/uploads\/2022\/04\/20220304135813_IMG_3868-1536x1024.jpg 1536w, https:\/\/crocussativus.eu\/wp-content\/uploads\/2022\/04\/20220304135813_IMG_3868-600x400.jpg 600w, https:\/\/crocussativus.eu\/wp-content\/uploads\/2022\/04\/20220304135813_IMG_3868.jpg 1920w\" sizes=\"auto, (max-width: 1024px) 100vw, 1024px\" \/><\/p>\n<h3>Esta combinaci\u00f3n crea una barra de pan deliciosamente sabrosa con un origen completamente tradicional.<\/h3>\n<p><img loading=\"lazy\" decoding=\"async\" class=\"wp-image-1279 size-large aligncenter\" src=\"https:\/\/crocussativus.eu\/wp-content\/uploads\/2022\/04\/20220304125442_IMG_3762-1024x683.jpg\" alt=\"\" width=\"1024\" height=\"683\" srcset=\"https:\/\/crocussativus.eu\/wp-content\/uploads\/2022\/04\/20220304125442_IMG_3762-1024x683.jpg 1024w, https:\/\/crocussativus.eu\/wp-content\/uploads\/2022\/04\/20220304125442_IMG_3762-300x200.jpg 300w, https:\/\/crocussativus.eu\/wp-content\/uploads\/2022\/04\/20220304125442_IMG_3762-768x512.jpg 768w, https:\/\/crocussativus.eu\/wp-content\/uploads\/2022\/04\/20220304125442_IMG_3762-1536x1025.jpg 1536w, https:\/\/crocussativus.eu\/wp-content\/uploads\/2022\/04\/20220304125442_IMG_3762-600x400.jpg 600w, https:\/\/crocussativus.eu\/wp-content\/uploads\/2022\/04\/20220304125442_IMG_3762.jpg 1826w\" sizes=\"auto, (max-width: 1024px) 100vw, 1024px\" \/><\/p>\n<h3>Para hacer Pain fromager safran\u00e9, el panadero mezcla el queso azafr\u00e1n cortado en trozos peque\u00f1os con la masa que ha subido durante 24 horas.<\/h3>\n<p><img loading=\"lazy\" decoding=\"async\" class=\"aligncenter wp-image-944 size-large\" src=\"https:\/\/crocussativus.eu\/wp-content\/uploads\/2022\/04\/20220304134007_IMG_3828-1024x683.jpg\" alt=\"\" width=\"1024\" height=\"683\" srcset=\"https:\/\/crocussativus.eu\/wp-content\/uploads\/2022\/04\/20220304134007_IMG_3828-1024x683.jpg 1024w, https:\/\/crocussativus.eu\/wp-content\/uploads\/2022\/04\/20220304134007_IMG_3828-300x200.jpg 300w, https:\/\/crocussativus.eu\/wp-content\/uploads\/2022\/04\/20220304134007_IMG_3828-768x512.jpg 768w, https:\/\/crocussativus.eu\/wp-content\/uploads\/2022\/04\/20220304134007_IMG_3828-600x400.jpg 600w, https:\/\/crocussativus.eu\/wp-content\/uploads\/2022\/04\/20220304134007_IMG_3828.jpg 1479w\" sizes=\"auto, (max-width: 1024px) 100vw, 1024px\" \/><\/p>\n<h3>El panadero luego forma los palitos de queso azafr\u00e1n y los corta antes de ponerlos en el horno.<\/h3>\n<p><img loading=\"lazy\" decoding=\"async\" class=\"wp-image-1286 size-large aligncenter\" src=\"https:\/\/crocussativus.eu\/wp-content\/uploads\/2022\/04\/20220304132723_IMG_3789-1024x683.jpg\" alt=\"\" width=\"1024\" height=\"683\" srcset=\"https:\/\/crocussativus.eu\/wp-content\/uploads\/2022\/04\/20220304132723_IMG_3789-1024x683.jpg 1024w, https:\/\/crocussativus.eu\/wp-content\/uploads\/2022\/04\/20220304132723_IMG_3789-300x200.jpg 300w, https:\/\/crocussativus.eu\/wp-content\/uploads\/2022\/04\/20220304132723_IMG_3789-768x512.jpg 768w, https:\/\/crocussativus.eu\/wp-content\/uploads\/2022\/04\/20220304132723_IMG_3789-1536x1025.jpg 1536w, https:\/\/crocussativus.eu\/wp-content\/uploads\/2022\/04\/20220304132723_IMG_3789-600x400.jpg 600w, https:\/\/crocussativus.eu\/wp-content\/uploads\/2022\/04\/20220304132723_IMG_3789.jpg 1824w\" sizes=\"auto, (max-width: 1024px) 100vw, 1024px\" \/><\/p>\n<h3>Deje la masa de pan de queso azafr\u00e1n con un cultivo de masa madre en lugar de levadura:<br \/>\n&#8211; proporciona un sabor m\u00e1s completo<br \/>\n&#8211; es f\u00e1cilmente digerible<br \/>\n&#8211; tiene una absorci\u00f3n de minerales de 50% a 100% mejor (por ejemplo, magnesio, hierro, zinc)<br \/>\n&#8211; tiene una vida \u00fatil m\u00e1s larga<\/h3>\n<p><img loading=\"lazy\" decoding=\"async\" class=\"aligncenter wp-image-954 size-large\" src=\"https:\/\/crocussativus.eu\/wp-content\/uploads\/2022\/04\/20220304135739_IMG_3863-1024x683.jpg\" alt=\"\" width=\"1024\" height=\"683\" srcset=\"https:\/\/crocussativus.eu\/wp-content\/uploads\/2022\/04\/20220304135739_IMG_3863-1024x683.jpg 1024w, https:\/\/crocussativus.eu\/wp-content\/uploads\/2022\/04\/20220304135739_IMG_3863-300x200.jpg 300w, https:\/\/crocussativus.eu\/wp-content\/uploads\/2022\/04\/20220304135739_IMG_3863-768x512.jpg 768w, https:\/\/crocussativus.eu\/wp-content\/uploads\/2022\/04\/20220304135739_IMG_3863-600x400.jpg 600w, https:\/\/crocussativus.eu\/wp-content\/uploads\/2022\/04\/20220304135739_IMG_3863.jpg 1052w\" sizes=\"auto, (max-width: 1024px) 100vw, 1024px\" \/><\/p>\n<h2>Para obtener m\u00e1s informaci\u00f3n y precios sobre los palitos de queso azafr\u00e1n, env\u00edenos un correo electr\u00f3nico o ll\u00e1menos.<\/h2>\n<p><img loading=\"lazy\" decoding=\"async\" class=\"aligncenter wp-image-959 size-large\" src=\"https:\/\/crocussativus.eu\/wp-content\/uploads\/2022\/04\/20220304140426_IMG_3886-1024x683.jpg\" alt=\"\" width=\"1024\" height=\"683\" srcset=\"https:\/\/crocussativus.eu\/wp-content\/uploads\/2022\/04\/20220304140426_IMG_3886-1024x683.jpg 1024w, https:\/\/crocussativus.eu\/wp-content\/uploads\/2022\/04\/20220304140426_IMG_3886-300x200.jpg 300w, https:\/\/crocussativus.eu\/wp-content\/uploads\/2022\/04\/20220304140426_IMG_3886-768x512.jpg 768w, https:\/\/crocussativus.eu\/wp-content\/uploads\/2022\/04\/20220304140426_IMG_3886-1536x1025.jpg 1536w, https:\/\/crocussativus.eu\/wp-content\/uploads\/2022\/04\/20220304140426_IMG_3886-600x400.jpg 600w, https:\/\/crocussativus.eu\/wp-content\/uploads\/2022\/04\/20220304140426_IMG_3886.jpg 1856w\" sizes=\"auto, (max-width: 1024px) 100vw, 1024px\" \/>[\/vc_column_text][\/vc_column][\/vc_row][vc_row full_width=\u00bbstretch_row\u00bb css=\u00bb.vc_custom_1644242697585{background-color: #f9f9f9 !important;}\u00bb][vc_column width=\u00bb1\/4&#8243;][vc_column_text]<\/p>\n<h4>DETALLES DE LA COMPA\u00d1\u00cdA<\/h4>\n<p><strong>ABAC Holland B.V.<\/strong><br \/>\nAttn. Crocussativus<br \/>\nMr.J.Henderikxstraat 57<br \/>\n1788 AZ Julianadorp<br \/>\nPa\u00edses Bajos<\/p>\n<p>Holand\u00e9s CoC 54348765<br \/>\nIVA NL8512.69.382.B01[\/vc_column_text][\/vc_column][vc_column width=\u00bb1\/4&#8243;][vc_column_text css=\u00bb\u00bb]<\/p>\n<h4>CONTACTO<\/h4>\n<p><strong>Crocussativus.eu<\/strong><br \/>\nT +31 (0)627267149<br \/>\ninfo@crocussativus.eu<\/p>\n<p>[\/vc_column_text][\/vc_column][vc_column width=\u00bb1\/4&#8243;][vc_column_text]<\/p>\n<h4>COMPRAS<\/h4>\n<p>Todas nuestras transacciones son procesadas de forma segura por Mollie.<\/p>\n<p>Costos de env\u00edo:<\/p>\n<p>Pa\u00edses Bajos &#8211; gratis<br \/>\nE.U. &#8211; \u20ac6 por pedido<br \/>\nFuera de E.U. -precio a petici\u00f3n.<\/p>\n<p>*Los pa\u00edses con requisitos fitosanitarios pagan la inspecci\u00f3n de las tasas.[\/vc_column_text][\/vc_column][vc_column width=\u00bb1\/4&#8243;][vc_column_text]<\/p>\n<h5>KLANTENSERVICE<\/h5>\n<p>[\/vc_column_text][vc_wp_custommenu nav_menu=\u00bb36&#8243;][\/vc_column][\/vc_row]<\/p>\n<\/div>","protected":false},"excerpt":{"rendered":"<p>[vc_row][vc_column][vc_column_text] Pain fromager safran\u00e9 &nbsp; Un palito de pan de masa madre al horno al estilo franc\u00e9s combinado con el queso azafr\u00e1n original de la granja. Esta combinaci\u00f3n crea una barra de pan deliciosamente sabrosa con un origen completamente tradicional. Para hacer Pain fromager safran\u00e9, el panadero mezcla el queso azafr\u00e1n cortado en trozos peque\u00f1os&hellip;<\/p>\n","protected":false},"author":2,"featured_media":0,"parent":0,"menu_order":0,"comment_status":"closed","ping_status":"closed","template":"","meta":{"footnotes":""},"class_list":["post-983","page","type-page","status-publish","hentry","description-off"],"yoast_head":"<!-- This site is optimized with the Yoast SEO Premium plugin v26.5 (Yoast SEO v26.5) - https:\/\/yoast.com\/wordpress\/plugins\/seo\/ -->\n<title>Palitos de queso azafr\u00e1n - Crocussativus<\/title>\n<meta name=\"robots\" content=\"index, follow, max-snippet:-1, max-image-preview:large, max-video-preview:-1\" \/>\n<link rel=\"canonical\" href=\"https:\/\/crocussativus.eu\/es\/palitos-de-queso-azafran\/\" \/>\n<meta property=\"og:locale\" content=\"es_ES\" \/>\n<meta property=\"og:type\" content=\"article\" \/>\n<meta property=\"og:title\" content=\"Palitos de queso azafr\u00e1n\" \/>\n<meta property=\"og:description\" content=\"[vc_row][vc_column][vc_column_text] Pain fromager safran\u00e9 &nbsp; Un palito de pan de masa madre al horno al estilo franc\u00e9s combinado con el queso azafr\u00e1n original de la granja. Esta combinaci\u00f3n crea una barra de pan deliciosamente sabrosa con un origen completamente tradicional. Para hacer Pain fromager safran\u00e9, el panadero mezcla el queso azafr\u00e1n cortado en trozos peque\u00f1os&hellip;\" \/>\n<meta property=\"og:url\" content=\"https:\/\/crocussativus.eu\/es\/palitos-de-queso-azafran\/\" \/>\n<meta property=\"og:site_name\" content=\"Crocussativus\" \/>\n<meta property=\"article:publisher\" content=\"https:\/\/www.facebook.com\/crocussativus.eu\" \/>\n<meta property=\"article:modified_time\" content=\"2025-05-17T08:52:04+00:00\" \/>\n<meta property=\"og:image\" content=\"https:\/\/crocussativus.eu\/wp-content\/uploads\/2022\/04\/20220304124857_IMG_3730.jpg\" \/>\n\t<meta property=\"og:image:width\" content=\"1280\" \/>\n\t<meta property=\"og:image:height\" content=\"1920\" \/>\n\t<meta property=\"og:image:type\" content=\"image\/jpeg\" \/>\n<meta name=\"twitter:card\" content=\"summary_large_image\" \/>\n<meta name=\"twitter:label1\" content=\"Tiempo de lectura\" \/>\n\t<meta name=\"twitter:data1\" content=\"3 minutos\" \/>\n<script type=\"application\/ld+json\" class=\"yoast-schema-graph\">{\"@context\":\"https:\/\/schema.org\",\"@graph\":[{\"@type\":\"WebPage\",\"@id\":\"https:\/\/crocussativus.eu\/es\/palitos-de-queso-azafran\/\",\"url\":\"https:\/\/crocussativus.eu\/es\/palitos-de-queso-azafran\/\",\"name\":\"Palitos de queso azafr\u00e1n - Crocussativus\",\"isPartOf\":{\"@id\":\"https:\/\/crocussativus.eu\/#website\"},\"primaryImageOfPage\":{\"@id\":\"https:\/\/crocussativus.eu\/es\/palitos-de-queso-azafran\/#primaryimage\"},\"image\":{\"@id\":\"https:\/\/crocussativus.eu\/es\/palitos-de-queso-azafran\/#primaryimage\"},\"thumbnailUrl\":\"https:\/\/crocussativus.eu\/wp-content\/uploads\/2022\/04\/20220304124857_IMG_3730-683x1024.jpg\",\"datePublished\":\"2022-04-12T12:16:31+00:00\",\"dateModified\":\"2025-05-17T08:52:04+00:00\",\"breadcrumb\":{\"@id\":\"https:\/\/crocussativus.eu\/es\/palitos-de-queso-azafran\/#breadcrumb\"},\"inLanguage\":\"es\",\"potentialAction\":[{\"@type\":\"ReadAction\",\"target\":[\"https:\/\/crocussativus.eu\/es\/palitos-de-queso-azafran\/\"]}]},{\"@type\":\"ImageObject\",\"inLanguage\":\"es\",\"@id\":\"https:\/\/crocussativus.eu\/es\/palitos-de-queso-azafran\/#primaryimage\",\"url\":\"https:\/\/crocussativus.eu\/wp-content\/uploads\/2022\/04\/20220304124857_IMG_3730-683x1024.jpg\",\"contentUrl\":\"https:\/\/crocussativus.eu\/wp-content\/uploads\/2022\/04\/20220304124857_IMG_3730-683x1024.jpg\"},{\"@type\":\"BreadcrumbList\",\"@id\":\"https:\/\/crocussativus.eu\/es\/palitos-de-queso-azafran\/#breadcrumb\",\"itemListElement\":[{\"@type\":\"ListItem\",\"position\":1,\"name\":\"Home\",\"item\":\"https:\/\/crocussativus.eu\/es\/\"},{\"@type\":\"ListItem\",\"position\":2,\"name\":\"Palitos de queso azafr\u00e1n\"}]},{\"@type\":\"WebSite\",\"@id\":\"https:\/\/crocussativus.eu\/#website\",\"url\":\"https:\/\/crocussativus.eu\/\",\"name\":\"Crocussativus.eu\",\"description\":\"Saffraan, Capsules, Crocus sativus bollen &amp; Saffraankaas\",\"publisher\":{\"@id\":\"https:\/\/crocussativus.eu\/#organization\"},\"potentialAction\":[{\"@type\":\"SearchAction\",\"target\":{\"@type\":\"EntryPoint\",\"urlTemplate\":\"https:\/\/crocussativus.eu\/?s={search_term_string}\"},\"query-input\":{\"@type\":\"PropertyValueSpecification\",\"valueRequired\":true,\"valueName\":\"search_term_string\"}}],\"inLanguage\":\"es\"},{\"@type\":\"Organization\",\"@id\":\"https:\/\/crocussativus.eu\/#organization\",\"name\":\"abac holland bv\",\"alternateName\":\"crocus sativus .eu\",\"url\":\"https:\/\/crocussativus.eu\/\",\"logo\":{\"@type\":\"ImageObject\",\"inLanguage\":\"es\",\"@id\":\"https:\/\/crocussativus.eu\/#\/schema\/logo\/image\/\",\"url\":\"https:\/\/crocussativus.eu\/wp-content\/uploads\/2023\/06\/logo_h80-1.png\",\"contentUrl\":\"https:\/\/crocussativus.eu\/wp-content\/uploads\/2023\/06\/logo_h80-1.png\",\"width\":181,\"height\":80,\"caption\":\"abac holland bv\"},\"image\":{\"@id\":\"https:\/\/crocussativus.eu\/#\/schema\/logo\/image\/\"},\"sameAs\":[\"https:\/\/www.facebook.com\/crocussativus.eu\"],\"description\":\"Social and Solidarity Enterprise. We do everything we can to oSociale en Solidaire Onderneming. We doen er alles aan om innovatieve en transparante middelen en diensten aan te bieden en zo de Saffraan- en Crocus sativus telers te ondersteunen.ffer innovative and transparent resources and services to support Saffron and Crocus sativus growers.\",\"email\":\"info@abacholland.com\",\"telephone\":\"+31 (0)627 267 149\",\"legalName\":\"abac holland bv\",\"foundingDate\":\"2011-01-09\"}]}<\/script>\n<!-- \/ Yoast SEO Premium plugin. -->","yoast_head_json":{"title":"Palitos de queso azafr\u00e1n - Crocussativus","robots":{"index":"index","follow":"follow","max-snippet":"max-snippet:-1","max-image-preview":"max-image-preview:large","max-video-preview":"max-video-preview:-1"},"canonical":"https:\/\/crocussativus.eu\/es\/palitos-de-queso-azafran\/","og_locale":"es_ES","og_type":"article","og_title":"Palitos de queso azafr\u00e1n","og_description":"[vc_row][vc_column][vc_column_text] Pain fromager safran\u00e9 &nbsp; Un palito de pan de masa madre al horno al estilo franc\u00e9s combinado con el queso azafr\u00e1n original de la granja. Esta combinaci\u00f3n crea una barra de pan deliciosamente sabrosa con un origen completamente tradicional. Para hacer Pain fromager safran\u00e9, el panadero mezcla el queso azafr\u00e1n cortado en trozos peque\u00f1os&hellip;","og_url":"https:\/\/crocussativus.eu\/es\/palitos-de-queso-azafran\/","og_site_name":"Crocussativus","article_publisher":"https:\/\/www.facebook.com\/crocussativus.eu","article_modified_time":"2025-05-17T08:52:04+00:00","og_image":[{"width":1280,"height":1920,"url":"https:\/\/crocussativus.eu\/wp-content\/uploads\/2022\/04\/20220304124857_IMG_3730.jpg","type":"image\/jpeg"}],"twitter_card":"summary_large_image","twitter_misc":{"Tiempo de lectura":"3 minutos"},"schema":{"@context":"https:\/\/schema.org","@graph":[{"@type":"WebPage","@id":"https:\/\/crocussativus.eu\/es\/palitos-de-queso-azafran\/","url":"https:\/\/crocussativus.eu\/es\/palitos-de-queso-azafran\/","name":"Palitos de queso azafr\u00e1n - Crocussativus","isPartOf":{"@id":"https:\/\/crocussativus.eu\/#website"},"primaryImageOfPage":{"@id":"https:\/\/crocussativus.eu\/es\/palitos-de-queso-azafran\/#primaryimage"},"image":{"@id":"https:\/\/crocussativus.eu\/es\/palitos-de-queso-azafran\/#primaryimage"},"thumbnailUrl":"https:\/\/crocussativus.eu\/wp-content\/uploads\/2022\/04\/20220304124857_IMG_3730-683x1024.jpg","datePublished":"2022-04-12T12:16:31+00:00","dateModified":"2025-05-17T08:52:04+00:00","breadcrumb":{"@id":"https:\/\/crocussativus.eu\/es\/palitos-de-queso-azafran\/#breadcrumb"},"inLanguage":"es","potentialAction":[{"@type":"ReadAction","target":["https:\/\/crocussativus.eu\/es\/palitos-de-queso-azafran\/"]}]},{"@type":"ImageObject","inLanguage":"es","@id":"https:\/\/crocussativus.eu\/es\/palitos-de-queso-azafran\/#primaryimage","url":"https:\/\/crocussativus.eu\/wp-content\/uploads\/2022\/04\/20220304124857_IMG_3730-683x1024.jpg","contentUrl":"https:\/\/crocussativus.eu\/wp-content\/uploads\/2022\/04\/20220304124857_IMG_3730-683x1024.jpg"},{"@type":"BreadcrumbList","@id":"https:\/\/crocussativus.eu\/es\/palitos-de-queso-azafran\/#breadcrumb","itemListElement":[{"@type":"ListItem","position":1,"name":"Home","item":"https:\/\/crocussativus.eu\/es\/"},{"@type":"ListItem","position":2,"name":"Palitos de queso azafr\u00e1n"}]},{"@type":"WebSite","@id":"https:\/\/crocussativus.eu\/#website","url":"https:\/\/crocussativus.eu\/","name":"Crocussativus.eu","description":"Saffraan, Capsules, Crocus sativus bollen &amp; Saffraankaas","publisher":{"@id":"https:\/\/crocussativus.eu\/#organization"},"potentialAction":[{"@type":"SearchAction","target":{"@type":"EntryPoint","urlTemplate":"https:\/\/crocussativus.eu\/?s={search_term_string}"},"query-input":{"@type":"PropertyValueSpecification","valueRequired":true,"valueName":"search_term_string"}}],"inLanguage":"es"},{"@type":"Organization","@id":"https:\/\/crocussativus.eu\/#organization","name":"abac holland bv","alternateName":"crocus sativus .eu","url":"https:\/\/crocussativus.eu\/","logo":{"@type":"ImageObject","inLanguage":"es","@id":"https:\/\/crocussativus.eu\/#\/schema\/logo\/image\/","url":"https:\/\/crocussativus.eu\/wp-content\/uploads\/2023\/06\/logo_h80-1.png","contentUrl":"https:\/\/crocussativus.eu\/wp-content\/uploads\/2023\/06\/logo_h80-1.png","width":181,"height":80,"caption":"abac holland bv"},"image":{"@id":"https:\/\/crocussativus.eu\/#\/schema\/logo\/image\/"},"sameAs":["https:\/\/www.facebook.com\/crocussativus.eu"],"description":"Social and Solidarity Enterprise. We do everything we can to oSociale en Solidaire Onderneming. We doen er alles aan om innovatieve en transparante middelen en diensten aan te bieden en zo de Saffraan- en Crocus sativus telers te ondersteunen.ffer innovative and transparent resources and services to support Saffron and Crocus sativus growers.","email":"info@abacholland.com","telephone":"+31 (0)627 267 149","legalName":"abac holland bv","foundingDate":"2011-01-09"}]}},"_links":{"self":[{"href":"https:\/\/crocussativus.eu\/es\/wp-json\/wp\/v2\/pages\/983","targetHints":{"allow":["GET"]}}],"collection":[{"href":"https:\/\/crocussativus.eu\/es\/wp-json\/wp\/v2\/pages"}],"about":[{"href":"https:\/\/crocussativus.eu\/es\/wp-json\/wp\/v2\/types\/page"}],"author":[{"embeddable":true,"href":"https:\/\/crocussativus.eu\/es\/wp-json\/wp\/v2\/users\/2"}],"replies":[{"embeddable":true,"href":"https:\/\/crocussativus.eu\/es\/wp-json\/wp\/v2\/comments?post=983"}],"version-history":[{"count":0,"href":"https:\/\/crocussativus.eu\/es\/wp-json\/wp\/v2\/pages\/983\/revisions"}],"wp:attachment":[{"href":"https:\/\/crocussativus.eu\/es\/wp-json\/wp\/v2\/media?parent=983"}],"curies":[{"name":"wp","href":"https:\/\/api.w.org\/{rel}","templated":true}]}}