{"id":993,"date":"2022-02-07T14:35:56","date_gmt":"2022-02-07T14:35:56","guid":{"rendered":"https:\/\/demo.crocussativus.eu\/publicaties-2\/"},"modified":"2025-05-17T08:59:57","modified_gmt":"2025-05-17T08:59:57","slug":"azafran-hemisferio-sur","status":"publish","type":"page","link":"https:\/\/crocussativus.eu\/es\/azafran-hemisferio-sur\/","title":{"rendered":"Azafr\u00e1n hemisferio sur"},"content":{"rendered":"<div class=\"wpb-content-wrapper\"><p>[vc_row][vc_column][vc_column_text]<\/p>\n<h1>\u00bfEst\u00e1 interesado en cultivar Crocus sativus en el hemisferio sur?<\/h1>\n<p>P\u00f3ngase en contacto con nosotros por correo electr\u00f3nico para obtener una descripci\u00f3n del cultivo y las condiciones de entrega de los bulbos de flores de Crocus sativus.<\/p>\n<p>&nbsp;<\/p>\n<p><img loading=\"lazy\" decoding=\"async\" class=\"alignnone size-medium wp-image-864\" src=\"https:\/\/crocussativus.eu\/wp-content\/uploads\/2022\/04\/Annual_Cycle_Southern_Hemisphere-300x197.png\" alt=\"\" width=\"300\" height=\"197\" srcset=\"https:\/\/crocussativus.eu\/wp-content\/uploads\/2022\/04\/Annual_Cycle_Southern_Hemisphere-300x197.png 300w, https:\/\/crocussativus.eu\/wp-content\/uploads\/2022\/04\/Annual_Cycle_Southern_Hemisphere-1024x672.png 1024w, https:\/\/crocussativus.eu\/wp-content\/uploads\/2022\/04\/Annual_Cycle_Southern_Hemisphere-768x504.png 768w, https:\/\/crocussativus.eu\/wp-content\/uploads\/2022\/04\/Annual_Cycle_Southern_Hemisphere-1536x1008.png 1536w, https:\/\/crocussativus.eu\/wp-content\/uploads\/2022\/04\/Annual_Cycle_Southern_Hemisphere-600x394.png 600w, https:\/\/crocussativus.eu\/wp-content\/uploads\/2022\/04\/Annual_Cycle_Southern_Hemisphere.png 1980w\" sizes=\"auto, (max-width: 300px) 100vw, 300px\" \/><\/p>\n<h1>Para el cultivo profesional<\/h1>\n<p><a href=\"http:\/\/www.abacholland.com\">ir a nuestro sitiowww.abacholland.com<\/a> o env\u00ede un correo electr\u00f3nico para obtener m\u00e1s[\/vc_column_text][\/vc_column][\/vc_row][vc_row full_width=\u00bbstretch_row\u00bb css=\u00bb.vc_custom_1644242697585{background-color: #f9f9f9 !important;}\u00bb][vc_column width=\u00bb1\/4&#8243;][vc_column_text]<\/p>\n<h4>DETALLES DE LA COMPA\u00d1\u00cdA<\/h4>\n<p><strong>ABAC Holland B.V.<\/strong><br \/>\nAttn. Crocussativus<br \/>\nMr.J.Henderikxstraat 57<br \/>\n1788 AZ Julianadorp<br \/>\nPa\u00edses Bajos<\/p>\n<p>Holand\u00e9s CoC 54348765<br \/>\nIVA NL8512.69.382.B01[\/vc_column_text][\/vc_column][vc_column width=\u00bb1\/4&#8243;][vc_column_text css=\u00bb\u00bb]<\/p>\n<h4>CONTACTO<\/h4>\n<p><strong>Crocussativus.eu<\/strong><br \/>\nT +31 (0)627267149<br \/>\ninfo@crocussativus.eu<\/p>\n<p>[\/vc_column_text][\/vc_column][vc_column width=\u00bb1\/4&#8243;][vc_column_text]<\/p>\n<h4>COMPRAS<\/h4>\n<p>Todas nuestras transacciones son procesadas de forma segura por Mollie.<\/p>\n<p>Costos de env\u00edo:<\/p>\n<p>Pa\u00edses Bajos &#8211; gratis<br \/>\nE.U. &#8211; \u20ac6 por pedido<br \/>\nFuera de E.U. -precio a petici\u00f3n.<\/p>\n<p>*Los pa\u00edses con requisitos fitosanitarios pagan la inspecci\u00f3n de las tasas.[\/vc_column_text][\/vc_column][vc_column width=\u00bb1\/4&#8243;][vc_column_text]<\/p>\n<h5>KLANTENSERVICE<\/h5>\n<p>[\/vc_column_text][vc_wp_custommenu nav_menu=\u00bb36&#8243;][\/vc_column][\/vc_row]<\/p>\n<\/div>","protected":false},"excerpt":{"rendered":"<p>[vc_row][vc_column][vc_column_text] \u00bfEst\u00e1 interesado en cultivar Crocus sativus en el hemisferio sur? P\u00f3ngase en contacto con nosotros por correo electr\u00f3nico para obtener una descripci\u00f3n del cultivo y las condiciones de entrega de los bulbos de flores de Crocus sativus. &nbsp; Para el cultivo profesional ir a nuestro sitiowww.abacholland.com o env\u00ede un correo electr\u00f3nico para obtener m\u00e1s[\/vc_column_text][\/vc_column][\/vc_row][vc_row&hellip;<\/p>\n","protected":false},"author":1,"featured_media":0,"parent":0,"menu_order":0,"comment_status":"closed","ping_status":"closed","template":"","meta":{"footnotes":""},"class_list":["post-993","page","type-page","status-publish","hentry","description-off"],"yoast_head":"<!-- This site is optimized with the Yoast SEO Premium plugin v26.5 (Yoast SEO v26.5) - https:\/\/yoast.com\/wordpress\/plugins\/seo\/ -->\n<title>Azafr\u00e1n hemisferio sur - Crocussativus<\/title>\n<meta name=\"robots\" content=\"index, follow, max-snippet:-1, max-image-preview:large, max-video-preview:-1\" \/>\n<link rel=\"canonical\" href=\"https:\/\/crocussativus.eu\/es\/azafran-hemisferio-sur\/\" \/>\n<meta property=\"og:locale\" content=\"es_ES\" \/>\n<meta property=\"og:type\" content=\"article\" \/>\n<meta property=\"og:title\" content=\"Azafr\u00e1n hemisferio sur\" \/>\n<meta property=\"og:description\" content=\"[vc_row][vc_column][vc_column_text] \u00bfEst\u00e1 interesado en cultivar Crocus sativus en el hemisferio sur? P\u00f3ngase en contacto con nosotros por correo electr\u00f3nico para obtener una descripci\u00f3n del cultivo y las condiciones de entrega de los bulbos de flores de Crocus sativus. &nbsp; Para el cultivo profesional ir a nuestro sitiowww.abacholland.com o env\u00ede un correo electr\u00f3nico para obtener m\u00e1s[\/vc_column_text][\/vc_column][\/vc_row][vc_row&hellip;\" \/>\n<meta property=\"og:url\" content=\"https:\/\/crocussativus.eu\/es\/azafran-hemisferio-sur\/\" \/>\n<meta property=\"og:site_name\" content=\"Crocussativus\" \/>\n<meta property=\"article:publisher\" content=\"https:\/\/www.facebook.com\/crocussativus.eu\" \/>\n<meta property=\"article:modified_time\" content=\"2025-05-17T08:59:57+00:00\" \/>\n<meta property=\"og:image\" content=\"https:\/\/crocussativus.eu\/wp-content\/uploads\/2022\/04\/Annual_Cycle_Southern_Hemisphere.png\" \/>\n\t<meta property=\"og:image:width\" content=\"1980\" \/>\n\t<meta property=\"og:image:height\" content=\"1300\" \/>\n\t<meta property=\"og:image:type\" content=\"image\/png\" \/>\n<meta name=\"twitter:card\" content=\"summary_large_image\" \/>\n<meta name=\"twitter:label1\" content=\"Tiempo de lectura\" \/>\n\t<meta name=\"twitter:data1\" content=\"1 minuto\" \/>\n<script type=\"application\/ld+json\" class=\"yoast-schema-graph\">{\"@context\":\"https:\/\/schema.org\",\"@graph\":[{\"@type\":\"WebPage\",\"@id\":\"https:\/\/crocussativus.eu\/es\/azafran-hemisferio-sur\/\",\"url\":\"https:\/\/crocussativus.eu\/es\/azafran-hemisferio-sur\/\",\"name\":\"Azafr\u00e1n hemisferio sur - Crocussativus\",\"isPartOf\":{\"@id\":\"https:\/\/crocussativus.eu\/#website\"},\"primaryImageOfPage\":{\"@id\":\"https:\/\/crocussativus.eu\/es\/azafran-hemisferio-sur\/#primaryimage\"},\"image\":{\"@id\":\"https:\/\/crocussativus.eu\/es\/azafran-hemisferio-sur\/#primaryimage\"},\"thumbnailUrl\":\"https:\/\/crocussativus.eu\/wp-content\/uploads\/2022\/04\/Annual_Cycle_Southern_Hemisphere-300x197.png\",\"datePublished\":\"2022-02-07T14:35:56+00:00\",\"dateModified\":\"2025-05-17T08:59:57+00:00\",\"breadcrumb\":{\"@id\":\"https:\/\/crocussativus.eu\/es\/azafran-hemisferio-sur\/#breadcrumb\"},\"inLanguage\":\"es\",\"potentialAction\":[{\"@type\":\"ReadAction\",\"target\":[\"https:\/\/crocussativus.eu\/es\/azafran-hemisferio-sur\/\"]}]},{\"@type\":\"ImageObject\",\"inLanguage\":\"es\",\"@id\":\"https:\/\/crocussativus.eu\/es\/azafran-hemisferio-sur\/#primaryimage\",\"url\":\"https:\/\/crocussativus.eu\/wp-content\/uploads\/2022\/04\/Annual_Cycle_Southern_Hemisphere-300x197.png\",\"contentUrl\":\"https:\/\/crocussativus.eu\/wp-content\/uploads\/2022\/04\/Annual_Cycle_Southern_Hemisphere-300x197.png\"},{\"@type\":\"BreadcrumbList\",\"@id\":\"https:\/\/crocussativus.eu\/es\/azafran-hemisferio-sur\/#breadcrumb\",\"itemListElement\":[{\"@type\":\"ListItem\",\"position\":1,\"name\":\"Home\",\"item\":\"https:\/\/crocussativus.eu\/es\/\"},{\"@type\":\"ListItem\",\"position\":2,\"name\":\"Azafr\u00e1n hemisferio sur\"}]},{\"@type\":\"WebSite\",\"@id\":\"https:\/\/crocussativus.eu\/#website\",\"url\":\"https:\/\/crocussativus.eu\/\",\"name\":\"Crocussativus.eu\",\"description\":\"Saffraan, Capsules, Crocus sativus bollen &amp; Saffraankaas\",\"publisher\":{\"@id\":\"https:\/\/crocussativus.eu\/#organization\"},\"potentialAction\":[{\"@type\":\"SearchAction\",\"target\":{\"@type\":\"EntryPoint\",\"urlTemplate\":\"https:\/\/crocussativus.eu\/?s={search_term_string}\"},\"query-input\":{\"@type\":\"PropertyValueSpecification\",\"valueRequired\":true,\"valueName\":\"search_term_string\"}}],\"inLanguage\":\"es\"},{\"@type\":\"Organization\",\"@id\":\"https:\/\/crocussativus.eu\/#organization\",\"name\":\"abac holland bv\",\"alternateName\":\"crocus sativus .eu\",\"url\":\"https:\/\/crocussativus.eu\/\",\"logo\":{\"@type\":\"ImageObject\",\"inLanguage\":\"es\",\"@id\":\"https:\/\/crocussativus.eu\/#\/schema\/logo\/image\/\",\"url\":\"https:\/\/crocussativus.eu\/wp-content\/uploads\/2023\/06\/logo_h80-1.png\",\"contentUrl\":\"https:\/\/crocussativus.eu\/wp-content\/uploads\/2023\/06\/logo_h80-1.png\",\"width\":181,\"height\":80,\"caption\":\"abac holland bv\"},\"image\":{\"@id\":\"https:\/\/crocussativus.eu\/#\/schema\/logo\/image\/\"},\"sameAs\":[\"https:\/\/www.facebook.com\/crocussativus.eu\"],\"description\":\"Social and Solidarity Enterprise. We do everything we can to oSociale en Solidaire Onderneming. We doen er alles aan om innovatieve en transparante middelen en diensten aan te bieden en zo de Saffraan- en Crocus sativus telers te ondersteunen.ffer innovative and transparent resources and services to support Saffron and Crocus sativus growers.\",\"email\":\"info@abacholland.com\",\"telephone\":\"+31 (0)627 267 149\",\"legalName\":\"abac holland bv\",\"foundingDate\":\"2011-01-09\"}]}<\/script>\n<!-- \/ Yoast SEO Premium plugin. -->","yoast_head_json":{"title":"Azafr\u00e1n hemisferio sur - Crocussativus","robots":{"index":"index","follow":"follow","max-snippet":"max-snippet:-1","max-image-preview":"max-image-preview:large","max-video-preview":"max-video-preview:-1"},"canonical":"https:\/\/crocussativus.eu\/es\/azafran-hemisferio-sur\/","og_locale":"es_ES","og_type":"article","og_title":"Azafr\u00e1n hemisferio sur","og_description":"[vc_row][vc_column][vc_column_text] \u00bfEst\u00e1 interesado en cultivar Crocus sativus en el hemisferio sur? P\u00f3ngase en contacto con nosotros por correo electr\u00f3nico para obtener una descripci\u00f3n del cultivo y las condiciones de entrega de los bulbos de flores de Crocus sativus. &nbsp; Para el cultivo profesional ir a nuestro sitiowww.abacholland.com o env\u00ede un correo electr\u00f3nico para obtener m\u00e1s[\/vc_column_text][\/vc_column][\/vc_row][vc_row&hellip;","og_url":"https:\/\/crocussativus.eu\/es\/azafran-hemisferio-sur\/","og_site_name":"Crocussativus","article_publisher":"https:\/\/www.facebook.com\/crocussativus.eu","article_modified_time":"2025-05-17T08:59:57+00:00","og_image":[{"width":1980,"height":1300,"url":"https:\/\/crocussativus.eu\/wp-content\/uploads\/2022\/04\/Annual_Cycle_Southern_Hemisphere.png","type":"image\/png"}],"twitter_card":"summary_large_image","twitter_misc":{"Tiempo de lectura":"1 minuto"},"schema":{"@context":"https:\/\/schema.org","@graph":[{"@type":"WebPage","@id":"https:\/\/crocussativus.eu\/es\/azafran-hemisferio-sur\/","url":"https:\/\/crocussativus.eu\/es\/azafran-hemisferio-sur\/","name":"Azafr\u00e1n hemisferio sur - Crocussativus","isPartOf":{"@id":"https:\/\/crocussativus.eu\/#website"},"primaryImageOfPage":{"@id":"https:\/\/crocussativus.eu\/es\/azafran-hemisferio-sur\/#primaryimage"},"image":{"@id":"https:\/\/crocussativus.eu\/es\/azafran-hemisferio-sur\/#primaryimage"},"thumbnailUrl":"https:\/\/crocussativus.eu\/wp-content\/uploads\/2022\/04\/Annual_Cycle_Southern_Hemisphere-300x197.png","datePublished":"2022-02-07T14:35:56+00:00","dateModified":"2025-05-17T08:59:57+00:00","breadcrumb":{"@id":"https:\/\/crocussativus.eu\/es\/azafran-hemisferio-sur\/#breadcrumb"},"inLanguage":"es","potentialAction":[{"@type":"ReadAction","target":["https:\/\/crocussativus.eu\/es\/azafran-hemisferio-sur\/"]}]},{"@type":"ImageObject","inLanguage":"es","@id":"https:\/\/crocussativus.eu\/es\/azafran-hemisferio-sur\/#primaryimage","url":"https:\/\/crocussativus.eu\/wp-content\/uploads\/2022\/04\/Annual_Cycle_Southern_Hemisphere-300x197.png","contentUrl":"https:\/\/crocussativus.eu\/wp-content\/uploads\/2022\/04\/Annual_Cycle_Southern_Hemisphere-300x197.png"},{"@type":"BreadcrumbList","@id":"https:\/\/crocussativus.eu\/es\/azafran-hemisferio-sur\/#breadcrumb","itemListElement":[{"@type":"ListItem","position":1,"name":"Home","item":"https:\/\/crocussativus.eu\/es\/"},{"@type":"ListItem","position":2,"name":"Azafr\u00e1n hemisferio sur"}]},{"@type":"WebSite","@id":"https:\/\/crocussativus.eu\/#website","url":"https:\/\/crocussativus.eu\/","name":"Crocussativus.eu","description":"Saffraan, Capsules, Crocus sativus bollen &amp; Saffraankaas","publisher":{"@id":"https:\/\/crocussativus.eu\/#organization"},"potentialAction":[{"@type":"SearchAction","target":{"@type":"EntryPoint","urlTemplate":"https:\/\/crocussativus.eu\/?s={search_term_string}"},"query-input":{"@type":"PropertyValueSpecification","valueRequired":true,"valueName":"search_term_string"}}],"inLanguage":"es"},{"@type":"Organization","@id":"https:\/\/crocussativus.eu\/#organization","name":"abac holland bv","alternateName":"crocus sativus .eu","url":"https:\/\/crocussativus.eu\/","logo":{"@type":"ImageObject","inLanguage":"es","@id":"https:\/\/crocussativus.eu\/#\/schema\/logo\/image\/","url":"https:\/\/crocussativus.eu\/wp-content\/uploads\/2023\/06\/logo_h80-1.png","contentUrl":"https:\/\/crocussativus.eu\/wp-content\/uploads\/2023\/06\/logo_h80-1.png","width":181,"height":80,"caption":"abac holland bv"},"image":{"@id":"https:\/\/crocussativus.eu\/#\/schema\/logo\/image\/"},"sameAs":["https:\/\/www.facebook.com\/crocussativus.eu"],"description":"Social and Solidarity Enterprise. We do everything we can to oSociale en Solidaire Onderneming. We doen er alles aan om innovatieve en transparante middelen en diensten aan te bieden en zo de Saffraan- en Crocus sativus telers te ondersteunen.ffer innovative and transparent resources and services to support Saffron and Crocus sativus growers.","email":"info@abacholland.com","telephone":"+31 (0)627 267 149","legalName":"abac holland bv","foundingDate":"2011-01-09"}]}},"_links":{"self":[{"href":"https:\/\/crocussativus.eu\/es\/wp-json\/wp\/v2\/pages\/993","targetHints":{"allow":["GET"]}}],"collection":[{"href":"https:\/\/crocussativus.eu\/es\/wp-json\/wp\/v2\/pages"}],"about":[{"href":"https:\/\/crocussativus.eu\/es\/wp-json\/wp\/v2\/types\/page"}],"author":[{"embeddable":true,"href":"https:\/\/crocussativus.eu\/es\/wp-json\/wp\/v2\/users\/1"}],"replies":[{"embeddable":true,"href":"https:\/\/crocussativus.eu\/es\/wp-json\/wp\/v2\/comments?post=993"}],"version-history":[{"count":0,"href":"https:\/\/crocussativus.eu\/es\/wp-json\/wp\/v2\/pages\/993\/revisions"}],"wp:attachment":[{"href":"https:\/\/crocussativus.eu\/es\/wp-json\/wp\/v2\/media?parent=993"}],"curies":[{"name":"wp","href":"https:\/\/api.w.org\/{rel}","templated":true}]}}