{"id":998,"date":"2022-04-12T12:05:03","date_gmt":"2022-04-12T12:05:03","guid":{"rendered":"https:\/\/demo.crocussativus.eu\/saffraan-kaas\/"},"modified":"2025-10-02T08:00:29","modified_gmt":"2025-10-02T08:00:29","slug":"queso-azafran","status":"publish","type":"page","link":"https:\/\/crocussativus.eu\/es\/queso-azafran\/","title":{"rendered":"queso azafran"},"content":{"rendered":"<div class=\"wpb-content-wrapper\"><p>[vc_row][vc_column][vc_column_text]<\/p>\n<h1 style=\"text-align: center;\">Queso azafr\u00e1n<\/h1>\n<p>Con el fin de introducir el azafr\u00e1n, como la especia m\u00e1s valiosa, en la cocina holandesa, se ha desarrollado un queso de azafr\u00e1n con la esposa de un agricultor de Rijpwetering y varios inspectores de queso. Un queso \u00fanico, que no se elabora en ning\u00fan otro lugar del mundo.<\/p>\n<p><img loading=\"lazy\" decoding=\"async\" class=\"size-medium wp-image-911 aligncenter\" src=\"https:\/\/crocussativus.eu\/wp-content\/uploads\/2022\/04\/20220304111448_IMG_3589-300x200.jpg\" alt=\"\" width=\"300\" height=\"200\" srcset=\"https:\/\/crocussativus.eu\/wp-content\/uploads\/2022\/04\/20220304111448_IMG_3589-300x200.jpg 300w, https:\/\/crocussativus.eu\/wp-content\/uploads\/2022\/04\/20220304111448_IMG_3589-1024x683.jpg 1024w, https:\/\/crocussativus.eu\/wp-content\/uploads\/2022\/04\/20220304111448_IMG_3589-768x512.jpg 768w, https:\/\/crocussativus.eu\/wp-content\/uploads\/2022\/04\/20220304111448_IMG_3589-600x400.jpg 600w, https:\/\/crocussativus.eu\/wp-content\/uploads\/2022\/04\/20220304111448_IMG_3589.jpg 1508w\" sizes=\"auto, (max-width: 300px) 100vw, 300px\" \/><\/p>\n<h2>El queso azafr\u00e1n combina el azafr\u00e1n con la leche holandesa cremosa de la granja.<\/h2>\n<p>Esto le da al queso un rico aroma, un sabor agridulce y un color amarillo dorado profundo.Adem\u00e1s, el queso est\u00e1 lleno de antioxidantes.<br \/>\nEn el mundo, el azafr\u00e1n, con su efecto beneficioso, se llama el oro \u00abrojo\u00bb. As\u00ed como el oro puede hacerte brillar desde el exterior, el azafr\u00e1n en el queso azafr\u00e1n proporciona el sol en el interior.<\/p>\n<p><img loading=\"lazy\" decoding=\"async\" class=\"size-medium wp-image-916 aligncenter\" src=\"https:\/\/crocussativus.eu\/wp-content\/uploads\/2022\/04\/20220304113958_IMG_3662-300x200.jpg\" alt=\"\" width=\"300\" height=\"200\" srcset=\"https:\/\/crocussativus.eu\/wp-content\/uploads\/2022\/04\/20220304113958_IMG_3662-300x200.jpg 300w, https:\/\/crocussativus.eu\/wp-content\/uploads\/2022\/04\/20220304113958_IMG_3662-1024x682.jpg 1024w, https:\/\/crocussativus.eu\/wp-content\/uploads\/2022\/04\/20220304113958_IMG_3662-768x512.jpg 768w, https:\/\/crocussativus.eu\/wp-content\/uploads\/2022\/04\/20220304113958_IMG_3662-1536x1024.jpg 1536w, https:\/\/crocussativus.eu\/wp-content\/uploads\/2022\/04\/20220304113958_IMG_3662-600x400.jpg 600w, https:\/\/crocussativus.eu\/wp-content\/uploads\/2022\/04\/20220304113958_IMG_3662.jpg 1709w\" sizes=\"auto, (max-width: 300px) 100vw, 300px\" \/><\/p>\n<h2>Env\u00ede un correo electr\u00f3nico o llame a crocussativus.eu para obtener precios e informaci\u00f3n sobre nuestro queso azafr\u00e1n<\/h2>\n<p><img loading=\"lazy\" decoding=\"async\" class=\"size-medium wp-image-921 aligncenter\" src=\"https:\/\/crocussativus.eu\/wp-content\/uploads\/2022\/04\/20220304112456_IMG_3612-1-2-300x300.jpg\" alt=\"\" width=\"300\" height=\"300\" srcset=\"https:\/\/crocussativus.eu\/wp-content\/uploads\/2022\/04\/20220304112456_IMG_3612-1-2-300x300.jpg 300w, https:\/\/crocussativus.eu\/wp-content\/uploads\/2022\/04\/20220304112456_IMG_3612-1-2-1024x1024.jpg 1024w, https:\/\/crocussativus.eu\/wp-content\/uploads\/2022\/04\/20220304112456_IMG_3612-1-2-150x150.jpg 150w, https:\/\/crocussativus.eu\/wp-content\/uploads\/2022\/04\/20220304112456_IMG_3612-1-2-768x769.jpg 768w, https:\/\/crocussativus.eu\/wp-content\/uploads\/2022\/04\/20220304112456_IMG_3612-1-2-600x601.jpg 600w, https:\/\/crocussativus.eu\/wp-content\/uploads\/2022\/04\/20220304112456_IMG_3612-1-2-200x200.jpg 200w, https:\/\/crocussativus.eu\/wp-content\/uploads\/2022\/04\/20220304112456_IMG_3612-1-2.jpg 1053w\" sizes=\"auto, (max-width: 300px) 100vw, 300px\" \/>[\/vc_column_text][\/vc_column][\/vc_row][vc_row full_width=\u00bbstretch_row\u00bb css=\u00bb.vc_custom_1644242697585{background-color: #f9f9f9 !important;}\u00bb][vc_column width=\u00bb1\/4&#8243;][vc_column_text]<\/p>\n<h4>DETALLES DE LA COMPA\u00d1\u00cdA<\/h4>\n<p><strong>ABAC Holland B.V.<\/strong><br \/>\nAttn. Crocussativus<br \/>\nMr.J.Henderikxstraat 57<br \/>\n1788 AZ Julianadorp<br \/>\nPa\u00edses Bajos<\/p>\n<p>Holand\u00e9s CoC 54348765<br \/>\nIVA NL8512.69.382.B01[\/vc_column_text][\/vc_column][vc_column width=\u00bb1\/4&#8243;][vc_column_text css=\u00bb\u00bb]<\/p>\n<h4>CONTACTO<\/h4>\n<p><strong>Crocussativus.eu<\/strong><br \/>\nT +31 (0)627267149<br \/>\ninfo@crocussativus.eu<\/p>\n<p>[\/vc_column_text][\/vc_column][vc_column width=\u00bb1\/4&#8243;][vc_column_text]<\/p>\n<h4>COMPRAS<\/h4>\n<p>Todas nuestras transacciones son procesadas de forma segura por Mollie.<\/p>\n<p>Costos de env\u00edo:<\/p>\n<p>Pa\u00edses Bajos &#8211; gratis<br \/>\nE.U. &#8211; \u20ac6 por pedido<br \/>\nFuera de E.U. -precio a petici\u00f3n.<\/p>\n<p>*Los pa\u00edses con requisitos fitosanitarios pagan la inspecci\u00f3n de las tasas.[\/vc_column_text][\/vc_column][vc_column width=\u00bb1\/4&#8243;][vc_column_text]<\/p>\n<h5>KLANTENSERVICE<\/h5>\n<p>[\/vc_column_text][vc_wp_custommenu nav_menu=\u00bb36&#8243;][\/vc_column][\/vc_row][vc_row full_width=\u00bbstretch_row\u00bb css=\u00bb.vc_custom_1644242697585{background-color: #f9f9f9 !important;}\u00bb][vc_column width=\u00bb1\/4&#8243;][vc_column_text]<\/p>\n<h4>DETALLES DE LA COMPA\u00d1\u00cdA<\/h4>\n<p><strong>ABAC Holland B.V.<\/strong><br \/>\nAttn. Crocussativus<br \/>\nMr.J.Henderikxstraat 57<br \/>\n1788 AZ Julianadorp<br \/>\nPa\u00edses Bajos<\/p>\n<p>Holand\u00e9s CoC 54348765<br \/>\nIVA NL8512.69.382.B01[\/vc_column_text][\/vc_column][vc_column width=\u00bb1\/4&#8243;][vc_column_text css=\u00bb\u00bb]<\/p>\n<h4>CONTACTO<\/h4>\n<p><strong>Crocussativus.eu<\/strong><br \/>\nT +31 (0)627267149<br \/>\ninfo@crocussativus.eu<\/p>\n<p>[\/vc_column_text][\/vc_column][vc_column width=\u00bb1\/4&#8243;][vc_column_text]<\/p>\n<h4>COMPRAS<\/h4>\n<p>Todas nuestras transacciones son procesadas de forma segura por Mollie.<\/p>\n<p>Costos de env\u00edo:<\/p>\n<p>Pa\u00edses Bajos &#8211; gratis<br \/>\nE.U. &#8211; \u20ac6 por pedido<br \/>\nFuera de E.U. -precio a petici\u00f3n.<\/p>\n<p>*Los pa\u00edses con requisitos fitosanitarios pagan la inspecci\u00f3n de las tasas.[\/vc_column_text][\/vc_column][vc_column width=\u00bb1\/4&#8243;][vc_column_text]<\/p>\n<h5>KLANTENSERVICE<\/h5>\n<p>[\/vc_column_text][vc_wp_custommenu nav_menu=\u00bb36&#8243;][\/vc_column][\/vc_row]<\/p>\n<\/div>","protected":false},"excerpt":{"rendered":"<p>[vc_row][vc_column][vc_column_text] Queso azafr\u00e1n Con el fin de introducir el azafr\u00e1n, como la especia m\u00e1s valiosa, en la cocina holandesa, se ha desarrollado un queso de azafr\u00e1n con la esposa de un agricultor de Rijpwetering y varios inspectores de queso. Un queso \u00fanico, que no se elabora en ning\u00fan otro lugar del mundo. El queso azafr\u00e1n&hellip;<\/p>\n","protected":false},"author":2,"featured_media":0,"parent":0,"menu_order":0,"comment_status":"closed","ping_status":"closed","template":"","meta":{"footnotes":""},"class_list":["post-998","page","type-page","status-publish","hentry","description-off"],"yoast_head":"<!-- This site is optimized with the Yoast SEO Premium plugin v26.5 (Yoast SEO v26.5) - https:\/\/yoast.com\/wordpress\/plugins\/seo\/ -->\n<title>queso azafran - Crocussativus<\/title>\n<meta name=\"robots\" content=\"index, follow, max-snippet:-1, max-image-preview:large, max-video-preview:-1\" \/>\n<link rel=\"canonical\" href=\"https:\/\/crocussativus.eu\/es\/queso-azafran\/\" \/>\n<meta property=\"og:locale\" content=\"es_ES\" \/>\n<meta property=\"og:type\" content=\"article\" \/>\n<meta property=\"og:title\" content=\"queso azafran\" \/>\n<meta property=\"og:description\" content=\"[vc_row][vc_column][vc_column_text] Queso azafr\u00e1n Con el fin de introducir el azafr\u00e1n, como la especia m\u00e1s valiosa, en la cocina holandesa, se ha desarrollado un queso de azafr\u00e1n con la esposa de un agricultor de Rijpwetering y varios inspectores de queso. Un queso \u00fanico, que no se elabora en ning\u00fan otro lugar del mundo. El queso azafr\u00e1n&hellip;\" \/>\n<meta property=\"og:url\" content=\"https:\/\/crocussativus.eu\/es\/queso-azafran\/\" \/>\n<meta property=\"og:site_name\" content=\"Crocussativus\" \/>\n<meta property=\"article:publisher\" content=\"https:\/\/www.facebook.com\/crocussativus.eu\" \/>\n<meta property=\"article:modified_time\" content=\"2025-10-02T08:00:29+00:00\" \/>\n<meta property=\"og:image\" content=\"https:\/\/crocussativus.eu\/wp-content\/uploads\/2022\/04\/20220304111448_IMG_3589.jpg\" \/>\n\t<meta property=\"og:image:width\" content=\"1508\" \/>\n\t<meta property=\"og:image:height\" content=\"1006\" \/>\n\t<meta property=\"og:image:type\" content=\"image\/jpeg\" \/>\n<meta name=\"twitter:card\" content=\"summary_large_image\" \/>\n<meta name=\"twitter:label1\" content=\"Tiempo de lectura\" \/>\n\t<meta name=\"twitter:data1\" content=\"3 minutos\" \/>\n<script type=\"application\/ld+json\" class=\"yoast-schema-graph\">{\"@context\":\"https:\/\/schema.org\",\"@graph\":[{\"@type\":\"WebPage\",\"@id\":\"https:\/\/crocussativus.eu\/es\/queso-azafran\/\",\"url\":\"https:\/\/crocussativus.eu\/es\/queso-azafran\/\",\"name\":\"queso azafran - Crocussativus\",\"isPartOf\":{\"@id\":\"https:\/\/crocussativus.eu\/#website\"},\"primaryImageOfPage\":{\"@id\":\"https:\/\/crocussativus.eu\/es\/queso-azafran\/#primaryimage\"},\"image\":{\"@id\":\"https:\/\/crocussativus.eu\/es\/queso-azafran\/#primaryimage\"},\"thumbnailUrl\":\"https:\/\/crocussativus.eu\/wp-content\/uploads\/2022\/04\/20220304111448_IMG_3589-300x200.jpg\",\"datePublished\":\"2022-04-12T12:05:03+00:00\",\"dateModified\":\"2025-10-02T08:00:29+00:00\",\"breadcrumb\":{\"@id\":\"https:\/\/crocussativus.eu\/es\/queso-azafran\/#breadcrumb\"},\"inLanguage\":\"es\",\"potentialAction\":[{\"@type\":\"ReadAction\",\"target\":[\"https:\/\/crocussativus.eu\/es\/queso-azafran\/\"]}]},{\"@type\":\"ImageObject\",\"inLanguage\":\"es\",\"@id\":\"https:\/\/crocussativus.eu\/es\/queso-azafran\/#primaryimage\",\"url\":\"https:\/\/crocussativus.eu\/wp-content\/uploads\/2022\/04\/20220304111448_IMG_3589-300x200.jpg\",\"contentUrl\":\"https:\/\/crocussativus.eu\/wp-content\/uploads\/2022\/04\/20220304111448_IMG_3589-300x200.jpg\"},{\"@type\":\"BreadcrumbList\",\"@id\":\"https:\/\/crocussativus.eu\/es\/queso-azafran\/#breadcrumb\",\"itemListElement\":[{\"@type\":\"ListItem\",\"position\":1,\"name\":\"Home\",\"item\":\"https:\/\/crocussativus.eu\/es\/\"},{\"@type\":\"ListItem\",\"position\":2,\"name\":\"queso azafran\"}]},{\"@type\":\"WebSite\",\"@id\":\"https:\/\/crocussativus.eu\/#website\",\"url\":\"https:\/\/crocussativus.eu\/\",\"name\":\"Crocussativus.eu\",\"description\":\"Saffraan, Capsules, Crocus sativus bollen &amp; Saffraankaas\",\"publisher\":{\"@id\":\"https:\/\/crocussativus.eu\/#organization\"},\"potentialAction\":[{\"@type\":\"SearchAction\",\"target\":{\"@type\":\"EntryPoint\",\"urlTemplate\":\"https:\/\/crocussativus.eu\/?s={search_term_string}\"},\"query-input\":{\"@type\":\"PropertyValueSpecification\",\"valueRequired\":true,\"valueName\":\"search_term_string\"}}],\"inLanguage\":\"es\"},{\"@type\":\"Organization\",\"@id\":\"https:\/\/crocussativus.eu\/#organization\",\"name\":\"abac holland bv\",\"alternateName\":\"crocus sativus .eu\",\"url\":\"https:\/\/crocussativus.eu\/\",\"logo\":{\"@type\":\"ImageObject\",\"inLanguage\":\"es\",\"@id\":\"https:\/\/crocussativus.eu\/#\/schema\/logo\/image\/\",\"url\":\"https:\/\/crocussativus.eu\/wp-content\/uploads\/2023\/06\/logo_h80-1.png\",\"contentUrl\":\"https:\/\/crocussativus.eu\/wp-content\/uploads\/2023\/06\/logo_h80-1.png\",\"width\":181,\"height\":80,\"caption\":\"abac holland bv\"},\"image\":{\"@id\":\"https:\/\/crocussativus.eu\/#\/schema\/logo\/image\/\"},\"sameAs\":[\"https:\/\/www.facebook.com\/crocussativus.eu\"],\"description\":\"Social and Solidarity Enterprise. We do everything we can to oSociale en Solidaire Onderneming. We doen er alles aan om innovatieve en transparante middelen en diensten aan te bieden en zo de Saffraan- en Crocus sativus telers te ondersteunen.ffer innovative and transparent resources and services to support Saffron and Crocus sativus growers.\",\"email\":\"info@abacholland.com\",\"telephone\":\"+31 (0)627 267 149\",\"legalName\":\"abac holland bv\",\"foundingDate\":\"2011-01-09\"}]}<\/script>\n<!-- \/ Yoast SEO Premium plugin. -->","yoast_head_json":{"title":"queso azafran - Crocussativus","robots":{"index":"index","follow":"follow","max-snippet":"max-snippet:-1","max-image-preview":"max-image-preview:large","max-video-preview":"max-video-preview:-1"},"canonical":"https:\/\/crocussativus.eu\/es\/queso-azafran\/","og_locale":"es_ES","og_type":"article","og_title":"queso azafran","og_description":"[vc_row][vc_column][vc_column_text] Queso azafr\u00e1n Con el fin de introducir el azafr\u00e1n, como la especia m\u00e1s valiosa, en la cocina holandesa, se ha desarrollado un queso de azafr\u00e1n con la esposa de un agricultor de Rijpwetering y varios inspectores de queso. Un queso \u00fanico, que no se elabora en ning\u00fan otro lugar del mundo. El queso azafr\u00e1n&hellip;","og_url":"https:\/\/crocussativus.eu\/es\/queso-azafran\/","og_site_name":"Crocussativus","article_publisher":"https:\/\/www.facebook.com\/crocussativus.eu","article_modified_time":"2025-10-02T08:00:29+00:00","og_image":[{"width":1508,"height":1006,"url":"https:\/\/crocussativus.eu\/wp-content\/uploads\/2022\/04\/20220304111448_IMG_3589.jpg","type":"image\/jpeg"}],"twitter_card":"summary_large_image","twitter_misc":{"Tiempo de lectura":"3 minutos"},"schema":{"@context":"https:\/\/schema.org","@graph":[{"@type":"WebPage","@id":"https:\/\/crocussativus.eu\/es\/queso-azafran\/","url":"https:\/\/crocussativus.eu\/es\/queso-azafran\/","name":"queso azafran - Crocussativus","isPartOf":{"@id":"https:\/\/crocussativus.eu\/#website"},"primaryImageOfPage":{"@id":"https:\/\/crocussativus.eu\/es\/queso-azafran\/#primaryimage"},"image":{"@id":"https:\/\/crocussativus.eu\/es\/queso-azafran\/#primaryimage"},"thumbnailUrl":"https:\/\/crocussativus.eu\/wp-content\/uploads\/2022\/04\/20220304111448_IMG_3589-300x200.jpg","datePublished":"2022-04-12T12:05:03+00:00","dateModified":"2025-10-02T08:00:29+00:00","breadcrumb":{"@id":"https:\/\/crocussativus.eu\/es\/queso-azafran\/#breadcrumb"},"inLanguage":"es","potentialAction":[{"@type":"ReadAction","target":["https:\/\/crocussativus.eu\/es\/queso-azafran\/"]}]},{"@type":"ImageObject","inLanguage":"es","@id":"https:\/\/crocussativus.eu\/es\/queso-azafran\/#primaryimage","url":"https:\/\/crocussativus.eu\/wp-content\/uploads\/2022\/04\/20220304111448_IMG_3589-300x200.jpg","contentUrl":"https:\/\/crocussativus.eu\/wp-content\/uploads\/2022\/04\/20220304111448_IMG_3589-300x200.jpg"},{"@type":"BreadcrumbList","@id":"https:\/\/crocussativus.eu\/es\/queso-azafran\/#breadcrumb","itemListElement":[{"@type":"ListItem","position":1,"name":"Home","item":"https:\/\/crocussativus.eu\/es\/"},{"@type":"ListItem","position":2,"name":"queso azafran"}]},{"@type":"WebSite","@id":"https:\/\/crocussativus.eu\/#website","url":"https:\/\/crocussativus.eu\/","name":"Crocussativus.eu","description":"Saffraan, Capsules, Crocus sativus bollen &amp; Saffraankaas","publisher":{"@id":"https:\/\/crocussativus.eu\/#organization"},"potentialAction":[{"@type":"SearchAction","target":{"@type":"EntryPoint","urlTemplate":"https:\/\/crocussativus.eu\/?s={search_term_string}"},"query-input":{"@type":"PropertyValueSpecification","valueRequired":true,"valueName":"search_term_string"}}],"inLanguage":"es"},{"@type":"Organization","@id":"https:\/\/crocussativus.eu\/#organization","name":"abac holland bv","alternateName":"crocus sativus .eu","url":"https:\/\/crocussativus.eu\/","logo":{"@type":"ImageObject","inLanguage":"es","@id":"https:\/\/crocussativus.eu\/#\/schema\/logo\/image\/","url":"https:\/\/crocussativus.eu\/wp-content\/uploads\/2023\/06\/logo_h80-1.png","contentUrl":"https:\/\/crocussativus.eu\/wp-content\/uploads\/2023\/06\/logo_h80-1.png","width":181,"height":80,"caption":"abac holland bv"},"image":{"@id":"https:\/\/crocussativus.eu\/#\/schema\/logo\/image\/"},"sameAs":["https:\/\/www.facebook.com\/crocussativus.eu"],"description":"Social and Solidarity Enterprise. We do everything we can to oSociale en Solidaire Onderneming. We doen er alles aan om innovatieve en transparante middelen en diensten aan te bieden en zo de Saffraan- en Crocus sativus telers te ondersteunen.ffer innovative and transparent resources and services to support Saffron and Crocus sativus growers.","email":"info@abacholland.com","telephone":"+31 (0)627 267 149","legalName":"abac holland bv","foundingDate":"2011-01-09"}]}},"_links":{"self":[{"href":"https:\/\/crocussativus.eu\/es\/wp-json\/wp\/v2\/pages\/998","targetHints":{"allow":["GET"]}}],"collection":[{"href":"https:\/\/crocussativus.eu\/es\/wp-json\/wp\/v2\/pages"}],"about":[{"href":"https:\/\/crocussativus.eu\/es\/wp-json\/wp\/v2\/types\/page"}],"author":[{"embeddable":true,"href":"https:\/\/crocussativus.eu\/es\/wp-json\/wp\/v2\/users\/2"}],"replies":[{"embeddable":true,"href":"https:\/\/crocussativus.eu\/es\/wp-json\/wp\/v2\/comments?post=998"}],"version-history":[{"count":0,"href":"https:\/\/crocussativus.eu\/es\/wp-json\/wp\/v2\/pages\/998\/revisions"}],"wp:attachment":[{"href":"https:\/\/crocussativus.eu\/es\/wp-json\/wp\/v2\/media?parent=998"}],"curies":[{"name":"wp","href":"https:\/\/api.w.org\/{rel}","templated":true}]}}