{"id":670,"date":"2022-02-11T12:02:52","date_gmt":"2022-02-11T12:02:52","guid":{"rendered":"https:\/\/demo.crocussativus.eu\/product\/crocus-sativus-bollen-maat-8-9\/"},"modified":"2025-04-09T11:52:37","modified_gmt":"2025-04-09T11:52:37","slug":"bulbos-crocus-sativus-tamano-8-9","status":"publish","type":"product","link":"https:\/\/crocussativus.eu\/es\/producto\/bulbos-crocus-sativus-tamano-8-9\/","title":{"rendered":"Bulbos crocus sativus tama\u00f1o 8-9 lote con 25 crocus"},"content":{"rendered":"<h2>Bulbos de azafr\u00e1n de alta calidad.<\/h2>\n<p>\u00bfComprar bulbos de azafr\u00e1n? Gracias a nosotros de\u00a0<a title=\"Crocussativus\" href=\"https:\/\/crocussativus.eu\/es\/home\">Crocussativus<\/a>\u00a0puedes cultivar esta especia solo. Estas bombillas son adecuadas para la producci\u00f3n de azafr\u00e1n 100% puro sin aditivos. Adem\u00e1s, se cultivan de manera sostenible y est\u00e1n oficialmente certificados.<\/p>\n<p>Crocussativus puedes cultivar esta especia solo. Estas bombillas son adecuadas para la producci\u00f3n de azafr\u00e1n 100% puro sin aditivos. Adem\u00e1s, se cultivan de manera sostenible y est\u00e1n oficialmente certificados.<\/p>\n<p>Las bombillas se entregan en el lugar por una peque\u00f1a tarifa de transporte y tienen un precio competitivo. Antes de que te des cuenta, puedes cultivar tu propio azafr\u00e1n t\u00fa mismo.<\/p>\n<h2>Compre bulbos de azafr\u00e1n en Crocussativus<\/h2>\n<p>\u2713 Ventaja de compra n\u00fameros m\u00e1s grandes<br \/>\n\u2713 Certificado oficialmente<br \/>\n\u2713 Entrega a domicilio gratuita en NL<br \/>\n\u2713 Producci\u00f3n de azafr\u00e1n 100% de calidad.<br \/>\n\u2713 Tiempo de entrega: 5 d\u00edas h\u00e1biles.<br \/>\n\u2713 Cultivado en los Pa\u00edses Bajos<\/p>\n<p>Vea el rango y ordene una cantidad de bombillas o su elecci\u00f3n. \u00bfPorque saber m\u00e1s sobre el<a title=\" azafr\u00e1n\" href=\"https:\/\/crocussativus.eu\/es\/webshop\/product\/saffraan\">\u00a0azafr\u00e1n<\/a>? Lea m\u00e1s sobre la operaci\u00f3n y el uso del azafr\u00e1n aqu\u00ed. O\u00a0<a title=\"cont\u00e1ctenos\" href=\"https:\/\/crocussativus.eu\/es\/contact\">cont\u00e1ctenos<\/a>\u00a0para m\u00e1s informaci\u00f3n.<\/p>\n<p>&nbsp;<\/p>\n<h2>Cultivar azafr\u00e1n<\/h2>\n<p>Todos los bulbos de flores de azafr\u00e1n que vendemos en viveros holandeses. Adem\u00e1s, todos est\u00e1n certificados por el servicio holand\u00e9s de inspecci\u00f3n de bulbos de flores. Debido a que apoyamos a los agricultores en la producci\u00f3n y venta de bulbos de flores, podemos responder a la demanda comercial.<\/p>\n<p>Pero tambi\u00e9n la forma en que deben crecer los bulbos de flores. En Crocussativus nos esforzamos por la mejor producci\u00f3n de azafr\u00e1n para el mejor bulbo de flores.<\/p>\n<p>\u00abEn Crocussativus compras productos de la mejor calidad\u00bb<\/p>\n<h2>Sabor amargo y aroma atractivo.<\/h2>\n<p>El azafr\u00e1n es una hierba ex\u00f3tica cara con un sabor amargo y un aroma atractivo. Esta combinaci\u00f3n hace de esta especia un ingrediente muy popular para una\u00a0<a title=\"variedad de platos.\" href=\"https:\/\/crocussativus.eu\/es\/recatas\/\">variedad de platos.<\/a>\u00a0Pero tambi\u00e9n en\u00a0<a title=\"queso de azafr\u00e1n.\" href=\"https:\/\/crocussativus.eu\/es\/queso-azafran\/\">queso de azafr\u00e1n.<\/a><\/p>\n<p>Es utilizado por varios chefs de todo el mundo para platos tradicionales delicados y refinados tradicionales. Pero tambi\u00e9n es una hierba muy popular para preparar platos de fusi\u00f3n.<\/p>\n<h2>Efecto beneficioso<\/h2>\n<p>\u00bfSab\u00edas que el azafr\u00e1n tiene un efecto beneficioso? Puede tomar el azafr\u00e1n de los bulbos de azafr\u00e1n org\u00e1nico que vendemos de Crocussativus a trav\u00e9s de\u00a0<a title=\"c\u00e1psulas\" href=\"https:\/\/crocussativus.eu\/es\/webshop\/product\/saffraan-capsules\">c\u00e1psulas<\/a>. La hierba asegura que te sientas mejor. Adem\u00e1s, las sustancias activas en esta especia aseguran que se combina un aspecto de vejez o incomodidad. La hierba tambi\u00e9n mantiene tu mente y cuerpo alerta.<\/p>\n<p>\u00abDevuelve el equilibrio a tu vida con nuestros productos de azafr\u00e1n\u00bb<\/p>\n<p>&nbsp;<\/p>\n<h2>Ordene bulbos de azafr\u00e1n en la tienda web<\/h2>\n<p>Vea el rango y elija la cantidad de bulbos de crocus sativus que desea recibir. No tiene que esperar mucho por las bombillas de azafr\u00e1n, ya que se le entregar\u00e1n por una peque\u00f1a tarifa de transporte.<\/p>\n<p>Si tiene alguna pregunta o comentario, no dude en contactarnos a trav\u00e9s\u00a0<a title=\"del formulario de contacto.\" href=\"https:\/\/crocussativus.eu\/es\/contact\">del formulario de contacto.<\/a><\/p>\n<p>\u00bfPorque saber m\u00e1s sobre esta hierba?<\/p>\n<p><a href=\"https:\/\/www.abacholland.com\/\">ABAC HOLLAND BV<\/a><\/p>\n<p><a title=\"Puedes leer m\u00e1s sobre el azafr\u00e1n aqu\u00ed. Est\u00e9 atento a esta p\u00e1gina y mant\u00e9ngase actualizado con las \u00faltimas noticias.\" href=\"https:\/\/crocussativus.eu\/es\/guia-de-plantacion\/\">Puedes leer m\u00e1s sobre el azafr\u00e1n aqu\u00ed. Est\u00e9 atento a esta p\u00e1gina y mant\u00e9ngase actualizado con las \u00faltimas noticias.<\/a><\/p>\n","protected":false},"excerpt":{"rendered":"<pre id=\"tw-target-text\" class=\"tw-data-text tw-text-large tw-ta\" dir=\"ltr\" data-placeholder=\"Vertaling\" data-ved=\"2ahUKEwiC4o6s78qMAxVS_7sIHV9oHVoQ3ewLegQICBAV\" aria-label=\"Vertaalde tekst: 25 bombillas 14,50 \u20ac 0,58 \u20ac por bombilla\r\n100 bombillas en caja 53,00 \u20ac 0,53 \u20ac por bombilla\r\n1.000 bombillas en caja 180,00 \u20ac 0,18 \u20ac por bombilla \r\n10.000 bombillas 5 cajas 1600,00 \u20ac 0,16 \u20ac por bombilla\"><span class=\"Y2IQFc\" lang=\"es\">25 bombillas 14,50 \u20ac 0,58 \u20ac por bombilla\r\n100 bombillas en caja 53,00 \u20ac 0,53 \u20ac por bombilla\r\n1.000 bombillas en caja 180,00 \u20ac 0,18 \u20ac por bombilla \r\n10.000 bombillas 5 cajas 1600,00 \u20ac 0,16 \u20ac por bombilla<\/span><\/pre>\n<p>&nbsp;<\/p>\n<p>Entrega del 10 de julio al octubre. Entrega de bulbos fuera de la UE: precios bajo petici\u00f3n. Otros tama\u00f1os de bombillas bajo petici\u00f3n.<\/p>\n","protected":false},"featured_media":819,"comment_status":"closed","ping_status":"closed","template":"","meta":[],"product_brand":[],"product_cat":[76],"product_tag":[138,185,180,170,156,173],"class_list":{"0":"post-670","1":"product","2":"type-product","3":"status-publish","4":"has-post-thumbnail","6":"product_cat-geen-categorie-es","7":"product_tag-crocussativus-es","8":"product_tag-krokuksativus-krokusbollen-es","9":"product_tag-saffraan-bollen-es","10":"product_tag-saffraan-bollen-crocus-sativus-es","11":"product_tag-saffraan-krokkus-es","12":"product_tag-saffraanbollen-es","13":"description-off","15":"first","16":"instock","17":"taxable","18":"shipping-taxable","19":"purchasable","20":"product-type-simple"},"yoast_head":"<!-- This site is optimized with the Yoast SEO Premium plugin v26.5 (Yoast SEO v26.5) - https:\/\/yoast.com\/wordpress\/plugins\/seo\/ -->\n<title>Bulbos crocus sativus tama\u00f1o 8-9 lote con 25 crocus - Crocussativus<\/title>\n<meta name=\"description\" content=\"bulbos-crocus-sativus-tamano-8-9 Ventaja de compra n\u00fameros m\u00e1s grandes\u2713 Certificado oficialmente \u2713 Producci\u00f3n de azafr\u00e1n 100% de calidad.\" \/>\n<meta name=\"robots\" content=\"index, follow, max-snippet:-1, max-image-preview:large, max-video-preview:-1\" \/>\n<link rel=\"canonical\" href=\"https:\/\/crocussativus.eu\/es\/producto\/bulbos-crocus-sativus-tamano-8-9\/\" \/>\n<meta property=\"og:locale\" content=\"es_ES\" \/>\n<meta property=\"og:type\" content=\"article\" \/>\n<meta property=\"og:title\" content=\"Bulbos crocus sativus tama\u00f1o 8-9 lote con 25 crocus\" \/>\n<meta property=\"og:description\" content=\"bulbos-crocus-sativus-tamano-8-9 Ventaja de compra n\u00fameros m\u00e1s grandes\u2713 Certificado oficialmente \u2713 Producci\u00f3n de azafr\u00e1n 100% de calidad.\" \/>\n<meta property=\"og:url\" content=\"https:\/\/crocussativus.eu\/es\/producto\/bulbos-crocus-sativus-tamano-8-9\/\" \/>\n<meta property=\"og:site_name\" content=\"Crocussativus\" \/>\n<meta property=\"article:publisher\" content=\"https:\/\/www.facebook.com\/crocussativus.eu\" \/>\n<meta property=\"article:modified_time\" content=\"2025-04-09T11:52:37+00:00\" \/>\n<meta property=\"og:image\" content=\"https:\/\/crocussativus.eu\/wp-content\/uploads\/2022\/04\/pr_bollen1.jpg\" \/>\n\t<meta property=\"og:image:width\" content=\"800\" \/>\n\t<meta property=\"og:image:height\" content=\"563\" \/>\n\t<meta property=\"og:image:type\" content=\"image\/jpeg\" \/>\n<meta name=\"twitter:card\" content=\"summary_large_image\" \/>\n<meta name=\"twitter:label1\" content=\"Tiempo de lectura\" \/>\n\t<meta name=\"twitter:data1\" content=\"3 minutos\" \/>\n<script type=\"application\/ld+json\" class=\"yoast-schema-graph\">{\"@context\":\"https:\/\/schema.org\",\"@graph\":[{\"@type\":\"WebPage\",\"@id\":\"https:\/\/crocussativus.eu\/es\/producto\/bulbos-crocus-sativus-tamano-8-9\/\",\"url\":\"https:\/\/crocussativus.eu\/es\/producto\/bulbos-crocus-sativus-tamano-8-9\/\",\"name\":\"Bulbos crocus sativus tama\u00f1o 8-9 lote con 25 crocus - Crocussativus\",\"isPartOf\":{\"@id\":\"https:\/\/crocussativus.eu\/#website\"},\"primaryImageOfPage\":{\"@id\":\"https:\/\/crocussativus.eu\/es\/producto\/bulbos-crocus-sativus-tamano-8-9\/#primaryimage\"},\"image\":{\"@id\":\"https:\/\/crocussativus.eu\/es\/producto\/bulbos-crocus-sativus-tamano-8-9\/#primaryimage\"},\"thumbnailUrl\":\"https:\/\/crocussativus.eu\/wp-content\/uploads\/2022\/04\/pr_bollen1.jpg\",\"datePublished\":\"2022-02-11T12:02:52+00:00\",\"dateModified\":\"2025-04-09T11:52:37+00:00\",\"description\":\"bulbos-crocus-sativus-tamano-8-9 Ventaja de compra n\u00fameros m\u00e1s grandes\u2713 Certificado oficialmente \u2713 Producci\u00f3n de azafr\u00e1n 100% de calidad.\",\"breadcrumb\":{\"@id\":\"https:\/\/crocussativus.eu\/es\/producto\/bulbos-crocus-sativus-tamano-8-9\/#breadcrumb\"},\"inLanguage\":\"es\",\"potentialAction\":[{\"@type\":\"ReadAction\",\"target\":[\"https:\/\/crocussativus.eu\/es\/producto\/bulbos-crocus-sativus-tamano-8-9\/\"]}]},{\"@type\":\"ImageObject\",\"inLanguage\":\"es\",\"@id\":\"https:\/\/crocussativus.eu\/es\/producto\/bulbos-crocus-sativus-tamano-8-9\/#primaryimage\",\"url\":\"https:\/\/crocussativus.eu\/wp-content\/uploads\/2022\/04\/pr_bollen1.jpg\",\"contentUrl\":\"https:\/\/crocussativus.eu\/wp-content\/uploads\/2022\/04\/pr_bollen1.jpg\",\"width\":800,\"height\":563,\"caption\":\"crocus sativus bollen kopen en planten\"},{\"@type\":\"BreadcrumbList\",\"@id\":\"https:\/\/crocussativus.eu\/es\/producto\/bulbos-crocus-sativus-tamano-8-9\/#breadcrumb\",\"itemListElement\":[{\"@type\":\"ListItem\",\"position\":1,\"name\":\"Home\",\"item\":\"https:\/\/crocussativus.eu\/es\/\"},{\"@type\":\"ListItem\",\"position\":2,\"name\":\"Tienda\",\"item\":\"https:\/\/crocussativus.eu\/es\/tienda\/\"},{\"@type\":\"ListItem\",\"position\":3,\"name\":\"Bulbos crocus sativus tama\u00f1o 8-9 lote con 25 crocus\"}]},{\"@type\":\"WebSite\",\"@id\":\"https:\/\/crocussativus.eu\/#website\",\"url\":\"https:\/\/crocussativus.eu\/\",\"name\":\"Crocussativus.eu\",\"description\":\"Saffraan, Capsules, Crocus sativus bollen &amp; Saffraankaas\",\"publisher\":{\"@id\":\"https:\/\/crocussativus.eu\/#organization\"},\"potentialAction\":[{\"@type\":\"SearchAction\",\"target\":{\"@type\":\"EntryPoint\",\"urlTemplate\":\"https:\/\/crocussativus.eu\/?s={search_term_string}\"},\"query-input\":{\"@type\":\"PropertyValueSpecification\",\"valueRequired\":true,\"valueName\":\"search_term_string\"}}],\"inLanguage\":\"es\"},{\"@type\":\"Organization\",\"@id\":\"https:\/\/crocussativus.eu\/#organization\",\"name\":\"abac holland bv\",\"alternateName\":\"crocus sativus .eu\",\"url\":\"https:\/\/crocussativus.eu\/\",\"logo\":{\"@type\":\"ImageObject\",\"inLanguage\":\"es\",\"@id\":\"https:\/\/crocussativus.eu\/#\/schema\/logo\/image\/\",\"url\":\"https:\/\/crocussativus.eu\/wp-content\/uploads\/2023\/06\/logo_h80-1.png\",\"contentUrl\":\"https:\/\/crocussativus.eu\/wp-content\/uploads\/2023\/06\/logo_h80-1.png\",\"width\":181,\"height\":80,\"caption\":\"abac holland bv\"},\"image\":{\"@id\":\"https:\/\/crocussativus.eu\/#\/schema\/logo\/image\/\"},\"sameAs\":[\"https:\/\/www.facebook.com\/crocussativus.eu\"],\"description\":\"Social and Solidarity Enterprise. We do everything we can to oSociale en Solidaire Onderneming. We doen er alles aan om innovatieve en transparante middelen en diensten aan te bieden en zo de Saffraan- en Crocus sativus telers te ondersteunen.ffer innovative and transparent resources and services to support Saffron and Crocus sativus growers.\",\"email\":\"info@abacholland.com\",\"telephone\":\"+31 (0)627 267 149\",\"legalName\":\"abac holland bv\",\"foundingDate\":\"2011-01-09\"}]}<\/script>\n<!-- \/ Yoast SEO Premium plugin. -->","yoast_head_json":{"title":"Bulbos crocus sativus tama\u00f1o 8-9 lote con 25 crocus - Crocussativus","description":"bulbos-crocus-sativus-tamano-8-9 Ventaja de compra n\u00fameros m\u00e1s grandes\u2713 Certificado oficialmente \u2713 Producci\u00f3n de azafr\u00e1n 100% de calidad.","robots":{"index":"index","follow":"follow","max-snippet":"max-snippet:-1","max-image-preview":"max-image-preview:large","max-video-preview":"max-video-preview:-1"},"canonical":"https:\/\/crocussativus.eu\/es\/producto\/bulbos-crocus-sativus-tamano-8-9\/","og_locale":"es_ES","og_type":"article","og_title":"Bulbos crocus sativus tama\u00f1o 8-9 lote con 25 crocus","og_description":"bulbos-crocus-sativus-tamano-8-9 Ventaja de compra n\u00fameros m\u00e1s grandes\u2713 Certificado oficialmente \u2713 Producci\u00f3n de azafr\u00e1n 100% de calidad.","og_url":"https:\/\/crocussativus.eu\/es\/producto\/bulbos-crocus-sativus-tamano-8-9\/","og_site_name":"Crocussativus","article_publisher":"https:\/\/www.facebook.com\/crocussativus.eu","article_modified_time":"2025-04-09T11:52:37+00:00","og_image":[{"width":800,"height":563,"url":"https:\/\/crocussativus.eu\/wp-content\/uploads\/2022\/04\/pr_bollen1.jpg","type":"image\/jpeg"}],"twitter_card":"summary_large_image","twitter_misc":{"Tiempo de lectura":"3 minutos"},"schema":{"@context":"https:\/\/schema.org","@graph":[{"@type":"WebPage","@id":"https:\/\/crocussativus.eu\/es\/producto\/bulbos-crocus-sativus-tamano-8-9\/","url":"https:\/\/crocussativus.eu\/es\/producto\/bulbos-crocus-sativus-tamano-8-9\/","name":"Bulbos crocus sativus tama\u00f1o 8-9 lote con 25 crocus - Crocussativus","isPartOf":{"@id":"https:\/\/crocussativus.eu\/#website"},"primaryImageOfPage":{"@id":"https:\/\/crocussativus.eu\/es\/producto\/bulbos-crocus-sativus-tamano-8-9\/#primaryimage"},"image":{"@id":"https:\/\/crocussativus.eu\/es\/producto\/bulbos-crocus-sativus-tamano-8-9\/#primaryimage"},"thumbnailUrl":"https:\/\/crocussativus.eu\/wp-content\/uploads\/2022\/04\/pr_bollen1.jpg","datePublished":"2022-02-11T12:02:52+00:00","dateModified":"2025-04-09T11:52:37+00:00","description":"bulbos-crocus-sativus-tamano-8-9 Ventaja de compra n\u00fameros m\u00e1s grandes\u2713 Certificado oficialmente \u2713 Producci\u00f3n de azafr\u00e1n 100% de calidad.","breadcrumb":{"@id":"https:\/\/crocussativus.eu\/es\/producto\/bulbos-crocus-sativus-tamano-8-9\/#breadcrumb"},"inLanguage":"es","potentialAction":[{"@type":"ReadAction","target":["https:\/\/crocussativus.eu\/es\/producto\/bulbos-crocus-sativus-tamano-8-9\/"]}]},{"@type":"ImageObject","inLanguage":"es","@id":"https:\/\/crocussativus.eu\/es\/producto\/bulbos-crocus-sativus-tamano-8-9\/#primaryimage","url":"https:\/\/crocussativus.eu\/wp-content\/uploads\/2022\/04\/pr_bollen1.jpg","contentUrl":"https:\/\/crocussativus.eu\/wp-content\/uploads\/2022\/04\/pr_bollen1.jpg","width":800,"height":563,"caption":"crocus sativus bollen kopen en planten"},{"@type":"BreadcrumbList","@id":"https:\/\/crocussativus.eu\/es\/producto\/bulbos-crocus-sativus-tamano-8-9\/#breadcrumb","itemListElement":[{"@type":"ListItem","position":1,"name":"Home","item":"https:\/\/crocussativus.eu\/es\/"},{"@type":"ListItem","position":2,"name":"Tienda","item":"https:\/\/crocussativus.eu\/es\/tienda\/"},{"@type":"ListItem","position":3,"name":"Bulbos crocus sativus tama\u00f1o 8-9 lote con 25 crocus"}]},{"@type":"WebSite","@id":"https:\/\/crocussativus.eu\/#website","url":"https:\/\/crocussativus.eu\/","name":"Crocussativus.eu","description":"Saffraan, Capsules, Crocus sativus bollen &amp; Saffraankaas","publisher":{"@id":"https:\/\/crocussativus.eu\/#organization"},"potentialAction":[{"@type":"SearchAction","target":{"@type":"EntryPoint","urlTemplate":"https:\/\/crocussativus.eu\/?s={search_term_string}"},"query-input":{"@type":"PropertyValueSpecification","valueRequired":true,"valueName":"search_term_string"}}],"inLanguage":"es"},{"@type":"Organization","@id":"https:\/\/crocussativus.eu\/#organization","name":"abac holland bv","alternateName":"crocus sativus .eu","url":"https:\/\/crocussativus.eu\/","logo":{"@type":"ImageObject","inLanguage":"es","@id":"https:\/\/crocussativus.eu\/#\/schema\/logo\/image\/","url":"https:\/\/crocussativus.eu\/wp-content\/uploads\/2023\/06\/logo_h80-1.png","contentUrl":"https:\/\/crocussativus.eu\/wp-content\/uploads\/2023\/06\/logo_h80-1.png","width":181,"height":80,"caption":"abac holland bv"},"image":{"@id":"https:\/\/crocussativus.eu\/#\/schema\/logo\/image\/"},"sameAs":["https:\/\/www.facebook.com\/crocussativus.eu"],"description":"Social and Solidarity Enterprise. We do everything we can to oSociale en Solidaire Onderneming. We doen er alles aan om innovatieve en transparante middelen en diensten aan te bieden en zo de Saffraan- en Crocus sativus telers te ondersteunen.ffer innovative and transparent resources and services to support Saffron and Crocus sativus growers.","email":"info@abacholland.com","telephone":"+31 (0)627 267 149","legalName":"abac holland bv","foundingDate":"2011-01-09"}]}},"_links":{"self":[{"href":"https:\/\/crocussativus.eu\/es\/wp-json\/wp\/v2\/product\/670","targetHints":{"allow":["GET"]}}],"collection":[{"href":"https:\/\/crocussativus.eu\/es\/wp-json\/wp\/v2\/product"}],"about":[{"href":"https:\/\/crocussativus.eu\/es\/wp-json\/wp\/v2\/types\/product"}],"replies":[{"embeddable":true,"href":"https:\/\/crocussativus.eu\/es\/wp-json\/wp\/v2\/comments?post=670"}],"wp:featuredmedia":[{"embeddable":true,"href":"https:\/\/crocussativus.eu\/es\/wp-json\/wp\/v2\/media\/819"}],"wp:attachment":[{"href":"https:\/\/crocussativus.eu\/es\/wp-json\/wp\/v2\/media?parent=670"}],"wp:term":[{"taxonomy":"product_brand","embeddable":true,"href":"https:\/\/crocussativus.eu\/es\/wp-json\/wp\/v2\/product_brand?post=670"},{"taxonomy":"product_cat","embeddable":true,"href":"https:\/\/crocussativus.eu\/es\/wp-json\/wp\/v2\/product_cat?post=670"},{"taxonomy":"product_tag","embeddable":true,"href":"https:\/\/crocussativus.eu\/es\/wp-json\/wp\/v2\/product_tag?post=670"}],"curies":[{"name":"wp","href":"https:\/\/api.w.org\/{rel}","templated":true}]}}