{"id":676,"date":"2022-02-11T11:55:22","date_gmt":"2022-02-11T11:55:22","guid":{"rendered":"https:\/\/demo.crocussativus.eu\/product\/saffraan-capsules\/"},"modified":"2023-12-26T16:58:06","modified_gmt":"2023-12-26T16:58:06","slug":"capsulas-de-azafran","status":"publish","type":"product","link":"https:\/\/crocussativus.eu\/es\/producto\/capsulas-de-azafran\/","title":{"rendered":"100% 75 MG C\u00e1psulas de azafr\u00e1n 60 piezas"},"content":{"rendered":"<h1>Comprar c\u00e1psulas de azafr\u00e1n en Crocussativus<\/h1>\n<p>Para comprar c\u00e1psulas de azafr\u00e1n debe estar con nosotros de Crocussativus. Estas c\u00e1psulas consisten en 100% azafr\u00e1n.<\/p>\n<p>Esta preciosa especia asegura un estado mental positivo. Adem\u00e1s, ayuda con el estr\u00e9s, la fatiga y las enfermedades mentales. Tambi\u00e9n son compatibles cuando quieres perder peso y aumentan la libido tanto para hombres como para mujeres. .<\/p>\n<p>Las c\u00e1psulas de alta calidad se entregan gratis en 2 d\u00edas h\u00e1biles en los Pa\u00edses Bajos. Para entregas fuera de los Pa\u00edses Bajos, cuente con 5-7 d\u00edas.<\/p>\n<h2>Compre c\u00e1psulas de azafr\u00e1n certificadas de alta calidad.<\/h2>\n<p>\u2713 Azafr\u00e1n 100% puro<br \/>\n\u2713 Certificaci\u00f3n oficial ISO<br \/>\n\u2713 Sin efectos secundarios.<br \/>\n\u2713 Producto 100% natural.<br \/>\n\u2713 Entrega gratuita a domicilio en los Pa\u00edses Bajos.<br \/>\n\u2713 Entrega dentro de los Pa\u00edses Bajos dentro de 2 d\u00edas h\u00e1biles. Entrega fuera de los Pa\u00edses Bajos dentro de 5-7 d\u00edas h\u00e1biles.<\/p>\n<h2>Efecto ben\u00e9fico<\/h2>\n<p>El azafr\u00e1n, como ley\u00f3 anteriormente, tiene un\u00a0<strong>efecto beneficioso<\/strong>. Esta especia reduce el estr\u00e9s, la fatiga y todo tipo de dolencias de la vejez. Por ejemplo, nuestro azafr\u00e1n ayuda a prevenir el envejecimiento de la piel. En parte debido a su efecto beneficioso, se ha utilizado durante al menos 4.000 a\u00f1os.<\/p>\n<p>Debido a los altos costos de cultivo y cosecha, Saffron tambi\u00e9n se llama el \u00aboro rojo\u00bb. No es por nada que es la especia m\u00e1s cara de la tierra.<\/p>\n<h2>La forma mas pura<\/h2>\n<p>Cada c\u00e1psula de azafr\u00e1n que nos compra est\u00e1 llena de 75 miligramos de 100% de azafr\u00e1n. Las c\u00e1psulas no contienen nada m\u00e1s: sin relleno. Esta especia se cultiva sin el uso de productos qu\u00edmicos u otras sustancias nocivas. Tiene garantizada la mejor calidad.<\/p>\n<p>Nuestra especia se ha sometido con \u00e9xito a las pruebas de tres laboratorios diferentes de\u00a0<strong>Eurofins Scientific<\/strong>. Adem\u00e1s, nuestra especia de azafr\u00e1n cumple con los m\u00e1s altos requisitos de calidad de Categor\u00eda I de acuerdo con las normas ISO 3632-2.<\/p>\n<h2>Uso de las c\u00e1psulas de azafr\u00e1n<\/h2>\n<p><strong>Solo tiene que tomar una c\u00e1psula al d\u00eda.<\/strong>\u00a0T\u00f3melo con agua, antes o despu\u00e9s de las comidas. No observa resultados inmediatos, ya que no es un medicamento regular. Solo gradualmente los efectos se hacen notables. Eso es diferente para cada persona. Los problemas de salud est\u00e1n disminuyendo. Obtiene una sensaci\u00f3n de bienestar y su malestar disminuye gradualmente.<\/p>\n<p><strong>\u00a1Es muy importante que no exceda la cantidad diaria!<\/strong>\u00a0Esta es una especia muy poderosa: no solo en sabor y color, sino tambi\u00e9n en t\u00e9rminos de efecto en el cuerpo.<\/p>\n<h2>En platos<\/h2>\n<p>Adem\u00e1s de una contribuci\u00f3n importante a su estado mental, las c\u00e1psulas de azafr\u00e1n tambi\u00e9n se pueden usar en la cocina, al preparar todo tipo de platos. Tiene un sabor amargo y un aroma dulce que se asemeja a la miel. Estos platos incluyen pollo, caza, varios tipos de carne y pescado, y arroz, risotto y pur\u00e9 de papas, pero tambi\u00e9n innumerables entrantes y postres (ver: Platos). Puede hacerlo simplemente abriendo una c\u00e1psula con el pulgar y el \u00edndice de ambas manos. Gire en la direcci\u00f3n opuesta con cada mano. Nota: La c\u00e1psula se abre casi de inmediato. Por lo tanto, abra la c\u00e1psula directamente encima de un plato o taz\u00f3n. Luego puede usar los hilos de azafr\u00e1n en su plato.<\/p>\n<p>Tambi\u00e9n puede comprar alimentos que ya contienen este \u00aboro rojo\u00bb. Encontrar\u00e1 nuestro exclusivo Queso de azafr\u00e1n en nuestra tienda web.<\/p>\n<h2>Ordene c\u00e1psulas de azafr\u00e1n en la tienda web<\/h2>\n<p>Compre c\u00e1psulas de azafr\u00e1n a precios atractivos en la tienda web. Usted se beneficia de los precios de descuento para cantidades algo mayores. El producto se entregar\u00e1 completamente gratis dentro de 2 d\u00edas h\u00e1biles dentro de los Pa\u00edses Bajos. Entrega fuera de los Pa\u00edses Bajos por una peque\u00f1a tarifa dentro de 5 a 7 d\u00edas h\u00e1biles.<\/p>\n<p>Si tiene preguntas o comentarios sobre nuestros productos, siempre puede\u00a0<a href=\"https:\/\/crocussativus.eu\/es\/contact\"><strong>contactarnos<\/strong><\/a>\u00a0sin compromiso. Le responderemos y le brindaremos asesoramiento experto.<\/p>\n<p>&nbsp;<\/p>\n","protected":false},"excerpt":{"rendered":"<p>Complemento alimenticio -100% Azafr\u00e1n puro.<\/p>\n<p>: Por la resiliencia mental y una actitud positiva.<\/p>\n<p>: El azafr\u00e1n estimula la inmunidad.<\/p>\n<p>: Mantiene la mente despejada.<\/p>\n<p>: Apoyado durante el ciclo menstrual.<\/p>\n<p>: Bueno para la capacidad de concentraci\u00f3n.<\/p>\n<p>: Afrodis\u00edacos aumentando la libido<\/p>\n","protected":false},"featured_media":814,"comment_status":"closed","ping_status":"closed","template":"","meta":[],"product_brand":[],"product_cat":[76],"product_tag":[184,168,157,164],"class_list":{"0":"post-676","1":"product","2":"type-product","3":"status-publish","4":"has-post-thumbnail","6":"product_cat-geen-categorie-es","7":"product_tag-saffraan-es","8":"product_tag-saffraan-capsule-es","9":"product_tag-saffraan-capsules-es","10":"product_tag-saffraancapsules-es","11":"description-off","13":"first","14":"instock","15":"taxable","16":"shipping-taxable","17":"purchasable","18":"product-type-simple"},"yoast_head":"<!-- This site is optimized with the Yoast SEO Premium plugin v26.5 (Yoast SEO v26.5) - https:\/\/yoast.com\/wordpress\/plugins\/seo\/ -->\n<title>100% 75 MG C\u00e1psulas de azafr\u00e1n 60 piezas - Crocussativus<\/title>\n<meta name=\"description\" content=\"capsulas de azafran Por la resiliencia mental y una actitud positiva.: El azafr\u00e1n estimula la inmunidad.: Mantiene la mente despejada.:\" \/>\n<meta name=\"robots\" content=\"index, follow, max-snippet:-1, max-image-preview:large, max-video-preview:-1\" \/>\n<link rel=\"canonical\" href=\"https:\/\/crocussativus.eu\/es\/producto\/capsulas-de-azafran\/\" \/>\n<meta property=\"og:locale\" content=\"es_ES\" \/>\n<meta property=\"og:type\" content=\"article\" \/>\n<meta property=\"og:title\" content=\"100% 75 MG C\u00e1psulas de azafr\u00e1n 60 piezas\" \/>\n<meta property=\"og:description\" content=\"capsulas de azafran Por la resiliencia mental y una actitud positiva.: El azafr\u00e1n estimula la inmunidad.: Mantiene la mente despejada.:\" \/>\n<meta property=\"og:url\" content=\"https:\/\/crocussativus.eu\/es\/producto\/capsulas-de-azafran\/\" \/>\n<meta property=\"og:site_name\" content=\"Crocussativus\" \/>\n<meta property=\"article:publisher\" content=\"https:\/\/www.facebook.com\/crocussativus.eu\" \/>\n<meta property=\"article:modified_time\" content=\"2023-12-26T16:58:06+00:00\" \/>\n<meta property=\"og:image\" content=\"https:\/\/crocussativus.eu\/wp-content\/uploads\/2022\/04\/pr_saffraan_capsules.jpg\" \/>\n\t<meta property=\"og:image:width\" content=\"800\" \/>\n\t<meta property=\"og:image:height\" content=\"563\" \/>\n\t<meta property=\"og:image:type\" content=\"image\/jpeg\" \/>\n<meta name=\"twitter:card\" content=\"summary_large_image\" \/>\n<meta name=\"twitter:label1\" content=\"Tiempo de lectura\" \/>\n\t<meta name=\"twitter:data1\" content=\"4 minutos\" \/>\n<script type=\"application\/ld+json\" class=\"yoast-schema-graph\">{\"@context\":\"https:\/\/schema.org\",\"@graph\":[{\"@type\":\"WebPage\",\"@id\":\"https:\/\/crocussativus.eu\/es\/producto\/capsulas-de-azafran\/\",\"url\":\"https:\/\/crocussativus.eu\/es\/producto\/capsulas-de-azafran\/\",\"name\":\"100% 75 MG C\u00e1psulas de azafr\u00e1n 60 piezas - Crocussativus\",\"isPartOf\":{\"@id\":\"https:\/\/crocussativus.eu\/#website\"},\"primaryImageOfPage\":{\"@id\":\"https:\/\/crocussativus.eu\/es\/producto\/capsulas-de-azafran\/#primaryimage\"},\"image\":{\"@id\":\"https:\/\/crocussativus.eu\/es\/producto\/capsulas-de-azafran\/#primaryimage\"},\"thumbnailUrl\":\"https:\/\/crocussativus.eu\/wp-content\/uploads\/2022\/04\/pr_saffraan_capsules.jpg\",\"datePublished\":\"2022-02-11T11:55:22+00:00\",\"dateModified\":\"2023-12-26T16:58:06+00:00\",\"description\":\"capsulas de azafran Por la resiliencia mental y una actitud positiva.: El azafr\u00e1n estimula la inmunidad.: Mantiene la mente despejada.:\",\"breadcrumb\":{\"@id\":\"https:\/\/crocussativus.eu\/es\/producto\/capsulas-de-azafran\/#breadcrumb\"},\"inLanguage\":\"es\",\"potentialAction\":[{\"@type\":\"ReadAction\",\"target\":[\"https:\/\/crocussativus.eu\/es\/producto\/capsulas-de-azafran\/\"]}]},{\"@type\":\"ImageObject\",\"inLanguage\":\"es\",\"@id\":\"https:\/\/crocussativus.eu\/es\/producto\/capsulas-de-azafran\/#primaryimage\",\"url\":\"https:\/\/crocussativus.eu\/wp-content\/uploads\/2022\/04\/pr_saffraan_capsules.jpg\",\"contentUrl\":\"https:\/\/crocussativus.eu\/wp-content\/uploads\/2022\/04\/pr_saffraan_capsules.jpg\",\"width\":800,\"height\":563,\"caption\":\"saffraan capsules\"},{\"@type\":\"BreadcrumbList\",\"@id\":\"https:\/\/crocussativus.eu\/es\/producto\/capsulas-de-azafran\/#breadcrumb\",\"itemListElement\":[{\"@type\":\"ListItem\",\"position\":1,\"name\":\"Home\",\"item\":\"https:\/\/crocussativus.eu\/es\/\"},{\"@type\":\"ListItem\",\"position\":2,\"name\":\"Tienda\",\"item\":\"https:\/\/crocussativus.eu\/es\/tienda\/\"},{\"@type\":\"ListItem\",\"position\":3,\"name\":\"100% 75 MG C\u00e1psulas de azafr\u00e1n 60 piezas\"}]},{\"@type\":\"WebSite\",\"@id\":\"https:\/\/crocussativus.eu\/#website\",\"url\":\"https:\/\/crocussativus.eu\/\",\"name\":\"Crocussativus.eu\",\"description\":\"Saffraan, Capsules, Crocus sativus bollen &amp; Saffraankaas\",\"publisher\":{\"@id\":\"https:\/\/crocussativus.eu\/#organization\"},\"potentialAction\":[{\"@type\":\"SearchAction\",\"target\":{\"@type\":\"EntryPoint\",\"urlTemplate\":\"https:\/\/crocussativus.eu\/?s={search_term_string}\"},\"query-input\":{\"@type\":\"PropertyValueSpecification\",\"valueRequired\":true,\"valueName\":\"search_term_string\"}}],\"inLanguage\":\"es\"},{\"@type\":\"Organization\",\"@id\":\"https:\/\/crocussativus.eu\/#organization\",\"name\":\"abac holland bv\",\"alternateName\":\"crocus sativus .eu\",\"url\":\"https:\/\/crocussativus.eu\/\",\"logo\":{\"@type\":\"ImageObject\",\"inLanguage\":\"es\",\"@id\":\"https:\/\/crocussativus.eu\/#\/schema\/logo\/image\/\",\"url\":\"https:\/\/crocussativus.eu\/wp-content\/uploads\/2023\/06\/logo_h80-1.png\",\"contentUrl\":\"https:\/\/crocussativus.eu\/wp-content\/uploads\/2023\/06\/logo_h80-1.png\",\"width\":181,\"height\":80,\"caption\":\"abac holland bv\"},\"image\":{\"@id\":\"https:\/\/crocussativus.eu\/#\/schema\/logo\/image\/\"},\"sameAs\":[\"https:\/\/www.facebook.com\/crocussativus.eu\"],\"description\":\"Social and Solidarity Enterprise. We do everything we can to oSociale en Solidaire Onderneming. We doen er alles aan om innovatieve en transparante middelen en diensten aan te bieden en zo de Saffraan- en Crocus sativus telers te ondersteunen.ffer innovative and transparent resources and services to support Saffron and Crocus sativus growers.\",\"email\":\"info@abacholland.com\",\"telephone\":\"+31 (0)627 267 149\",\"legalName\":\"abac holland bv\",\"foundingDate\":\"2011-01-09\"}]}<\/script>\n<!-- \/ Yoast SEO Premium plugin. -->","yoast_head_json":{"title":"100% 75 MG C\u00e1psulas de azafr\u00e1n 60 piezas - Crocussativus","description":"capsulas de azafran Por la resiliencia mental y una actitud positiva.: El azafr\u00e1n estimula la inmunidad.: Mantiene la mente despejada.:","robots":{"index":"index","follow":"follow","max-snippet":"max-snippet:-1","max-image-preview":"max-image-preview:large","max-video-preview":"max-video-preview:-1"},"canonical":"https:\/\/crocussativus.eu\/es\/producto\/capsulas-de-azafran\/","og_locale":"es_ES","og_type":"article","og_title":"100% 75 MG C\u00e1psulas de azafr\u00e1n 60 piezas","og_description":"capsulas de azafran Por la resiliencia mental y una actitud positiva.: El azafr\u00e1n estimula la inmunidad.: Mantiene la mente despejada.:","og_url":"https:\/\/crocussativus.eu\/es\/producto\/capsulas-de-azafran\/","og_site_name":"Crocussativus","article_publisher":"https:\/\/www.facebook.com\/crocussativus.eu","article_modified_time":"2023-12-26T16:58:06+00:00","og_image":[{"width":800,"height":563,"url":"https:\/\/crocussativus.eu\/wp-content\/uploads\/2022\/04\/pr_saffraan_capsules.jpg","type":"image\/jpeg"}],"twitter_card":"summary_large_image","twitter_misc":{"Tiempo de lectura":"4 minutos"},"schema":{"@context":"https:\/\/schema.org","@graph":[{"@type":"WebPage","@id":"https:\/\/crocussativus.eu\/es\/producto\/capsulas-de-azafran\/","url":"https:\/\/crocussativus.eu\/es\/producto\/capsulas-de-azafran\/","name":"100% 75 MG C\u00e1psulas de azafr\u00e1n 60 piezas - Crocussativus","isPartOf":{"@id":"https:\/\/crocussativus.eu\/#website"},"primaryImageOfPage":{"@id":"https:\/\/crocussativus.eu\/es\/producto\/capsulas-de-azafran\/#primaryimage"},"image":{"@id":"https:\/\/crocussativus.eu\/es\/producto\/capsulas-de-azafran\/#primaryimage"},"thumbnailUrl":"https:\/\/crocussativus.eu\/wp-content\/uploads\/2022\/04\/pr_saffraan_capsules.jpg","datePublished":"2022-02-11T11:55:22+00:00","dateModified":"2023-12-26T16:58:06+00:00","description":"capsulas de azafran Por la resiliencia mental y una actitud positiva.: El azafr\u00e1n estimula la inmunidad.: Mantiene la mente despejada.:","breadcrumb":{"@id":"https:\/\/crocussativus.eu\/es\/producto\/capsulas-de-azafran\/#breadcrumb"},"inLanguage":"es","potentialAction":[{"@type":"ReadAction","target":["https:\/\/crocussativus.eu\/es\/producto\/capsulas-de-azafran\/"]}]},{"@type":"ImageObject","inLanguage":"es","@id":"https:\/\/crocussativus.eu\/es\/producto\/capsulas-de-azafran\/#primaryimage","url":"https:\/\/crocussativus.eu\/wp-content\/uploads\/2022\/04\/pr_saffraan_capsules.jpg","contentUrl":"https:\/\/crocussativus.eu\/wp-content\/uploads\/2022\/04\/pr_saffraan_capsules.jpg","width":800,"height":563,"caption":"saffraan capsules"},{"@type":"BreadcrumbList","@id":"https:\/\/crocussativus.eu\/es\/producto\/capsulas-de-azafran\/#breadcrumb","itemListElement":[{"@type":"ListItem","position":1,"name":"Home","item":"https:\/\/crocussativus.eu\/es\/"},{"@type":"ListItem","position":2,"name":"Tienda","item":"https:\/\/crocussativus.eu\/es\/tienda\/"},{"@type":"ListItem","position":3,"name":"100% 75 MG C\u00e1psulas de azafr\u00e1n 60 piezas"}]},{"@type":"WebSite","@id":"https:\/\/crocussativus.eu\/#website","url":"https:\/\/crocussativus.eu\/","name":"Crocussativus.eu","description":"Saffraan, Capsules, Crocus sativus bollen &amp; Saffraankaas","publisher":{"@id":"https:\/\/crocussativus.eu\/#organization"},"potentialAction":[{"@type":"SearchAction","target":{"@type":"EntryPoint","urlTemplate":"https:\/\/crocussativus.eu\/?s={search_term_string}"},"query-input":{"@type":"PropertyValueSpecification","valueRequired":true,"valueName":"search_term_string"}}],"inLanguage":"es"},{"@type":"Organization","@id":"https:\/\/crocussativus.eu\/#organization","name":"abac holland bv","alternateName":"crocus sativus .eu","url":"https:\/\/crocussativus.eu\/","logo":{"@type":"ImageObject","inLanguage":"es","@id":"https:\/\/crocussativus.eu\/#\/schema\/logo\/image\/","url":"https:\/\/crocussativus.eu\/wp-content\/uploads\/2023\/06\/logo_h80-1.png","contentUrl":"https:\/\/crocussativus.eu\/wp-content\/uploads\/2023\/06\/logo_h80-1.png","width":181,"height":80,"caption":"abac holland bv"},"image":{"@id":"https:\/\/crocussativus.eu\/#\/schema\/logo\/image\/"},"sameAs":["https:\/\/www.facebook.com\/crocussativus.eu"],"description":"Social and Solidarity Enterprise. We do everything we can to oSociale en Solidaire Onderneming. We doen er alles aan om innovatieve en transparante middelen en diensten aan te bieden en zo de Saffraan- en Crocus sativus telers te ondersteunen.ffer innovative and transparent resources and services to support Saffron and Crocus sativus growers.","email":"info@abacholland.com","telephone":"+31 (0)627 267 149","legalName":"abac holland bv","foundingDate":"2011-01-09"}]}},"_links":{"self":[{"href":"https:\/\/crocussativus.eu\/es\/wp-json\/wp\/v2\/product\/676","targetHints":{"allow":["GET"]}}],"collection":[{"href":"https:\/\/crocussativus.eu\/es\/wp-json\/wp\/v2\/product"}],"about":[{"href":"https:\/\/crocussativus.eu\/es\/wp-json\/wp\/v2\/types\/product"}],"replies":[{"embeddable":true,"href":"https:\/\/crocussativus.eu\/es\/wp-json\/wp\/v2\/comments?post=676"}],"wp:featuredmedia":[{"embeddable":true,"href":"https:\/\/crocussativus.eu\/es\/wp-json\/wp\/v2\/media\/814"}],"wp:attachment":[{"href":"https:\/\/crocussativus.eu\/es\/wp-json\/wp\/v2\/media?parent=676"}],"wp:term":[{"taxonomy":"product_brand","embeddable":true,"href":"https:\/\/crocussativus.eu\/es\/wp-json\/wp\/v2\/product_brand?post=676"},{"taxonomy":"product_cat","embeddable":true,"href":"https:\/\/crocussativus.eu\/es\/wp-json\/wp\/v2\/product_cat?post=676"},{"taxonomy":"product_tag","embeddable":true,"href":"https:\/\/crocussativus.eu\/es\/wp-json\/wp\/v2\/product_tag?post=676"}],"curies":[{"name":"wp","href":"https:\/\/api.w.org\/{rel}","templated":true}]}}