{"id":684,"date":"2022-02-11T10:24:17","date_gmt":"2022-02-11T10:24:17","guid":{"rendered":"https:\/\/demo.crocussativus.eu\/product\/saffraan\/"},"modified":"2023-04-09T15:21:24","modified_gmt":"2023-04-09T15:21:24","slug":"azafran","status":"publish","type":"product","link":"https:\/\/crocussativus.eu\/es\/producto\/azafran\/","title":{"rendered":"Azafr\u00e1n 5 gramos"},"content":{"rendered":"<h1>Compra de azafr\u00e1n de la m\u00e1s alta calidad<\/h1>\n<p>Puedes\u00a0<strong>comprar azafr\u00e1n<\/strong>\u00a0en\u00a0<strong><a href=\"https:\/\/crocussativus.eu\/es\/home\">Crocussativus<\/a><\/strong>. Esta especia tiene un efecto curativo y se usa en todo tipo de platos refinados. Esta especia hace que cada plato sea m\u00e1s sabroso, saludable y atractivo.<\/p>\n<p>Nuestros productos han sido probados por\u00a0<strong><a href=\"https:\/\/www.eurofins.com\/about-us\/eurofins-fact-sheet\/\">Eurofins Scientific<\/a><\/strong>. Esto garantiza productos de alta calidad.<\/p>\n<p>Aproveche los grandes descuentos ahora, para tener un stock de Azafr\u00e1n de alta calidad a un precio atractivo y muy competitivo. Azafr\u00e1n econ\u00f3mico de alta calidad y certificado.<\/p>\n<h2>Comprar azafr\u00e1n en Crocussativus<\/h2>\n<p>\u2713 100% puro, sin aditivos<br \/>\n\u2713 Certificado ISO<br \/>\n\u2713 Embalaje aut\u00e9ntico<br \/>\n\u2713 Gran ventaja de compra<br \/>\n\u2713 Entrega gratuita en los Pa\u00edses Bajos (Entrega en B\u00e9lgica por una peque\u00f1a tarifa)<br \/>\n\u2713 Entrega en 2 d\u00edas h\u00e1biles<\/p>\n<p>&nbsp;<\/p>\n<p>&nbsp;<\/p>\n<h2>Azafr\u00e1n u \u00aboro rojo\u00bb<\/h2>\n<p>Es una <strong>especia ex\u00f3tica<\/strong>. Es una especia con un color rojo que se extrae del Crocus Azafr\u00e1n (Crocus sativus). Debido al m\u00e9todo de recolecci\u00f3n manual que lleva mucho tiempo, la especia es muy costosa. Incluso es la especia m\u00e1s cara del mundo. Es por una buena raz\u00f3n que esta especia tambi\u00e9n se llama \u00aboro rojo\u00bb.<\/p>\n<p>La especia tiene un efecto beneficioso, pero tambi\u00e9n es indispensable en muchas cocinas. Puedes pensar en varias cocinas alrededor del mar Mediterr\u00e1neo. Pero tambi\u00e9n en las cocinas de Oriente Medio y Asia del Sur El azafr\u00e1n es un ingrediente principal.<\/p>\n<p>&nbsp;<\/p>\n<h2>Refinados y delicados platos tradicionales<\/h2>\n<p>El azafr\u00e1n tiene un sabor amargo y un aroma atractivo que huele a miel. Seg\u00fan otros, recuerda a flores o hierba dulce, mientras que otros encuentran el olor \u00abfuerte\u00bb y picante. Varios chefs de todo el mundo usan esta especia para preparar\u00a0<strong><a href=\"https:\/\/crocussativus.eu\/es\/recatas\/\">recetas<\/a><\/strong>\u00a0tradicionales refinadas y delicadas. Adem\u00e1s, el \u00aboro rojo\u00bb tambi\u00e9n se utiliza en platos de fusi\u00f3n. Estos platos modernos recientemente desarrollados re\u00fanen diversas cocinas en las que este ingrediente juega un papel m\u00e1gico. Cada plato se vuelve m\u00e1s sabroso, m\u00e1s atractivo y m\u00e1s saludable gracias a algunos hilos de esta especia.<\/p>\n<p>Puedes comprar\u00a0<strong><a href=\"https:\/\/crocussativus.eu\/es\/queso-azafran\/\">Queso Azafr\u00e1n<\/a><\/strong>\u00a0en nuestra tienda web. Este queso combina el \u00aboro rojo\u00bb con la leche holandesa con cuerpo de la granja.<\/p>\n<h2>Efecto ben\u00e9fico<\/h2>\n<p>Adem\u00e1s del hecho de que el azafr\u00e1n se usa en muchos platos, tambi\u00e9n tiene un\u00a0<strong>efecto beneficioso para la salud<\/strong>. Vendemos\u00a0<strong><a href=\"https:\/\/crocussativus.eu\/es\/producto\/capsulas-de-azafran\/\">c\u00e1psulas<\/a><\/strong>\u00a0que pueden hacerte sentir mejor. Adem\u00e1s, las c\u00e1psulas tambi\u00e9n son ideales para combatir molestias o dolencias relacionadas con la edad.<\/p>\n<p>Cada c\u00e1psula se llena con 100% \u00aboro rojo\u00bb sin ning\u00fan \u00abrelleno\u00bb o aditivo. Por lo tanto, el contenido de nuestras c\u00e1psulas tambi\u00e9n se puede utilizar para preparar cualquier \u00abplato de azafr\u00e1n\u00bb.<\/p>\n<h2>Asequible de alta calidad<\/h2>\n<p>Trabajamos junto con productores en varios pa\u00edses, incluidos Italia, Francia, Espa\u00f1a, Marruecos y Bulgaria. Al trabajar en estrecha colaboraci\u00f3n con ellos, podemos ofrecer azafr\u00e1n de alta calidad durante todo el a\u00f1o. La especia ha sido probada por 3 laboratorios de Eurofins Scientific. Estas pruebas muestran que nuestro azafr\u00e1n es de la m\u00e1s alta calidad.<\/p>\n<p>Con nosotros compra\u00a0<strong>azafr\u00e1n de alta calidad a un precio muy competitivo<\/strong>. Usted se beneficia de los precios de descuento para grandes cantidades (m\u00ednimo 20 gramos). Con nosotros nunca pagas demasiado. El azafr\u00e1n se vuelve asequible para cualquier cocinero y cualquier hogar.<\/p>\n<p>&nbsp;<\/p>\n<h2>Realizar un pedido en la tienda web<\/h2>\n<p>Puedes comprar Saffron en nuestra tienda web. Elija la cantidad de gramos, coloque el producto en el carrito de compras y finalice la compra. El producto se le entregar\u00e1 dentro de aproximadamente 5-7 d\u00edas h\u00e1biles fuera de los Pa\u00edses Bajos, dependiendo de la ocupaci\u00f3n del servicio de mensajer\u00eda. Cuando tenga alguna pregunta o sugerencia, cont\u00e1ctenos\u00a0<strong><a href=\"https:\/\/crocussativus.eu\/es\/contact\">a trav\u00e9s de este formulario<\/a><\/strong>.<\/p>\n<p>&nbsp;<\/p>\n","protected":false},"excerpt":{"rendered":"<p>Complemento alimenticio -100% Azafr\u00e1n puro.<\/p>\n<p>: Por la resiliencia mental y una actitud positiva.<\/p>\n<p>: El azafr\u00e1n estimula la inmunidad.<\/p>\n<p>: Mantiene la mente despejada.<\/p>\n<p>: Apoyado durante el ciclo menstrual.<\/p>\n<p>: Bueno para la capacidad de concentraci\u00f3n.<\/p>\n","protected":false},"featured_media":824,"comment_status":"closed","ping_status":"closed","template":"","meta":[],"product_brand":[],"product_cat":[76],"product_tag":[184],"class_list":{"0":"post-684","1":"product","2":"type-product","3":"status-publish","4":"has-post-thumbnail","6":"product_cat-geen-categorie-es","7":"product_tag-saffraan-es","8":"description-off","10":"first","11":"instock","12":"taxable","13":"shipping-taxable","14":"purchasable","15":"product-type-simple"},"yoast_head":"<!-- This site is optimized with the Yoast SEO Premium plugin v26.5 (Yoast SEO v26.5) - https:\/\/yoast.com\/wordpress\/plugins\/seo\/ -->\n<title>Azafr\u00e1n 5 gramos - Crocussativus<\/title>\n<meta name=\"description\" content=\"Azafr\u00e1n Por la resiliencia mental y una actitud positiva.: El azafr\u00e1n estimula la inmunidad.: Mantiene la mente despejada.:\" \/>\n<meta name=\"robots\" content=\"index, follow, max-snippet:-1, max-image-preview:large, max-video-preview:-1\" \/>\n<link rel=\"canonical\" href=\"https:\/\/crocussativus.eu\/es\/producto\/azafran\/\" \/>\n<meta property=\"og:locale\" content=\"es_ES\" \/>\n<meta property=\"og:type\" content=\"article\" \/>\n<meta property=\"og:title\" content=\"Azafr\u00e1n 5 gramos\" \/>\n<meta property=\"og:description\" content=\"Azafr\u00e1n Por la resiliencia mental y una actitud positiva.: El azafr\u00e1n estimula la inmunidad.: Mantiene la mente despejada.:\" \/>\n<meta property=\"og:url\" content=\"https:\/\/crocussativus.eu\/es\/producto\/azafran\/\" \/>\n<meta property=\"og:site_name\" content=\"Crocussativus\" \/>\n<meta property=\"article:publisher\" content=\"https:\/\/www.facebook.com\/crocussativus.eu\" \/>\n<meta property=\"article:modified_time\" content=\"2023-04-09T15:21:24+00:00\" \/>\n<meta property=\"og:image\" content=\"https:\/\/crocussativus.eu\/wp-content\/uploads\/2022\/04\/pr_saffraan.jpg\" \/>\n\t<meta property=\"og:image:width\" content=\"800\" \/>\n\t<meta property=\"og:image:height\" content=\"563\" \/>\n\t<meta property=\"og:image:type\" content=\"image\/jpeg\" \/>\n<meta name=\"twitter:card\" content=\"summary_large_image\" \/>\n<meta name=\"twitter:label1\" content=\"Tiempo de lectura\" \/>\n\t<meta name=\"twitter:data1\" content=\"3 minutos\" \/>\n<script type=\"application\/ld+json\" class=\"yoast-schema-graph\">{\"@context\":\"https:\/\/schema.org\",\"@graph\":[{\"@type\":\"WebPage\",\"@id\":\"https:\/\/crocussativus.eu\/es\/producto\/azafran\/\",\"url\":\"https:\/\/crocussativus.eu\/es\/producto\/azafran\/\",\"name\":\"Azafr\u00e1n 5 gramos - Crocussativus\",\"isPartOf\":{\"@id\":\"https:\/\/crocussativus.eu\/#website\"},\"primaryImageOfPage\":{\"@id\":\"https:\/\/crocussativus.eu\/es\/producto\/azafran\/#primaryimage\"},\"image\":{\"@id\":\"https:\/\/crocussativus.eu\/es\/producto\/azafran\/#primaryimage\"},\"thumbnailUrl\":\"https:\/\/crocussativus.eu\/wp-content\/uploads\/2022\/04\/pr_saffraan.jpg\",\"datePublished\":\"2022-02-11T10:24:17+00:00\",\"dateModified\":\"2023-04-09T15:21:24+00:00\",\"description\":\"Azafr\u00e1n Por la resiliencia mental y una actitud positiva.: El azafr\u00e1n estimula la inmunidad.: Mantiene la mente despejada.:\",\"breadcrumb\":{\"@id\":\"https:\/\/crocussativus.eu\/es\/producto\/azafran\/#breadcrumb\"},\"inLanguage\":\"es\",\"potentialAction\":[{\"@type\":\"ReadAction\",\"target\":[\"https:\/\/crocussativus.eu\/es\/producto\/azafran\/\"]}]},{\"@type\":\"ImageObject\",\"inLanguage\":\"es\",\"@id\":\"https:\/\/crocussativus.eu\/es\/producto\/azafran\/#primaryimage\",\"url\":\"https:\/\/crocussativus.eu\/wp-content\/uploads\/2022\/04\/pr_saffraan.jpg\",\"contentUrl\":\"https:\/\/crocussativus.eu\/wp-content\/uploads\/2022\/04\/pr_saffraan.jpg\",\"width\":800,\"height\":563,\"caption\":\"saffraan, saffron\"},{\"@type\":\"BreadcrumbList\",\"@id\":\"https:\/\/crocussativus.eu\/es\/producto\/azafran\/#breadcrumb\",\"itemListElement\":[{\"@type\":\"ListItem\",\"position\":1,\"name\":\"Home\",\"item\":\"https:\/\/crocussativus.eu\/es\/\"},{\"@type\":\"ListItem\",\"position\":2,\"name\":\"Tienda\",\"item\":\"https:\/\/crocussativus.eu\/es\/tienda\/\"},{\"@type\":\"ListItem\",\"position\":3,\"name\":\"Azafr\u00e1n 5 gramos\"}]},{\"@type\":\"WebSite\",\"@id\":\"https:\/\/crocussativus.eu\/#website\",\"url\":\"https:\/\/crocussativus.eu\/\",\"name\":\"Crocussativus.eu\",\"description\":\"Saffraan, Capsules, Crocus sativus bollen &amp; Saffraankaas\",\"publisher\":{\"@id\":\"https:\/\/crocussativus.eu\/#organization\"},\"potentialAction\":[{\"@type\":\"SearchAction\",\"target\":{\"@type\":\"EntryPoint\",\"urlTemplate\":\"https:\/\/crocussativus.eu\/?s={search_term_string}\"},\"query-input\":{\"@type\":\"PropertyValueSpecification\",\"valueRequired\":true,\"valueName\":\"search_term_string\"}}],\"inLanguage\":\"es\"},{\"@type\":\"Organization\",\"@id\":\"https:\/\/crocussativus.eu\/#organization\",\"name\":\"abac holland bv\",\"alternateName\":\"crocus sativus .eu\",\"url\":\"https:\/\/crocussativus.eu\/\",\"logo\":{\"@type\":\"ImageObject\",\"inLanguage\":\"es\",\"@id\":\"https:\/\/crocussativus.eu\/#\/schema\/logo\/image\/\",\"url\":\"https:\/\/crocussativus.eu\/wp-content\/uploads\/2023\/06\/logo_h80-1.png\",\"contentUrl\":\"https:\/\/crocussativus.eu\/wp-content\/uploads\/2023\/06\/logo_h80-1.png\",\"width\":181,\"height\":80,\"caption\":\"abac holland bv\"},\"image\":{\"@id\":\"https:\/\/crocussativus.eu\/#\/schema\/logo\/image\/\"},\"sameAs\":[\"https:\/\/www.facebook.com\/crocussativus.eu\"],\"description\":\"Social and Solidarity Enterprise. We do everything we can to oSociale en Solidaire Onderneming. We doen er alles aan om innovatieve en transparante middelen en diensten aan te bieden en zo de Saffraan- en Crocus sativus telers te ondersteunen.ffer innovative and transparent resources and services to support Saffron and Crocus sativus growers.\",\"email\":\"info@abacholland.com\",\"telephone\":\"+31 (0)627 267 149\",\"legalName\":\"abac holland bv\",\"foundingDate\":\"2011-01-09\"}]}<\/script>\n<!-- \/ Yoast SEO Premium plugin. -->","yoast_head_json":{"title":"Azafr\u00e1n 5 gramos - Crocussativus","description":"Azafr\u00e1n Por la resiliencia mental y una actitud positiva.: El azafr\u00e1n estimula la inmunidad.: Mantiene la mente despejada.:","robots":{"index":"index","follow":"follow","max-snippet":"max-snippet:-1","max-image-preview":"max-image-preview:large","max-video-preview":"max-video-preview:-1"},"canonical":"https:\/\/crocussativus.eu\/es\/producto\/azafran\/","og_locale":"es_ES","og_type":"article","og_title":"Azafr\u00e1n 5 gramos","og_description":"Azafr\u00e1n Por la resiliencia mental y una actitud positiva.: El azafr\u00e1n estimula la inmunidad.: Mantiene la mente despejada.:","og_url":"https:\/\/crocussativus.eu\/es\/producto\/azafran\/","og_site_name":"Crocussativus","article_publisher":"https:\/\/www.facebook.com\/crocussativus.eu","article_modified_time":"2023-04-09T15:21:24+00:00","og_image":[{"width":800,"height":563,"url":"https:\/\/crocussativus.eu\/wp-content\/uploads\/2022\/04\/pr_saffraan.jpg","type":"image\/jpeg"}],"twitter_card":"summary_large_image","twitter_misc":{"Tiempo de lectura":"3 minutos"},"schema":{"@context":"https:\/\/schema.org","@graph":[{"@type":"WebPage","@id":"https:\/\/crocussativus.eu\/es\/producto\/azafran\/","url":"https:\/\/crocussativus.eu\/es\/producto\/azafran\/","name":"Azafr\u00e1n 5 gramos - Crocussativus","isPartOf":{"@id":"https:\/\/crocussativus.eu\/#website"},"primaryImageOfPage":{"@id":"https:\/\/crocussativus.eu\/es\/producto\/azafran\/#primaryimage"},"image":{"@id":"https:\/\/crocussativus.eu\/es\/producto\/azafran\/#primaryimage"},"thumbnailUrl":"https:\/\/crocussativus.eu\/wp-content\/uploads\/2022\/04\/pr_saffraan.jpg","datePublished":"2022-02-11T10:24:17+00:00","dateModified":"2023-04-09T15:21:24+00:00","description":"Azafr\u00e1n Por la resiliencia mental y una actitud positiva.: El azafr\u00e1n estimula la inmunidad.: Mantiene la mente despejada.:","breadcrumb":{"@id":"https:\/\/crocussativus.eu\/es\/producto\/azafran\/#breadcrumb"},"inLanguage":"es","potentialAction":[{"@type":"ReadAction","target":["https:\/\/crocussativus.eu\/es\/producto\/azafran\/"]}]},{"@type":"ImageObject","inLanguage":"es","@id":"https:\/\/crocussativus.eu\/es\/producto\/azafran\/#primaryimage","url":"https:\/\/crocussativus.eu\/wp-content\/uploads\/2022\/04\/pr_saffraan.jpg","contentUrl":"https:\/\/crocussativus.eu\/wp-content\/uploads\/2022\/04\/pr_saffraan.jpg","width":800,"height":563,"caption":"saffraan, saffron"},{"@type":"BreadcrumbList","@id":"https:\/\/crocussativus.eu\/es\/producto\/azafran\/#breadcrumb","itemListElement":[{"@type":"ListItem","position":1,"name":"Home","item":"https:\/\/crocussativus.eu\/es\/"},{"@type":"ListItem","position":2,"name":"Tienda","item":"https:\/\/crocussativus.eu\/es\/tienda\/"},{"@type":"ListItem","position":3,"name":"Azafr\u00e1n 5 gramos"}]},{"@type":"WebSite","@id":"https:\/\/crocussativus.eu\/#website","url":"https:\/\/crocussativus.eu\/","name":"Crocussativus.eu","description":"Saffraan, Capsules, Crocus sativus bollen &amp; Saffraankaas","publisher":{"@id":"https:\/\/crocussativus.eu\/#organization"},"potentialAction":[{"@type":"SearchAction","target":{"@type":"EntryPoint","urlTemplate":"https:\/\/crocussativus.eu\/?s={search_term_string}"},"query-input":{"@type":"PropertyValueSpecification","valueRequired":true,"valueName":"search_term_string"}}],"inLanguage":"es"},{"@type":"Organization","@id":"https:\/\/crocussativus.eu\/#organization","name":"abac holland bv","alternateName":"crocus sativus .eu","url":"https:\/\/crocussativus.eu\/","logo":{"@type":"ImageObject","inLanguage":"es","@id":"https:\/\/crocussativus.eu\/#\/schema\/logo\/image\/","url":"https:\/\/crocussativus.eu\/wp-content\/uploads\/2023\/06\/logo_h80-1.png","contentUrl":"https:\/\/crocussativus.eu\/wp-content\/uploads\/2023\/06\/logo_h80-1.png","width":181,"height":80,"caption":"abac holland bv"},"image":{"@id":"https:\/\/crocussativus.eu\/#\/schema\/logo\/image\/"},"sameAs":["https:\/\/www.facebook.com\/crocussativus.eu"],"description":"Social and Solidarity Enterprise. We do everything we can to oSociale en Solidaire Onderneming. We doen er alles aan om innovatieve en transparante middelen en diensten aan te bieden en zo de Saffraan- en Crocus sativus telers te ondersteunen.ffer innovative and transparent resources and services to support Saffron and Crocus sativus growers.","email":"info@abacholland.com","telephone":"+31 (0)627 267 149","legalName":"abac holland bv","foundingDate":"2011-01-09"}]}},"_links":{"self":[{"href":"https:\/\/crocussativus.eu\/es\/wp-json\/wp\/v2\/product\/684","targetHints":{"allow":["GET"]}}],"collection":[{"href":"https:\/\/crocussativus.eu\/es\/wp-json\/wp\/v2\/product"}],"about":[{"href":"https:\/\/crocussativus.eu\/es\/wp-json\/wp\/v2\/types\/product"}],"replies":[{"embeddable":true,"href":"https:\/\/crocussativus.eu\/es\/wp-json\/wp\/v2\/comments?post=684"}],"wp:featuredmedia":[{"embeddable":true,"href":"https:\/\/crocussativus.eu\/es\/wp-json\/wp\/v2\/media\/824"}],"wp:attachment":[{"href":"https:\/\/crocussativus.eu\/es\/wp-json\/wp\/v2\/media?parent=684"}],"wp:term":[{"taxonomy":"product_brand","embeddable":true,"href":"https:\/\/crocussativus.eu\/es\/wp-json\/wp\/v2\/product_brand?post=684"},{"taxonomy":"product_cat","embeddable":true,"href":"https:\/\/crocussativus.eu\/es\/wp-json\/wp\/v2\/product_cat?post=684"},{"taxonomy":"product_tag","embeddable":true,"href":"https:\/\/crocussativus.eu\/es\/wp-json\/wp\/v2\/product_tag?post=684"}],"curies":[{"name":"wp","href":"https:\/\/api.w.org\/{rel}","templated":true}]}}