{"id":1000,"date":"2021-10-13T06:46:55","date_gmt":"2021-10-13T06:46:55","guid":{"rendered":"https:\/\/demo.crocussativus.eu\/privacy-policy\/"},"modified":"2025-10-02T08:21:42","modified_gmt":"2025-10-02T08:21:42","slug":"privacy-policy","status":"publish","type":"page","link":"https:\/\/crocussativus.eu\/fr\/privacy-policy\/","title":{"rendered":"Privacy Policy"},"content":{"rendered":"<div class=\"wpb-content-wrapper\"><p>[vc_row][vc_column width=\u00a0\u00bb1\/2&Prime;][vc_wp_custommenu nav_menu=\u00a0\u00bb36&Prime;][\/vc_column][vc_column width=\u00a0\u00bb1\/2&Prime;][vc_column_text css=\u00a0\u00bb\u00a0\u00bb]<\/p>\n<h5>POLITIQUE DE CONFIDENTIALIT\u00c9<\/h5>\n<h5>Nous respectons votre vie priv\u00e9e et ne traitons vos donn\u00e9es personnelles que dans le but pour lequel vous les avez fournies et conform\u00e9ment \u00e0 la loi sur la protection des donn\u00e9es personnelles et la loi sur les t\u00e9l\u00e9communications. 1. Coordonn\u00e9es de l&rsquo;entreprise Raison sociale : ABAC Holland B.V. Site Web : http:\/\/www.crocussativus.eu Num\u00e9ro d&rsquo;inscription \u00e0 la chambre de commerce : 37107309 Num\u00e9ro de TVA : NL8121.32.968.B.01 2. Adresse e-mail Lors de la collecte de votre adresse e-mail pour des raisons autres que dans le cadre d&rsquo;un accord conclu, elle ne sera pas utilis\u00e9e pour transf\u00e9rer des communications non sollicit\u00e9es si vous n&rsquo;en avez pas donn\u00e9 l&rsquo;autorisation. 3. Adresse postale Nous n&rsquo;utilisons votre adresse postale que pour envoyer les informations que vous avez demand\u00e9es. 4. Num\u00e9ro de t\u00e9l\u00e9phone Nous n&rsquo;utilisons pas votre num\u00e9ro de t\u00e9l\u00e9phone \u00e0 des fins commerciales. 5. Autres donn\u00e9es personnelles Nous ne traitons d&rsquo;autres donn\u00e9es personnelles (au moyen de cookies, de p\u00e9riph\u00e9riques de lecture ou autres) que si : 1. le traitement des donn\u00e9es est n\u00e9cessaire pour : l&rsquo;ex\u00e9cution d&rsquo;un accord conclu avec vous ; la bonne ex\u00e9cution d&rsquo;une mission de droit public ; la repr\u00e9sentation de notre int\u00e9r\u00eat l\u00e9gitime (sauf si votre int\u00e9r\u00eat ou vos droits et libert\u00e9s fondamentaux pr\u00e9valent sur cet int\u00e9r\u00eat), ou ; 2. vous avez autoris\u00e9 le traitement lors de sa collecte. Dans tous les cas, nous ne conservons pas vos donn\u00e9es plus longtemps que n\u00e9cessaire au traitement des finalit\u00e9s pour lesquelles elles ont \u00e9t\u00e9 collect\u00e9es. 6. Donn\u00e9es personnelles particuli\u00e8res Les informations collect\u00e9es ne sont utilis\u00e9es qu&rsquo;en interne et ne sont pas transmises \u00e0 d&rsquo;autres organisations. 7. S\u00e9curit\u00e9 transf\u00e9rant et recevant des donn\u00e9es Lorsque nous transf\u00e9rons ou recevons vos donn\u00e9es sur notre site Web, nous utilisons toujours des technologies de cryptage reconnues comme des normes accept\u00e9es dans le secteur informatique ; Lorsque nous recevons ou transf\u00e9rons certaines informations critiques, telles que, par exemple, des informations financi\u00e8res ou de sant\u00e9, nous utilisons un serveur s\u00e9curis\u00e9. Vous en serez averti via un \u00e9cran affich\u00e9 sur notre site (pop-up) ; Nous avons mis en place les mesures de s\u00e9curit\u00e9 n\u00e9cessaires pour emp\u00eacher la perte, l&rsquo;utilisation abusive ou l&rsquo;alt\u00e9ration des informations que nous recevons sur notre site. 8. S\u00e9curit\u00e9 du stockage des donn\u00e9es Crit\u00e8res de s\u00e9curit\u00e9 Une connexion s\u00e9curis\u00e9e est utilis\u00e9e sur la page o\u00f9 vous fournissez des donn\u00e9es personnelles. Nous stockons le moins de donn\u00e9es client possible et veillons \u00e0 ce qu&rsquo;aucune donn\u00e9e personnelle particuli\u00e8rement sensible ne soit stock\u00e9e dans notre base de donn\u00e9es, \u00e0 moins qu&rsquo;il n&rsquo;y ait pas d&rsquo;autre moyen. Nous prenons des mesures techniques et organisationnelles pour emp\u00eacher la perte de donn\u00e9es ou le traitement illicite (comme les attaques). Nous garantissons donc un niveau de s\u00e9curit\u00e9 appropri\u00e9 et faisons tester p\u00e9riodiquement notre site. 9. Acc\u00e8s \u00e0 vos donn\u00e9es Sur demande, nous informerons les visiteurs de notre site Web des donn\u00e9es personnelles qui sont trait\u00e9es \u00e0 leur sujet. Toute donn\u00e9e erron\u00e9e peut \u00eatre corrig\u00e9e, compl\u00e9t\u00e9e ou supprim\u00e9e. Si vous souhaitez acc\u00e9der \u00e0 ces informations ou corriger vos informations personnelles, veuillez nous contacter \u00e0 l&rsquo;adresse ci-dessous. 10. Contacter Si vous souhaitez r\u00e9pondre \u00e0 notre politique de confidentialit\u00e9, vous pouvez contacter : \u00c0 l&rsquo;adresse e-mail suivante : info@crocussativus.eu Au num\u00e9ro de t\u00e9l\u00e9phone suivant : +31 627267149 Cette politique de confidentialit\u00e9 peut \u00eatre modifi\u00e9e \u00e0 tout moment. Nous publierons ces modifications ici et, le cas \u00e9ch\u00e9ant, vous en serez inform\u00e9 par e-mail.<\/h5>\n<p>[\/vc_column_text][\/vc_column][\/vc_row][vc_row full_width=\u00a0\u00bbstretch_row\u00a0\u00bb css=\u00a0\u00bb.vc_custom_1644242697585{background-color: #f9f9f9 !important;}\u00a0\u00bb][vc_column width=\u00a0\u00bb1\/4&Prime;][vc_column_text]<\/p>\n<h4>D\u00c9TAILS DE L&rsquo;ENTREPRISE<\/h4>\n<p>ABAC Holland B.V.<br \/>\nAttn. Crocussativus<br \/>\nMr. J.Henderikxstraat 57<br \/>\n1788 AZ Julianadorp<br \/>\nPays-Bas<\/p>\n<p>N\u00e9erlandais CdC 54348765<br \/>\nTVA NL8512.69.382.B01[\/vc_column_text][\/vc_column][vc_column width=\u00a0\u00bb1\/4&Prime;][vc_column_text css=\u00a0\u00bb\u00a0\u00bb]<\/p>\n<h4>CONTACT<\/h4>\n<p><strong>Crocussativus.eu<\/strong><br \/>\nT <a href=\"tel:+31627267149\">+31 (0)627 267 149<\/a><br \/>\nE: <a href=\"mailto:info@crocussativus.eu\">info@crocussativus.eu<\/a><\/p>\n<p>[\/vc_column_text][\/vc_column][vc_column width=\u00a0\u00bb1\/4&Prime;][vc_column_text]<\/p>\n<h4>ACHATS<\/h4>\n<p>Toutes nos transactions sont trait\u00e9es en toute s\u00e9curit\u00e9 par Mollie.<\/p>\n<p><strong>Les frais de livraison:<br \/>\n<\/strong>Pays-Bas &#8211; gratuit<br \/>\nE.U. &#8211; \u20ac6 par commande<br \/>\nOutside E.U. &#8211;\u00a0prix sur demande<\/p>\n<p><em>*Les pays ayant des exigences phytosanitaires payent l&rsquo;inspection des taxes.<\/em>[\/vc_column_text][\/vc_column][vc_column width=\u00a0\u00bb1\/4&Prime;][vc_column_text]<\/p>\n<h5>KLANTENSERVICE<\/h5>\n<p>[\/vc_column_text][vc_wp_custommenu nav_menu=\u00a0\u00bb36&Prime;][\/vc_column][\/vc_row]<\/p>\n<\/div>","protected":false},"excerpt":{"rendered":"<p>[vc_row][vc_column width=\u00a0\u00bb1\/2&Prime;][vc_wp_custommenu nav_menu=\u00a0\u00bb36&Prime;][\/vc_column][vc_column width=\u00a0\u00bb1\/2&Prime;][vc_column_text css=\u00a0\u00bb\u00a0\u00bb] POLITIQUE DE CONFIDENTIALIT\u00c9 Nous respectons votre vie priv\u00e9e et ne traitons vos donn\u00e9es personnelles que dans le but pour lequel vous les avez fournies et conform\u00e9ment \u00e0 la loi sur la protection des donn\u00e9es personnelles et la loi sur les t\u00e9l\u00e9communications. 1. Coordonn\u00e9es de l&rsquo;entreprise Raison sociale : ABAC Holland&hellip;<\/p>\n","protected":false},"author":1,"featured_media":0,"parent":0,"menu_order":0,"comment_status":"closed","ping_status":"closed","template":"","meta":{"footnotes":""},"class_list":["post-1000","page","type-page","status-publish","hentry","description-off"],"yoast_head":"<!-- This site is optimized with the Yoast SEO Premium plugin v26.5 (Yoast SEO v26.5) - https:\/\/yoast.com\/wordpress\/plugins\/seo\/ -->\n<title>Privacy Policy - Crocussativus<\/title>\n<meta name=\"robots\" content=\"index, follow, max-snippet:-1, max-image-preview:large, max-video-preview:-1\" \/>\n<link rel=\"canonical\" href=\"https:\/\/crocussativus.eu\/fr\/privacy-policy\/\" \/>\n<meta property=\"og:locale\" content=\"fr_FR\" \/>\n<meta property=\"og:type\" content=\"article\" \/>\n<meta property=\"og:title\" content=\"Privacy Policy\" \/>\n<meta property=\"og:description\" content=\"[vc_row][vc_column width=\u00a0\u00bb1\/2&Prime;][vc_wp_custommenu nav_menu=\u00a0\u00bb36&Prime;][\/vc_column][vc_column width=\u00a0\u00bb1\/2&Prime;][vc_column_text css=\u00a0\u00bb\u00a0\u00bb] POLITIQUE DE CONFIDENTIALIT\u00c9 Nous respectons votre vie priv\u00e9e et ne traitons vos donn\u00e9es personnelles que dans le but pour lequel vous les avez fournies et conform\u00e9ment \u00e0 la loi sur la protection des donn\u00e9es personnelles et la loi sur les t\u00e9l\u00e9communications. 1. Coordonn\u00e9es de l&rsquo;entreprise Raison sociale : ABAC Holland&hellip;\" \/>\n<meta property=\"og:url\" content=\"https:\/\/crocussativus.eu\/fr\/privacy-policy\/\" \/>\n<meta property=\"og:site_name\" content=\"Crocussativus\" \/>\n<meta property=\"article:publisher\" content=\"https:\/\/www.facebook.com\/crocussativus.eu\" \/>\n<meta property=\"article:modified_time\" content=\"2025-10-02T08:21:42+00:00\" \/>\n<meta property=\"og:image\" content=\"https:\/\/crocussativus.eu\/wp-content\/uploads\/2022\/02\/saffraan.jpg\" \/>\n\t<meta property=\"og:image:width\" content=\"900\" \/>\n\t<meta property=\"og:image:height\" content=\"500\" \/>\n\t<meta property=\"og:image:type\" content=\"image\/jpeg\" \/>\n<meta name=\"twitter:card\" content=\"summary_large_image\" \/>\n<meta name=\"twitter:label1\" content=\"Dur\u00e9e de lecture estim\u00e9e\" \/>\n\t<meta name=\"twitter:data1\" content=\"4 minutes\" \/>\n<script type=\"application\/ld+json\" class=\"yoast-schema-graph\">{\"@context\":\"https:\/\/schema.org\",\"@graph\":[{\"@type\":\"WebPage\",\"@id\":\"https:\/\/crocussativus.eu\/fr\/privacy-policy\/\",\"url\":\"https:\/\/crocussativus.eu\/fr\/privacy-policy\/\",\"name\":\"Privacy Policy - Crocussativus\",\"isPartOf\":{\"@id\":\"https:\/\/crocussativus.eu\/#website\"},\"datePublished\":\"2021-10-13T06:46:55+00:00\",\"dateModified\":\"2025-10-02T08:21:42+00:00\",\"breadcrumb\":{\"@id\":\"https:\/\/crocussativus.eu\/fr\/privacy-policy\/#breadcrumb\"},\"inLanguage\":\"fr-FR\",\"potentialAction\":[{\"@type\":\"ReadAction\",\"target\":[\"https:\/\/crocussativus.eu\/fr\/privacy-policy\/\"]}]},{\"@type\":\"BreadcrumbList\",\"@id\":\"https:\/\/crocussativus.eu\/fr\/privacy-policy\/#breadcrumb\",\"itemListElement\":[{\"@type\":\"ListItem\",\"position\":1,\"name\":\"Home\",\"item\":\"https:\/\/crocussativus.eu\/fr\/\"},{\"@type\":\"ListItem\",\"position\":2,\"name\":\"Privacy Policy\"}]},{\"@type\":\"WebSite\",\"@id\":\"https:\/\/crocussativus.eu\/#website\",\"url\":\"https:\/\/crocussativus.eu\/\",\"name\":\"Crocussativus.eu\",\"description\":\"Saffraan, Capsules, Crocus sativus bollen &amp; Saffraankaas\",\"publisher\":{\"@id\":\"https:\/\/crocussativus.eu\/#organization\"},\"potentialAction\":[{\"@type\":\"SearchAction\",\"target\":{\"@type\":\"EntryPoint\",\"urlTemplate\":\"https:\/\/crocussativus.eu\/?s={search_term_string}\"},\"query-input\":{\"@type\":\"PropertyValueSpecification\",\"valueRequired\":true,\"valueName\":\"search_term_string\"}}],\"inLanguage\":\"fr-FR\"},{\"@type\":\"Organization\",\"@id\":\"https:\/\/crocussativus.eu\/#organization\",\"name\":\"abac holland bv\",\"alternateName\":\"crocus sativus .eu\",\"url\":\"https:\/\/crocussativus.eu\/\",\"logo\":{\"@type\":\"ImageObject\",\"inLanguage\":\"fr-FR\",\"@id\":\"https:\/\/crocussativus.eu\/#\/schema\/logo\/image\/\",\"url\":\"https:\/\/crocussativus.eu\/wp-content\/uploads\/2023\/06\/logo_h80-1.png\",\"contentUrl\":\"https:\/\/crocussativus.eu\/wp-content\/uploads\/2023\/06\/logo_h80-1.png\",\"width\":181,\"height\":80,\"caption\":\"abac holland bv\"},\"image\":{\"@id\":\"https:\/\/crocussativus.eu\/#\/schema\/logo\/image\/\"},\"sameAs\":[\"https:\/\/www.facebook.com\/crocussativus.eu\"],\"description\":\"Social and Solidarity Enterprise. We do everything we can to oSociale en Solidaire Onderneming. We doen er alles aan om innovatieve en transparante middelen en diensten aan te bieden en zo de Saffraan- en Crocus sativus telers te ondersteunen.ffer innovative and transparent resources and services to support Saffron and Crocus sativus growers.\",\"email\":\"info@abacholland.com\",\"telephone\":\"+31 (0)627 267 149\",\"legalName\":\"abac holland bv\",\"foundingDate\":\"2011-01-09\"}]}<\/script>\n<!-- \/ Yoast SEO Premium plugin. -->","yoast_head_json":{"title":"Privacy Policy - Crocussativus","robots":{"index":"index","follow":"follow","max-snippet":"max-snippet:-1","max-image-preview":"max-image-preview:large","max-video-preview":"max-video-preview:-1"},"canonical":"https:\/\/crocussativus.eu\/fr\/privacy-policy\/","og_locale":"fr_FR","og_type":"article","og_title":"Privacy Policy","og_description":"[vc_row][vc_column width=\u00a0\u00bb1\/2&Prime;][vc_wp_custommenu nav_menu=\u00a0\u00bb36&Prime;][\/vc_column][vc_column width=\u00a0\u00bb1\/2&Prime;][vc_column_text css=\u00a0\u00bb\u00a0\u00bb] POLITIQUE DE CONFIDENTIALIT\u00c9 Nous respectons votre vie priv\u00e9e et ne traitons vos donn\u00e9es personnelles que dans le but pour lequel vous les avez fournies et conform\u00e9ment \u00e0 la loi sur la protection des donn\u00e9es personnelles et la loi sur les t\u00e9l\u00e9communications. 1. Coordonn\u00e9es de l&rsquo;entreprise Raison sociale : ABAC Holland&hellip;","og_url":"https:\/\/crocussativus.eu\/fr\/privacy-policy\/","og_site_name":"Crocussativus","article_publisher":"https:\/\/www.facebook.com\/crocussativus.eu","article_modified_time":"2025-10-02T08:21:42+00:00","og_image":[{"width":900,"height":500,"url":"https:\/\/crocussativus.eu\/wp-content\/uploads\/2022\/02\/saffraan.jpg","type":"image\/jpeg"}],"twitter_card":"summary_large_image","twitter_misc":{"Dur\u00e9e de lecture estim\u00e9e":"4 minutes"},"schema":{"@context":"https:\/\/schema.org","@graph":[{"@type":"WebPage","@id":"https:\/\/crocussativus.eu\/fr\/privacy-policy\/","url":"https:\/\/crocussativus.eu\/fr\/privacy-policy\/","name":"Privacy Policy - Crocussativus","isPartOf":{"@id":"https:\/\/crocussativus.eu\/#website"},"datePublished":"2021-10-13T06:46:55+00:00","dateModified":"2025-10-02T08:21:42+00:00","breadcrumb":{"@id":"https:\/\/crocussativus.eu\/fr\/privacy-policy\/#breadcrumb"},"inLanguage":"fr-FR","potentialAction":[{"@type":"ReadAction","target":["https:\/\/crocussativus.eu\/fr\/privacy-policy\/"]}]},{"@type":"BreadcrumbList","@id":"https:\/\/crocussativus.eu\/fr\/privacy-policy\/#breadcrumb","itemListElement":[{"@type":"ListItem","position":1,"name":"Home","item":"https:\/\/crocussativus.eu\/fr\/"},{"@type":"ListItem","position":2,"name":"Privacy Policy"}]},{"@type":"WebSite","@id":"https:\/\/crocussativus.eu\/#website","url":"https:\/\/crocussativus.eu\/","name":"Crocussativus.eu","description":"Saffraan, Capsules, Crocus sativus bollen &amp; Saffraankaas","publisher":{"@id":"https:\/\/crocussativus.eu\/#organization"},"potentialAction":[{"@type":"SearchAction","target":{"@type":"EntryPoint","urlTemplate":"https:\/\/crocussativus.eu\/?s={search_term_string}"},"query-input":{"@type":"PropertyValueSpecification","valueRequired":true,"valueName":"search_term_string"}}],"inLanguage":"fr-FR"},{"@type":"Organization","@id":"https:\/\/crocussativus.eu\/#organization","name":"abac holland bv","alternateName":"crocus sativus .eu","url":"https:\/\/crocussativus.eu\/","logo":{"@type":"ImageObject","inLanguage":"fr-FR","@id":"https:\/\/crocussativus.eu\/#\/schema\/logo\/image\/","url":"https:\/\/crocussativus.eu\/wp-content\/uploads\/2023\/06\/logo_h80-1.png","contentUrl":"https:\/\/crocussativus.eu\/wp-content\/uploads\/2023\/06\/logo_h80-1.png","width":181,"height":80,"caption":"abac holland bv"},"image":{"@id":"https:\/\/crocussativus.eu\/#\/schema\/logo\/image\/"},"sameAs":["https:\/\/www.facebook.com\/crocussativus.eu"],"description":"Social and Solidarity Enterprise. We do everything we can to oSociale en Solidaire Onderneming. We doen er alles aan om innovatieve en transparante middelen en diensten aan te bieden en zo de Saffraan- en Crocus sativus telers te ondersteunen.ffer innovative and transparent resources and services to support Saffron and Crocus sativus growers.","email":"info@abacholland.com","telephone":"+31 (0)627 267 149","legalName":"abac holland bv","foundingDate":"2011-01-09"}]}},"_links":{"self":[{"href":"https:\/\/crocussativus.eu\/fr\/wp-json\/wp\/v2\/pages\/1000","targetHints":{"allow":["GET"]}}],"collection":[{"href":"https:\/\/crocussativus.eu\/fr\/wp-json\/wp\/v2\/pages"}],"about":[{"href":"https:\/\/crocussativus.eu\/fr\/wp-json\/wp\/v2\/types\/page"}],"author":[{"embeddable":true,"href":"https:\/\/crocussativus.eu\/fr\/wp-json\/wp\/v2\/users\/1"}],"replies":[{"embeddable":true,"href":"https:\/\/crocussativus.eu\/fr\/wp-json\/wp\/v2\/comments?post=1000"}],"version-history":[{"count":0,"href":"https:\/\/crocussativus.eu\/fr\/wp-json\/wp\/v2\/pages\/1000\/revisions"}],"wp:attachment":[{"href":"https:\/\/crocussativus.eu\/fr\/wp-json\/wp\/v2\/media?parent=1000"}],"curies":[{"name":"wp","href":"https:\/\/api.w.org\/{rel}","templated":true}]}}