{"id":1004,"date":"2022-02-07T14:36:23","date_gmt":"2022-02-07T14:36:23","guid":{"rendered":"https:\/\/demo.crocussativus.eu\/over-ons\/"},"modified":"2025-05-17T09:01:40","modified_gmt":"2025-05-17T09:01:40","slug":"a-propos-de-nous","status":"publish","type":"page","link":"https:\/\/crocussativus.eu\/fr\/a-propos-de-nous\/","title":{"rendered":"\u00e0 propos de nous"},"content":{"rendered":"<div class=\"wpb-content-wrapper\"><p>[vc_row][vc_column][vc_column_text]<\/p>\n<h2>Les propri\u00e9taires d&rsquo;ABAC Holland BV<\/h2>\n<p>ont plus de 40 ans d&rsquo;exp\u00e9rience dans l&rsquo;horticulture et l&rsquo;agriculture. L&rsquo;une de ses sp\u00e9cialisations porte sur l&rsquo;ensemble de la cha\u00eene du Safran : culture, r\u00e9colte, s\u00e9lection, certification, transformation, conditionnement, transport, commercialisation et commercialisation. ABAC Holland BV occupe une position unique en tant que principal producteur et distributeur de bulbes de safran aux Pays-Bas.<\/p>\n<h2>Sp\u00e9cialiste du safran<\/h2>\n<p>L&rsquo;expert safran de l&rsquo;entreprise a acquis une exp\u00e9rience dans la fili\u00e8re safran sur 3 continents : Europe (Pays-Bas, Espagne et Portugal), Afrique (Maroc) et Asie (Inde et Afghanistan). ABAC Holland BV est continuellement actif dans le d\u00e9veloppement et l&rsquo;am\u00e9lioration de la cha\u00eene de valeur du safran dans un nombre croissant de pays.<\/p>\n<h2>Producteurs de safran dans le monde<\/h2>\n<p>ABAC Holland BV est g\u00e9n\u00e9ralement consid\u00e9r\u00e9 par les producteurs de safran du monde entier comme un expert majeur et une base de connaissances pour la production de bulbes de safran et la production de safran. La soci\u00e9t\u00e9 est sollicit\u00e9e en permanence par des agriculteurs des 5 continents pour des conseils, des formations, des livraisons de bulbes, une aide \u00e0 la commercialisation et des partenariats. De plus, le PDG de la soci\u00e9t\u00e9 a re\u00e7u \u00e0 plusieurs reprises des subventions du gouvernement n\u00e9erlandais, \u00e0 la fois pour l&rsquo;ex\u00e9cution de projets en Afghanistan et pour des recherches novatrices aux Pays-Bas.<\/p>\n<h2>Activit\u00e9s Safran<\/h2>\n<h5 class=\"has-luminous-vivid-orange-color has-text-color\"><img loading=\"lazy\" decoding=\"async\" class=\"alignnone wp-image-185 aligncenter\" src=\"https:\/\/crocussativus.eu\/wp-content\/uploads\/2022\/02\/about_us-300x169.jpg\" alt=\"\" width=\"401\" height=\"226\" srcset=\"https:\/\/crocussativus.eu\/wp-content\/uploads\/2022\/02\/about_us-300x169.jpg 300w, https:\/\/crocussativus.eu\/wp-content\/uploads\/2022\/02\/about_us-600x338.jpg 600w, https:\/\/crocussativus.eu\/wp-content\/uploads\/2022\/02\/about_us.jpg 768w\" sizes=\"auto, (max-width: 401px) 100vw, 401px\" \/><\/h5>\n<h2 style=\"text-align: center;\">Saffron cultivation and more.<\/h2>\n<p>[\/vc_column_text][\/vc_column][\/vc_row][vc_row full_width=\u00a0\u00bbstretch_row\u00a0\u00bb css=\u00a0\u00bb.vc_custom_1644242697585{background-color: #f9f9f9 !important;}\u00a0\u00bb][vc_column width=\u00a0\u00bb1\/4&Prime;][vc_column_text]<\/p>\n<h4>D\u00c9TAILS DE L&rsquo;ENTREPRISE<\/h4>\n<p>ABAC Holland B.V.<br \/>\nAttn. Crocussativus<br \/>\nMr. J.Henderikxstraat 57<br \/>\n1788 AZ Julianadorp<br \/>\nPays-Bas<\/p>\n<p>N\u00e9erlandais CdC 54348765<br \/>\nTVA NL8512.69.382.B01[\/vc_column_text][\/vc_column][vc_column width=\u00a0\u00bb1\/4&Prime;][vc_column_text css=\u00a0\u00bb\u00a0\u00bb]<\/p>\n<h4>CONTACT<\/h4>\n<p><strong>Crocussativus.eu<\/strong><br \/>\nT <a href=\"tel:+31627267149\">+31 (0)627 267 149<\/a><br \/>\nE: <a href=\"mailto:info@crocussativus.eu\">info@crocussativus.eu<\/a><\/p>\n<p>[\/vc_column_text][\/vc_column][vc_column width=\u00a0\u00bb1\/4&Prime;][vc_column_text]<\/p>\n<h4>ACHATS<\/h4>\n<p>Toutes nos transactions sont trait\u00e9es en toute s\u00e9curit\u00e9 par Mollie.<\/p>\n<p><strong>Les frais de livraison:<br \/>\n<\/strong>Pays-Bas &#8211; gratuit<br \/>\nE.U. &#8211; \u20ac6 par commande<br \/>\nOutside E.U. &#8211;\u00a0prix sur demande<\/p>\n<p><em>*Les pays ayant des exigences phytosanitaires payent l&rsquo;inspection des taxes.<\/em>[\/vc_column_text][\/vc_column][vc_column width=\u00a0\u00bb1\/4&Prime;][vc_column_text]<\/p>\n<h5>KLANTENSERVICE<\/h5>\n<p>[\/vc_column_text][vc_wp_custommenu nav_menu=\u00a0\u00bb36&Prime;][\/vc_column][\/vc_row]<\/p>\n<\/div>","protected":false},"excerpt":{"rendered":"<p>[vc_row][vc_column][vc_column_text] Les propri\u00e9taires d&rsquo;ABAC Holland BV ont plus de 40 ans d&rsquo;exp\u00e9rience dans l&rsquo;horticulture et l&rsquo;agriculture. L&rsquo;une de ses sp\u00e9cialisations porte sur l&rsquo;ensemble de la cha\u00eene du Safran : culture, r\u00e9colte, s\u00e9lection, certification, transformation, conditionnement, transport, commercialisation et commercialisation. ABAC Holland BV occupe une position unique en tant que principal producteur et distributeur de bulbes&hellip;<\/p>\n","protected":false},"author":1,"featured_media":0,"parent":0,"menu_order":0,"comment_status":"closed","ping_status":"closed","template":"","meta":{"footnotes":""},"class_list":["post-1004","page","type-page","status-publish","hentry","description-off"],"yoast_head":"<!-- This site is optimized with the Yoast SEO Premium plugin v26.5 (Yoast SEO v26.5) - https:\/\/yoast.com\/wordpress\/plugins\/seo\/ -->\n<title>\u00e0 propos de nous - Crocussativus<\/title>\n<meta name=\"robots\" content=\"index, follow, max-snippet:-1, max-image-preview:large, max-video-preview:-1\" \/>\n<link rel=\"canonical\" href=\"https:\/\/crocussativus.eu\/fr\/a-propos-de-nous\/\" \/>\n<meta property=\"og:locale\" content=\"fr_FR\" \/>\n<meta property=\"og:type\" content=\"article\" \/>\n<meta property=\"og:title\" content=\"\u00e0 propos de nous\" \/>\n<meta property=\"og:description\" content=\"[vc_row][vc_column][vc_column_text] Les propri\u00e9taires d&rsquo;ABAC Holland BV ont plus de 40 ans d&rsquo;exp\u00e9rience dans l&rsquo;horticulture et l&rsquo;agriculture. L&rsquo;une de ses sp\u00e9cialisations porte sur l&rsquo;ensemble de la cha\u00eene du Safran : culture, r\u00e9colte, s\u00e9lection, certification, transformation, conditionnement, transport, commercialisation et commercialisation. ABAC Holland BV occupe une position unique en tant que principal producteur et distributeur de bulbes&hellip;\" \/>\n<meta property=\"og:url\" content=\"https:\/\/crocussativus.eu\/fr\/a-propos-de-nous\/\" \/>\n<meta property=\"og:site_name\" content=\"Crocussativus\" \/>\n<meta property=\"article:publisher\" content=\"https:\/\/www.facebook.com\/crocussativus.eu\" \/>\n<meta property=\"article:modified_time\" content=\"2025-05-17T09:01:40+00:00\" \/>\n<meta property=\"og:image\" content=\"https:\/\/crocussativus.eu\/wp-content\/uploads\/2022\/02\/about_us.jpg\" \/>\n\t<meta property=\"og:image:width\" content=\"768\" \/>\n\t<meta property=\"og:image:height\" content=\"432\" \/>\n\t<meta property=\"og:image:type\" content=\"image\/jpeg\" \/>\n<meta name=\"twitter:card\" content=\"summary_large_image\" \/>\n<meta name=\"twitter:label1\" content=\"Dur\u00e9e de lecture estim\u00e9e\" \/>\n\t<meta name=\"twitter:data1\" content=\"2 minutes\" \/>\n<script type=\"application\/ld+json\" class=\"yoast-schema-graph\">{\"@context\":\"https:\/\/schema.org\",\"@graph\":[{\"@type\":\"WebPage\",\"@id\":\"https:\/\/crocussativus.eu\/fr\/a-propos-de-nous\/\",\"url\":\"https:\/\/crocussativus.eu\/fr\/a-propos-de-nous\/\",\"name\":\"\u00e0 propos de nous - Crocussativus\",\"isPartOf\":{\"@id\":\"https:\/\/crocussativus.eu\/#website\"},\"primaryImageOfPage\":{\"@id\":\"https:\/\/crocussativus.eu\/fr\/a-propos-de-nous\/#primaryimage\"},\"image\":{\"@id\":\"https:\/\/crocussativus.eu\/fr\/a-propos-de-nous\/#primaryimage\"},\"thumbnailUrl\":\"https:\/\/crocussativus.eu\/wp-content\/uploads\/2022\/02\/about_us-300x169.jpg\",\"datePublished\":\"2022-02-07T14:36:23+00:00\",\"dateModified\":\"2025-05-17T09:01:40+00:00\",\"breadcrumb\":{\"@id\":\"https:\/\/crocussativus.eu\/fr\/a-propos-de-nous\/#breadcrumb\"},\"inLanguage\":\"fr-FR\",\"potentialAction\":[{\"@type\":\"ReadAction\",\"target\":[\"https:\/\/crocussativus.eu\/fr\/a-propos-de-nous\/\"]}]},{\"@type\":\"ImageObject\",\"inLanguage\":\"fr-FR\",\"@id\":\"https:\/\/crocussativus.eu\/fr\/a-propos-de-nous\/#primaryimage\",\"url\":\"https:\/\/crocussativus.eu\/wp-content\/uploads\/2022\/02\/about_us-300x169.jpg\",\"contentUrl\":\"https:\/\/crocussativus.eu\/wp-content\/uploads\/2022\/02\/about_us-300x169.jpg\"},{\"@type\":\"BreadcrumbList\",\"@id\":\"https:\/\/crocussativus.eu\/fr\/a-propos-de-nous\/#breadcrumb\",\"itemListElement\":[{\"@type\":\"ListItem\",\"position\":1,\"name\":\"Home\",\"item\":\"https:\/\/crocussativus.eu\/fr\/\"},{\"@type\":\"ListItem\",\"position\":2,\"name\":\"\u00e0 propos de nous\"}]},{\"@type\":\"WebSite\",\"@id\":\"https:\/\/crocussativus.eu\/#website\",\"url\":\"https:\/\/crocussativus.eu\/\",\"name\":\"Crocussativus.eu\",\"description\":\"Saffraan, Capsules, Crocus sativus bollen &amp; Saffraankaas\",\"publisher\":{\"@id\":\"https:\/\/crocussativus.eu\/#organization\"},\"potentialAction\":[{\"@type\":\"SearchAction\",\"target\":{\"@type\":\"EntryPoint\",\"urlTemplate\":\"https:\/\/crocussativus.eu\/?s={search_term_string}\"},\"query-input\":{\"@type\":\"PropertyValueSpecification\",\"valueRequired\":true,\"valueName\":\"search_term_string\"}}],\"inLanguage\":\"fr-FR\"},{\"@type\":\"Organization\",\"@id\":\"https:\/\/crocussativus.eu\/#organization\",\"name\":\"abac holland bv\",\"alternateName\":\"crocus sativus .eu\",\"url\":\"https:\/\/crocussativus.eu\/\",\"logo\":{\"@type\":\"ImageObject\",\"inLanguage\":\"fr-FR\",\"@id\":\"https:\/\/crocussativus.eu\/#\/schema\/logo\/image\/\",\"url\":\"https:\/\/crocussativus.eu\/wp-content\/uploads\/2023\/06\/logo_h80-1.png\",\"contentUrl\":\"https:\/\/crocussativus.eu\/wp-content\/uploads\/2023\/06\/logo_h80-1.png\",\"width\":181,\"height\":80,\"caption\":\"abac holland bv\"},\"image\":{\"@id\":\"https:\/\/crocussativus.eu\/#\/schema\/logo\/image\/\"},\"sameAs\":[\"https:\/\/www.facebook.com\/crocussativus.eu\"],\"description\":\"Social and Solidarity Enterprise. We do everything we can to oSociale en Solidaire Onderneming. We doen er alles aan om innovatieve en transparante middelen en diensten aan te bieden en zo de Saffraan- en Crocus sativus telers te ondersteunen.ffer innovative and transparent resources and services to support Saffron and Crocus sativus growers.\",\"email\":\"info@abacholland.com\",\"telephone\":\"+31 (0)627 267 149\",\"legalName\":\"abac holland bv\",\"foundingDate\":\"2011-01-09\"}]}<\/script>\n<!-- \/ Yoast SEO Premium plugin. -->","yoast_head_json":{"title":"\u00e0 propos de nous - Crocussativus","robots":{"index":"index","follow":"follow","max-snippet":"max-snippet:-1","max-image-preview":"max-image-preview:large","max-video-preview":"max-video-preview:-1"},"canonical":"https:\/\/crocussativus.eu\/fr\/a-propos-de-nous\/","og_locale":"fr_FR","og_type":"article","og_title":"\u00e0 propos de nous","og_description":"[vc_row][vc_column][vc_column_text] Les propri\u00e9taires d&rsquo;ABAC Holland BV ont plus de 40 ans d&rsquo;exp\u00e9rience dans l&rsquo;horticulture et l&rsquo;agriculture. L&rsquo;une de ses sp\u00e9cialisations porte sur l&rsquo;ensemble de la cha\u00eene du Safran : culture, r\u00e9colte, s\u00e9lection, certification, transformation, conditionnement, transport, commercialisation et commercialisation. ABAC Holland BV occupe une position unique en tant que principal producteur et distributeur de bulbes&hellip;","og_url":"https:\/\/crocussativus.eu\/fr\/a-propos-de-nous\/","og_site_name":"Crocussativus","article_publisher":"https:\/\/www.facebook.com\/crocussativus.eu","article_modified_time":"2025-05-17T09:01:40+00:00","og_image":[{"width":768,"height":432,"url":"https:\/\/crocussativus.eu\/wp-content\/uploads\/2022\/02\/about_us.jpg","type":"image\/jpeg"}],"twitter_card":"summary_large_image","twitter_misc":{"Dur\u00e9e de lecture estim\u00e9e":"2 minutes"},"schema":{"@context":"https:\/\/schema.org","@graph":[{"@type":"WebPage","@id":"https:\/\/crocussativus.eu\/fr\/a-propos-de-nous\/","url":"https:\/\/crocussativus.eu\/fr\/a-propos-de-nous\/","name":"\u00e0 propos de nous - Crocussativus","isPartOf":{"@id":"https:\/\/crocussativus.eu\/#website"},"primaryImageOfPage":{"@id":"https:\/\/crocussativus.eu\/fr\/a-propos-de-nous\/#primaryimage"},"image":{"@id":"https:\/\/crocussativus.eu\/fr\/a-propos-de-nous\/#primaryimage"},"thumbnailUrl":"https:\/\/crocussativus.eu\/wp-content\/uploads\/2022\/02\/about_us-300x169.jpg","datePublished":"2022-02-07T14:36:23+00:00","dateModified":"2025-05-17T09:01:40+00:00","breadcrumb":{"@id":"https:\/\/crocussativus.eu\/fr\/a-propos-de-nous\/#breadcrumb"},"inLanguage":"fr-FR","potentialAction":[{"@type":"ReadAction","target":["https:\/\/crocussativus.eu\/fr\/a-propos-de-nous\/"]}]},{"@type":"ImageObject","inLanguage":"fr-FR","@id":"https:\/\/crocussativus.eu\/fr\/a-propos-de-nous\/#primaryimage","url":"https:\/\/crocussativus.eu\/wp-content\/uploads\/2022\/02\/about_us-300x169.jpg","contentUrl":"https:\/\/crocussativus.eu\/wp-content\/uploads\/2022\/02\/about_us-300x169.jpg"},{"@type":"BreadcrumbList","@id":"https:\/\/crocussativus.eu\/fr\/a-propos-de-nous\/#breadcrumb","itemListElement":[{"@type":"ListItem","position":1,"name":"Home","item":"https:\/\/crocussativus.eu\/fr\/"},{"@type":"ListItem","position":2,"name":"\u00e0 propos de nous"}]},{"@type":"WebSite","@id":"https:\/\/crocussativus.eu\/#website","url":"https:\/\/crocussativus.eu\/","name":"Crocussativus.eu","description":"Saffraan, Capsules, Crocus sativus bollen &amp; Saffraankaas","publisher":{"@id":"https:\/\/crocussativus.eu\/#organization"},"potentialAction":[{"@type":"SearchAction","target":{"@type":"EntryPoint","urlTemplate":"https:\/\/crocussativus.eu\/?s={search_term_string}"},"query-input":{"@type":"PropertyValueSpecification","valueRequired":true,"valueName":"search_term_string"}}],"inLanguage":"fr-FR"},{"@type":"Organization","@id":"https:\/\/crocussativus.eu\/#organization","name":"abac holland bv","alternateName":"crocus sativus .eu","url":"https:\/\/crocussativus.eu\/","logo":{"@type":"ImageObject","inLanguage":"fr-FR","@id":"https:\/\/crocussativus.eu\/#\/schema\/logo\/image\/","url":"https:\/\/crocussativus.eu\/wp-content\/uploads\/2023\/06\/logo_h80-1.png","contentUrl":"https:\/\/crocussativus.eu\/wp-content\/uploads\/2023\/06\/logo_h80-1.png","width":181,"height":80,"caption":"abac holland bv"},"image":{"@id":"https:\/\/crocussativus.eu\/#\/schema\/logo\/image\/"},"sameAs":["https:\/\/www.facebook.com\/crocussativus.eu"],"description":"Social and Solidarity Enterprise. We do everything we can to oSociale en Solidaire Onderneming. We doen er alles aan om innovatieve en transparante middelen en diensten aan te bieden en zo de Saffraan- en Crocus sativus telers te ondersteunen.ffer innovative and transparent resources and services to support Saffron and Crocus sativus growers.","email":"info@abacholland.com","telephone":"+31 (0)627 267 149","legalName":"abac holland bv","foundingDate":"2011-01-09"}]}},"_links":{"self":[{"href":"https:\/\/crocussativus.eu\/fr\/wp-json\/wp\/v2\/pages\/1004","targetHints":{"allow":["GET"]}}],"collection":[{"href":"https:\/\/crocussativus.eu\/fr\/wp-json\/wp\/v2\/pages"}],"about":[{"href":"https:\/\/crocussativus.eu\/fr\/wp-json\/wp\/v2\/types\/page"}],"author":[{"embeddable":true,"href":"https:\/\/crocussativus.eu\/fr\/wp-json\/wp\/v2\/users\/1"}],"replies":[{"embeddable":true,"href":"https:\/\/crocussativus.eu\/fr\/wp-json\/wp\/v2\/comments?post=1004"}],"version-history":[{"count":0,"href":"https:\/\/crocussativus.eu\/fr\/wp-json\/wp\/v2\/pages\/1004\/revisions"}],"wp:attachment":[{"href":"https:\/\/crocussativus.eu\/fr\/wp-json\/wp\/v2\/media?parent=1004"}],"curies":[{"name":"wp","href":"https:\/\/api.w.org\/{rel}","templated":true}]}}