{"id":1329,"date":"2022-04-13T06:11:54","date_gmt":"2022-04-13T06:11:54","guid":{"rendered":"https:\/\/demo.crocussativus.eu\/saffraan-vodka\/"},"modified":"2025-05-17T08:53:49","modified_gmt":"2025-05-17T08:53:49","slug":"vodka-saffron","status":"publish","type":"page","link":"https:\/\/crocussativus.eu\/fr\/vodka-saffron\/","title":{"rendered":"Vodka Saffron"},"content":{"rendered":"<div class=\"wpb-content-wrapper\"><p>[vc_row][vc_column][vc_column_text]<\/p>\n<h1>UNE NOUVELLESENSATION DE GO\u00dbT &#8230;<\/h1>\n<p>une vodka de qualit\u00e9 sup\u00e9rieure avec l&rsquo;ajout du safran d&rsquo;\u00e9pices. Le go\u00fbt unique, l&rsquo;ar\u00f4me et la couleur de la vodka sont \u00e9galement dues \u00e0 cet ingr\u00e9dient sp\u00e9cial. Le safran utilis\u00e9 dans<\/p>\n<p><img loading=\"lazy\" decoding=\"async\" class=\"aligncenter wp-image-1108 size-full\" src=\"https:\/\/crocussativus.eu\/wp-content\/uploads\/2022\/04\/IMG_1715.jpg\" alt=\"\" width=\"420\" height=\"595\" srcset=\"https:\/\/crocussativus.eu\/wp-content\/uploads\/2022\/04\/IMG_1715.jpg 420w, https:\/\/crocussativus.eu\/wp-content\/uploads\/2022\/04\/IMG_1715-212x300.jpg 212w\" sizes=\"auto, (max-width: 420px) 100vw, 420px\" \/><\/p>\n<p>Le go\u00fbt de safran rappelle le go\u00fbt sucr\u00e9 du miel, mais aussi l\u00e9g\u00e8rement amer. Cela rend la vodka a un agr\u00e9able go\u00fbt doux. En raison de sa douceur, la vodka est du go\u00fbt de tout le monde.<\/p>\n<p><img loading=\"lazy\" decoding=\"async\" class=\"aligncenter wp-image-1113 size-full\" src=\"https:\/\/crocussativus.eu\/wp-content\/uploads\/2022\/04\/IMG_1716.jpg\" alt=\"\" width=\"420\" height=\"595\" srcset=\"https:\/\/crocussativus.eu\/wp-content\/uploads\/2022\/04\/IMG_1716.jpg 420w, https:\/\/crocussativus.eu\/wp-content\/uploads\/2022\/04\/IMG_1716-212x300.jpg 212w\" sizes=\"auto, (max-width: 420px) 100vw, 420px\" \/><\/p>\n<h1>A NEW TASTE EXPERIENCE&#8230;<\/h1>\n<p><img loading=\"lazy\" decoding=\"async\" class=\"aligncenter wp-image-1118 size-full\" src=\"https:\/\/crocussativus.eu\/wp-content\/uploads\/2022\/04\/IMG_1717.jpg\" alt=\"\" width=\"420\" height=\"595\" srcset=\"https:\/\/crocussativus.eu\/wp-content\/uploads\/2022\/04\/IMG_1717.jpg 420w, https:\/\/crocussativus.eu\/wp-content\/uploads\/2022\/04\/IMG_1717-212x300.jpg 212w\" sizes=\"auto, (max-width: 420px) 100vw, 420px\" \/><\/p>\n<h2>VODKA INSPIRANTES &amp; RECETTES<\/h2>\n<p><img loading=\"lazy\" decoding=\"async\" class=\"aligncenter wp-image-1123 size-large\" src=\"https:\/\/crocussativus.eu\/wp-content\/uploads\/2022\/04\/prosecco-722x1024.jpg\" alt=\"\" width=\"722\" height=\"1024\" srcset=\"https:\/\/crocussativus.eu\/wp-content\/uploads\/2022\/04\/prosecco-722x1024.jpg 722w, https:\/\/crocussativus.eu\/wp-content\/uploads\/2022\/04\/prosecco-211x300.jpg 211w, https:\/\/crocussativus.eu\/wp-content\/uploads\/2022\/04\/prosecco-768x1090.jpg 768w, https:\/\/crocussativus.eu\/wp-content\/uploads\/2022\/04\/prosecco-1083x1536.jpg 1083w, https:\/\/crocussativus.eu\/wp-content\/uploads\/2022\/04\/prosecco-1444x2048.jpg 1444w, https:\/\/crocussativus.eu\/wp-content\/uploads\/2022\/04\/prosecco-600x851.jpg 600w, https:\/\/crocussativus.eu\/wp-content\/uploads\/2022\/04\/prosecco.jpg 1748w\" sizes=\"auto, (max-width: 722px) 100vw, 722px\" \/><\/p>\n<p>Ok\u00e9 Vodka Saffron un \u00eatre appr\u00e9ci\u00e9 de plusieurs fa\u00e7ons: sur les rochers, comme une boisson m\u00e9lang\u00e9e dans un cocktail ou un coup de feu. boire aussi comment vous Ok\u00e9 Vodka Saffron, il est toujours une v\u00e9ritable sensation de go\u00fbt! Les recettes suivantes sont affich\u00e9s comme source d&rsquo;inspiration pour la cr\u00e9ation de nouvelles saveurs.<\/p>\n<p><img loading=\"lazy\" decoding=\"async\" class=\"aligncenter wp-image-1128 size-large\" src=\"https:\/\/crocussativus.eu\/wp-content\/uploads\/2022\/04\/cosmo-722x1024.jpg\" alt=\"\" width=\"722\" height=\"1024\" srcset=\"https:\/\/crocussativus.eu\/wp-content\/uploads\/2022\/04\/cosmo-722x1024.jpg 722w, https:\/\/crocussativus.eu\/wp-content\/uploads\/2022\/04\/cosmo-211x300.jpg 211w, https:\/\/crocussativus.eu\/wp-content\/uploads\/2022\/04\/cosmo-768x1090.jpg 768w, https:\/\/crocussativus.eu\/wp-content\/uploads\/2022\/04\/cosmo-1083x1536.jpg 1083w, https:\/\/crocussativus.eu\/wp-content\/uploads\/2022\/04\/cosmo-1444x2048.jpg 1444w, https:\/\/crocussativus.eu\/wp-content\/uploads\/2022\/04\/cosmo-600x851.jpg 600w, https:\/\/crocussativus.eu\/wp-content\/uploads\/2022\/04\/cosmo.jpg 1748w\" sizes=\"auto, (max-width: 722px) 100vw, 722px\" \/><\/p>\n<p><strong><img loading=\"lazy\" decoding=\"async\" class=\"aligncenter wp-image-1133 size-large\" src=\"https:\/\/crocussativus.eu\/wp-content\/uploads\/2022\/04\/sourhoney-722x1024.jpg\" alt=\"\" width=\"722\" height=\"1024\" srcset=\"https:\/\/crocussativus.eu\/wp-content\/uploads\/2022\/04\/sourhoney-722x1024.jpg 722w, https:\/\/crocussativus.eu\/wp-content\/uploads\/2022\/04\/sourhoney-211x300.jpg 211w, https:\/\/crocussativus.eu\/wp-content\/uploads\/2022\/04\/sourhoney-768x1090.jpg 768w, https:\/\/crocussativus.eu\/wp-content\/uploads\/2022\/04\/sourhoney-1083x1536.jpg 1083w, https:\/\/crocussativus.eu\/wp-content\/uploads\/2022\/04\/sourhoney-1444x2048.jpg 1444w, https:\/\/crocussativus.eu\/wp-content\/uploads\/2022\/04\/sourhoney-600x851.jpg 600w, https:\/\/crocussativus.eu\/wp-content\/uploads\/2022\/04\/sourhoney.jpg 1748w\" sizes=\"auto, (max-width: 722px) 100vw, 722px\" \/><\/strong><\/p>\n<p><img loading=\"lazy\" decoding=\"async\" class=\"aligncenter wp-image-1138 size-large\" src=\"https:\/\/crocussativus.eu\/wp-content\/uploads\/2022\/04\/shot-722x1024.jpg\" alt=\"\" width=\"722\" height=\"1024\" srcset=\"https:\/\/crocussativus.eu\/wp-content\/uploads\/2022\/04\/shot-722x1024.jpg 722w, https:\/\/crocussativus.eu\/wp-content\/uploads\/2022\/04\/shot-211x300.jpg 211w, https:\/\/crocussativus.eu\/wp-content\/uploads\/2022\/04\/shot-768x1090.jpg 768w, https:\/\/crocussativus.eu\/wp-content\/uploads\/2022\/04\/shot-1083x1536.jpg 1083w, https:\/\/crocussativus.eu\/wp-content\/uploads\/2022\/04\/shot-1444x2048.jpg 1444w, https:\/\/crocussativus.eu\/wp-content\/uploads\/2022\/04\/shot-600x851.jpg 600w, https:\/\/crocussativus.eu\/wp-content\/uploads\/2022\/04\/shot.jpg 1748w\" sizes=\"auto, (max-width: 722px) 100vw, 722px\" \/><\/p>\n<p><img loading=\"lazy\" decoding=\"async\" class=\"aligncenter wp-image-1143 size-large\" src=\"https:\/\/crocussativus.eu\/wp-content\/uploads\/2022\/04\/mix-722x1024.jpg\" alt=\"\" width=\"722\" height=\"1024\" srcset=\"https:\/\/crocussativus.eu\/wp-content\/uploads\/2022\/04\/mix-722x1024.jpg 722w, https:\/\/crocussativus.eu\/wp-content\/uploads\/2022\/04\/mix-211x300.jpg 211w, https:\/\/crocussativus.eu\/wp-content\/uploads\/2022\/04\/mix-768x1090.jpg 768w, https:\/\/crocussativus.eu\/wp-content\/uploads\/2022\/04\/mix-1083x1536.jpg 1083w, https:\/\/crocussativus.eu\/wp-content\/uploads\/2022\/04\/mix-1444x2048.jpg 1444w, https:\/\/crocussativus.eu\/wp-content\/uploads\/2022\/04\/mix-600x851.jpg 600w, https:\/\/crocussativus.eu\/wp-content\/uploads\/2022\/04\/mix.jpg 1748w\" sizes=\"auto, (max-width: 722px) 100vw, 722px\" \/>[\/vc_column_text][\/vc_column][\/vc_row][vc_row full_width=\u00a0\u00bbstretch_row\u00a0\u00bb css=\u00a0\u00bb.vc_custom_1644242697585{background-color: #f9f9f9 !important;}\u00a0\u00bb][vc_column width=\u00a0\u00bb1\/4&Prime;][vc_column_text]<\/p>\n<h4>D\u00c9TAILS DE L&rsquo;ENTREPRISE<\/h4>\n<p>ABAC Holland B.V.<br \/>\nAttn. Crocussativus<br \/>\nMr. J.Henderikxstraat 57<br \/>\n1788 AZ Julianadorp<br \/>\nPays-Bas<\/p>\n<p>N\u00e9erlandais CdC 54348765<br \/>\nTVA NL8512.69.382.B01[\/vc_column_text][\/vc_column][vc_column width=\u00a0\u00bb1\/4&Prime;][vc_column_text css=\u00a0\u00bb\u00a0\u00bb]<\/p>\n<h4>CONTACT<\/h4>\n<p><strong>Crocussativus.eu<\/strong><br \/>\nT <a href=\"tel:+31627267149\">+31 (0)627 267 149<\/a><br \/>\nE: <a href=\"mailto:info@crocussativus.eu\">info@crocussativus.eu<\/a><\/p>\n<p>[\/vc_column_text][\/vc_column][vc_column width=\u00a0\u00bb1\/4&Prime;][vc_column_text]<\/p>\n<h4>ACHATS<\/h4>\n<p>Toutes nos transactions sont trait\u00e9es en toute s\u00e9curit\u00e9 par Mollie.<\/p>\n<p><strong>Les frais de livraison:<br \/>\n<\/strong>Pays-Bas &#8211; gratuit<br \/>\nE.U. &#8211; \u20ac6 par commande<br \/>\nOutside E.U. &#8211;\u00a0prix sur demande<\/p>\n<p><em>*Les pays ayant des exigences phytosanitaires payent l&rsquo;inspection des taxes.<\/em>[\/vc_column_text][\/vc_column][vc_column width=\u00a0\u00bb1\/4&Prime;][vc_column_text]<\/p>\n<h5>KLANTENSERVICE<\/h5>\n<p>[\/vc_column_text][vc_wp_custommenu nav_menu=\u00a0\u00bb36&Prime;][\/vc_column][\/vc_row]<\/p>\n<\/div>","protected":false},"excerpt":{"rendered":"<p>[vc_row][vc_column][vc_column_text] UNE NOUVELLESENSATION DE GO\u00dbT &#8230; une vodka de qualit\u00e9 sup\u00e9rieure avec l&rsquo;ajout du safran d&rsquo;\u00e9pices. Le go\u00fbt unique, l&rsquo;ar\u00f4me et la couleur de la vodka sont \u00e9galement dues \u00e0 cet ingr\u00e9dient sp\u00e9cial. Le safran utilis\u00e9 dans Le go\u00fbt de safran rappelle le go\u00fbt sucr\u00e9 du miel, mais aussi l\u00e9g\u00e8rement amer. Cela rend la vodka&hellip;<\/p>\n","protected":false},"author":2,"featured_media":0,"parent":0,"menu_order":0,"comment_status":"closed","ping_status":"closed","template":"","meta":{"footnotes":""},"class_list":["post-1329","page","type-page","status-publish","hentry","description-off"],"yoast_head":"<!-- This site is optimized with the Yoast SEO Premium plugin v26.5 (Yoast SEO v26.5) - https:\/\/yoast.com\/wordpress\/plugins\/seo\/ -->\n<title>Vodka Saffron - Crocussativus<\/title>\n<meta name=\"robots\" content=\"index, follow, max-snippet:-1, max-image-preview:large, max-video-preview:-1\" \/>\n<link rel=\"canonical\" href=\"https:\/\/crocussativus.eu\/fr\/vodka-saffron\/\" \/>\n<meta property=\"og:locale\" content=\"fr_FR\" \/>\n<meta property=\"og:type\" content=\"article\" \/>\n<meta property=\"og:title\" content=\"Vodka Saffron\" \/>\n<meta property=\"og:description\" content=\"[vc_row][vc_column][vc_column_text] UNE NOUVELLESENSATION DE GO\u00dbT &#8230; une vodka de qualit\u00e9 sup\u00e9rieure avec l&rsquo;ajout du safran d&rsquo;\u00e9pices. Le go\u00fbt unique, l&rsquo;ar\u00f4me et la couleur de la vodka sont \u00e9galement dues \u00e0 cet ingr\u00e9dient sp\u00e9cial. Le safran utilis\u00e9 dans Le go\u00fbt de safran rappelle le go\u00fbt sucr\u00e9 du miel, mais aussi l\u00e9g\u00e8rement amer. Cela rend la vodka&hellip;\" \/>\n<meta property=\"og:url\" content=\"https:\/\/crocussativus.eu\/fr\/vodka-saffron\/\" \/>\n<meta property=\"og:site_name\" content=\"Crocussativus\" \/>\n<meta property=\"article:publisher\" content=\"https:\/\/www.facebook.com\/crocussativus.eu\" \/>\n<meta property=\"article:modified_time\" content=\"2025-05-17T08:53:49+00:00\" \/>\n<meta property=\"og:image\" content=\"https:\/\/crocussativus.eu\/wp-content\/uploads\/2022\/04\/IMG_1715.jpg\" \/>\n\t<meta property=\"og:image:width\" content=\"420\" \/>\n\t<meta property=\"og:image:height\" content=\"595\" \/>\n\t<meta property=\"og:image:type\" content=\"image\/jpeg\" \/>\n<meta name=\"twitter:card\" content=\"summary_large_image\" \/>\n<meta name=\"twitter:label1\" content=\"Dur\u00e9e de lecture estim\u00e9e\" \/>\n\t<meta name=\"twitter:data1\" content=\"3 minutes\" \/>\n<script type=\"application\/ld+json\" class=\"yoast-schema-graph\">{\"@context\":\"https:\/\/schema.org\",\"@graph\":[{\"@type\":\"WebPage\",\"@id\":\"https:\/\/crocussativus.eu\/fr\/vodka-saffron\/\",\"url\":\"https:\/\/crocussativus.eu\/fr\/vodka-saffron\/\",\"name\":\"Vodka Saffron - Crocussativus\",\"isPartOf\":{\"@id\":\"https:\/\/crocussativus.eu\/#website\"},\"primaryImageOfPage\":{\"@id\":\"https:\/\/crocussativus.eu\/fr\/vodka-saffron\/#primaryimage\"},\"image\":{\"@id\":\"https:\/\/crocussativus.eu\/fr\/vodka-saffron\/#primaryimage\"},\"thumbnailUrl\":\"https:\/\/crocussativus.eu\/wp-content\/uploads\/2022\/04\/IMG_1715.jpg\",\"datePublished\":\"2022-04-13T06:11:54+00:00\",\"dateModified\":\"2025-05-17T08:53:49+00:00\",\"breadcrumb\":{\"@id\":\"https:\/\/crocussativus.eu\/fr\/vodka-saffron\/#breadcrumb\"},\"inLanguage\":\"fr-FR\",\"potentialAction\":[{\"@type\":\"ReadAction\",\"target\":[\"https:\/\/crocussativus.eu\/fr\/vodka-saffron\/\"]}]},{\"@type\":\"ImageObject\",\"inLanguage\":\"fr-FR\",\"@id\":\"https:\/\/crocussativus.eu\/fr\/vodka-saffron\/#primaryimage\",\"url\":\"https:\/\/crocussativus.eu\/wp-content\/uploads\/2022\/04\/IMG_1715.jpg\",\"contentUrl\":\"https:\/\/crocussativus.eu\/wp-content\/uploads\/2022\/04\/IMG_1715.jpg\"},{\"@type\":\"BreadcrumbList\",\"@id\":\"https:\/\/crocussativus.eu\/fr\/vodka-saffron\/#breadcrumb\",\"itemListElement\":[{\"@type\":\"ListItem\",\"position\":1,\"name\":\"Home\",\"item\":\"https:\/\/crocussativus.eu\/fr\/\"},{\"@type\":\"ListItem\",\"position\":2,\"name\":\"Vodka Saffron\"}]},{\"@type\":\"WebSite\",\"@id\":\"https:\/\/crocussativus.eu\/#website\",\"url\":\"https:\/\/crocussativus.eu\/\",\"name\":\"Crocussativus.eu\",\"description\":\"Saffraan, Capsules, Crocus sativus bollen &amp; Saffraankaas\",\"publisher\":{\"@id\":\"https:\/\/crocussativus.eu\/#organization\"},\"potentialAction\":[{\"@type\":\"SearchAction\",\"target\":{\"@type\":\"EntryPoint\",\"urlTemplate\":\"https:\/\/crocussativus.eu\/?s={search_term_string}\"},\"query-input\":{\"@type\":\"PropertyValueSpecification\",\"valueRequired\":true,\"valueName\":\"search_term_string\"}}],\"inLanguage\":\"fr-FR\"},{\"@type\":\"Organization\",\"@id\":\"https:\/\/crocussativus.eu\/#organization\",\"name\":\"abac holland bv\",\"alternateName\":\"crocus sativus .eu\",\"url\":\"https:\/\/crocussativus.eu\/\",\"logo\":{\"@type\":\"ImageObject\",\"inLanguage\":\"fr-FR\",\"@id\":\"https:\/\/crocussativus.eu\/#\/schema\/logo\/image\/\",\"url\":\"https:\/\/crocussativus.eu\/wp-content\/uploads\/2023\/06\/logo_h80-1.png\",\"contentUrl\":\"https:\/\/crocussativus.eu\/wp-content\/uploads\/2023\/06\/logo_h80-1.png\",\"width\":181,\"height\":80,\"caption\":\"abac holland bv\"},\"image\":{\"@id\":\"https:\/\/crocussativus.eu\/#\/schema\/logo\/image\/\"},\"sameAs\":[\"https:\/\/www.facebook.com\/crocussativus.eu\"],\"description\":\"Social and Solidarity Enterprise. We do everything we can to oSociale en Solidaire Onderneming. We doen er alles aan om innovatieve en transparante middelen en diensten aan te bieden en zo de Saffraan- en Crocus sativus telers te ondersteunen.ffer innovative and transparent resources and services to support Saffron and Crocus sativus growers.\",\"email\":\"info@abacholland.com\",\"telephone\":\"+31 (0)627 267 149\",\"legalName\":\"abac holland bv\",\"foundingDate\":\"2011-01-09\"}]}<\/script>\n<!-- \/ Yoast SEO Premium plugin. -->","yoast_head_json":{"title":"Vodka Saffron - Crocussativus","robots":{"index":"index","follow":"follow","max-snippet":"max-snippet:-1","max-image-preview":"max-image-preview:large","max-video-preview":"max-video-preview:-1"},"canonical":"https:\/\/crocussativus.eu\/fr\/vodka-saffron\/","og_locale":"fr_FR","og_type":"article","og_title":"Vodka Saffron","og_description":"[vc_row][vc_column][vc_column_text] UNE NOUVELLESENSATION DE GO\u00dbT &#8230; une vodka de qualit\u00e9 sup\u00e9rieure avec l&rsquo;ajout du safran d&rsquo;\u00e9pices. Le go\u00fbt unique, l&rsquo;ar\u00f4me et la couleur de la vodka sont \u00e9galement dues \u00e0 cet ingr\u00e9dient sp\u00e9cial. Le safran utilis\u00e9 dans Le go\u00fbt de safran rappelle le go\u00fbt sucr\u00e9 du miel, mais aussi l\u00e9g\u00e8rement amer. Cela rend la vodka&hellip;","og_url":"https:\/\/crocussativus.eu\/fr\/vodka-saffron\/","og_site_name":"Crocussativus","article_publisher":"https:\/\/www.facebook.com\/crocussativus.eu","article_modified_time":"2025-05-17T08:53:49+00:00","og_image":[{"width":420,"height":595,"url":"https:\/\/crocussativus.eu\/wp-content\/uploads\/2022\/04\/IMG_1715.jpg","type":"image\/jpeg"}],"twitter_card":"summary_large_image","twitter_misc":{"Dur\u00e9e de lecture estim\u00e9e":"3 minutes"},"schema":{"@context":"https:\/\/schema.org","@graph":[{"@type":"WebPage","@id":"https:\/\/crocussativus.eu\/fr\/vodka-saffron\/","url":"https:\/\/crocussativus.eu\/fr\/vodka-saffron\/","name":"Vodka Saffron - Crocussativus","isPartOf":{"@id":"https:\/\/crocussativus.eu\/#website"},"primaryImageOfPage":{"@id":"https:\/\/crocussativus.eu\/fr\/vodka-saffron\/#primaryimage"},"image":{"@id":"https:\/\/crocussativus.eu\/fr\/vodka-saffron\/#primaryimage"},"thumbnailUrl":"https:\/\/crocussativus.eu\/wp-content\/uploads\/2022\/04\/IMG_1715.jpg","datePublished":"2022-04-13T06:11:54+00:00","dateModified":"2025-05-17T08:53:49+00:00","breadcrumb":{"@id":"https:\/\/crocussativus.eu\/fr\/vodka-saffron\/#breadcrumb"},"inLanguage":"fr-FR","potentialAction":[{"@type":"ReadAction","target":["https:\/\/crocussativus.eu\/fr\/vodka-saffron\/"]}]},{"@type":"ImageObject","inLanguage":"fr-FR","@id":"https:\/\/crocussativus.eu\/fr\/vodka-saffron\/#primaryimage","url":"https:\/\/crocussativus.eu\/wp-content\/uploads\/2022\/04\/IMG_1715.jpg","contentUrl":"https:\/\/crocussativus.eu\/wp-content\/uploads\/2022\/04\/IMG_1715.jpg"},{"@type":"BreadcrumbList","@id":"https:\/\/crocussativus.eu\/fr\/vodka-saffron\/#breadcrumb","itemListElement":[{"@type":"ListItem","position":1,"name":"Home","item":"https:\/\/crocussativus.eu\/fr\/"},{"@type":"ListItem","position":2,"name":"Vodka Saffron"}]},{"@type":"WebSite","@id":"https:\/\/crocussativus.eu\/#website","url":"https:\/\/crocussativus.eu\/","name":"Crocussativus.eu","description":"Saffraan, Capsules, Crocus sativus bollen &amp; Saffraankaas","publisher":{"@id":"https:\/\/crocussativus.eu\/#organization"},"potentialAction":[{"@type":"SearchAction","target":{"@type":"EntryPoint","urlTemplate":"https:\/\/crocussativus.eu\/?s={search_term_string}"},"query-input":{"@type":"PropertyValueSpecification","valueRequired":true,"valueName":"search_term_string"}}],"inLanguage":"fr-FR"},{"@type":"Organization","@id":"https:\/\/crocussativus.eu\/#organization","name":"abac holland bv","alternateName":"crocus sativus .eu","url":"https:\/\/crocussativus.eu\/","logo":{"@type":"ImageObject","inLanguage":"fr-FR","@id":"https:\/\/crocussativus.eu\/#\/schema\/logo\/image\/","url":"https:\/\/crocussativus.eu\/wp-content\/uploads\/2023\/06\/logo_h80-1.png","contentUrl":"https:\/\/crocussativus.eu\/wp-content\/uploads\/2023\/06\/logo_h80-1.png","width":181,"height":80,"caption":"abac holland bv"},"image":{"@id":"https:\/\/crocussativus.eu\/#\/schema\/logo\/image\/"},"sameAs":["https:\/\/www.facebook.com\/crocussativus.eu"],"description":"Social and Solidarity Enterprise. We do everything we can to oSociale en Solidaire Onderneming. We doen er alles aan om innovatieve en transparante middelen en diensten aan te bieden en zo de Saffraan- en Crocus sativus telers te ondersteunen.ffer innovative and transparent resources and services to support Saffron and Crocus sativus growers.","email":"info@abacholland.com","telephone":"+31 (0)627 267 149","legalName":"abac holland bv","foundingDate":"2011-01-09"}]}},"_links":{"self":[{"href":"https:\/\/crocussativus.eu\/fr\/wp-json\/wp\/v2\/pages\/1329","targetHints":{"allow":["GET"]}}],"collection":[{"href":"https:\/\/crocussativus.eu\/fr\/wp-json\/wp\/v2\/pages"}],"about":[{"href":"https:\/\/crocussativus.eu\/fr\/wp-json\/wp\/v2\/types\/page"}],"author":[{"embeddable":true,"href":"https:\/\/crocussativus.eu\/fr\/wp-json\/wp\/v2\/users\/2"}],"replies":[{"embeddable":true,"href":"https:\/\/crocussativus.eu\/fr\/wp-json\/wp\/v2\/comments?post=1329"}],"version-history":[{"count":0,"href":"https:\/\/crocussativus.eu\/fr\/wp-json\/wp\/v2\/pages\/1329\/revisions"}],"wp:attachment":[{"href":"https:\/\/crocussativus.eu\/fr\/wp-json\/wp\/v2\/media?parent=1329"}],"curies":[{"name":"wp","href":"https:\/\/api.w.org\/{rel}","templated":true}]}}