{"id":521,"date":"2021-12-09T13:03:15","date_gmt":"2021-12-09T13:03:15","guid":{"rendered":"https:\/\/demo.crocussativus.eu\/disclaimer\/"},"modified":"2025-09-01T15:40:27","modified_gmt":"2025-09-01T15:40:27","slug":"avertissement","status":"publish","type":"page","link":"https:\/\/crocussativus.eu\/fr\/avertissement\/","title":{"rendered":"Avertissement"},"content":{"rendered":"<div class=\"wpb-content-wrapper\"><p>[vc_row][vc_column][vc_column_text]Avertissement<\/p>\n<p>Malgr\u00e9 le soin et l&rsquo;attention constants que nous portons \u00e0 la composition du site Crocussativus, il est possible que les informations publi\u00e9es sur le site soient incompl\u00e8tes ou erron\u00e9es.<\/p>\n<p>Les informations sur le site Crocussativus sont r\u00e9guli\u00e8rement mises \u00e0 jour et toute modification peut \u00eatre apport\u00e9e \u00e0 tout moment avec effet imm\u00e9diat et sans pr\u00e9avis.<\/p>\n<p>Un visiteur du site Web ne peut pas publier ou reproduire des \u0153uvres prot\u00e9g\u00e9es par le droit d&rsquo;auteur ou d&rsquo;autres informations stock\u00e9es sur le site Web sans l&rsquo;autorisation de Crocussativus.<\/p>\n<p>Nous ne pouvons pas garantir que les informations sur le site Web sont adapt\u00e9es \u00e0 l&rsquo;objectif pour lequel vous consultez les informations. Toutes les informations, produits et services sont propos\u00e9s dans l&rsquo;\u00e9tat dans lequel ils se trouvent r\u00e9ellement et sans aucune garantie quant \u00e0 leur justesse et leur ad\u00e9quation \u00e0 un usage particulier ou autre.<\/p>\n<p>Nous excluons toute responsabilit\u00e9 pour tout dommage direct ou indirect, de quelque nature que ce soit, r\u00e9sultant de ou li\u00e9 de quelque mani\u00e8re que ce soit \u00e0 l&rsquo;utilisation du site Crocussativus, ou \u00e0 l&rsquo;impossibilit\u00e9 temporaire de consulter le site. Nous ne sommes pas non plus responsables des dommages directs ou indirects r\u00e9sultant de l&rsquo;utilisation des informations obtenues via le site Crocussativus.[\/vc_column_text][\/vc_column][\/vc_row][vc_row full_width=\u00a0\u00bbstretch_row\u00a0\u00bb css=\u00a0\u00bb.vc_custom_1644242697585{background-color: #f9f9f9 !important;}\u00a0\u00bb][vc_column width=\u00a0\u00bb1\/4&Prime;][vc_column_text]<\/p>\n<h4>D\u00c9TAILS DE L&rsquo;ENTREPRISE<\/h4>\n<p>ABAC Holland B.V.<br \/>\nAttn. Crocussativus<br \/>\nMr. J.Henderikxstraat 57<br \/>\n1788 AZ Julianadorp<br \/>\nPays-Bas<\/p>\n<p>N\u00e9erlandais CdC 54348765<br \/>\nTVA NL8512.69.382.B01[\/vc_column_text][\/vc_column][vc_column width=\u00a0\u00bb1\/4&Prime;][vc_column_text css=\u00a0\u00bb\u00a0\u00bb]<\/p>\n<h4>CONTACT<\/h4>\n<p><strong>Crocussativus.eu<\/strong><br \/>\nT <a href=\"tel:+31627267149\">+31 (0)627 267 149<\/a><br \/>\nE: <a href=\"mailto:info@crocussativus.eu\">info@crocussativus.eu<\/a><\/p>\n<p>[\/vc_column_text][\/vc_column][vc_column width=\u00a0\u00bb1\/4&Prime;][vc_column_text]<\/p>\n<h4>ACHATS<\/h4>\n<p>Toutes nos transactions sont trait\u00e9es en toute s\u00e9curit\u00e9 par Mollie.<\/p>\n<p><strong>Les frais de livraison:<br \/>\n<\/strong>Pays-Bas &#8211; gratuit<br \/>\nE.U. &#8211; \u20ac6 par commande<br \/>\nOutside E.U. &#8211;\u00a0prix sur demande<\/p>\n<p><em>*Les pays ayant des exigences phytosanitaires payent l&rsquo;inspection des taxes.<\/em>[\/vc_column_text][\/vc_column][vc_column width=\u00a0\u00bb1\/4&Prime;][vc_column_text]<\/p>\n<h5>KLANTENSERVICE<\/h5>\n<p>[\/vc_column_text][vc_wp_custommenu nav_menu=\u00a0\u00bb36&Prime;][\/vc_column][\/vc_row]<\/p>\n<\/div>","protected":false},"excerpt":{"rendered":"<p>[vc_row][vc_column][vc_column_text]Avertissement Malgr\u00e9 le soin et l&rsquo;attention constants que nous portons \u00e0 la composition du site Crocussativus, il est possible que les informations publi\u00e9es sur le site soient incompl\u00e8tes ou erron\u00e9es. Les informations sur le site Crocussativus sont r\u00e9guli\u00e8rement mises \u00e0 jour et toute modification peut \u00eatre apport\u00e9e \u00e0 tout moment avec effet imm\u00e9diat et sans&hellip;<\/p>\n","protected":false},"author":1,"featured_media":0,"parent":0,"menu_order":0,"comment_status":"closed","ping_status":"closed","template":"","meta":{"footnotes":""},"class_list":["post-521","page","type-page","status-publish","hentry","description-off"],"yoast_head":"<!-- This site is optimized with the Yoast SEO Premium plugin v26.5 (Yoast SEO v26.5) - https:\/\/yoast.com\/wordpress\/plugins\/seo\/ -->\n<title>Avertissement - Crocussativus<\/title>\n<meta name=\"robots\" content=\"index, follow, max-snippet:-1, max-image-preview:large, max-video-preview:-1\" \/>\n<link rel=\"canonical\" href=\"https:\/\/crocussativus.eu\/fr\/avertissement\/\" \/>\n<meta property=\"og:locale\" content=\"fr_FR\" \/>\n<meta property=\"og:type\" content=\"article\" \/>\n<meta property=\"og:title\" content=\"Avertissement\" \/>\n<meta property=\"og:description\" content=\"[vc_row][vc_column][vc_column_text]Avertissement Malgr\u00e9 le soin et l&rsquo;attention constants que nous portons \u00e0 la composition du site Crocussativus, il est possible que les informations publi\u00e9es sur le site soient incompl\u00e8tes ou erron\u00e9es. Les informations sur le site Crocussativus sont r\u00e9guli\u00e8rement mises \u00e0 jour et toute modification peut \u00eatre apport\u00e9e \u00e0 tout moment avec effet imm\u00e9diat et sans&hellip;\" \/>\n<meta property=\"og:url\" content=\"https:\/\/crocussativus.eu\/fr\/avertissement\/\" \/>\n<meta property=\"og:site_name\" content=\"Crocussativus\" \/>\n<meta property=\"article:publisher\" content=\"https:\/\/www.facebook.com\/crocussativus.eu\" \/>\n<meta property=\"article:modified_time\" content=\"2025-09-01T15:40:27+00:00\" \/>\n<meta property=\"og:image\" content=\"https:\/\/crocussativus.eu\/wp-content\/uploads\/2022\/02\/saffraan.jpg\" \/>\n\t<meta property=\"og:image:width\" content=\"900\" \/>\n\t<meta property=\"og:image:height\" content=\"500\" \/>\n\t<meta property=\"og:image:type\" content=\"image\/jpeg\" \/>\n<meta name=\"twitter:card\" content=\"summary_large_image\" \/>\n<meta name=\"twitter:label1\" content=\"Dur\u00e9e de lecture estim\u00e9e\" \/>\n\t<meta name=\"twitter:data1\" content=\"2 minutes\" \/>\n<script type=\"application\/ld+json\" class=\"yoast-schema-graph\">{\"@context\":\"https:\/\/schema.org\",\"@graph\":[{\"@type\":\"WebPage\",\"@id\":\"https:\/\/crocussativus.eu\/fr\/avertissement\/\",\"url\":\"https:\/\/crocussativus.eu\/fr\/avertissement\/\",\"name\":\"Avertissement - Crocussativus\",\"isPartOf\":{\"@id\":\"https:\/\/crocussativus.eu\/#website\"},\"datePublished\":\"2021-12-09T13:03:15+00:00\",\"dateModified\":\"2025-09-01T15:40:27+00:00\",\"breadcrumb\":{\"@id\":\"https:\/\/crocussativus.eu\/fr\/avertissement\/#breadcrumb\"},\"inLanguage\":\"fr-FR\",\"potentialAction\":[{\"@type\":\"ReadAction\",\"target\":[\"https:\/\/crocussativus.eu\/fr\/avertissement\/\"]}]},{\"@type\":\"BreadcrumbList\",\"@id\":\"https:\/\/crocussativus.eu\/fr\/avertissement\/#breadcrumb\",\"itemListElement\":[{\"@type\":\"ListItem\",\"position\":1,\"name\":\"Home\",\"item\":\"https:\/\/crocussativus.eu\/fr\/\"},{\"@type\":\"ListItem\",\"position\":2,\"name\":\"Avertissement\"}]},{\"@type\":\"WebSite\",\"@id\":\"https:\/\/crocussativus.eu\/#website\",\"url\":\"https:\/\/crocussativus.eu\/\",\"name\":\"Crocussativus.eu\",\"description\":\"Saffraan, Capsules, Crocus sativus bollen &amp; Saffraankaas\",\"publisher\":{\"@id\":\"https:\/\/crocussativus.eu\/#organization\"},\"potentialAction\":[{\"@type\":\"SearchAction\",\"target\":{\"@type\":\"EntryPoint\",\"urlTemplate\":\"https:\/\/crocussativus.eu\/?s={search_term_string}\"},\"query-input\":{\"@type\":\"PropertyValueSpecification\",\"valueRequired\":true,\"valueName\":\"search_term_string\"}}],\"inLanguage\":\"fr-FR\"},{\"@type\":\"Organization\",\"@id\":\"https:\/\/crocussativus.eu\/#organization\",\"name\":\"abac holland bv\",\"alternateName\":\"crocus sativus .eu\",\"url\":\"https:\/\/crocussativus.eu\/\",\"logo\":{\"@type\":\"ImageObject\",\"inLanguage\":\"fr-FR\",\"@id\":\"https:\/\/crocussativus.eu\/#\/schema\/logo\/image\/\",\"url\":\"https:\/\/crocussativus.eu\/wp-content\/uploads\/2023\/06\/logo_h80-1.png\",\"contentUrl\":\"https:\/\/crocussativus.eu\/wp-content\/uploads\/2023\/06\/logo_h80-1.png\",\"width\":181,\"height\":80,\"caption\":\"abac holland bv\"},\"image\":{\"@id\":\"https:\/\/crocussativus.eu\/#\/schema\/logo\/image\/\"},\"sameAs\":[\"https:\/\/www.facebook.com\/crocussativus.eu\"],\"description\":\"Social and Solidarity Enterprise. We do everything we can to oSociale en Solidaire Onderneming. We doen er alles aan om innovatieve en transparante middelen en diensten aan te bieden en zo de Saffraan- en Crocus sativus telers te ondersteunen.ffer innovative and transparent resources and services to support Saffron and Crocus sativus growers.\",\"email\":\"info@abacholland.com\",\"telephone\":\"+31 (0)627 267 149\",\"legalName\":\"abac holland bv\",\"foundingDate\":\"2011-01-09\"}]}<\/script>\n<!-- \/ Yoast SEO Premium plugin. -->","yoast_head_json":{"title":"Avertissement - Crocussativus","robots":{"index":"index","follow":"follow","max-snippet":"max-snippet:-1","max-image-preview":"max-image-preview:large","max-video-preview":"max-video-preview:-1"},"canonical":"https:\/\/crocussativus.eu\/fr\/avertissement\/","og_locale":"fr_FR","og_type":"article","og_title":"Avertissement","og_description":"[vc_row][vc_column][vc_column_text]Avertissement Malgr\u00e9 le soin et l&rsquo;attention constants que nous portons \u00e0 la composition du site Crocussativus, il est possible que les informations publi\u00e9es sur le site soient incompl\u00e8tes ou erron\u00e9es. Les informations sur le site Crocussativus sont r\u00e9guli\u00e8rement mises \u00e0 jour et toute modification peut \u00eatre apport\u00e9e \u00e0 tout moment avec effet imm\u00e9diat et sans&hellip;","og_url":"https:\/\/crocussativus.eu\/fr\/avertissement\/","og_site_name":"Crocussativus","article_publisher":"https:\/\/www.facebook.com\/crocussativus.eu","article_modified_time":"2025-09-01T15:40:27+00:00","og_image":[{"width":900,"height":500,"url":"https:\/\/crocussativus.eu\/wp-content\/uploads\/2022\/02\/saffraan.jpg","type":"image\/jpeg"}],"twitter_card":"summary_large_image","twitter_misc":{"Dur\u00e9e de lecture estim\u00e9e":"2 minutes"},"schema":{"@context":"https:\/\/schema.org","@graph":[{"@type":"WebPage","@id":"https:\/\/crocussativus.eu\/fr\/avertissement\/","url":"https:\/\/crocussativus.eu\/fr\/avertissement\/","name":"Avertissement - Crocussativus","isPartOf":{"@id":"https:\/\/crocussativus.eu\/#website"},"datePublished":"2021-12-09T13:03:15+00:00","dateModified":"2025-09-01T15:40:27+00:00","breadcrumb":{"@id":"https:\/\/crocussativus.eu\/fr\/avertissement\/#breadcrumb"},"inLanguage":"fr-FR","potentialAction":[{"@type":"ReadAction","target":["https:\/\/crocussativus.eu\/fr\/avertissement\/"]}]},{"@type":"BreadcrumbList","@id":"https:\/\/crocussativus.eu\/fr\/avertissement\/#breadcrumb","itemListElement":[{"@type":"ListItem","position":1,"name":"Home","item":"https:\/\/crocussativus.eu\/fr\/"},{"@type":"ListItem","position":2,"name":"Avertissement"}]},{"@type":"WebSite","@id":"https:\/\/crocussativus.eu\/#website","url":"https:\/\/crocussativus.eu\/","name":"Crocussativus.eu","description":"Saffraan, Capsules, Crocus sativus bollen &amp; Saffraankaas","publisher":{"@id":"https:\/\/crocussativus.eu\/#organization"},"potentialAction":[{"@type":"SearchAction","target":{"@type":"EntryPoint","urlTemplate":"https:\/\/crocussativus.eu\/?s={search_term_string}"},"query-input":{"@type":"PropertyValueSpecification","valueRequired":true,"valueName":"search_term_string"}}],"inLanguage":"fr-FR"},{"@type":"Organization","@id":"https:\/\/crocussativus.eu\/#organization","name":"abac holland bv","alternateName":"crocus sativus .eu","url":"https:\/\/crocussativus.eu\/","logo":{"@type":"ImageObject","inLanguage":"fr-FR","@id":"https:\/\/crocussativus.eu\/#\/schema\/logo\/image\/","url":"https:\/\/crocussativus.eu\/wp-content\/uploads\/2023\/06\/logo_h80-1.png","contentUrl":"https:\/\/crocussativus.eu\/wp-content\/uploads\/2023\/06\/logo_h80-1.png","width":181,"height":80,"caption":"abac holland bv"},"image":{"@id":"https:\/\/crocussativus.eu\/#\/schema\/logo\/image\/"},"sameAs":["https:\/\/www.facebook.com\/crocussativus.eu"],"description":"Social and Solidarity Enterprise. We do everything we can to oSociale en Solidaire Onderneming. We doen er alles aan om innovatieve en transparante middelen en diensten aan te bieden en zo de Saffraan- en Crocus sativus telers te ondersteunen.ffer innovative and transparent resources and services to support Saffron and Crocus sativus growers.","email":"info@abacholland.com","telephone":"+31 (0)627 267 149","legalName":"abac holland bv","foundingDate":"2011-01-09"}]}},"_links":{"self":[{"href":"https:\/\/crocussativus.eu\/fr\/wp-json\/wp\/v2\/pages\/521","targetHints":{"allow":["GET"]}}],"collection":[{"href":"https:\/\/crocussativus.eu\/fr\/wp-json\/wp\/v2\/pages"}],"about":[{"href":"https:\/\/crocussativus.eu\/fr\/wp-json\/wp\/v2\/types\/page"}],"author":[{"embeddable":true,"href":"https:\/\/crocussativus.eu\/fr\/wp-json\/wp\/v2\/users\/1"}],"replies":[{"embeddable":true,"href":"https:\/\/crocussativus.eu\/fr\/wp-json\/wp\/v2\/comments?post=521"}],"version-history":[{"count":0,"href":"https:\/\/crocussativus.eu\/fr\/wp-json\/wp\/v2\/pages\/521\/revisions"}],"wp:attachment":[{"href":"https:\/\/crocussativus.eu\/fr\/wp-json\/wp\/v2\/media?parent=521"}],"curies":[{"name":"wp","href":"https:\/\/api.w.org\/{rel}","templated":true}]}}