{"id":533,"date":"2021-12-09T07:09:44","date_gmt":"2021-12-09T07:09:44","guid":{"rendered":"https:\/\/demo.crocussativus.eu\/homepage\/"},"modified":"2025-05-13T08:31:40","modified_gmt":"2025-05-13T08:31:40","slug":"homepage","status":"publish","type":"page","link":"https:\/\/crocussativus.eu\/fr\/","title":{"rendered":"Homepage"},"content":{"rendered":"<div class=\"wpb-content-wrapper\"><p>[vc_row full_width=\u00a0\u00bbstretch_row_content_no_spaces\u00a0\u00bb full_height=\u00a0\u00bbyes\u00a0\u00bb columns_placement=\u00a0\u00bbtop\u00a0\u00bb css=\u00a0\u00bb.vc_custom_1644242870669{background-image: url(https:\/\/crocussativus.eu\/wp-content\/uploads\/2021\/12\/header.jpg?id=51) !important;background-position: center !important;background-repeat: no-repeat !important;background-size: cover !important;}\u00a0\u00bb][vc_column][\/vc_column][\/vc_row][vc_row][vc_column][vc_column_text]<\/p>\n<h1>ACHETER DU SAFRAN<\/h1>\n<p><strong>\u00a0 \u00a0 \u00a0 \u00a0 \u00a0 \u00a0 \u00a0 \u00a0 \u00a0 \u00a0 \u00a0 \u00a0 \u00a0 \u00a0 \u00a0 \u00a0 \u00a0 \u00a0\u00a0<\/strong><\/p>\n<p>Profitez de nos prix r\u00e9duits pour de plus grandes quantit\u00e9s. Recherchez nos nouveaux produits <a href=\"https:\/\/crocussativus.eu\/fr\/fromage-au-safran\/\">fromage safran<\/a> et <a href=\"https:\/\/crocussativus.eu\/fr\/batonnets-de-fromage-safran\/\">b\u00e2tonnet de fromage safran.<\/a>[\/vc_column_text][vc_row_inner][vc_column_inner width=\u00a0\u00bb1\/3&Prime;][vc_single_image image=\u00a0\u00bb820&Prime; img_size=\u00a0\u00bbfull\u00a0\u00bb onclick=\u00a0\u00bbcustom_link\u00a0\u00bb link=\u00a0\u00bb\/fr\/produit\/saffraan\/\u00a0\u00bb][vc_column_text]<\/p>\n<h4 style=\"text-align: center;\">SAFRAN<\/h4>\n<p>[\/vc_column_text][vc_table]5%20grammmes%20(%E2%82%AC%205%2F1%20gr),%E2%82%AC%2025%2C00|[c#000000;bg#e0e0e0]10%20grammmes%20(%E2%82%AC%204%2C50%2F1%20gr),[bg#e0e0e0]%E2%82%AC%2045%2C00|20%20grammmes%20(%20%E2%82%AC%203%2C50%2F1%20gr),%E2%82%AC%2070%2C00[\/vc_table][vc_column_text]Safran 100% Cat\u00e9gorie I. Cela signifie que les valeurs de notre safran sur la couleur, le go\u00fbt et l\u2019ar\u00f4me tombent toutes dans la cat\u00e9gorie la plus \u00e9lev\u00e9e I.Nous pouvons le garantir, car nous faisons toujours v\u00e9rifier notre safran par Eurofins![\/vc_column_text]<style type=\"text\/css\" data-type=\"the7_shortcodes-inline-css\">#default-btn-d3b1d5480d0c432fba6728075a7009ee {\n  border-radius: 15px;\n  font-size: 14px;\n  line-height: 16px;\n}\n.btn-shadow#default-btn-d3b1d5480d0c432fba6728075a7009ee {\n  box-shadow: 0 1px 6px rgba(0,0,0,0.12);\n  transition: box-shadow 0.2s ease-out, opacity 0.45s;\n}\n.btn-shadow#default-btn-d3b1d5480d0c432fba6728075a7009ee:hover {\n  box-shadow: 0 5px 11px 0 rgba(0,0,0,0.18), 0 4px 15px 0 rgba(0,0,0,0.15);\n}\n.btn-flat#default-btn-d3b1d5480d0c432fba6728075a7009ee {\n  box-shadow: none;\n}\n.btn-flat#default-btn-d3b1d5480d0c432fba6728075a7009ee:hover {\n  box-shadow: none;\n}\n#default-btn-d3b1d5480d0c432fba6728075a7009ee.ico-right-side > i {\n  margin-right: 0px;\n  margin-left: 8px;\n}\n#default-btn-d3b1d5480d0c432fba6728075a7009ee > i {\n  margin-right: 8px;\n  font-size: 12px;\n}\n#default-btn-d3b1d5480d0c432fba6728075a7009ee:not(:hover) {\n  border-width: 0px;\n  padding: 12px 18px 12px 18px;\n}\n#default-btn-d3b1d5480d0c432fba6728075a7009ee:hover {\n  border-width: 0px;\n  padding: 12px 18px 12px 18px;\n}\n#default-btn-d3b1d5480d0c432fba6728075a7009ee.ico-right-side > i {\n  margin-right: 0px;\n  margin-left: 8px;\n}\n#default-btn-d3b1d5480d0c432fba6728075a7009ee > i {\n  margin-right: 8px;\n}<\/style><div class=\"btn-align-center\"><a href=\"https:\/\/crocussativus.eu\/fr\/produit\/saffraan\/\" class=\"default-btn-shortcode dt-btn link-hover-off btn-flat \" id=\"default-btn-d3b1d5480d0c432fba6728075a7009ee\" title=\"SAFFRAAN\"><span>VOIR LE PRODUIT<\/span><\/a><\/div>[\/vc_column_inner][vc_column_inner width=\u00a0\u00bb1\/3&Prime;][vc_single_image image=\u00a0\u00bb810&Prime; img_size=\u00a0\u00bbfull\u00a0\u00bb onclick=\u00a0\u00bbcustom_link\u00a0\u00bb link=\u00a0\u00bb\/fr\/produit\/saffraan-capsules\/\u00a0\u00bb][vc_column_text]<\/p>\n<h4 style=\"text-align: center;\">CAPSULES DE SAFRAN<\/h4>\n<p>[\/vc_column_text][vc_table]60%20pi%C3%A8ces,%E2%82%AC%2023%2C95|[c#000000;bg#e0e0e0]120%20pi%C3%A8ces,[bg#e0e0e0]%E2%82%AC%2042%2C95|180pi%C3%A8ces,%E2%82%AC%2059%2C95[\/vc_table][vc_column_text css=\u00a0\u00bb\u00a0\u00bb]<\/p>\n<ul>\n<li>G\u00e9lules 100% remplies de 75 mg de safran<\/li>\n<li>100% Cat\u00e9gorie I<\/li>\n<li><strong>G\u00e9lules V\u00e9g\u00e9tales <\/strong>\u2714 Soci\u00e9t\u00e9 V\u00e9g\u00e9tarienne<br \/>\n\u2714 Projet non-OGM \u2714 Halal\u2714 Kosher<\/li>\n<li>pour un \u00e9tat d\u2019esprit d\u00e9tendu !<\/li>\n<\/ul>\n<p>[\/vc_column_text]<style type=\"text\/css\" data-type=\"the7_shortcodes-inline-css\">#default-btn-7d60191f40478c8c53ec5e74735c6d55 {\n  border-radius: 15px;\n  font-size: 14px;\n  line-height: 16px;\n}\n.btn-shadow#default-btn-7d60191f40478c8c53ec5e74735c6d55 {\n  box-shadow: 0 1px 6px rgba(0,0,0,0.12);\n  transition: box-shadow 0.2s ease-out, opacity 0.45s;\n}\n.btn-shadow#default-btn-7d60191f40478c8c53ec5e74735c6d55:hover {\n  box-shadow: 0 5px 11px 0 rgba(0,0,0,0.18), 0 4px 15px 0 rgba(0,0,0,0.15);\n}\n.btn-flat#default-btn-7d60191f40478c8c53ec5e74735c6d55 {\n  box-shadow: none;\n}\n.btn-flat#default-btn-7d60191f40478c8c53ec5e74735c6d55:hover {\n  box-shadow: none;\n}\n#default-btn-7d60191f40478c8c53ec5e74735c6d55.ico-right-side > i {\n  margin-right: 0px;\n  margin-left: 8px;\n}\n#default-btn-7d60191f40478c8c53ec5e74735c6d55 > i {\n  margin-right: 8px;\n  font-size: 12px;\n}\n#default-btn-7d60191f40478c8c53ec5e74735c6d55:not(:hover) {\n  border-width: 0px;\n  padding: 12px 18px 12px 18px;\n}\n#default-btn-7d60191f40478c8c53ec5e74735c6d55:hover {\n  border-width: 0px;\n  padding: 12px 18px 12px 18px;\n}\n#default-btn-7d60191f40478c8c53ec5e74735c6d55.ico-right-side > i {\n  margin-right: 0px;\n  margin-left: 8px;\n}\n#default-btn-7d60191f40478c8c53ec5e74735c6d55 > i {\n  margin-right: 8px;\n}<\/style><div class=\"btn-align-center\"><a href=\"https:\/\/crocussativus.eu\/fr\/produit\/saffraan-capsules\/\" class=\"default-btn-shortcode dt-btn link-hover-off btn-flat \" id=\"default-btn-7d60191f40478c8c53ec5e74735c6d55\" title=\"SAFFRAAN CAPSULES\"><span>VOIR LE PRODUIT<\/span><\/a><\/div>[\/vc_column_inner][vc_column_inner width=\u00a0\u00bb1\/3&Prime;][vc_single_image image=\u00a0\u00bb815&Prime; img_size=\u00a0\u00bbfull\u00a0\u00bb onclick=\u00a0\u00bbcustom_link\u00a0\u00bb link=\u00a0\u00bb\/fr\/produit\/crocus-sativus-bollen-maat-8-9\/\u00a0\u00bb][vc_column_text]Nos bulbes de classe I donnent le plus de fleurs par bulbe:<\/p>\n<ul>\n<li>nous livrons du 10 juillet jusqu\u2019en octobre<\/li>\n<li>autres tailles d\u2019ampoules sur demande<\/li>\n<li>en dehors de l\u2019UE: prix sur demande.<\/li>\n<\/ul>\n<p>[\/vc_column_text]<style type=\"text\/css\" data-type=\"the7_shortcodes-inline-css\">#default-btn-d8fa84764230c2c4fbb8d85a6496f82d {\n  border-radius: 15px;\n  font-size: 14px;\n  line-height: 16px;\n}\n.btn-shadow#default-btn-d8fa84764230c2c4fbb8d85a6496f82d {\n  box-shadow: 0 1px 6px rgba(0,0,0,0.12);\n  transition: box-shadow 0.2s ease-out, opacity 0.45s;\n}\n.btn-shadow#default-btn-d8fa84764230c2c4fbb8d85a6496f82d:hover {\n  box-shadow: 0 5px 11px 0 rgba(0,0,0,0.18), 0 4px 15px 0 rgba(0,0,0,0.15);\n}\n.btn-flat#default-btn-d8fa84764230c2c4fbb8d85a6496f82d {\n  box-shadow: none;\n}\n.btn-flat#default-btn-d8fa84764230c2c4fbb8d85a6496f82d:hover {\n  box-shadow: none;\n}\n#default-btn-d8fa84764230c2c4fbb8d85a6496f82d.ico-right-side > i {\n  margin-right: 0px;\n  margin-left: 8px;\n}\n#default-btn-d8fa84764230c2c4fbb8d85a6496f82d > i {\n  margin-right: 8px;\n  font-size: 12px;\n}\n#default-btn-d8fa84764230c2c4fbb8d85a6496f82d:not(:hover) {\n  border-width: 0px;\n  padding: 12px 18px 12px 18px;\n}\n#default-btn-d8fa84764230c2c4fbb8d85a6496f82d:hover {\n  border-width: 0px;\n  padding: 12px 18px 12px 18px;\n}\n#default-btn-d8fa84764230c2c4fbb8d85a6496f82d.ico-right-side > i {\n  margin-right: 0px;\n  margin-left: 8px;\n}\n#default-btn-d8fa84764230c2c4fbb8d85a6496f82d > i {\n  margin-right: 8px;\n}<\/style><div class=\"btn-align-center\"><a href=\"https:\/\/crocussativus.eu\/fr\/produit\/crocus-sativus-bollen-maat-8-9\/\" class=\"default-btn-shortcode dt-btn link-hover-off btn-flat \" id=\"default-btn-d8fa84764230c2c4fbb8d85a6496f82d\" title=\"Crocus Sativus Bollen Maat 8-9\"><span>VOIR LE PRODUIT<\/span><\/a><\/div>[\/vc_column_inner][\/vc_row_inner][vc_column_text css=\u00a0\u00bb.vc_custom_1670412535060{margin-top: 35px !important;}\u00a0\u00bb]<\/p>\n<h1>Chez Crocussativus.eu, vous pouvez commander les meilleures\u00a0<a href=\"https:\/\/crocussativus.eu\/fr\/produit\/crocus-sativus-taille-8-9-lot-avec-25-bulbes\/\">bulbes de Safran<\/a>,\u00a0<a href=\"https:\/\/crocussativus.eu\/fr\/produit\/capsules-de-safran\/\">les capsules de Safran<\/a>\u00a0et les\u00a0\u00e9pices de Safran.<\/h1>\n<p><strong><a href=\"https:\/\/www.keurmerk.info\/en\/consumers\/webshop\/?key=3967\"><img loading=\"lazy\" decoding=\"async\" class=\"alignnone wp-image-1383\" src=\"https:\/\/crocussativus.eu\/wp-content\/uploads\/2022\/04\/logo_webshopkeurmerk-300x122.png\" alt=\"\" width=\"175\" height=\"71\" srcset=\"https:\/\/crocussativus.eu\/wp-content\/uploads\/2022\/04\/logo_webshopkeurmerk-300x122.png 300w, https:\/\/crocussativus.eu\/wp-content\/uploads\/2022\/04\/logo_webshopkeurmerk-1024x417.png 1024w, https:\/\/crocussativus.eu\/wp-content\/uploads\/2022\/04\/logo_webshopkeurmerk-768x313.png 768w, https:\/\/crocussativus.eu\/wp-content\/uploads\/2022\/04\/logo_webshopkeurmerk-600x245.png 600w, https:\/\/crocussativus.eu\/wp-content\/uploads\/2022\/04\/logo_webshopkeurmerk.png 1092w\" sizes=\"auto, (max-width: 175px) 100vw, 175px\" \/><\/a><img loading=\"lazy\" decoding=\"async\" class=\"alignnone wp-image-1372\" src=\"https:\/\/crocussativus.eu\/wp-content\/uploads\/2022\/04\/5_sterren-300x99-1.jpg\" alt=\"\" width=\"176\" height=\"58\" \/><\/strong><\/p>\n<p>&nbsp;<\/p>\n<p><strong>Avec plus de 40 ans d\u2019exp\u00e9rience dans les cormes et le safran de crocus sativus, nous sommes synonymes de la plus haute qualit\u00e9.<\/strong><\/p>\n<p>&nbsp;<\/p>\n<p><strong>Eurofins Scientific, le leader mondial du march\u00e9 dans le domaine des tests alimentaires, v\u00e9rifie notre safran et le service d\u2019inspection des bulbes BKD nos bulbes \u00e0 fleurs de crocus sativus.<\/strong><\/p>\n<p>&nbsp;<\/p>\n<p><strong>En raison de notre exp\u00e9rience et de ces contr\u00f4les, nous vous offrons toujours la garantie pour les bulbes de fleurs de safran de cat\u00e9gorie I et de crocus sativus de classe 1!<\/strong>[\/vc_column_text][\/vc_column][\/vc_row][vc_row full_width=\u00a0\u00bbstretch_row\u00a0\u00bb css=\u00a0\u00bb.vc_custom_1644242697585{background-color: #f9f9f9 !important;}\u00a0\u00bb][vc_column width=\u00a0\u00bb1\/4&Prime;][vc_column_text]<\/p>\n<h4>D\u00c9TAILS DE L&rsquo;ENTREPRISE<\/h4>\n<p>ABAC Holland B.V.<br \/>\nAttn. Crocussativus<br \/>\nMr. J.Henderikxstraat 57<br \/>\n1788 AZ Julianadorp<br \/>\nPays-Bas<\/p>\n<p>N\u00e9erlandais CdC 54348765<br \/>\nTVA NL8512.69.382.B01[\/vc_column_text][\/vc_column][vc_column width=\u00a0\u00bb1\/4&Prime;][vc_column_text css=\u00a0\u00bb\u00a0\u00bb]<\/p>\n<h4>CONTACT<\/h4>\n<p><strong>Crocussativus.eu<\/strong><br \/>\nT <a href=\"tel:+31627267149\">+31 (0)627 267 149<\/a><br \/>\nE: <a href=\"mailto:info@crocussativus.eu\">info@crocussativus.eu<\/a><\/p>\n<p>[\/vc_column_text][\/vc_column][vc_column width=\u00a0\u00bb1\/4&Prime;][vc_column_text]<\/p>\n<h4>ACHATS<\/h4>\n<p>Toutes nos transactions sont trait\u00e9es en toute s\u00e9curit\u00e9 par Mollie.<\/p>\n<p><strong>Les frais de livraison:<br \/>\n<\/strong>Pays-Bas &#8211; gratuit<br \/>\nE.U. &#8211; \u20ac6 par commande<br \/>\nOutside E.U. &#8211;\u00a0prix sur demande<\/p>\n<p><em>*Les pays ayant des exigences phytosanitaires payent l&rsquo;inspection des taxes.<\/em>[\/vc_column_text][\/vc_column][vc_column width=\u00a0\u00bb1\/4&Prime;][vc_column_text]<\/p>\n<h4>SERVICE CLIENTS<\/h4>\n<p>[\/vc_column_text][vc_wp_custommenu nav_menu=\u00a0\u00bb36&Prime;][\/vc_column][\/vc_row]<\/p>\n<\/div>","protected":false},"excerpt":{"rendered":"<p>[vc_row full_width=\u00a0\u00bbstretch_row_content_no_spaces\u00a0\u00bb full_height=\u00a0\u00bbyes\u00a0\u00bb columns_placement=\u00a0\u00bbtop\u00a0\u00bb css=\u00a0\u00bb.vc_custom_1644242870669{background-image: url(https:\/\/crocussativus.eu\/wp-content\/uploads\/2021\/12\/header.jpg?id=51) !important;background-position: center !important;background-repeat: no-repeat !important;background-size: cover !important;}\u00a0\u00bb][vc_column][\/vc_column][\/vc_row][vc_row][vc_column][vc_column_text] ACHETER DU SAFRAN \u00a0 \u00a0 \u00a0 \u00a0 \u00a0 \u00a0 \u00a0 \u00a0 \u00a0 \u00a0 \u00a0 \u00a0 \u00a0 \u00a0 \u00a0 \u00a0 \u00a0 \u00a0\u00a0 Profitez de nos prix r\u00e9duits pour de plus grandes quantit\u00e9s. Recherchez nos nouveaux produits fromage safran et b\u00e2tonnet de fromage safran.[\/vc_column_text][vc_row_inner][vc_column_inner&hellip;<\/p>\n","protected":false},"author":1,"featured_media":0,"parent":0,"menu_order":0,"comment_status":"closed","ping_status":"closed","template":"","meta":{"footnotes":""},"class_list":["post-533","page","type-page","status-publish","hentry","description-off"],"yoast_head":"<!-- This site is optimized with the Yoast SEO Premium plugin v26.5 (Yoast SEO v26.5) - https:\/\/yoast.com\/wordpress\/plugins\/seo\/ -->\n<title>Homepage - Crocussativus<\/title>\n<meta name=\"description\" content=\"Sur crocussativus.eu, vous pouvez acheter du safran, des g\u00e9lules de safran et des bulbes de crocus sativus de la meilleure qualit\u00e9 aux meilleurs prix.\" \/>\n<meta name=\"robots\" content=\"index, follow, max-snippet:-1, max-image-preview:large, max-video-preview:-1\" \/>\n<link rel=\"canonical\" href=\"https:\/\/crocussativus.eu\/fr\/\" \/>\n<meta property=\"og:locale\" content=\"fr_FR\" \/>\n<meta property=\"og:type\" content=\"article\" \/>\n<meta property=\"og:title\" content=\"Homepage\" \/>\n<meta property=\"og:description\" content=\"Sur crocussativus.eu, vous pouvez acheter du safran, des g\u00e9lules de safran et des bulbes de crocus sativus de la meilleure qualit\u00e9 aux meilleurs prix.\" \/>\n<meta property=\"og:url\" content=\"https:\/\/crocussativus.eu\/fr\/\" \/>\n<meta property=\"og:site_name\" content=\"Crocussativus\" \/>\n<meta property=\"article:publisher\" content=\"https:\/\/www.facebook.com\/crocussativus.eu\" \/>\n<meta property=\"article:modified_time\" content=\"2025-05-13T08:31:40+00:00\" \/>\n<meta property=\"og:image\" content=\"https:\/\/crocussativus.eu\/wp-content\/uploads\/2022\/04\/logo_webshopkeurmerk-300x122.png\" \/>\n<meta name=\"twitter:card\" content=\"summary_large_image\" \/>\n<meta name=\"twitter:label1\" content=\"Dur\u00e9e de lecture estim\u00e9e\" \/>\n\t<meta name=\"twitter:data1\" content=\"3 minutes\" \/>\n<script type=\"application\/ld+json\" class=\"yoast-schema-graph\">{\"@context\":\"https:\/\/schema.org\",\"@graph\":[{\"@type\":\"WebPage\",\"@id\":\"https:\/\/crocussativus.eu\/fr\/\",\"url\":\"https:\/\/crocussativus.eu\/fr\/\",\"name\":\"Homepage - Crocussativus\",\"isPartOf\":{\"@id\":\"https:\/\/crocussativus.eu\/#website\"},\"primaryImageOfPage\":{\"@id\":\"https:\/\/crocussativus.eu\/fr\/#primaryimage\"},\"image\":{\"@id\":\"https:\/\/crocussativus.eu\/fr\/#primaryimage\"},\"thumbnailUrl\":\"https:\/\/crocussativus.eu\/wp-content\/uploads\/2022\/04\/logo_webshopkeurmerk-300x122.png\",\"datePublished\":\"2021-12-09T07:09:44+00:00\",\"dateModified\":\"2025-05-13T08:31:40+00:00\",\"description\":\"Sur crocussativus.eu, vous pouvez acheter du safran, des g\u00e9lules de safran et des bulbes de crocus sativus de la meilleure qualit\u00e9 aux meilleurs prix.\",\"breadcrumb\":{\"@id\":\"https:\/\/crocussativus.eu\/fr\/#breadcrumb\"},\"inLanguage\":\"fr-FR\",\"potentialAction\":[{\"@type\":\"ReadAction\",\"target\":[\"https:\/\/crocussativus.eu\/fr\/\"]}]},{\"@type\":\"ImageObject\",\"inLanguage\":\"fr-FR\",\"@id\":\"https:\/\/crocussativus.eu\/fr\/#primaryimage\",\"url\":\"https:\/\/crocussativus.eu\/wp-content\/uploads\/2022\/04\/logo_webshopkeurmerk-300x122.png\",\"contentUrl\":\"https:\/\/crocussativus.eu\/wp-content\/uploads\/2022\/04\/logo_webshopkeurmerk-300x122.png\"},{\"@type\":\"BreadcrumbList\",\"@id\":\"https:\/\/crocussativus.eu\/fr\/#breadcrumb\",\"itemListElement\":[{\"@type\":\"ListItem\",\"position\":1,\"name\":\"Home\",\"item\":\"https:\/\/crocussativus.eu\/fr\/\"},{\"@type\":\"ListItem\",\"position\":2,\"name\":\"Homepage\"}]},{\"@type\":\"WebSite\",\"@id\":\"https:\/\/crocussativus.eu\/#website\",\"url\":\"https:\/\/crocussativus.eu\/\",\"name\":\"Crocussativus.eu\",\"description\":\"Saffraan, Capsules, Crocus sativus bollen &amp; Saffraankaas\",\"publisher\":{\"@id\":\"https:\/\/crocussativus.eu\/#organization\"},\"potentialAction\":[{\"@type\":\"SearchAction\",\"target\":{\"@type\":\"EntryPoint\",\"urlTemplate\":\"https:\/\/crocussativus.eu\/?s={search_term_string}\"},\"query-input\":{\"@type\":\"PropertyValueSpecification\",\"valueRequired\":true,\"valueName\":\"search_term_string\"}}],\"inLanguage\":\"fr-FR\"},{\"@type\":\"Organization\",\"@id\":\"https:\/\/crocussativus.eu\/#organization\",\"name\":\"abac holland bv\",\"alternateName\":\"crocus sativus .eu\",\"url\":\"https:\/\/crocussativus.eu\/\",\"logo\":{\"@type\":\"ImageObject\",\"inLanguage\":\"fr-FR\",\"@id\":\"https:\/\/crocussativus.eu\/#\/schema\/logo\/image\/\",\"url\":\"https:\/\/crocussativus.eu\/wp-content\/uploads\/2023\/06\/logo_h80-1.png\",\"contentUrl\":\"https:\/\/crocussativus.eu\/wp-content\/uploads\/2023\/06\/logo_h80-1.png\",\"width\":181,\"height\":80,\"caption\":\"abac holland bv\"},\"image\":{\"@id\":\"https:\/\/crocussativus.eu\/#\/schema\/logo\/image\/\"},\"sameAs\":[\"https:\/\/www.facebook.com\/crocussativus.eu\"],\"description\":\"Social and Solidarity Enterprise. We do everything we can to oSociale en Solidaire Onderneming. We doen er alles aan om innovatieve en transparante middelen en diensten aan te bieden en zo de Saffraan- en Crocus sativus telers te ondersteunen.ffer innovative and transparent resources and services to support Saffron and Crocus sativus growers.\",\"email\":\"info@abacholland.com\",\"telephone\":\"+31 (0)627 267 149\",\"legalName\":\"abac holland bv\",\"foundingDate\":\"2011-01-09\"}]}<\/script>\n<!-- \/ Yoast SEO Premium plugin. -->","yoast_head_json":{"title":"Homepage - Crocussativus","description":"Sur crocussativus.eu, vous pouvez acheter du safran, des g\u00e9lules de safran et des bulbes de crocus sativus de la meilleure qualit\u00e9 aux meilleurs prix.","robots":{"index":"index","follow":"follow","max-snippet":"max-snippet:-1","max-image-preview":"max-image-preview:large","max-video-preview":"max-video-preview:-1"},"canonical":"https:\/\/crocussativus.eu\/fr\/","og_locale":"fr_FR","og_type":"article","og_title":"Homepage","og_description":"Sur crocussativus.eu, vous pouvez acheter du safran, des g\u00e9lules de safran et des bulbes de crocus sativus de la meilleure qualit\u00e9 aux meilleurs prix.","og_url":"https:\/\/crocussativus.eu\/fr\/","og_site_name":"Crocussativus","article_publisher":"https:\/\/www.facebook.com\/crocussativus.eu","article_modified_time":"2025-05-13T08:31:40+00:00","og_image":[{"url":"https:\/\/crocussativus.eu\/wp-content\/uploads\/2022\/04\/logo_webshopkeurmerk-300x122.png","type":"","width":"","height":""}],"twitter_card":"summary_large_image","twitter_misc":{"Dur\u00e9e de lecture estim\u00e9e":"3 minutes"},"schema":{"@context":"https:\/\/schema.org","@graph":[{"@type":"WebPage","@id":"https:\/\/crocussativus.eu\/fr\/","url":"https:\/\/crocussativus.eu\/fr\/","name":"Homepage - Crocussativus","isPartOf":{"@id":"https:\/\/crocussativus.eu\/#website"},"primaryImageOfPage":{"@id":"https:\/\/crocussativus.eu\/fr\/#primaryimage"},"image":{"@id":"https:\/\/crocussativus.eu\/fr\/#primaryimage"},"thumbnailUrl":"https:\/\/crocussativus.eu\/wp-content\/uploads\/2022\/04\/logo_webshopkeurmerk-300x122.png","datePublished":"2021-12-09T07:09:44+00:00","dateModified":"2025-05-13T08:31:40+00:00","description":"Sur crocussativus.eu, vous pouvez acheter du safran, des g\u00e9lules de safran et des bulbes de crocus sativus de la meilleure qualit\u00e9 aux meilleurs prix.","breadcrumb":{"@id":"https:\/\/crocussativus.eu\/fr\/#breadcrumb"},"inLanguage":"fr-FR","potentialAction":[{"@type":"ReadAction","target":["https:\/\/crocussativus.eu\/fr\/"]}]},{"@type":"ImageObject","inLanguage":"fr-FR","@id":"https:\/\/crocussativus.eu\/fr\/#primaryimage","url":"https:\/\/crocussativus.eu\/wp-content\/uploads\/2022\/04\/logo_webshopkeurmerk-300x122.png","contentUrl":"https:\/\/crocussativus.eu\/wp-content\/uploads\/2022\/04\/logo_webshopkeurmerk-300x122.png"},{"@type":"BreadcrumbList","@id":"https:\/\/crocussativus.eu\/fr\/#breadcrumb","itemListElement":[{"@type":"ListItem","position":1,"name":"Home","item":"https:\/\/crocussativus.eu\/fr\/"},{"@type":"ListItem","position":2,"name":"Homepage"}]},{"@type":"WebSite","@id":"https:\/\/crocussativus.eu\/#website","url":"https:\/\/crocussativus.eu\/","name":"Crocussativus.eu","description":"Saffraan, Capsules, Crocus sativus bollen &amp; Saffraankaas","publisher":{"@id":"https:\/\/crocussativus.eu\/#organization"},"potentialAction":[{"@type":"SearchAction","target":{"@type":"EntryPoint","urlTemplate":"https:\/\/crocussativus.eu\/?s={search_term_string}"},"query-input":{"@type":"PropertyValueSpecification","valueRequired":true,"valueName":"search_term_string"}}],"inLanguage":"fr-FR"},{"@type":"Organization","@id":"https:\/\/crocussativus.eu\/#organization","name":"abac holland bv","alternateName":"crocus sativus .eu","url":"https:\/\/crocussativus.eu\/","logo":{"@type":"ImageObject","inLanguage":"fr-FR","@id":"https:\/\/crocussativus.eu\/#\/schema\/logo\/image\/","url":"https:\/\/crocussativus.eu\/wp-content\/uploads\/2023\/06\/logo_h80-1.png","contentUrl":"https:\/\/crocussativus.eu\/wp-content\/uploads\/2023\/06\/logo_h80-1.png","width":181,"height":80,"caption":"abac holland bv"},"image":{"@id":"https:\/\/crocussativus.eu\/#\/schema\/logo\/image\/"},"sameAs":["https:\/\/www.facebook.com\/crocussativus.eu"],"description":"Social and Solidarity Enterprise. We do everything we can to oSociale en Solidaire Onderneming. We doen er alles aan om innovatieve en transparante middelen en diensten aan te bieden en zo de Saffraan- en Crocus sativus telers te ondersteunen.ffer innovative and transparent resources and services to support Saffron and Crocus sativus growers.","email":"info@abacholland.com","telephone":"+31 (0)627 267 149","legalName":"abac holland bv","foundingDate":"2011-01-09"}]}},"_links":{"self":[{"href":"https:\/\/crocussativus.eu\/fr\/wp-json\/wp\/v2\/pages\/533","targetHints":{"allow":["GET"]}}],"collection":[{"href":"https:\/\/crocussativus.eu\/fr\/wp-json\/wp\/v2\/pages"}],"about":[{"href":"https:\/\/crocussativus.eu\/fr\/wp-json\/wp\/v2\/types\/page"}],"author":[{"embeddable":true,"href":"https:\/\/crocussativus.eu\/fr\/wp-json\/wp\/v2\/users\/1"}],"replies":[{"embeddable":true,"href":"https:\/\/crocussativus.eu\/fr\/wp-json\/wp\/v2\/comments?post=533"}],"version-history":[{"count":0,"href":"https:\/\/crocussativus.eu\/fr\/wp-json\/wp\/v2\/pages\/533\/revisions"}],"wp:attachment":[{"href":"https:\/\/crocussativus.eu\/fr\/wp-json\/wp\/v2\/media?parent=533"}],"curies":[{"name":"wp","href":"https:\/\/api.w.org\/{rel}","templated":true}]}}