{"id":589,"date":"2022-02-07T14:26:18","date_gmt":"2022-02-07T14:26:18","guid":{"rendered":"https:\/\/demo.crocussativus.eu\/informatie\/gerechten\/"},"modified":"2025-05-17T08:41:53","modified_gmt":"2025-05-17T08:41:53","slug":"recettes","status":"publish","type":"page","link":"https:\/\/crocussativus.eu\/fr\/recettes\/","title":{"rendered":"Recettes"},"content":{"rendered":"<div class=\"wpb-content-wrapper\"><p>[vc_row][vc_column][vc_column_text]<\/p>\n<h2><a title=\"Recettes de safran\" href=\"https:\/\/nl.pinterest.com\/1av1ncjsf4xx5kc1tt6m88zjwp96u7\/pins\/\">Cliquez ici pour nos recettes de safran<\/a><\/h2>\n<p>&nbsp;<\/p>\n<h2><a title=\"Recettes avec Safran en Fran\u00e7ais \" href=\"https:\/\/nl.pinterest.com\/1av1ncjsf4xx5kc1tt6m88zjwp96u7\/recettes-avec-safran-en-fran%C3%A7ais\/\">\u00a0 Recettes avec Safran en Fran\u00e7ais<\/a><\/h2>\n<h2><a title=\"Recettes au Safran dans toutes les langues\" href=\"https:\/\/nl.pinterest.com\/1av1ncjsf4xx5kc1tt6m88zjwp96u7\/\">\u00a0 Recettes au Safran dans toutes les langues<\/a><\/h2>\n<p>&nbsp;<\/p>\n<p>Profitez de nos r\u00e9ductions pour de plus grandes quantit\u00e9s. La plus haute qualit\u00e9 v\u00e9rifi\u00e9e par les laboratoires d&rsquo;Eurofins Scientific.[\/vc_column_text][\/vc_column][\/vc_row][vc_row full_width=\u00a0\u00bbstretch_row\u00a0\u00bb css=\u00a0\u00bb.vc_custom_1644242697585{background-color: #f9f9f9 !important;}\u00a0\u00bb][vc_column width=\u00a0\u00bb1\/4&Prime;][vc_column_text]<\/p>\n<h4>D\u00c9TAILS DE L&rsquo;ENTREPRISE<\/h4>\n<p>ABAC Holland B.V.<br \/>\nAttn. Crocussativus<br \/>\nMr. J.Henderikxstraat 57<br \/>\n1788 AZ Julianadorp<br \/>\nPays-Bas<\/p>\n<p>N\u00e9erlandais CdC 54348765<br \/>\nTVA NL8512.69.382.B01[\/vc_column_text][\/vc_column][vc_column width=\u00a0\u00bb1\/4&Prime;][vc_column_text css=\u00a0\u00bb\u00a0\u00bb]<\/p>\n<h4>CONTACT<\/h4>\n<p><strong>Crocussativus.eu<\/strong><br \/>\nT <a href=\"tel:+31627267149\">+31 (0)627 267 149<\/a><br \/>\nE: <a href=\"mailto:info@crocussativus.eu\">info@crocussativus.eu<\/a><\/p>\n<p>[\/vc_column_text][\/vc_column][vc_column width=\u00a0\u00bb1\/4&Prime;][vc_column_text]<\/p>\n<h4>ACHATS<\/h4>\n<p>Toutes nos transactions sont trait\u00e9es en toute s\u00e9curit\u00e9 par Mollie.<\/p>\n<p><strong>Les frais de livraison:<br \/>\n<\/strong>Pays-Bas &#8211; gratuit<br \/>\nE.U. &#8211; \u20ac6 par commande<br \/>\nOutside E.U. &#8211;\u00a0prix sur demande<\/p>\n<p><em>*Les pays ayant des exigences phytosanitaires payent l&rsquo;inspection des taxes.<\/em>[\/vc_column_text][\/vc_column][vc_column width=\u00a0\u00bb1\/4&Prime;][vc_column_text]<\/p>\n<h5>KLANTENSERVICE<\/h5>\n<p>[\/vc_column_text][vc_wp_custommenu nav_menu=\u00a0\u00bb36&Prime;][\/vc_column][\/vc_row]<\/p>\n<\/div>","protected":false},"excerpt":{"rendered":"<p>[vc_row][vc_column][vc_column_text] Cliquez ici pour nos recettes de safran &nbsp; \u00a0 Recettes avec Safran en Fran\u00e7ais \u00a0 Recettes au Safran dans toutes les langues &nbsp; Profitez de nos r\u00e9ductions pour de plus grandes quantit\u00e9s. La plus haute qualit\u00e9 v\u00e9rifi\u00e9e par les laboratoires d&rsquo;Eurofins Scientific.[\/vc_column_text][\/vc_column][\/vc_row][vc_row full_width=\u00a0\u00bbstretch_row\u00a0\u00bb css=\u00a0\u00bb.vc_custom_1644242697585{background-color: #f9f9f9 !important;}\u00a0\u00bb][vc_column width=\u00a0\u00bb1\/4&Prime;][vc_column_text] D\u00c9TAILS DE L&rsquo;ENTREPRISE ABAC Holland B.V. Attn.&hellip;<\/p>\n","protected":false},"author":1,"featured_media":0,"parent":0,"menu_order":0,"comment_status":"closed","ping_status":"closed","template":"","meta":{"footnotes":""},"class_list":["post-589","page","type-page","status-publish","hentry","description-off"],"yoast_head":"<!-- This site is optimized with the Yoast SEO Premium plugin v26.5 (Yoast SEO v26.5) - https:\/\/yoast.com\/wordpress\/plugins\/seo\/ -->\n<title>Recettes - Crocussativus<\/title>\n<meta name=\"robots\" content=\"index, follow, max-snippet:-1, max-image-preview:large, max-video-preview:-1\" \/>\n<link rel=\"canonical\" href=\"https:\/\/crocussativus.eu\/fr\/recettes\/\" \/>\n<meta property=\"og:locale\" content=\"fr_FR\" \/>\n<meta property=\"og:type\" content=\"article\" \/>\n<meta property=\"og:title\" content=\"Recettes\" \/>\n<meta property=\"og:description\" content=\"[vc_row][vc_column][vc_column_text] Cliquez ici pour nos recettes de safran &nbsp; \u00a0 Recettes avec Safran en Fran\u00e7ais \u00a0 Recettes au Safran dans toutes les langues &nbsp; Profitez de nos r\u00e9ductions pour de plus grandes quantit\u00e9s. La plus haute qualit\u00e9 v\u00e9rifi\u00e9e par les laboratoires d&rsquo;Eurofins Scientific.[\/vc_column_text][\/vc_column][\/vc_row][vc_row full_width=\u00a0\u00bbstretch_row\u00a0\u00bb css=\u00a0\u00bb.vc_custom_1644242697585{background-color: #f9f9f9 !important;}\u00a0\u00bb][vc_column width=\u00a0\u00bb1\/4&Prime;][vc_column_text] D\u00c9TAILS DE L&rsquo;ENTREPRISE ABAC Holland B.V. Attn.&hellip;\" \/>\n<meta property=\"og:url\" content=\"https:\/\/crocussativus.eu\/fr\/recettes\/\" \/>\n<meta property=\"og:site_name\" content=\"Crocussativus\" \/>\n<meta property=\"article:publisher\" content=\"https:\/\/www.facebook.com\/crocussativus.eu\" \/>\n<meta property=\"article:modified_time\" content=\"2025-05-17T08:41:53+00:00\" \/>\n<meta property=\"og:image\" content=\"https:\/\/crocussativus.eu\/wp-content\/uploads\/2022\/02\/saffraan.jpg\" \/>\n\t<meta property=\"og:image:width\" content=\"900\" \/>\n\t<meta property=\"og:image:height\" content=\"500\" \/>\n\t<meta property=\"og:image:type\" content=\"image\/jpeg\" \/>\n<meta name=\"twitter:card\" content=\"summary_large_image\" \/>\n<meta name=\"twitter:label1\" content=\"Dur\u00e9e de lecture estim\u00e9e\" \/>\n\t<meta name=\"twitter:data1\" content=\"1 minute\" \/>\n<script type=\"application\/ld+json\" class=\"yoast-schema-graph\">{\"@context\":\"https:\/\/schema.org\",\"@graph\":[{\"@type\":\"WebPage\",\"@id\":\"https:\/\/crocussativus.eu\/fr\/recettes\/\",\"url\":\"https:\/\/crocussativus.eu\/fr\/recettes\/\",\"name\":\"Recettes - Crocussativus\",\"isPartOf\":{\"@id\":\"https:\/\/crocussativus.eu\/#website\"},\"datePublished\":\"2022-02-07T14:26:18+00:00\",\"dateModified\":\"2025-05-17T08:41:53+00:00\",\"breadcrumb\":{\"@id\":\"https:\/\/crocussativus.eu\/fr\/recettes\/#breadcrumb\"},\"inLanguage\":\"fr-FR\",\"potentialAction\":[{\"@type\":\"ReadAction\",\"target\":[\"https:\/\/crocussativus.eu\/fr\/recettes\/\"]}]},{\"@type\":\"BreadcrumbList\",\"@id\":\"https:\/\/crocussativus.eu\/fr\/recettes\/#breadcrumb\",\"itemListElement\":[{\"@type\":\"ListItem\",\"position\":1,\"name\":\"Home\",\"item\":\"https:\/\/crocussativus.eu\/fr\/\"},{\"@type\":\"ListItem\",\"position\":2,\"name\":\"Recettes\"}]},{\"@type\":\"WebSite\",\"@id\":\"https:\/\/crocussativus.eu\/#website\",\"url\":\"https:\/\/crocussativus.eu\/\",\"name\":\"Crocussativus.eu\",\"description\":\"Saffraan, Capsules, Crocus sativus bollen &amp; Saffraankaas\",\"publisher\":{\"@id\":\"https:\/\/crocussativus.eu\/#organization\"},\"potentialAction\":[{\"@type\":\"SearchAction\",\"target\":{\"@type\":\"EntryPoint\",\"urlTemplate\":\"https:\/\/crocussativus.eu\/?s={search_term_string}\"},\"query-input\":{\"@type\":\"PropertyValueSpecification\",\"valueRequired\":true,\"valueName\":\"search_term_string\"}}],\"inLanguage\":\"fr-FR\"},{\"@type\":\"Organization\",\"@id\":\"https:\/\/crocussativus.eu\/#organization\",\"name\":\"abac holland bv\",\"alternateName\":\"crocus sativus .eu\",\"url\":\"https:\/\/crocussativus.eu\/\",\"logo\":{\"@type\":\"ImageObject\",\"inLanguage\":\"fr-FR\",\"@id\":\"https:\/\/crocussativus.eu\/#\/schema\/logo\/image\/\",\"url\":\"https:\/\/crocussativus.eu\/wp-content\/uploads\/2023\/06\/logo_h80-1.png\",\"contentUrl\":\"https:\/\/crocussativus.eu\/wp-content\/uploads\/2023\/06\/logo_h80-1.png\",\"width\":181,\"height\":80,\"caption\":\"abac holland bv\"},\"image\":{\"@id\":\"https:\/\/crocussativus.eu\/#\/schema\/logo\/image\/\"},\"sameAs\":[\"https:\/\/www.facebook.com\/crocussativus.eu\"],\"description\":\"Social and Solidarity Enterprise. We do everything we can to oSociale en Solidaire Onderneming. We doen er alles aan om innovatieve en transparante middelen en diensten aan te bieden en zo de Saffraan- en Crocus sativus telers te ondersteunen.ffer innovative and transparent resources and services to support Saffron and Crocus sativus growers.\",\"email\":\"info@abacholland.com\",\"telephone\":\"+31 (0)627 267 149\",\"legalName\":\"abac holland bv\",\"foundingDate\":\"2011-01-09\"}]}<\/script>\n<!-- \/ Yoast SEO Premium plugin. -->","yoast_head_json":{"title":"Recettes - Crocussativus","robots":{"index":"index","follow":"follow","max-snippet":"max-snippet:-1","max-image-preview":"max-image-preview:large","max-video-preview":"max-video-preview:-1"},"canonical":"https:\/\/crocussativus.eu\/fr\/recettes\/","og_locale":"fr_FR","og_type":"article","og_title":"Recettes","og_description":"[vc_row][vc_column][vc_column_text] Cliquez ici pour nos recettes de safran &nbsp; \u00a0 Recettes avec Safran en Fran\u00e7ais \u00a0 Recettes au Safran dans toutes les langues &nbsp; Profitez de nos r\u00e9ductions pour de plus grandes quantit\u00e9s. La plus haute qualit\u00e9 v\u00e9rifi\u00e9e par les laboratoires d&rsquo;Eurofins Scientific.[\/vc_column_text][\/vc_column][\/vc_row][vc_row full_width=\u00a0\u00bbstretch_row\u00a0\u00bb css=\u00a0\u00bb.vc_custom_1644242697585{background-color: #f9f9f9 !important;}\u00a0\u00bb][vc_column width=\u00a0\u00bb1\/4&Prime;][vc_column_text] D\u00c9TAILS DE L&rsquo;ENTREPRISE ABAC Holland B.V. Attn.&hellip;","og_url":"https:\/\/crocussativus.eu\/fr\/recettes\/","og_site_name":"Crocussativus","article_publisher":"https:\/\/www.facebook.com\/crocussativus.eu","article_modified_time":"2025-05-17T08:41:53+00:00","og_image":[{"width":900,"height":500,"url":"https:\/\/crocussativus.eu\/wp-content\/uploads\/2022\/02\/saffraan.jpg","type":"image\/jpeg"}],"twitter_card":"summary_large_image","twitter_misc":{"Dur\u00e9e de lecture estim\u00e9e":"1 minute"},"schema":{"@context":"https:\/\/schema.org","@graph":[{"@type":"WebPage","@id":"https:\/\/crocussativus.eu\/fr\/recettes\/","url":"https:\/\/crocussativus.eu\/fr\/recettes\/","name":"Recettes - Crocussativus","isPartOf":{"@id":"https:\/\/crocussativus.eu\/#website"},"datePublished":"2022-02-07T14:26:18+00:00","dateModified":"2025-05-17T08:41:53+00:00","breadcrumb":{"@id":"https:\/\/crocussativus.eu\/fr\/recettes\/#breadcrumb"},"inLanguage":"fr-FR","potentialAction":[{"@type":"ReadAction","target":["https:\/\/crocussativus.eu\/fr\/recettes\/"]}]},{"@type":"BreadcrumbList","@id":"https:\/\/crocussativus.eu\/fr\/recettes\/#breadcrumb","itemListElement":[{"@type":"ListItem","position":1,"name":"Home","item":"https:\/\/crocussativus.eu\/fr\/"},{"@type":"ListItem","position":2,"name":"Recettes"}]},{"@type":"WebSite","@id":"https:\/\/crocussativus.eu\/#website","url":"https:\/\/crocussativus.eu\/","name":"Crocussativus.eu","description":"Saffraan, Capsules, Crocus sativus bollen &amp; Saffraankaas","publisher":{"@id":"https:\/\/crocussativus.eu\/#organization"},"potentialAction":[{"@type":"SearchAction","target":{"@type":"EntryPoint","urlTemplate":"https:\/\/crocussativus.eu\/?s={search_term_string}"},"query-input":{"@type":"PropertyValueSpecification","valueRequired":true,"valueName":"search_term_string"}}],"inLanguage":"fr-FR"},{"@type":"Organization","@id":"https:\/\/crocussativus.eu\/#organization","name":"abac holland bv","alternateName":"crocus sativus .eu","url":"https:\/\/crocussativus.eu\/","logo":{"@type":"ImageObject","inLanguage":"fr-FR","@id":"https:\/\/crocussativus.eu\/#\/schema\/logo\/image\/","url":"https:\/\/crocussativus.eu\/wp-content\/uploads\/2023\/06\/logo_h80-1.png","contentUrl":"https:\/\/crocussativus.eu\/wp-content\/uploads\/2023\/06\/logo_h80-1.png","width":181,"height":80,"caption":"abac holland bv"},"image":{"@id":"https:\/\/crocussativus.eu\/#\/schema\/logo\/image\/"},"sameAs":["https:\/\/www.facebook.com\/crocussativus.eu"],"description":"Social and Solidarity Enterprise. We do everything we can to oSociale en Solidaire Onderneming. We doen er alles aan om innovatieve en transparante middelen en diensten aan te bieden en zo de Saffraan- en Crocus sativus telers te ondersteunen.ffer innovative and transparent resources and services to support Saffron and Crocus sativus growers.","email":"info@abacholland.com","telephone":"+31 (0)627 267 149","legalName":"abac holland bv","foundingDate":"2011-01-09"}]}},"_links":{"self":[{"href":"https:\/\/crocussativus.eu\/fr\/wp-json\/wp\/v2\/pages\/589","targetHints":{"allow":["GET"]}}],"collection":[{"href":"https:\/\/crocussativus.eu\/fr\/wp-json\/wp\/v2\/pages"}],"about":[{"href":"https:\/\/crocussativus.eu\/fr\/wp-json\/wp\/v2\/types\/page"}],"author":[{"embeddable":true,"href":"https:\/\/crocussativus.eu\/fr\/wp-json\/wp\/v2\/users\/1"}],"replies":[{"embeddable":true,"href":"https:\/\/crocussativus.eu\/fr\/wp-json\/wp\/v2\/comments?post=589"}],"version-history":[{"count":0,"href":"https:\/\/crocussativus.eu\/fr\/wp-json\/wp\/v2\/pages\/589\/revisions"}],"wp:attachment":[{"href":"https:\/\/crocussativus.eu\/fr\/wp-json\/wp\/v2\/media?parent=589"}],"curies":[{"name":"wp","href":"https:\/\/api.w.org\/{rel}","templated":true}]}}