{"id":974,"date":"2022-04-12T12:16:31","date_gmt":"2022-04-12T12:16:31","guid":{"rendered":"https:\/\/demo.crocussativus.eu\/saffraankaas-sticks\/"},"modified":"2025-05-17T08:50:58","modified_gmt":"2025-05-17T08:50:58","slug":"batonnets-de-fromage-safran","status":"publish","type":"page","link":"https:\/\/crocussativus.eu\/fr\/batonnets-de-fromage-safran\/","title":{"rendered":"B\u00e2tonnets de fromage safran"},"content":{"rendered":"<div class=\"wpb-content-wrapper\"><p>[vc_row][vc_column][vc_column_text]<\/p>\n<h1 style=\"text-align: center;\">Pain fromager safran\u00e9<\/h1>\n<p>&nbsp;<\/p>\n<p><img loading=\"lazy\" decoding=\"async\" class=\"aligncenter wp-image-929 size-large\" src=\"https:\/\/crocussativus.eu\/wp-content\/uploads\/2022\/04\/20220304124857_IMG_3730-683x1024.jpg\" alt=\"\" width=\"683\" height=\"1024\" srcset=\"https:\/\/crocussativus.eu\/wp-content\/uploads\/2022\/04\/20220304124857_IMG_3730-683x1024.jpg 683w, https:\/\/crocussativus.eu\/wp-content\/uploads\/2022\/04\/20220304124857_IMG_3730-200x300.jpg 200w, https:\/\/crocussativus.eu\/wp-content\/uploads\/2022\/04\/20220304124857_IMG_3730-768x1152.jpg 768w, https:\/\/crocussativus.eu\/wp-content\/uploads\/2022\/04\/20220304124857_IMG_3730-1024x1536.jpg 1024w, https:\/\/crocussativus.eu\/wp-content\/uploads\/2022\/04\/20220304124857_IMG_3730-600x900.jpg 600w, https:\/\/crocussativus.eu\/wp-content\/uploads\/2022\/04\/20220304124857_IMG_3730.jpg 1280w\" sizes=\"auto, (max-width: 683px) 100vw, 683px\" \/><\/p>\n<h3>Un b\u00e2ton de pain au levain cuit au four de style Fran\u00e7ais combin\u00e9 avec le fromage safran original de la ferme.<\/h3>\n<p><img loading=\"lazy\" decoding=\"async\" class=\"aligncenter wp-image-934 size-large\" src=\"https:\/\/crocussativus.eu\/wp-content\/uploads\/2022\/04\/20220304135813_IMG_3868-1024x683.jpg\" alt=\"\" width=\"1024\" height=\"683\" srcset=\"https:\/\/crocussativus.eu\/wp-content\/uploads\/2022\/04\/20220304135813_IMG_3868-1024x683.jpg 1024w, https:\/\/crocussativus.eu\/wp-content\/uploads\/2022\/04\/20220304135813_IMG_3868-300x200.jpg 300w, https:\/\/crocussativus.eu\/wp-content\/uploads\/2022\/04\/20220304135813_IMG_3868-768x512.jpg 768w, https:\/\/crocussativus.eu\/wp-content\/uploads\/2022\/04\/20220304135813_IMG_3868-1536x1024.jpg 1536w, https:\/\/crocussativus.eu\/wp-content\/uploads\/2022\/04\/20220304135813_IMG_3868-600x400.jpg 600w, https:\/\/crocussativus.eu\/wp-content\/uploads\/2022\/04\/20220304135813_IMG_3868.jpg 1920w\" sizes=\"auto, (max-width: 1024px) 100vw, 1024px\" \/><\/p>\n<h3>Cette combinaison en fait un bar \u00e0 pain d\u00e9licieusement savoureux avec une origine enti\u00e8rement artisanale.<\/h3>\n<p><img loading=\"lazy\" decoding=\"async\" class=\"wp-image-1279 size-large aligncenter\" src=\"https:\/\/crocussativus.eu\/wp-content\/uploads\/2022\/04\/20220304125442_IMG_3762-1024x683.jpg\" alt=\"\" width=\"1024\" height=\"683\" srcset=\"https:\/\/crocussativus.eu\/wp-content\/uploads\/2022\/04\/20220304125442_IMG_3762-1024x683.jpg 1024w, https:\/\/crocussativus.eu\/wp-content\/uploads\/2022\/04\/20220304125442_IMG_3762-300x200.jpg 300w, https:\/\/crocussativus.eu\/wp-content\/uploads\/2022\/04\/20220304125442_IMG_3762-768x512.jpg 768w, https:\/\/crocussativus.eu\/wp-content\/uploads\/2022\/04\/20220304125442_IMG_3762-1536x1025.jpg 1536w, https:\/\/crocussativus.eu\/wp-content\/uploads\/2022\/04\/20220304125442_IMG_3762-600x400.jpg 600w, https:\/\/crocussativus.eu\/wp-content\/uploads\/2022\/04\/20220304125442_IMG_3762.jpg 1826w\" sizes=\"auto, (max-width: 1024px) 100vw, 1024px\" \/><\/p>\n<h3>Pour faire pain fromager safran\u00e9, le boulanger m\u00e9lange le fromage safran coup\u00e9 en petits morceaux avec la p\u00e2te qui a lev\u00e9 pendant 24 heures.<\/h3>\n<p><img loading=\"lazy\" decoding=\"async\" class=\"aligncenter wp-image-944 size-large\" src=\"https:\/\/crocussativus.eu\/wp-content\/uploads\/2022\/04\/20220304134007_IMG_3828-1024x683.jpg\" alt=\"\" width=\"1024\" height=\"683\" srcset=\"https:\/\/crocussativus.eu\/wp-content\/uploads\/2022\/04\/20220304134007_IMG_3828-1024x683.jpg 1024w, https:\/\/crocussativus.eu\/wp-content\/uploads\/2022\/04\/20220304134007_IMG_3828-300x200.jpg 300w, https:\/\/crocussativus.eu\/wp-content\/uploads\/2022\/04\/20220304134007_IMG_3828-768x512.jpg 768w, https:\/\/crocussativus.eu\/wp-content\/uploads\/2022\/04\/20220304134007_IMG_3828-600x400.jpg 600w, https:\/\/crocussativus.eu\/wp-content\/uploads\/2022\/04\/20220304134007_IMG_3828.jpg 1479w\" sizes=\"auto, (max-width: 1024px) 100vw, 1024px\" \/><\/p>\n<h3>Le boulanger forme ensuite les b\u00e2tonnets de fromage safran et les coupe avant de les mettre au four.<\/h3>\n<p><img loading=\"lazy\" decoding=\"async\" class=\"wp-image-1286 size-large aligncenter\" src=\"https:\/\/crocussativus.eu\/wp-content\/uploads\/2022\/04\/20220304132723_IMG_3789-1024x683.jpg\" alt=\"\" width=\"1024\" height=\"683\" srcset=\"https:\/\/crocussativus.eu\/wp-content\/uploads\/2022\/04\/20220304132723_IMG_3789-1024x683.jpg 1024w, https:\/\/crocussativus.eu\/wp-content\/uploads\/2022\/04\/20220304132723_IMG_3789-300x200.jpg 300w, https:\/\/crocussativus.eu\/wp-content\/uploads\/2022\/04\/20220304132723_IMG_3789-768x512.jpg 768w, https:\/\/crocussativus.eu\/wp-content\/uploads\/2022\/04\/20220304132723_IMG_3789-1536x1025.jpg 1536w, https:\/\/crocussativus.eu\/wp-content\/uploads\/2022\/04\/20220304132723_IMG_3789-600x400.jpg 600w, https:\/\/crocussativus.eu\/wp-content\/uploads\/2022\/04\/20220304132723_IMG_3789.jpg 1824w\" sizes=\"auto, (max-width: 1024px) 100vw, 1024px\" \/><\/p>\n<h3>Laissez la p\u00e2te \u00e0 pain au fromage safran avec une culture au levain au lieu de levure:<br \/>\n&#8211; fournit un go\u00fbt plus complet<br \/>\n&#8211; est facilement digestible<br \/>\n&#8211; a une meilleure absorption de 50% \u00e0 100% des min\u00e9raux (par exemple magn\u00e9sium, fer, zinc)<br \/>\n&#8211; a une dur\u00e9e de conservation plus longue<\/h3>\n<p><img loading=\"lazy\" decoding=\"async\" class=\"aligncenter wp-image-954 size-large\" src=\"https:\/\/crocussativus.eu\/wp-content\/uploads\/2022\/04\/20220304135739_IMG_3863-1024x683.jpg\" alt=\"\" width=\"1024\" height=\"683\" srcset=\"https:\/\/crocussativus.eu\/wp-content\/uploads\/2022\/04\/20220304135739_IMG_3863-1024x683.jpg 1024w, https:\/\/crocussativus.eu\/wp-content\/uploads\/2022\/04\/20220304135739_IMG_3863-300x200.jpg 300w, https:\/\/crocussativus.eu\/wp-content\/uploads\/2022\/04\/20220304135739_IMG_3863-768x512.jpg 768w, https:\/\/crocussativus.eu\/wp-content\/uploads\/2022\/04\/20220304135739_IMG_3863-600x400.jpg 600w, https:\/\/crocussativus.eu\/wp-content\/uploads\/2022\/04\/20220304135739_IMG_3863.jpg 1052w\" sizes=\"auto, (max-width: 1024px) 100vw, 1024px\" \/><\/p>\n<h2>Pour plus d\u2019informations et les prix sur les b\u00e2tonnets de fromage safran par la poste ou appelez-nous.<\/h2>\n<p><img loading=\"lazy\" decoding=\"async\" class=\"aligncenter wp-image-959 size-large\" src=\"https:\/\/crocussativus.eu\/wp-content\/uploads\/2022\/04\/20220304140426_IMG_3886-1024x683.jpg\" alt=\"\" width=\"1024\" height=\"683\" srcset=\"https:\/\/crocussativus.eu\/wp-content\/uploads\/2022\/04\/20220304140426_IMG_3886-1024x683.jpg 1024w, https:\/\/crocussativus.eu\/wp-content\/uploads\/2022\/04\/20220304140426_IMG_3886-300x200.jpg 300w, https:\/\/crocussativus.eu\/wp-content\/uploads\/2022\/04\/20220304140426_IMG_3886-768x512.jpg 768w, https:\/\/crocussativus.eu\/wp-content\/uploads\/2022\/04\/20220304140426_IMG_3886-1536x1025.jpg 1536w, https:\/\/crocussativus.eu\/wp-content\/uploads\/2022\/04\/20220304140426_IMG_3886-600x400.jpg 600w, https:\/\/crocussativus.eu\/wp-content\/uploads\/2022\/04\/20220304140426_IMG_3886.jpg 1856w\" sizes=\"auto, (max-width: 1024px) 100vw, 1024px\" \/>[\/vc_column_text][\/vc_column][\/vc_row][vc_row full_width=\u00a0\u00bbstretch_row\u00a0\u00bb css=\u00a0\u00bb.vc_custom_1644242697585{background-color: #f9f9f9 !important;}\u00a0\u00bb][vc_column width=\u00a0\u00bb1\/4&Prime;][vc_column_text]<\/p>\n<h4>D\u00c9TAILS DE L&rsquo;ENTREPRISE<\/h4>\n<p>ABAC Holland B.V.<br \/>\nAttn. Crocussativus<br \/>\nMr. J.Henderikxstraat 57<br \/>\n1788 AZ Julianadorp<br \/>\nPays-Bas<\/p>\n<p>N\u00e9erlandais CdC 54348765<br \/>\nTVA NL8512.69.382.B01[\/vc_column_text][\/vc_column][vc_column width=\u00a0\u00bb1\/4&Prime;][vc_column_text css=\u00a0\u00bb\u00a0\u00bb]<\/p>\n<h4>CONTACT<\/h4>\n<p><strong>Crocussativus.eu<\/strong><br \/>\nT <a href=\"tel:+31627267149\">+31 (0)627 267 149<\/a><br \/>\nE: <a href=\"mailto:info@crocussativus.eu\">info@crocussativus.eu<\/a><\/p>\n<p>[\/vc_column_text][\/vc_column][vc_column width=\u00a0\u00bb1\/4&Prime;][vc_column_text]<\/p>\n<h4>ACHATS<\/h4>\n<p>Toutes nos transactions sont trait\u00e9es en toute s\u00e9curit\u00e9 par Mollie.<\/p>\n<p><strong>Les frais de livraison:<br \/>\n<\/strong>Pays-Bas &#8211; gratuit<br \/>\nE.U. &#8211; \u20ac6 par commande<br \/>\nOutside E.U. &#8211;\u00a0prix sur demande<\/p>\n<p><em>*Les pays ayant des exigences phytosanitaires payent l&rsquo;inspection des taxes.<\/em>[\/vc_column_text][\/vc_column][vc_column width=\u00a0\u00bb1\/4&Prime;][vc_column_text]<\/p>\n<h5>KLANTENSERVICE<\/h5>\n<p>[\/vc_column_text][vc_wp_custommenu nav_menu=\u00a0\u00bb36&Prime;][\/vc_column][\/vc_row]<\/p>\n<\/div>","protected":false},"excerpt":{"rendered":"<p>[vc_row][vc_column][vc_column_text] Pain fromager safran\u00e9 &nbsp; Un b\u00e2ton de pain au levain cuit au four de style Fran\u00e7ais combin\u00e9 avec le fromage safran original de la ferme. Cette combinaison en fait un bar \u00e0 pain d\u00e9licieusement savoureux avec une origine enti\u00e8rement artisanale. Pour faire pain fromager safran\u00e9, le boulanger m\u00e9lange le fromage safran coup\u00e9 en petits&hellip;<\/p>\n","protected":false},"author":2,"featured_media":0,"parent":0,"menu_order":0,"comment_status":"closed","ping_status":"closed","template":"","meta":{"footnotes":""},"class_list":["post-974","page","type-page","status-publish","hentry","description-off"],"yoast_head":"<!-- This site is optimized with the Yoast SEO Premium plugin v26.5 (Yoast SEO v26.5) - https:\/\/yoast.com\/wordpress\/plugins\/seo\/ -->\n<title>B\u00e2tonnets de fromage safran - Crocussativus<\/title>\n<meta name=\"robots\" content=\"index, follow, max-snippet:-1, max-image-preview:large, max-video-preview:-1\" \/>\n<link rel=\"canonical\" href=\"https:\/\/crocussativus.eu\/fr\/batonnets-de-fromage-safran\/\" \/>\n<meta property=\"og:locale\" content=\"fr_FR\" \/>\n<meta property=\"og:type\" content=\"article\" \/>\n<meta property=\"og:title\" content=\"B\u00e2tonnets de fromage safran\" \/>\n<meta property=\"og:description\" content=\"[vc_row][vc_column][vc_column_text] Pain fromager safran\u00e9 &nbsp; Un b\u00e2ton de pain au levain cuit au four de style Fran\u00e7ais combin\u00e9 avec le fromage safran original de la ferme. Cette combinaison en fait un bar \u00e0 pain d\u00e9licieusement savoureux avec une origine enti\u00e8rement artisanale. Pour faire pain fromager safran\u00e9, le boulanger m\u00e9lange le fromage safran coup\u00e9 en petits&hellip;\" \/>\n<meta property=\"og:url\" content=\"https:\/\/crocussativus.eu\/fr\/batonnets-de-fromage-safran\/\" \/>\n<meta property=\"og:site_name\" content=\"Crocussativus\" \/>\n<meta property=\"article:publisher\" content=\"https:\/\/www.facebook.com\/crocussativus.eu\" \/>\n<meta property=\"article:modified_time\" content=\"2025-05-17T08:50:58+00:00\" \/>\n<meta property=\"og:image\" content=\"https:\/\/crocussativus.eu\/wp-content\/uploads\/2022\/04\/20220304124857_IMG_3730.jpg\" \/>\n\t<meta property=\"og:image:width\" content=\"1280\" \/>\n\t<meta property=\"og:image:height\" content=\"1920\" \/>\n\t<meta property=\"og:image:type\" content=\"image\/jpeg\" \/>\n<meta name=\"twitter:card\" content=\"summary_large_image\" \/>\n<meta name=\"twitter:label1\" content=\"Dur\u00e9e de lecture estim\u00e9e\" \/>\n\t<meta name=\"twitter:data1\" content=\"3 minutes\" \/>\n<script type=\"application\/ld+json\" class=\"yoast-schema-graph\">{\"@context\":\"https:\/\/schema.org\",\"@graph\":[{\"@type\":\"WebPage\",\"@id\":\"https:\/\/crocussativus.eu\/fr\/batonnets-de-fromage-safran\/\",\"url\":\"https:\/\/crocussativus.eu\/fr\/batonnets-de-fromage-safran\/\",\"name\":\"B\u00e2tonnets de fromage safran - Crocussativus\",\"isPartOf\":{\"@id\":\"https:\/\/crocussativus.eu\/#website\"},\"primaryImageOfPage\":{\"@id\":\"https:\/\/crocussativus.eu\/fr\/batonnets-de-fromage-safran\/#primaryimage\"},\"image\":{\"@id\":\"https:\/\/crocussativus.eu\/fr\/batonnets-de-fromage-safran\/#primaryimage\"},\"thumbnailUrl\":\"https:\/\/crocussativus.eu\/wp-content\/uploads\/2022\/04\/20220304124857_IMG_3730-683x1024.jpg\",\"datePublished\":\"2022-04-12T12:16:31+00:00\",\"dateModified\":\"2025-05-17T08:50:58+00:00\",\"breadcrumb\":{\"@id\":\"https:\/\/crocussativus.eu\/fr\/batonnets-de-fromage-safran\/#breadcrumb\"},\"inLanguage\":\"fr-FR\",\"potentialAction\":[{\"@type\":\"ReadAction\",\"target\":[\"https:\/\/crocussativus.eu\/fr\/batonnets-de-fromage-safran\/\"]}]},{\"@type\":\"ImageObject\",\"inLanguage\":\"fr-FR\",\"@id\":\"https:\/\/crocussativus.eu\/fr\/batonnets-de-fromage-safran\/#primaryimage\",\"url\":\"https:\/\/crocussativus.eu\/wp-content\/uploads\/2022\/04\/20220304124857_IMG_3730-683x1024.jpg\",\"contentUrl\":\"https:\/\/crocussativus.eu\/wp-content\/uploads\/2022\/04\/20220304124857_IMG_3730-683x1024.jpg\"},{\"@type\":\"BreadcrumbList\",\"@id\":\"https:\/\/crocussativus.eu\/fr\/batonnets-de-fromage-safran\/#breadcrumb\",\"itemListElement\":[{\"@type\":\"ListItem\",\"position\":1,\"name\":\"Home\",\"item\":\"https:\/\/crocussativus.eu\/fr\/\"},{\"@type\":\"ListItem\",\"position\":2,\"name\":\"B\u00e2tonnets de fromage safran\"}]},{\"@type\":\"WebSite\",\"@id\":\"https:\/\/crocussativus.eu\/#website\",\"url\":\"https:\/\/crocussativus.eu\/\",\"name\":\"Crocussativus.eu\",\"description\":\"Saffraan, Capsules, Crocus sativus bollen &amp; Saffraankaas\",\"publisher\":{\"@id\":\"https:\/\/crocussativus.eu\/#organization\"},\"potentialAction\":[{\"@type\":\"SearchAction\",\"target\":{\"@type\":\"EntryPoint\",\"urlTemplate\":\"https:\/\/crocussativus.eu\/?s={search_term_string}\"},\"query-input\":{\"@type\":\"PropertyValueSpecification\",\"valueRequired\":true,\"valueName\":\"search_term_string\"}}],\"inLanguage\":\"fr-FR\"},{\"@type\":\"Organization\",\"@id\":\"https:\/\/crocussativus.eu\/#organization\",\"name\":\"abac holland bv\",\"alternateName\":\"crocus sativus .eu\",\"url\":\"https:\/\/crocussativus.eu\/\",\"logo\":{\"@type\":\"ImageObject\",\"inLanguage\":\"fr-FR\",\"@id\":\"https:\/\/crocussativus.eu\/#\/schema\/logo\/image\/\",\"url\":\"https:\/\/crocussativus.eu\/wp-content\/uploads\/2023\/06\/logo_h80-1.png\",\"contentUrl\":\"https:\/\/crocussativus.eu\/wp-content\/uploads\/2023\/06\/logo_h80-1.png\",\"width\":181,\"height\":80,\"caption\":\"abac holland bv\"},\"image\":{\"@id\":\"https:\/\/crocussativus.eu\/#\/schema\/logo\/image\/\"},\"sameAs\":[\"https:\/\/www.facebook.com\/crocussativus.eu\"],\"description\":\"Social and Solidarity Enterprise. We do everything we can to oSociale en Solidaire Onderneming. We doen er alles aan om innovatieve en transparante middelen en diensten aan te bieden en zo de Saffraan- en Crocus sativus telers te ondersteunen.ffer innovative and transparent resources and services to support Saffron and Crocus sativus growers.\",\"email\":\"info@abacholland.com\",\"telephone\":\"+31 (0)627 267 149\",\"legalName\":\"abac holland bv\",\"foundingDate\":\"2011-01-09\"}]}<\/script>\n<!-- \/ Yoast SEO Premium plugin. -->","yoast_head_json":{"title":"B\u00e2tonnets de fromage safran - Crocussativus","robots":{"index":"index","follow":"follow","max-snippet":"max-snippet:-1","max-image-preview":"max-image-preview:large","max-video-preview":"max-video-preview:-1"},"canonical":"https:\/\/crocussativus.eu\/fr\/batonnets-de-fromage-safran\/","og_locale":"fr_FR","og_type":"article","og_title":"B\u00e2tonnets de fromage safran","og_description":"[vc_row][vc_column][vc_column_text] Pain fromager safran\u00e9 &nbsp; Un b\u00e2ton de pain au levain cuit au four de style Fran\u00e7ais combin\u00e9 avec le fromage safran original de la ferme. Cette combinaison en fait un bar \u00e0 pain d\u00e9licieusement savoureux avec une origine enti\u00e8rement artisanale. Pour faire pain fromager safran\u00e9, le boulanger m\u00e9lange le fromage safran coup\u00e9 en petits&hellip;","og_url":"https:\/\/crocussativus.eu\/fr\/batonnets-de-fromage-safran\/","og_site_name":"Crocussativus","article_publisher":"https:\/\/www.facebook.com\/crocussativus.eu","article_modified_time":"2025-05-17T08:50:58+00:00","og_image":[{"width":1280,"height":1920,"url":"https:\/\/crocussativus.eu\/wp-content\/uploads\/2022\/04\/20220304124857_IMG_3730.jpg","type":"image\/jpeg"}],"twitter_card":"summary_large_image","twitter_misc":{"Dur\u00e9e de lecture estim\u00e9e":"3 minutes"},"schema":{"@context":"https:\/\/schema.org","@graph":[{"@type":"WebPage","@id":"https:\/\/crocussativus.eu\/fr\/batonnets-de-fromage-safran\/","url":"https:\/\/crocussativus.eu\/fr\/batonnets-de-fromage-safran\/","name":"B\u00e2tonnets de fromage safran - Crocussativus","isPartOf":{"@id":"https:\/\/crocussativus.eu\/#website"},"primaryImageOfPage":{"@id":"https:\/\/crocussativus.eu\/fr\/batonnets-de-fromage-safran\/#primaryimage"},"image":{"@id":"https:\/\/crocussativus.eu\/fr\/batonnets-de-fromage-safran\/#primaryimage"},"thumbnailUrl":"https:\/\/crocussativus.eu\/wp-content\/uploads\/2022\/04\/20220304124857_IMG_3730-683x1024.jpg","datePublished":"2022-04-12T12:16:31+00:00","dateModified":"2025-05-17T08:50:58+00:00","breadcrumb":{"@id":"https:\/\/crocussativus.eu\/fr\/batonnets-de-fromage-safran\/#breadcrumb"},"inLanguage":"fr-FR","potentialAction":[{"@type":"ReadAction","target":["https:\/\/crocussativus.eu\/fr\/batonnets-de-fromage-safran\/"]}]},{"@type":"ImageObject","inLanguage":"fr-FR","@id":"https:\/\/crocussativus.eu\/fr\/batonnets-de-fromage-safran\/#primaryimage","url":"https:\/\/crocussativus.eu\/wp-content\/uploads\/2022\/04\/20220304124857_IMG_3730-683x1024.jpg","contentUrl":"https:\/\/crocussativus.eu\/wp-content\/uploads\/2022\/04\/20220304124857_IMG_3730-683x1024.jpg"},{"@type":"BreadcrumbList","@id":"https:\/\/crocussativus.eu\/fr\/batonnets-de-fromage-safran\/#breadcrumb","itemListElement":[{"@type":"ListItem","position":1,"name":"Home","item":"https:\/\/crocussativus.eu\/fr\/"},{"@type":"ListItem","position":2,"name":"B\u00e2tonnets de fromage safran"}]},{"@type":"WebSite","@id":"https:\/\/crocussativus.eu\/#website","url":"https:\/\/crocussativus.eu\/","name":"Crocussativus.eu","description":"Saffraan, Capsules, Crocus sativus bollen &amp; Saffraankaas","publisher":{"@id":"https:\/\/crocussativus.eu\/#organization"},"potentialAction":[{"@type":"SearchAction","target":{"@type":"EntryPoint","urlTemplate":"https:\/\/crocussativus.eu\/?s={search_term_string}"},"query-input":{"@type":"PropertyValueSpecification","valueRequired":true,"valueName":"search_term_string"}}],"inLanguage":"fr-FR"},{"@type":"Organization","@id":"https:\/\/crocussativus.eu\/#organization","name":"abac holland bv","alternateName":"crocus sativus .eu","url":"https:\/\/crocussativus.eu\/","logo":{"@type":"ImageObject","inLanguage":"fr-FR","@id":"https:\/\/crocussativus.eu\/#\/schema\/logo\/image\/","url":"https:\/\/crocussativus.eu\/wp-content\/uploads\/2023\/06\/logo_h80-1.png","contentUrl":"https:\/\/crocussativus.eu\/wp-content\/uploads\/2023\/06\/logo_h80-1.png","width":181,"height":80,"caption":"abac holland bv"},"image":{"@id":"https:\/\/crocussativus.eu\/#\/schema\/logo\/image\/"},"sameAs":["https:\/\/www.facebook.com\/crocussativus.eu"],"description":"Social and Solidarity Enterprise. We do everything we can to oSociale en Solidaire Onderneming. We doen er alles aan om innovatieve en transparante middelen en diensten aan te bieden en zo de Saffraan- en Crocus sativus telers te ondersteunen.ffer innovative and transparent resources and services to support Saffron and Crocus sativus growers.","email":"info@abacholland.com","telephone":"+31 (0)627 267 149","legalName":"abac holland bv","foundingDate":"2011-01-09"}]}},"_links":{"self":[{"href":"https:\/\/crocussativus.eu\/fr\/wp-json\/wp\/v2\/pages\/974","targetHints":{"allow":["GET"]}}],"collection":[{"href":"https:\/\/crocussativus.eu\/fr\/wp-json\/wp\/v2\/pages"}],"about":[{"href":"https:\/\/crocussativus.eu\/fr\/wp-json\/wp\/v2\/types\/page"}],"author":[{"embeddable":true,"href":"https:\/\/crocussativus.eu\/fr\/wp-json\/wp\/v2\/users\/2"}],"replies":[{"embeddable":true,"href":"https:\/\/crocussativus.eu\/fr\/wp-json\/wp\/v2\/comments?post=974"}],"version-history":[{"count":0,"href":"https:\/\/crocussativus.eu\/fr\/wp-json\/wp\/v2\/pages\/974\/revisions"}],"wp:attachment":[{"href":"https:\/\/crocussativus.eu\/fr\/wp-json\/wp\/v2\/media?parent=974"}],"curies":[{"name":"wp","href":"https:\/\/api.w.org\/{rel}","templated":true}]}}