{"id":986,"date":"2022-02-07T14:35:56","date_gmt":"2022-02-07T14:35:56","guid":{"rendered":"https:\/\/demo.crocussativus.eu\/publicaties\/"},"modified":"2025-05-17T08:59:06","modified_gmt":"2025-05-17T08:59:06","slug":"hemisphere-sud-du-safran","status":"publish","type":"page","link":"https:\/\/crocussativus.eu\/fr\/hemisphere-sud-du-safran\/","title":{"rendered":"H\u00e9misph\u00e8re sud du safran"},"content":{"rendered":"<div class=\"wpb-content-wrapper\"><p>[vc_row][vc_column][vc_column_text]<\/p>\n<h1><em><strong>\u00cates-vous int\u00e9ress\u00e9 par la culture de Crocus sativus dans l&rsquo;h\u00e9misph\u00e8re sud ?<\/strong><\/em><\/h1>\n<p>merci de nous contacter par email pour une description de la culture et les conditions de livraison des bulbes \u00e0 fleurs de Crocus sativus.<\/p>\n<p>&nbsp;<\/p>\n<p><img loading=\"lazy\" decoding=\"async\" class=\"alignnone size-medium wp-image-864\" src=\"https:\/\/crocussativus.eu\/wp-content\/uploads\/2022\/04\/Annual_Cycle_Southern_Hemisphere-300x197.png\" alt=\"\" width=\"300\" height=\"197\" srcset=\"https:\/\/crocussativus.eu\/wp-content\/uploads\/2022\/04\/Annual_Cycle_Southern_Hemisphere-300x197.png 300w, https:\/\/crocussativus.eu\/wp-content\/uploads\/2022\/04\/Annual_Cycle_Southern_Hemisphere-1024x672.png 1024w, https:\/\/crocussativus.eu\/wp-content\/uploads\/2022\/04\/Annual_Cycle_Southern_Hemisphere-768x504.png 768w, https:\/\/crocussativus.eu\/wp-content\/uploads\/2022\/04\/Annual_Cycle_Southern_Hemisphere-1536x1008.png 1536w, https:\/\/crocussativus.eu\/wp-content\/uploads\/2022\/04\/Annual_Cycle_Southern_Hemisphere-600x394.png 600w, https:\/\/crocussativus.eu\/wp-content\/uploads\/2022\/04\/Annual_Cycle_Southern_Hemisphere.png 1980w\" sizes=\"auto, (max-width: 300px) 100vw, 300px\" \/><\/p>\n<h1>Pour une culture professionnelle<\/h1>\n<h1><a style=\"font-size: 14px; font-weight: normal;\" href=\"http:\/\/www.abacholland.com\">allez sur notre site.www.abacholland.com<\/a><span style=\"font-size: 14px; font-weight: normal;\"> ou envoyer un e-mail pour plus d&rsquo;informations.<\/span><\/h1>\n<p>[\/vc_column_text][\/vc_column][\/vc_row][vc_row full_width=\u00a0\u00bbstretch_row\u00a0\u00bb css=\u00a0\u00bb.vc_custom_1644242697585{background-color: #f9f9f9 !important;}\u00a0\u00bb][vc_column width=\u00a0\u00bb1\/4&Prime;][vc_column_text]<\/p>\n<h4>D\u00c9TAILS DE L&rsquo;ENTREPRISE<\/h4>\n<p>ABAC Holland B.V.<br \/>\nAttn. Crocussativus<br \/>\nMr. J.Henderikxstraat 57<br \/>\n1788 AZ Julianadorp<br \/>\nPays-Bas<\/p>\n<p>N\u00e9erlandais CdC 54348765<br \/>\nTVA NL8512.69.382.B01[\/vc_column_text][\/vc_column][vc_column width=\u00a0\u00bb1\/4&Prime;][vc_column_text css=\u00a0\u00bb\u00a0\u00bb]<\/p>\n<h4>CONTACT<\/h4>\n<p><strong>Crocussativus.eu<\/strong><br \/>\nT <a href=\"tel:+31627267149\">+31 (0)627 267 149<\/a><br \/>\nE: <a href=\"mailto:info@crocussativus.eu\">info@crocussativus.eu<\/a><\/p>\n<p>[\/vc_column_text][\/vc_column][vc_column width=\u00a0\u00bb1\/4&Prime;][vc_column_text]<\/p>\n<h4>ACHATS<\/h4>\n<p>Toutes nos transactions sont trait\u00e9es en toute s\u00e9curit\u00e9 par Mollie.<\/p>\n<p><strong>Les frais de livraison:<br \/>\n<\/strong>Pays-Bas &#8211; gratuit<br \/>\nE.U. &#8211; \u20ac6 par commande<br \/>\nOutside E.U. &#8211;\u00a0prix sur demande<\/p>\n<p><em>*Les pays ayant des exigences phytosanitaires payent l&rsquo;inspection des taxes.<\/em>[\/vc_column_text][\/vc_column][vc_column width=\u00a0\u00bb1\/4&Prime;][vc_column_text]<\/p>\n<h5>KLANTENSERVICE<\/h5>\n<p>[\/vc_column_text][vc_wp_custommenu nav_menu=\u00a0\u00bb36&Prime;][\/vc_column][\/vc_row]<\/p>\n<\/div>","protected":false},"excerpt":{"rendered":"<p>[vc_row][vc_column][vc_column_text] \u00cates-vous int\u00e9ress\u00e9 par la culture de Crocus sativus dans l&rsquo;h\u00e9misph\u00e8re sud ? merci de nous contacter par email pour une description de la culture et les conditions de livraison des bulbes \u00e0 fleurs de Crocus sativus. &nbsp; Pour une culture professionnelle allez sur notre site.www.abacholland.com ou envoyer un e-mail pour plus d&rsquo;informations. [\/vc_column_text][\/vc_column][\/vc_row][vc_row full_width=\u00a0\u00bbstretch_row\u00a0\u00bb&hellip;<\/p>\n","protected":false},"author":1,"featured_media":0,"parent":0,"menu_order":0,"comment_status":"closed","ping_status":"closed","template":"","meta":{"footnotes":""},"class_list":["post-986","page","type-page","status-publish","hentry","description-off"],"yoast_head":"<!-- This site is optimized with the Yoast SEO Premium plugin v26.5 (Yoast SEO v26.5) - https:\/\/yoast.com\/wordpress\/plugins\/seo\/ -->\n<title>H\u00e9misph\u00e8re sud du safran - Crocussativus<\/title>\n<meta name=\"robots\" content=\"index, follow, max-snippet:-1, max-image-preview:large, max-video-preview:-1\" \/>\n<link rel=\"canonical\" href=\"https:\/\/crocussativus.eu\/fr\/hemisphere-sud-du-safran\/\" \/>\n<meta property=\"og:locale\" content=\"fr_FR\" \/>\n<meta property=\"og:type\" content=\"article\" \/>\n<meta property=\"og:title\" content=\"H\u00e9misph\u00e8re sud du safran\" \/>\n<meta property=\"og:description\" content=\"[vc_row][vc_column][vc_column_text] \u00cates-vous int\u00e9ress\u00e9 par la culture de Crocus sativus dans l&rsquo;h\u00e9misph\u00e8re sud ? merci de nous contacter par email pour une description de la culture et les conditions de livraison des bulbes \u00e0 fleurs de Crocus sativus. &nbsp; Pour une culture professionnelle allez sur notre site.www.abacholland.com ou envoyer un e-mail pour plus d&rsquo;informations. [\/vc_column_text][\/vc_column][\/vc_row][vc_row full_width=\u00a0\u00bbstretch_row\u00a0\u00bb&hellip;\" \/>\n<meta property=\"og:url\" content=\"https:\/\/crocussativus.eu\/fr\/hemisphere-sud-du-safran\/\" \/>\n<meta property=\"og:site_name\" content=\"Crocussativus\" \/>\n<meta property=\"article:publisher\" content=\"https:\/\/www.facebook.com\/crocussativus.eu\" \/>\n<meta property=\"article:modified_time\" content=\"2025-05-17T08:59:06+00:00\" \/>\n<meta property=\"og:image\" content=\"https:\/\/crocussativus.eu\/wp-content\/uploads\/2022\/04\/Annual_Cycle_Southern_Hemisphere.png\" \/>\n\t<meta property=\"og:image:width\" content=\"1980\" \/>\n\t<meta property=\"og:image:height\" content=\"1300\" \/>\n\t<meta property=\"og:image:type\" content=\"image\/png\" \/>\n<meta name=\"twitter:card\" content=\"summary_large_image\" \/>\n<meta name=\"twitter:label1\" content=\"Dur\u00e9e de lecture estim\u00e9e\" \/>\n\t<meta name=\"twitter:data1\" content=\"1 minute\" \/>\n<script type=\"application\/ld+json\" class=\"yoast-schema-graph\">{\"@context\":\"https:\/\/schema.org\",\"@graph\":[{\"@type\":\"WebPage\",\"@id\":\"https:\/\/crocussativus.eu\/fr\/hemisphere-sud-du-safran\/\",\"url\":\"https:\/\/crocussativus.eu\/fr\/hemisphere-sud-du-safran\/\",\"name\":\"H\u00e9misph\u00e8re sud du safran - Crocussativus\",\"isPartOf\":{\"@id\":\"https:\/\/crocussativus.eu\/#website\"},\"primaryImageOfPage\":{\"@id\":\"https:\/\/crocussativus.eu\/fr\/hemisphere-sud-du-safran\/#primaryimage\"},\"image\":{\"@id\":\"https:\/\/crocussativus.eu\/fr\/hemisphere-sud-du-safran\/#primaryimage\"},\"thumbnailUrl\":\"https:\/\/crocussativus.eu\/wp-content\/uploads\/2022\/04\/Annual_Cycle_Southern_Hemisphere-300x197.png\",\"datePublished\":\"2022-02-07T14:35:56+00:00\",\"dateModified\":\"2025-05-17T08:59:06+00:00\",\"breadcrumb\":{\"@id\":\"https:\/\/crocussativus.eu\/fr\/hemisphere-sud-du-safran\/#breadcrumb\"},\"inLanguage\":\"fr-FR\",\"potentialAction\":[{\"@type\":\"ReadAction\",\"target\":[\"https:\/\/crocussativus.eu\/fr\/hemisphere-sud-du-safran\/\"]}]},{\"@type\":\"ImageObject\",\"inLanguage\":\"fr-FR\",\"@id\":\"https:\/\/crocussativus.eu\/fr\/hemisphere-sud-du-safran\/#primaryimage\",\"url\":\"https:\/\/crocussativus.eu\/wp-content\/uploads\/2022\/04\/Annual_Cycle_Southern_Hemisphere-300x197.png\",\"contentUrl\":\"https:\/\/crocussativus.eu\/wp-content\/uploads\/2022\/04\/Annual_Cycle_Southern_Hemisphere-300x197.png\"},{\"@type\":\"BreadcrumbList\",\"@id\":\"https:\/\/crocussativus.eu\/fr\/hemisphere-sud-du-safran\/#breadcrumb\",\"itemListElement\":[{\"@type\":\"ListItem\",\"position\":1,\"name\":\"Home\",\"item\":\"https:\/\/crocussativus.eu\/fr\/\"},{\"@type\":\"ListItem\",\"position\":2,\"name\":\"H\u00e9misph\u00e8re sud du safran\"}]},{\"@type\":\"WebSite\",\"@id\":\"https:\/\/crocussativus.eu\/#website\",\"url\":\"https:\/\/crocussativus.eu\/\",\"name\":\"Crocussativus.eu\",\"description\":\"Saffraan, Capsules, Crocus sativus bollen &amp; Saffraankaas\",\"publisher\":{\"@id\":\"https:\/\/crocussativus.eu\/#organization\"},\"potentialAction\":[{\"@type\":\"SearchAction\",\"target\":{\"@type\":\"EntryPoint\",\"urlTemplate\":\"https:\/\/crocussativus.eu\/?s={search_term_string}\"},\"query-input\":{\"@type\":\"PropertyValueSpecification\",\"valueRequired\":true,\"valueName\":\"search_term_string\"}}],\"inLanguage\":\"fr-FR\"},{\"@type\":\"Organization\",\"@id\":\"https:\/\/crocussativus.eu\/#organization\",\"name\":\"abac holland bv\",\"alternateName\":\"crocus sativus .eu\",\"url\":\"https:\/\/crocussativus.eu\/\",\"logo\":{\"@type\":\"ImageObject\",\"inLanguage\":\"fr-FR\",\"@id\":\"https:\/\/crocussativus.eu\/#\/schema\/logo\/image\/\",\"url\":\"https:\/\/crocussativus.eu\/wp-content\/uploads\/2023\/06\/logo_h80-1.png\",\"contentUrl\":\"https:\/\/crocussativus.eu\/wp-content\/uploads\/2023\/06\/logo_h80-1.png\",\"width\":181,\"height\":80,\"caption\":\"abac holland bv\"},\"image\":{\"@id\":\"https:\/\/crocussativus.eu\/#\/schema\/logo\/image\/\"},\"sameAs\":[\"https:\/\/www.facebook.com\/crocussativus.eu\"],\"description\":\"Social and Solidarity Enterprise. We do everything we can to oSociale en Solidaire Onderneming. We doen er alles aan om innovatieve en transparante middelen en diensten aan te bieden en zo de Saffraan- en Crocus sativus telers te ondersteunen.ffer innovative and transparent resources and services to support Saffron and Crocus sativus growers.\",\"email\":\"info@abacholland.com\",\"telephone\":\"+31 (0)627 267 149\",\"legalName\":\"abac holland bv\",\"foundingDate\":\"2011-01-09\"}]}<\/script>\n<!-- \/ Yoast SEO Premium plugin. -->","yoast_head_json":{"title":"H\u00e9misph\u00e8re sud du safran - Crocussativus","robots":{"index":"index","follow":"follow","max-snippet":"max-snippet:-1","max-image-preview":"max-image-preview:large","max-video-preview":"max-video-preview:-1"},"canonical":"https:\/\/crocussativus.eu\/fr\/hemisphere-sud-du-safran\/","og_locale":"fr_FR","og_type":"article","og_title":"H\u00e9misph\u00e8re sud du safran","og_description":"[vc_row][vc_column][vc_column_text] \u00cates-vous int\u00e9ress\u00e9 par la culture de Crocus sativus dans l&rsquo;h\u00e9misph\u00e8re sud ? merci de nous contacter par email pour une description de la culture et les conditions de livraison des bulbes \u00e0 fleurs de Crocus sativus. &nbsp; Pour une culture professionnelle allez sur notre site.www.abacholland.com ou envoyer un e-mail pour plus d&rsquo;informations. [\/vc_column_text][\/vc_column][\/vc_row][vc_row full_width=\u00a0\u00bbstretch_row\u00a0\u00bb&hellip;","og_url":"https:\/\/crocussativus.eu\/fr\/hemisphere-sud-du-safran\/","og_site_name":"Crocussativus","article_publisher":"https:\/\/www.facebook.com\/crocussativus.eu","article_modified_time":"2025-05-17T08:59:06+00:00","og_image":[{"width":1980,"height":1300,"url":"https:\/\/crocussativus.eu\/wp-content\/uploads\/2022\/04\/Annual_Cycle_Southern_Hemisphere.png","type":"image\/png"}],"twitter_card":"summary_large_image","twitter_misc":{"Dur\u00e9e de lecture estim\u00e9e":"1 minute"},"schema":{"@context":"https:\/\/schema.org","@graph":[{"@type":"WebPage","@id":"https:\/\/crocussativus.eu\/fr\/hemisphere-sud-du-safran\/","url":"https:\/\/crocussativus.eu\/fr\/hemisphere-sud-du-safran\/","name":"H\u00e9misph\u00e8re sud du safran - Crocussativus","isPartOf":{"@id":"https:\/\/crocussativus.eu\/#website"},"primaryImageOfPage":{"@id":"https:\/\/crocussativus.eu\/fr\/hemisphere-sud-du-safran\/#primaryimage"},"image":{"@id":"https:\/\/crocussativus.eu\/fr\/hemisphere-sud-du-safran\/#primaryimage"},"thumbnailUrl":"https:\/\/crocussativus.eu\/wp-content\/uploads\/2022\/04\/Annual_Cycle_Southern_Hemisphere-300x197.png","datePublished":"2022-02-07T14:35:56+00:00","dateModified":"2025-05-17T08:59:06+00:00","breadcrumb":{"@id":"https:\/\/crocussativus.eu\/fr\/hemisphere-sud-du-safran\/#breadcrumb"},"inLanguage":"fr-FR","potentialAction":[{"@type":"ReadAction","target":["https:\/\/crocussativus.eu\/fr\/hemisphere-sud-du-safran\/"]}]},{"@type":"ImageObject","inLanguage":"fr-FR","@id":"https:\/\/crocussativus.eu\/fr\/hemisphere-sud-du-safran\/#primaryimage","url":"https:\/\/crocussativus.eu\/wp-content\/uploads\/2022\/04\/Annual_Cycle_Southern_Hemisphere-300x197.png","contentUrl":"https:\/\/crocussativus.eu\/wp-content\/uploads\/2022\/04\/Annual_Cycle_Southern_Hemisphere-300x197.png"},{"@type":"BreadcrumbList","@id":"https:\/\/crocussativus.eu\/fr\/hemisphere-sud-du-safran\/#breadcrumb","itemListElement":[{"@type":"ListItem","position":1,"name":"Home","item":"https:\/\/crocussativus.eu\/fr\/"},{"@type":"ListItem","position":2,"name":"H\u00e9misph\u00e8re sud du safran"}]},{"@type":"WebSite","@id":"https:\/\/crocussativus.eu\/#website","url":"https:\/\/crocussativus.eu\/","name":"Crocussativus.eu","description":"Saffraan, Capsules, Crocus sativus bollen &amp; Saffraankaas","publisher":{"@id":"https:\/\/crocussativus.eu\/#organization"},"potentialAction":[{"@type":"SearchAction","target":{"@type":"EntryPoint","urlTemplate":"https:\/\/crocussativus.eu\/?s={search_term_string}"},"query-input":{"@type":"PropertyValueSpecification","valueRequired":true,"valueName":"search_term_string"}}],"inLanguage":"fr-FR"},{"@type":"Organization","@id":"https:\/\/crocussativus.eu\/#organization","name":"abac holland bv","alternateName":"crocus sativus .eu","url":"https:\/\/crocussativus.eu\/","logo":{"@type":"ImageObject","inLanguage":"fr-FR","@id":"https:\/\/crocussativus.eu\/#\/schema\/logo\/image\/","url":"https:\/\/crocussativus.eu\/wp-content\/uploads\/2023\/06\/logo_h80-1.png","contentUrl":"https:\/\/crocussativus.eu\/wp-content\/uploads\/2023\/06\/logo_h80-1.png","width":181,"height":80,"caption":"abac holland bv"},"image":{"@id":"https:\/\/crocussativus.eu\/#\/schema\/logo\/image\/"},"sameAs":["https:\/\/www.facebook.com\/crocussativus.eu"],"description":"Social and Solidarity Enterprise. We do everything we can to oSociale en Solidaire Onderneming. We doen er alles aan om innovatieve en transparante middelen en diensten aan te bieden en zo de Saffraan- en Crocus sativus telers te ondersteunen.ffer innovative and transparent resources and services to support Saffron and Crocus sativus growers.","email":"info@abacholland.com","telephone":"+31 (0)627 267 149","legalName":"abac holland bv","foundingDate":"2011-01-09"}]}},"_links":{"self":[{"href":"https:\/\/crocussativus.eu\/fr\/wp-json\/wp\/v2\/pages\/986","targetHints":{"allow":["GET"]}}],"collection":[{"href":"https:\/\/crocussativus.eu\/fr\/wp-json\/wp\/v2\/pages"}],"about":[{"href":"https:\/\/crocussativus.eu\/fr\/wp-json\/wp\/v2\/types\/page"}],"author":[{"embeddable":true,"href":"https:\/\/crocussativus.eu\/fr\/wp-json\/wp\/v2\/users\/1"}],"replies":[{"embeddable":true,"href":"https:\/\/crocussativus.eu\/fr\/wp-json\/wp\/v2\/comments?post=986"}],"version-history":[{"count":0,"href":"https:\/\/crocussativus.eu\/fr\/wp-json\/wp\/v2\/pages\/986\/revisions"}],"wp:attachment":[{"href":"https:\/\/crocussativus.eu\/fr\/wp-json\/wp\/v2\/media?parent=986"}],"curies":[{"name":"wp","href":"https:\/\/api.w.org\/{rel}","templated":true}]}}