{"id":665,"date":"2022-02-11T12:02:52","date_gmt":"2022-02-11T12:02:52","guid":{"rendered":"https:\/\/demo.crocussativus.eu\/product\/crocus-sativus-bollen-maat-8-9\/"},"modified":"2025-04-09T11:47:42","modified_gmt":"2025-04-09T11:47:42","slug":"crocus-sativus-taille-8-9-lot-avec-25-bulbes","status":"publish","type":"product","link":"https:\/\/crocussativus.eu\/fr\/produit\/crocus-sativus-taille-8-9-lot-avec-25-bulbes\/","title":{"rendered":"crocus sativus taille 8-9 lot avec 25 bulbes"},"content":{"rendered":"<h2>Bulbes au safran de haute qualit\u00e9<\/h2>\n<p>Acheter des bulbes de safran? Gr\u00e2ce \u00e0 nous de\u00a0<a title=\"Crocussativus\" href=\"http:\/\/crocussativus.eu\">Crocussativus<\/a>, vous pouvez cultiver cette \u00e9pice tout seul. Ces bulbes conviennent \u00e0 la production de safran 100% pur sans additifs. De plus, ils sont cultiv\u00e9s de mani\u00e8re durable et sont officiellement certifi\u00e9s.<\/p>\n<p>Crocussativus vous pouvez faire pousser cette \u00e9pice tout seul. Ces bulbes conviennent \u00e0 la production de safran 100% pur sans additifs. De plus, ils sont cultiv\u00e9s de mani\u00e8re durable et sont officiellement certifi\u00e9s.<\/p>\n<p>Les bulbes sont livr\u00e9es sur place pour de petits frais de transport et sont \u00e0 des prix comp\u00e9titifs. Avant de le savoir, vous pouvez cultiver votre propre safran vous-m\u00eame.<\/p>\n<h2>Acheter des bulbes de safran chez Crocussativus<\/h2>\n<p>\u2713 Avantage d&rsquo;achat plus grand nombre<br \/>\n\u2713 Officiellement certifi\u00e9<br \/>\n\u2713 Livraison \u00e0 domicile gratuite \u00e0 NL<br \/>\n\u2713 Production 100% safran de qualit\u00e9<br \/>\n\u2713 D\u00e9lai de livraison: 5 jours ouvrables<br \/>\n\u2713 Cultiv\u00e9 aux Pays-Bas<\/p>\n<p>Consultez la gamme et commandez un certain nombre bulbes ou votre choix. Parce qu&rsquo;en savoir plus sur le safran? En savoir plus sur le fonctionnement et l&rsquo;utilisation du\u00a0<a title=\"safran\" href=\"https:\/\/crocussativus.eu\/fr\/produit\/safran\/\">safran<\/a>\u00a0ici. Ou\u00a0<a title=\"contactez\" href=\"https:\/\/crocussativus.eu\/fr\/contact\">contactez<\/a>-nous pour plus d&rsquo;informations.<\/p>\n<p>&nbsp;<\/p>\n<h2>Cultiver le safran<\/h2>\n<h3>crocus-sativus-taille-8-9-lot-avec-25-bulbes<\/h3>\n<p>Tous les bulbes de fleurs de safran que nous vendons dans les p\u00e9pini\u00e8res n\u00e9erlandaises. De plus, ils sont tous certifi\u00e9s par le service n\u00e9erlandais d&rsquo;inspection des bulbes \u00e0 fleurs. Parce que nous accompagnons les agriculteurs dans la production et la vente de bulbes \u00e0 fleurs, nous pouvons r\u00e9pondre \u00e0 la demande commerciale.<\/p>\n<p>Mais aussi la fa\u00e7on dont les bulbes \u00e0 fleurs doivent pousser. Chez Crocussativus, nous nous effor\u00e7ons d&rsquo;obtenir la meilleure production de safran pour le meilleur bulbe de fleur.<\/p>\n<p>\u00ab\u00a0Chez Crocussativus, vous achetez les meilleurs produits de qualit\u00e9\u00a0\u00bb<\/p>\n<h2>Go\u00fbt amer et ar\u00f4me attrayant<\/h2>\n<p>Le safran est une herbe exotique co\u00fbteuse avec un go\u00fbt amer et un ar\u00f4me attrayant. Cette combinaison fait de cette \u00e9pice un ingr\u00e9dient tr\u00e8s populaire pour une\u00a0<a title=\"vari\u00e9t\u00e9 de plats\" href=\"https:\/\/crocussativus.eu\/fr\/recettes\/\">vari\u00e9t\u00e9 de plats<\/a>. Mais aussi dans le\u00a0<a title=\"fromage Safran\" href=\"https:\/\/crocussativus.eu\/fr\/fromage-au-safran\/\">fromage Safran<\/a>.<\/p>\n<p>Il est utilis\u00e9 par divers chefs du monde entier pour des plats traditionnels traditionnels d\u00e9licats et raffin\u00e9s. Mais c&rsquo;est aussi une herbe tr\u00e8s populaire pour pr\u00e9parer des plats de fusion.<\/p>\n<h2>Effet b\u00e9n\u00e9fique<\/h2>\n<p>Saviez-vous que le safran a un effet b\u00e9n\u00e9fique? Vous pouvez prendre le safran des bulbes de safran bio que nous vendons de Crocussativus \u00e0 travers des\u00a0<a title=\"capsules\" href=\"https:\/\/crocussativus.eu\/fr\/produit\/capsules-de-safran\/\">capsules<\/a>. L&rsquo;herbe garantit ensuite que vous vous sentez mieux. De plus, les substances actives de cette \u00e9pice garantissent un aspect de vieillesse ou un inconfort. L&rsquo;herbe garde \u00e9galement l&rsquo;esprit et le corps en alerte.<\/p>\n<p>\u00ab\u00a0Ramenez l&rsquo;\u00e9quilibre \u00e0 votre vie avec nos produits au safran\u00a0\u00bb<\/p>\n<p>&nbsp;<\/p>\n<h2>Commander des bulbes de safran dans la boutique en ligne<\/h2>\n<h3>crocus-sativus-taille-8-9-lot-avec-25-bulbes<\/h3>\n<p>Consultez la gamme et choisissez le nombre bulbes crocus sativus que vous souhaitez recevoir. Vous n&rsquo;avez pas \u00e0 attendre longtemps pour les bulbes Safran, car elles vous seront livr\u00e9es pour une somme modique de transport.<\/p>\n<p>Si vous avez des questions ou des commentaires, n&rsquo;h\u00e9sitez pas \u00e0 nous contacter via le formulaire de\u00a0<a title=\"contact\" href=\"https:\/\/crocussativus.eu\/fr\/contact\">contact.<\/a><\/p>\n<p>Parce qu&rsquo;en savoir plus sur cette herbe? Vous pouvez en savoir plus sur le\u00a0<a title=\"safran\" href=\"https:\/\/crocussativus.eu\/fr\/produit\/safran\/\">safran<\/a>\u00a0ici. Gardez un \u0153il sur cette page et\u00a0<a title=\"restez\" href=\"https:\/\/crocussativus.eu\/fr\/gerechten\">restez<\/a>\u00a0\u00e0 jour avec les derni\u00e8res nouvelles.<\/p>\n<h2>Parce que pour en savoir plus sur les bulbes de Crocussativus?<\/h2>\n<p><a title=\"Pour tout savoir sur les bulbes de Crocussativus, cliquez ici.\" href=\"https:\/\/crocussativus.eu\/fr\/guide-de-plantation\/\">Pour tout savoir sur les bulbes de Crocussativus, cliquez ici.\u00a0\u00a0<\/a><\/p>\n<p><a href=\"https:\/\/www.abacholland.com\/\">abac holland bv<\/a><\/p>\n<p>&nbsp;<\/p>\n","protected":false},"excerpt":{"rendered":"<table class=\"vc-table-plugin-theme-default\">\n<tbody>\n<tr class=\"vc-th\">\n<td class=\"vc_table_cell\"><span class=\"vc_table_content\">25\u00a0 bulbes<\/span><\/td>\n<td class=\"vc_table_cell\"><span class=\"vc_table_content\">\u20ac 14,50\u00a0 \u00a0 \u00a0\u20ac 0,58 par bulbe<\/span><\/td>\n<\/tr>\n<tr>\n<td class=\"vc_table_cell\"><span class=\"vc_table_content\">100 bulbes dans une boite<\/span><\/td>\n<td class=\"vc_table_cell\"><span class=\"vc_table_content\">\u20ac 53,00\u00a0 \u00a0 \u00a0\u20ac 0,53 par bulbe<\/span><\/td>\n<\/tr>\n<tr>\n<td class=\"vc_table_cell\"><strong><span class=\"vc_table_content\">1.000 bulbes dans une boite\u00a0<\/span><\/strong><\/td>\n<td class=\"vc_table_cell\"><strong><span class=\"vc_table_content\">\u20ac 180,00\u00a0 \u00a0\u20ac 0,18 par bulbe\u00a0<\/span><\/strong><\/td>\n<\/tr>\n<tr>\n<td class=\"vc_table_cell\"><strong><span class=\"vc_table_content\">10.000 bulbes 5 boites<\/span><\/strong><\/td>\n<td class=\"vc_table_cell\"><strong><span class=\"vc_table_content\">\u20ac 1600.00 \u20ac 0,16 par bulbe\u00a0<\/span><\/strong><\/td>\n<\/tr>\n<\/tbody>\n<\/table>\n<p>livraison du 10 juillet au mois d\u2019octobre. Livraison d\u2019ampoules en dehors de l\u2019UE: prix sur demande. Autres bulbes tailles\u00a0 sur demande.<\/p>\n","protected":false},"featured_media":817,"comment_status":"closed","ping_status":"closed","template":"","meta":[],"product_brand":[],"product_cat":[66],"product_tag":[131,187,179,172,154,175],"class_list":{"0":"post-665","1":"product","2":"type-product","3":"status-publish","4":"has-post-thumbnail","6":"product_cat-geen-categorie-fr","7":"product_tag-crocussativus-fr","8":"product_tag-krokuksativus-krokusbollen-fr","9":"product_tag-saffraan-bollen-fr","10":"product_tag-saffraan-bollen-crocus-sativus-fr","11":"product_tag-saffraan-krokkus-fr","12":"product_tag-saffraanbollen-fr","13":"description-off","15":"first","16":"instock","17":"taxable","18":"shipping-taxable","19":"purchasable","20":"product-type-simple"},"yoast_head":"<!-- This site is optimized with the Yoast SEO Premium plugin v26.5 (Yoast SEO v26.5) - https:\/\/yoast.com\/wordpress\/plugins\/seo\/ -->\n<title>crocus sativus taille 8-9 lot avec 25 bulbes - Crocussativus<\/title>\n<meta name=\"description\" content=\"crocus sativus taille 8-9 lot avec 25 bulbes \u2713 Avantage d\u2019achat plus grand nombre\u2713 Officiellement certifi\u00e9\u2713 Livraison \u00e0 domicile gratuite \u00e0 NL\u2713\" \/>\n<meta name=\"robots\" content=\"index, follow, max-snippet:-1, max-image-preview:large, max-video-preview:-1\" \/>\n<link rel=\"canonical\" href=\"https:\/\/crocussativus.eu\/fr\/produit\/crocus-sativus-taille-8-9-lot-avec-25-bulbes\/\" \/>\n<meta property=\"og:locale\" content=\"fr_FR\" \/>\n<meta property=\"og:type\" content=\"article\" \/>\n<meta property=\"og:title\" content=\"crocus sativus taille 8-9 lot avec 25 bulbes\" \/>\n<meta property=\"og:description\" content=\"crocus sativus taille 8-9 lot avec 25 bulbes \u2713 Avantage d\u2019achat plus grand nombre\u2713 Officiellement certifi\u00e9\u2713 Livraison \u00e0 domicile gratuite \u00e0 NL\u2713\" \/>\n<meta property=\"og:url\" content=\"https:\/\/crocussativus.eu\/fr\/produit\/crocus-sativus-taille-8-9-lot-avec-25-bulbes\/\" \/>\n<meta property=\"og:site_name\" content=\"Crocussativus\" \/>\n<meta property=\"article:publisher\" content=\"https:\/\/www.facebook.com\/crocussativus.eu\" \/>\n<meta property=\"article:modified_time\" content=\"2025-04-09T11:47:42+00:00\" \/>\n<meta property=\"og:image\" content=\"https:\/\/crocussativus.eu\/wp-content\/uploads\/2022\/04\/pr_bollen1.jpg\" \/>\n\t<meta property=\"og:image:width\" content=\"800\" \/>\n\t<meta property=\"og:image:height\" content=\"563\" \/>\n\t<meta property=\"og:image:type\" content=\"image\/jpeg\" \/>\n<meta name=\"twitter:card\" content=\"summary_large_image\" \/>\n<meta name=\"twitter:label1\" content=\"Dur\u00e9e de lecture estim\u00e9e\" \/>\n\t<meta name=\"twitter:data1\" content=\"3 minutes\" \/>\n<script type=\"application\/ld+json\" class=\"yoast-schema-graph\">{\"@context\":\"https:\/\/schema.org\",\"@graph\":[{\"@type\":\"WebPage\",\"@id\":\"https:\/\/crocussativus.eu\/fr\/produit\/crocus-sativus-taille-8-9-lot-avec-25-bulbes\/\",\"url\":\"https:\/\/crocussativus.eu\/fr\/produit\/crocus-sativus-taille-8-9-lot-avec-25-bulbes\/\",\"name\":\"crocus sativus taille 8-9 lot avec 25 bulbes - Crocussativus\",\"isPartOf\":{\"@id\":\"https:\/\/crocussativus.eu\/#website\"},\"primaryImageOfPage\":{\"@id\":\"https:\/\/crocussativus.eu\/fr\/produit\/crocus-sativus-taille-8-9-lot-avec-25-bulbes\/#primaryimage\"},\"image\":{\"@id\":\"https:\/\/crocussativus.eu\/fr\/produit\/crocus-sativus-taille-8-9-lot-avec-25-bulbes\/#primaryimage\"},\"thumbnailUrl\":\"https:\/\/crocussativus.eu\/wp-content\/uploads\/2022\/04\/pr_bollen1.jpg\",\"datePublished\":\"2022-02-11T12:02:52+00:00\",\"dateModified\":\"2025-04-09T11:47:42+00:00\",\"description\":\"crocus sativus taille 8-9 lot avec 25 bulbes \u2713 Avantage d\u2019achat plus grand nombre\u2713 Officiellement certifi\u00e9\u2713 Livraison \u00e0 domicile gratuite \u00e0 NL\u2713\",\"breadcrumb\":{\"@id\":\"https:\/\/crocussativus.eu\/fr\/produit\/crocus-sativus-taille-8-9-lot-avec-25-bulbes\/#breadcrumb\"},\"inLanguage\":\"fr-FR\",\"potentialAction\":[{\"@type\":\"ReadAction\",\"target\":[\"https:\/\/crocussativus.eu\/fr\/produit\/crocus-sativus-taille-8-9-lot-avec-25-bulbes\/\"]}]},{\"@type\":\"ImageObject\",\"inLanguage\":\"fr-FR\",\"@id\":\"https:\/\/crocussativus.eu\/fr\/produit\/crocus-sativus-taille-8-9-lot-avec-25-bulbes\/#primaryimage\",\"url\":\"https:\/\/crocussativus.eu\/wp-content\/uploads\/2022\/04\/pr_bollen1.jpg\",\"contentUrl\":\"https:\/\/crocussativus.eu\/wp-content\/uploads\/2022\/04\/pr_bollen1.jpg\",\"width\":800,\"height\":563,\"caption\":\"\\\"Bulbes de Crocus sativus de qualit\u00e9 sup\u00e9rieure, taille 8-9, pour cultiver votre propre safran.\\\" \u2705\"},{\"@type\":\"BreadcrumbList\",\"@id\":\"https:\/\/crocussativus.eu\/fr\/produit\/crocus-sativus-taille-8-9-lot-avec-25-bulbes\/#breadcrumb\",\"itemListElement\":[{\"@type\":\"ListItem\",\"position\":1,\"name\":\"Home\",\"item\":\"https:\/\/crocussativus.eu\/fr\/\"},{\"@type\":\"ListItem\",\"position\":2,\"name\":\"Boutique\",\"item\":\"https:\/\/crocussativus.eu\/fr\/boutique\/\"},{\"@type\":\"ListItem\",\"position\":3,\"name\":\"crocus sativus taille 8-9 lot avec 25 bulbes\"}]},{\"@type\":\"WebSite\",\"@id\":\"https:\/\/crocussativus.eu\/#website\",\"url\":\"https:\/\/crocussativus.eu\/\",\"name\":\"Crocussativus.eu\",\"description\":\"Saffraan, Capsules, Crocus sativus bollen &amp; Saffraankaas\",\"publisher\":{\"@id\":\"https:\/\/crocussativus.eu\/#organization\"},\"potentialAction\":[{\"@type\":\"SearchAction\",\"target\":{\"@type\":\"EntryPoint\",\"urlTemplate\":\"https:\/\/crocussativus.eu\/?s={search_term_string}\"},\"query-input\":{\"@type\":\"PropertyValueSpecification\",\"valueRequired\":true,\"valueName\":\"search_term_string\"}}],\"inLanguage\":\"fr-FR\"},{\"@type\":\"Organization\",\"@id\":\"https:\/\/crocussativus.eu\/#organization\",\"name\":\"abac holland bv\",\"alternateName\":\"crocus sativus .eu\",\"url\":\"https:\/\/crocussativus.eu\/\",\"logo\":{\"@type\":\"ImageObject\",\"inLanguage\":\"fr-FR\",\"@id\":\"https:\/\/crocussativus.eu\/#\/schema\/logo\/image\/\",\"url\":\"https:\/\/crocussativus.eu\/wp-content\/uploads\/2023\/06\/logo_h80-1.png\",\"contentUrl\":\"https:\/\/crocussativus.eu\/wp-content\/uploads\/2023\/06\/logo_h80-1.png\",\"width\":181,\"height\":80,\"caption\":\"abac holland bv\"},\"image\":{\"@id\":\"https:\/\/crocussativus.eu\/#\/schema\/logo\/image\/\"},\"sameAs\":[\"https:\/\/www.facebook.com\/crocussativus.eu\"],\"description\":\"Social and Solidarity Enterprise. We do everything we can to oSociale en Solidaire Onderneming. We doen er alles aan om innovatieve en transparante middelen en diensten aan te bieden en zo de Saffraan- en Crocus sativus telers te ondersteunen.ffer innovative and transparent resources and services to support Saffron and Crocus sativus growers.\",\"email\":\"info@abacholland.com\",\"telephone\":\"+31 (0)627 267 149\",\"legalName\":\"abac holland bv\",\"foundingDate\":\"2011-01-09\"}]}<\/script>\n<!-- \/ Yoast SEO Premium plugin. -->","yoast_head_json":{"title":"crocus sativus taille 8-9 lot avec 25 bulbes - Crocussativus","description":"crocus sativus taille 8-9 lot avec 25 bulbes \u2713 Avantage d\u2019achat plus grand nombre\u2713 Officiellement certifi\u00e9\u2713 Livraison \u00e0 domicile gratuite \u00e0 NL\u2713","robots":{"index":"index","follow":"follow","max-snippet":"max-snippet:-1","max-image-preview":"max-image-preview:large","max-video-preview":"max-video-preview:-1"},"canonical":"https:\/\/crocussativus.eu\/fr\/produit\/crocus-sativus-taille-8-9-lot-avec-25-bulbes\/","og_locale":"fr_FR","og_type":"article","og_title":"crocus sativus taille 8-9 lot avec 25 bulbes","og_description":"crocus sativus taille 8-9 lot avec 25 bulbes \u2713 Avantage d\u2019achat plus grand nombre\u2713 Officiellement certifi\u00e9\u2713 Livraison \u00e0 domicile gratuite \u00e0 NL\u2713","og_url":"https:\/\/crocussativus.eu\/fr\/produit\/crocus-sativus-taille-8-9-lot-avec-25-bulbes\/","og_site_name":"Crocussativus","article_publisher":"https:\/\/www.facebook.com\/crocussativus.eu","article_modified_time":"2025-04-09T11:47:42+00:00","og_image":[{"width":800,"height":563,"url":"https:\/\/crocussativus.eu\/wp-content\/uploads\/2022\/04\/pr_bollen1.jpg","type":"image\/jpeg"}],"twitter_card":"summary_large_image","twitter_misc":{"Dur\u00e9e de lecture estim\u00e9e":"3 minutes"},"schema":{"@context":"https:\/\/schema.org","@graph":[{"@type":"WebPage","@id":"https:\/\/crocussativus.eu\/fr\/produit\/crocus-sativus-taille-8-9-lot-avec-25-bulbes\/","url":"https:\/\/crocussativus.eu\/fr\/produit\/crocus-sativus-taille-8-9-lot-avec-25-bulbes\/","name":"crocus sativus taille 8-9 lot avec 25 bulbes - Crocussativus","isPartOf":{"@id":"https:\/\/crocussativus.eu\/#website"},"primaryImageOfPage":{"@id":"https:\/\/crocussativus.eu\/fr\/produit\/crocus-sativus-taille-8-9-lot-avec-25-bulbes\/#primaryimage"},"image":{"@id":"https:\/\/crocussativus.eu\/fr\/produit\/crocus-sativus-taille-8-9-lot-avec-25-bulbes\/#primaryimage"},"thumbnailUrl":"https:\/\/crocussativus.eu\/wp-content\/uploads\/2022\/04\/pr_bollen1.jpg","datePublished":"2022-02-11T12:02:52+00:00","dateModified":"2025-04-09T11:47:42+00:00","description":"crocus sativus taille 8-9 lot avec 25 bulbes \u2713 Avantage d\u2019achat plus grand nombre\u2713 Officiellement certifi\u00e9\u2713 Livraison \u00e0 domicile gratuite \u00e0 NL\u2713","breadcrumb":{"@id":"https:\/\/crocussativus.eu\/fr\/produit\/crocus-sativus-taille-8-9-lot-avec-25-bulbes\/#breadcrumb"},"inLanguage":"fr-FR","potentialAction":[{"@type":"ReadAction","target":["https:\/\/crocussativus.eu\/fr\/produit\/crocus-sativus-taille-8-9-lot-avec-25-bulbes\/"]}]},{"@type":"ImageObject","inLanguage":"fr-FR","@id":"https:\/\/crocussativus.eu\/fr\/produit\/crocus-sativus-taille-8-9-lot-avec-25-bulbes\/#primaryimage","url":"https:\/\/crocussativus.eu\/wp-content\/uploads\/2022\/04\/pr_bollen1.jpg","contentUrl":"https:\/\/crocussativus.eu\/wp-content\/uploads\/2022\/04\/pr_bollen1.jpg","width":800,"height":563,"caption":"\"Bulbes de Crocus sativus de qualit\u00e9 sup\u00e9rieure, taille 8-9, pour cultiver votre propre safran.\" \u2705"},{"@type":"BreadcrumbList","@id":"https:\/\/crocussativus.eu\/fr\/produit\/crocus-sativus-taille-8-9-lot-avec-25-bulbes\/#breadcrumb","itemListElement":[{"@type":"ListItem","position":1,"name":"Home","item":"https:\/\/crocussativus.eu\/fr\/"},{"@type":"ListItem","position":2,"name":"Boutique","item":"https:\/\/crocussativus.eu\/fr\/boutique\/"},{"@type":"ListItem","position":3,"name":"crocus sativus taille 8-9 lot avec 25 bulbes"}]},{"@type":"WebSite","@id":"https:\/\/crocussativus.eu\/#website","url":"https:\/\/crocussativus.eu\/","name":"Crocussativus.eu","description":"Saffraan, Capsules, Crocus sativus bollen &amp; Saffraankaas","publisher":{"@id":"https:\/\/crocussativus.eu\/#organization"},"potentialAction":[{"@type":"SearchAction","target":{"@type":"EntryPoint","urlTemplate":"https:\/\/crocussativus.eu\/?s={search_term_string}"},"query-input":{"@type":"PropertyValueSpecification","valueRequired":true,"valueName":"search_term_string"}}],"inLanguage":"fr-FR"},{"@type":"Organization","@id":"https:\/\/crocussativus.eu\/#organization","name":"abac holland bv","alternateName":"crocus sativus .eu","url":"https:\/\/crocussativus.eu\/","logo":{"@type":"ImageObject","inLanguage":"fr-FR","@id":"https:\/\/crocussativus.eu\/#\/schema\/logo\/image\/","url":"https:\/\/crocussativus.eu\/wp-content\/uploads\/2023\/06\/logo_h80-1.png","contentUrl":"https:\/\/crocussativus.eu\/wp-content\/uploads\/2023\/06\/logo_h80-1.png","width":181,"height":80,"caption":"abac holland bv"},"image":{"@id":"https:\/\/crocussativus.eu\/#\/schema\/logo\/image\/"},"sameAs":["https:\/\/www.facebook.com\/crocussativus.eu"],"description":"Social and Solidarity Enterprise. We do everything we can to oSociale en Solidaire Onderneming. We doen er alles aan om innovatieve en transparante middelen en diensten aan te bieden en zo de Saffraan- en Crocus sativus telers te ondersteunen.ffer innovative and transparent resources and services to support Saffron and Crocus sativus growers.","email":"info@abacholland.com","telephone":"+31 (0)627 267 149","legalName":"abac holland bv","foundingDate":"2011-01-09"}]}},"_links":{"self":[{"href":"https:\/\/crocussativus.eu\/fr\/wp-json\/wp\/v2\/product\/665","targetHints":{"allow":["GET"]}}],"collection":[{"href":"https:\/\/crocussativus.eu\/fr\/wp-json\/wp\/v2\/product"}],"about":[{"href":"https:\/\/crocussativus.eu\/fr\/wp-json\/wp\/v2\/types\/product"}],"replies":[{"embeddable":true,"href":"https:\/\/crocussativus.eu\/fr\/wp-json\/wp\/v2\/comments?post=665"}],"wp:featuredmedia":[{"embeddable":true,"href":"https:\/\/crocussativus.eu\/fr\/wp-json\/wp\/v2\/media\/817"}],"wp:attachment":[{"href":"https:\/\/crocussativus.eu\/fr\/wp-json\/wp\/v2\/media?parent=665"}],"wp:term":[{"taxonomy":"product_brand","embeddable":true,"href":"https:\/\/crocussativus.eu\/fr\/wp-json\/wp\/v2\/product_brand?post=665"},{"taxonomy":"product_cat","embeddable":true,"href":"https:\/\/crocussativus.eu\/fr\/wp-json\/wp\/v2\/product_cat?post=665"},{"taxonomy":"product_tag","embeddable":true,"href":"https:\/\/crocussativus.eu\/fr\/wp-json\/wp\/v2\/product_tag?post=665"}],"curies":[{"name":"wp","href":"https:\/\/api.w.org\/{rel}","templated":true}]}}