{"id":672,"date":"2022-02-11T11:55:22","date_gmt":"2022-02-11T11:55:22","guid":{"rendered":"https:\/\/demo.crocussativus.eu\/product\/saffraan-capsules\/"},"modified":"2023-12-26T16:56:14","modified_gmt":"2023-12-26T16:56:14","slug":"capsules-de-safran","status":"publish","type":"product","link":"https:\/\/crocussativus.eu\/fr\/produit\/capsules-de-safran\/","title":{"rendered":"100% 75 MG Capsules de safran 60 pi\u00e8ces"},"content":{"rendered":"<h1>Acheter des capsules de safran \u00e0 Crocussativus<\/h1>\n<p>Pour acheter des\u00a0<strong>capsules de safran<\/strong>, vous devez \u00eatre avec nous de\u00a0<strong><a href=\"https:\/\/crocussativus.eu\/fr\/home\">Crocussativus<\/a><\/strong>. Ces capsules sont compos\u00e9es \u00e0 100% de safran.<\/p>\n<p>Cette \u00e9pice pr\u00e9cieuse assure un \u00e9tat d&rsquo;esprit positif. En outre, cela aide avec le stress, la fatigue et les maladies mentales. Ils soutiennent \u00e9galement lorsque vous voulez perdre du poids et augmentent la libido pour les hommes et les femmes.<\/p>\n<p>Les capsules de haute qualit\u00e9 sont livr\u00e9es gratuitement dans les 2 jours ouvrables aux Pays-Bas. Pour une livraison en dehors des Pays-Bas, veuillez compter entre 5 et 7 jours.<\/p>\n<h2>Achetez des capsules de safran certifi\u00e9es de haute qualit\u00e9<\/h2>\n<p>\u2713 100% de safran pur<br \/>\n\u2713 Officiellement certifi\u00e9 ISO<br \/>\n\u2713 Sans effets secondaires<br \/>\n\u2713 Produit 100% naturel, non trait\u00e9 et sans remplissage<br \/>\n\u2713 Livraison \u00e0 domicile gratuite aux Pays-Bas.\u00a0En dehors des Pays-Bas, livraison \u00e0 domicile moyennant un petit suppl\u00e9ment<br \/>\n\u2713 Livraison aux Pays-Bas dans les 2 jours ouvrables. Livraison en dehors des Pays-Bas dans les 5-7 jours ouvrables.<\/p>\n<p>&nbsp;<\/p>\n<h2>Effet benefique<\/h2>\n<p>Le Safran, comme vous l&rsquo;avez lu plus haut, a un\u00a0<strong>effet b\u00e9n\u00e9fique<\/strong>. Cette \u00e9pice r\u00e9duit le stress, la fatigue et toutes sortes de maux de vieillesse. Par exemple, notre safran aide \u00e0 pr\u00e9venir le vieillissement cutan\u00e9. En partie \u00e0 cause de son effet b\u00e9n\u00e9fique, il est utilis\u00e9 depuis au moins 4 000 ans.<\/p>\n<p>En raison des co\u00fbts \u00e9lev\u00e9s de la culture et de la r\u00e9colte, le Safran est aussi appel\u00e9e \u00ab\u00a0l&rsquo;or rouge\u00a0\u00bb. Ce n\u2019est pas pour rien que c\u2019est l\u2019\u00e9pice la plus ch\u00e8re de la plan\u00e8te.<\/p>\n<h2>Forme la plus pure<\/h2>\n<p>Chaque capsule de safran que vous achetez chez nous contient 75 milligrammes de safran \u00e0 100%. Les capsules ne contiennent rien d&rsquo;autre: pas de charge. Cette \u00e9pice est cultiv\u00e9e sans l&rsquo;utilisation de produits chimiques ou d&rsquo;autres substances nocives. Vous \u00eates assur\u00e9 de la meilleure qualit\u00e9.<\/p>\n<p>Notre \u00e9pice a subi avec succ\u00e8s les examens de trois laboratoires scientifiques diff\u00e9rents d&rsquo;<strong><a href=\"https:\/\/www.eurofins.com\/about-us\/eurofins-fact-sheet\/\">Eurofins Scientific<\/a><\/strong>. De plus, notre \u00e9pice au safran r\u00e9pond aux exigences de qualit\u00e9 les plus \u00e9lev\u00e9es de la cat\u00e9gorie I selon les normes ISO 3632-2.<\/p>\n<h2>Utilisation des capsules de safran<\/h2>\n<p><strong>Vous ne devez prendre qu&rsquo;une capsule par jour.<\/strong>\u00a0Prenez ceci avec de l&rsquo;eau, avant ou apr\u00e8s les repas. Vous ne remarquez pas imm\u00e9diatement les r\u00e9sultats, car ce n&rsquo;est pas un m\u00e9dicament r\u00e9gulier. Peu \u00e0 peu, les effets deviennent perceptibles. C&rsquo;est diff\u00e9rent pour chaque personne.\u00a0Les probl\u00e8mes de sant\u00e9 diminuent. Vous ressentez un sentiment de bien-\u00eatre et votre malaise diminue progressivement.<\/p>\n<p>Il est\u00a0<strong>tr\u00e8s important que vous ne d\u00e9passiez pas le montant quotidien!<\/strong>\u00a0C&rsquo;est une \u00e9pice tr\u00e8s puissante: non seulement en termes de go\u00fbt et de couleur, mais \u00e9galement en termes d&rsquo;effet sur le corps.<\/p>\n<h2>Dans les plats<\/h2>\n<p>En plus d&rsquo;une contribution importante \u00e0 votre \u00e9tat d&rsquo;esprit, les capsules de safran peuvent \u00e9galement \u00eatre utilis\u00e9es dans la cuisine, lors de la pr\u00e9paration de toutes sortes de plats. Il a un go\u00fbt amer et un ar\u00f4me doux qui ressemble au miel. Ces plats comprennent du poulet, du gibier, diff\u00e9rents types de viande et de poisson, du riz, du risotto et de la pur\u00e9e de pommes de terre, mais \u00e9galement\u00a0\u00a0d&rsquo;innombrables entr\u00e9es et desserts (voir:\u00a0<strong><a href=\"https:\/\/crocussativus.eu\/fr\/recettes\/\">Recettes<\/a><\/strong>).\u00a0Vous pouvez le faire simplement en ouvrant une capsule avec le pouce et l&rsquo;index des deux mains. Tournez dans le sens oppos\u00e9 \u00e0 chaque main. Remarque: la capsule s&rsquo;ouvre presque imm\u00e9diatement. Par cons\u00e9quent, ouvrez la capsule directement au-dessus d&rsquo;une soucoupe ou d&rsquo;un bol. Vous pouvez ensuite utiliser les fils de safran dans votre plat.<\/p>\n<p>Vous pouvez \u00e9galement acheter des aliments contenant d\u00e9j\u00e0 cet \u00ab\u00a0or rouge\u00a0\u00bb. Vous trouverez notre\u00a0<strong><a href=\"https:\/\/crocussativus.eu\/fr\/fromage-au-safran\/\">Fromage au Safran<\/a><\/strong>\u00a0unique dans notre boutique en ligne.<\/p>\n<h2>Commandez les capsules de safran dans la boutique en ligne<\/h2>\n<p>Achetez des capsules de safran \u00e0 des prix attractifs dans la boutique en ligne. Vous b\u00e9n\u00e9ficiez de prix r\u00e9duits pour des quantit\u00e9s l\u00e9g\u00e8rement sup\u00e9rieures. Le produit sera livr\u00e9 enti\u00e8rement gratuit dans les 2 jours ouvrables aux Pays-Bas.\u00a0Livraison en dehors des Pays-Bas pour une somme modique sous 5 \u00e0 7 jours ouvrables.<\/p>\n<p>&nbsp;<\/p>\n<p>&nbsp;<\/p>\n","protected":false},"excerpt":{"rendered":"<p><span class=\"VIiyi\" lang=\"fr\"><span class=\"JLqJ4b ChMk0b\" data-language-for-alternatives=\"fr\" data-language-to-translate-into=\"nl\" data-phrase-index=\"0\">Compl\u00e9ment alimentaire -100% safran pur.<\/span><\/span><\/p>\n<p><span class=\"VIiyi\" lang=\"fr\"><span class=\"JLqJ4b ChMk0b\" data-language-for-alternatives=\"fr\" data-language-to-translate-into=\"nl\" data-phrase-index=\"2\">: Pour la r\u00e9silience mentale et une attitude positive.<\/span><\/span><\/p>\n<p><span class=\"VIiyi\" lang=\"fr\"><span class=\"JLqJ4b ChMk0b\" data-language-for-alternatives=\"fr\" data-language-to-translate-into=\"nl\" data-phrase-index=\"4\">:<\/span><\/span><span class=\"JLqJ4b ChMk0b\" data-language-for-alternatives=\"fr\" data-language-to-translate-into=\"nl\" data-phrase-index=\"4\">Le safran stimule l&rsquo;immunit\u00e9.<\/span><\/p>\n<p><span class=\"JLqJ4b ChMk0b\" data-language-for-alternatives=\"fr\" data-language-to-translate-into=\"nl\" data-phrase-index=\"6\">:<\/span><span class=\"JLqJ4b ChMk0b\" data-language-for-alternatives=\"fr\" data-language-to-translate-into=\"nl\" data-phrase-index=\"6\">\u00a0Garde l&rsquo;esprit clair.<\/span><\/p>\n<p><span class=\"JLqJ4b ChMk0b\" data-language-for-alternatives=\"fr\" data-language-to-translate-into=\"nl\" data-phrase-index=\"8\">: Soutenu pendant le cycle menstruel.<\/span><\/p>\n<p><span class=\"JLqJ4b ChMk0b\" data-language-for-alternatives=\"fr\" data-language-to-translate-into=\"nl\" data-phrase-index=\"10\">: Bon pour la capacit\u00e9 de concentration.<\/span><\/p>\n<p><span class=\"JLqJ4b ChMk0b\" data-language-for-alternatives=\"fr\" data-language-to-translate-into=\"nl\" data-phrase-index=\"12\">: Les aphrodisiaques augmentent la libido.<\/span><\/p>\n","protected":false},"featured_media":812,"comment_status":"closed","ping_status":"closed","template":"","meta":[],"product_brand":[],"product_cat":[66],"product_tag":[182,166,158,163],"class_list":{"0":"post-672","1":"product","2":"type-product","3":"status-publish","4":"has-post-thumbnail","6":"product_cat-geen-categorie-fr","7":"product_tag-saffraan-fr","8":"product_tag-saffraan-capsule-fr","9":"product_tag-saffraan-capsules-fr","10":"product_tag-saffraancapsules-fr","11":"description-off","13":"first","14":"instock","15":"taxable","16":"shipping-taxable","17":"purchasable","18":"product-type-simple"},"yoast_head":"<!-- This site is optimized with the Yoast SEO Premium plugin v26.5 (Yoast SEO v26.5) - https:\/\/yoast.com\/wordpress\/plugins\/seo\/ -->\n<title>100% 75 MG Capsules de safran 60 pi\u00e8ces - Crocussativus<\/title>\n<meta name=\"description\" content=\"capsules-de-safran Pour la r\u00e9silience mentale et une attitude positive.:Le safran stimule l\u2019immunit\u00e9.: Garde l\u2019esprit clair.\" \/>\n<meta name=\"robots\" content=\"index, follow, max-snippet:-1, max-image-preview:large, max-video-preview:-1\" \/>\n<link rel=\"canonical\" href=\"https:\/\/crocussativus.eu\/fr\/produit\/capsules-de-safran\/\" \/>\n<meta property=\"og:locale\" content=\"fr_FR\" \/>\n<meta property=\"og:type\" content=\"article\" \/>\n<meta property=\"og:title\" content=\"100% 75 MG Capsules de safran 60 pi\u00e8ces\" \/>\n<meta property=\"og:description\" content=\"capsules-de-safran Pour la r\u00e9silience mentale et une attitude positive.:Le safran stimule l\u2019immunit\u00e9.: Garde l\u2019esprit clair.\" \/>\n<meta property=\"og:url\" content=\"https:\/\/crocussativus.eu\/fr\/produit\/capsules-de-safran\/\" \/>\n<meta property=\"og:site_name\" content=\"Crocussativus\" \/>\n<meta property=\"article:publisher\" content=\"https:\/\/www.facebook.com\/crocussativus.eu\" \/>\n<meta property=\"article:modified_time\" content=\"2023-12-26T16:56:14+00:00\" \/>\n<meta property=\"og:image\" content=\"https:\/\/crocussativus.eu\/wp-content\/uploads\/2022\/04\/pr_saffraan_capsules.jpg\" \/>\n\t<meta property=\"og:image:width\" content=\"800\" \/>\n\t<meta property=\"og:image:height\" content=\"563\" \/>\n\t<meta property=\"og:image:type\" content=\"image\/jpeg\" \/>\n<meta name=\"twitter:card\" content=\"summary_large_image\" \/>\n<meta name=\"twitter:label1\" content=\"Dur\u00e9e de lecture estim\u00e9e\" \/>\n\t<meta name=\"twitter:data1\" content=\"4 minutes\" \/>\n<script type=\"application\/ld+json\" class=\"yoast-schema-graph\">{\"@context\":\"https:\/\/schema.org\",\"@graph\":[{\"@type\":\"WebPage\",\"@id\":\"https:\/\/crocussativus.eu\/fr\/produit\/capsules-de-safran\/\",\"url\":\"https:\/\/crocussativus.eu\/fr\/produit\/capsules-de-safran\/\",\"name\":\"100% 75 MG Capsules de safran 60 pi\u00e8ces - Crocussativus\",\"isPartOf\":{\"@id\":\"https:\/\/crocussativus.eu\/#website\"},\"primaryImageOfPage\":{\"@id\":\"https:\/\/crocussativus.eu\/fr\/produit\/capsules-de-safran\/#primaryimage\"},\"image\":{\"@id\":\"https:\/\/crocussativus.eu\/fr\/produit\/capsules-de-safran\/#primaryimage\"},\"thumbnailUrl\":\"https:\/\/crocussativus.eu\/wp-content\/uploads\/2022\/04\/pr_saffraan_capsules.jpg\",\"datePublished\":\"2022-02-11T11:55:22+00:00\",\"dateModified\":\"2023-12-26T16:56:14+00:00\",\"description\":\"capsules-de-safran Pour la r\u00e9silience mentale et une attitude positive.:Le safran stimule l\u2019immunit\u00e9.: Garde l\u2019esprit clair.\",\"breadcrumb\":{\"@id\":\"https:\/\/crocussativus.eu\/fr\/produit\/capsules-de-safran\/#breadcrumb\"},\"inLanguage\":\"fr-FR\",\"potentialAction\":[{\"@type\":\"ReadAction\",\"target\":[\"https:\/\/crocussativus.eu\/fr\/produit\/capsules-de-safran\/\"]}]},{\"@type\":\"ImageObject\",\"inLanguage\":\"fr-FR\",\"@id\":\"https:\/\/crocussativus.eu\/fr\/produit\/capsules-de-safran\/#primaryimage\",\"url\":\"https:\/\/crocussativus.eu\/wp-content\/uploads\/2022\/04\/pr_saffraan_capsules.jpg\",\"contentUrl\":\"https:\/\/crocussativus.eu\/wp-content\/uploads\/2022\/04\/pr_saffraan_capsules.jpg\",\"width\":800,\"height\":563,\"caption\":\"saffraan capsules\"},{\"@type\":\"BreadcrumbList\",\"@id\":\"https:\/\/crocussativus.eu\/fr\/produit\/capsules-de-safran\/#breadcrumb\",\"itemListElement\":[{\"@type\":\"ListItem\",\"position\":1,\"name\":\"Home\",\"item\":\"https:\/\/crocussativus.eu\/fr\/\"},{\"@type\":\"ListItem\",\"position\":2,\"name\":\"Boutique\",\"item\":\"https:\/\/crocussativus.eu\/fr\/boutique\/\"},{\"@type\":\"ListItem\",\"position\":3,\"name\":\"100% 75 MG Capsules de safran 60 pi\u00e8ces\"}]},{\"@type\":\"WebSite\",\"@id\":\"https:\/\/crocussativus.eu\/#website\",\"url\":\"https:\/\/crocussativus.eu\/\",\"name\":\"Crocussativus.eu\",\"description\":\"Saffraan, Capsules, Crocus sativus bollen &amp; Saffraankaas\",\"publisher\":{\"@id\":\"https:\/\/crocussativus.eu\/#organization\"},\"potentialAction\":[{\"@type\":\"SearchAction\",\"target\":{\"@type\":\"EntryPoint\",\"urlTemplate\":\"https:\/\/crocussativus.eu\/?s={search_term_string}\"},\"query-input\":{\"@type\":\"PropertyValueSpecification\",\"valueRequired\":true,\"valueName\":\"search_term_string\"}}],\"inLanguage\":\"fr-FR\"},{\"@type\":\"Organization\",\"@id\":\"https:\/\/crocussativus.eu\/#organization\",\"name\":\"abac holland bv\",\"alternateName\":\"crocus sativus .eu\",\"url\":\"https:\/\/crocussativus.eu\/\",\"logo\":{\"@type\":\"ImageObject\",\"inLanguage\":\"fr-FR\",\"@id\":\"https:\/\/crocussativus.eu\/#\/schema\/logo\/image\/\",\"url\":\"https:\/\/crocussativus.eu\/wp-content\/uploads\/2023\/06\/logo_h80-1.png\",\"contentUrl\":\"https:\/\/crocussativus.eu\/wp-content\/uploads\/2023\/06\/logo_h80-1.png\",\"width\":181,\"height\":80,\"caption\":\"abac holland bv\"},\"image\":{\"@id\":\"https:\/\/crocussativus.eu\/#\/schema\/logo\/image\/\"},\"sameAs\":[\"https:\/\/www.facebook.com\/crocussativus.eu\"],\"description\":\"Social and Solidarity Enterprise. We do everything we can to oSociale en Solidaire Onderneming. We doen er alles aan om innovatieve en transparante middelen en diensten aan te bieden en zo de Saffraan- en Crocus sativus telers te ondersteunen.ffer innovative and transparent resources and services to support Saffron and Crocus sativus growers.\",\"email\":\"info@abacholland.com\",\"telephone\":\"+31 (0)627 267 149\",\"legalName\":\"abac holland bv\",\"foundingDate\":\"2011-01-09\"}]}<\/script>\n<!-- \/ Yoast SEO Premium plugin. -->","yoast_head_json":{"title":"100% 75 MG Capsules de safran 60 pi\u00e8ces - Crocussativus","description":"capsules-de-safran Pour la r\u00e9silience mentale et une attitude positive.:Le safran stimule l\u2019immunit\u00e9.: Garde l\u2019esprit clair.","robots":{"index":"index","follow":"follow","max-snippet":"max-snippet:-1","max-image-preview":"max-image-preview:large","max-video-preview":"max-video-preview:-1"},"canonical":"https:\/\/crocussativus.eu\/fr\/produit\/capsules-de-safran\/","og_locale":"fr_FR","og_type":"article","og_title":"100% 75 MG Capsules de safran 60 pi\u00e8ces","og_description":"capsules-de-safran Pour la r\u00e9silience mentale et une attitude positive.:Le safran stimule l\u2019immunit\u00e9.: Garde l\u2019esprit clair.","og_url":"https:\/\/crocussativus.eu\/fr\/produit\/capsules-de-safran\/","og_site_name":"Crocussativus","article_publisher":"https:\/\/www.facebook.com\/crocussativus.eu","article_modified_time":"2023-12-26T16:56:14+00:00","og_image":[{"width":800,"height":563,"url":"https:\/\/crocussativus.eu\/wp-content\/uploads\/2022\/04\/pr_saffraan_capsules.jpg","type":"image\/jpeg"}],"twitter_card":"summary_large_image","twitter_misc":{"Dur\u00e9e de lecture estim\u00e9e":"4 minutes"},"schema":{"@context":"https:\/\/schema.org","@graph":[{"@type":"WebPage","@id":"https:\/\/crocussativus.eu\/fr\/produit\/capsules-de-safran\/","url":"https:\/\/crocussativus.eu\/fr\/produit\/capsules-de-safran\/","name":"100% 75 MG Capsules de safran 60 pi\u00e8ces - Crocussativus","isPartOf":{"@id":"https:\/\/crocussativus.eu\/#website"},"primaryImageOfPage":{"@id":"https:\/\/crocussativus.eu\/fr\/produit\/capsules-de-safran\/#primaryimage"},"image":{"@id":"https:\/\/crocussativus.eu\/fr\/produit\/capsules-de-safran\/#primaryimage"},"thumbnailUrl":"https:\/\/crocussativus.eu\/wp-content\/uploads\/2022\/04\/pr_saffraan_capsules.jpg","datePublished":"2022-02-11T11:55:22+00:00","dateModified":"2023-12-26T16:56:14+00:00","description":"capsules-de-safran Pour la r\u00e9silience mentale et une attitude positive.:Le safran stimule l\u2019immunit\u00e9.: Garde l\u2019esprit clair.","breadcrumb":{"@id":"https:\/\/crocussativus.eu\/fr\/produit\/capsules-de-safran\/#breadcrumb"},"inLanguage":"fr-FR","potentialAction":[{"@type":"ReadAction","target":["https:\/\/crocussativus.eu\/fr\/produit\/capsules-de-safran\/"]}]},{"@type":"ImageObject","inLanguage":"fr-FR","@id":"https:\/\/crocussativus.eu\/fr\/produit\/capsules-de-safran\/#primaryimage","url":"https:\/\/crocussativus.eu\/wp-content\/uploads\/2022\/04\/pr_saffraan_capsules.jpg","contentUrl":"https:\/\/crocussativus.eu\/wp-content\/uploads\/2022\/04\/pr_saffraan_capsules.jpg","width":800,"height":563,"caption":"saffraan capsules"},{"@type":"BreadcrumbList","@id":"https:\/\/crocussativus.eu\/fr\/produit\/capsules-de-safran\/#breadcrumb","itemListElement":[{"@type":"ListItem","position":1,"name":"Home","item":"https:\/\/crocussativus.eu\/fr\/"},{"@type":"ListItem","position":2,"name":"Boutique","item":"https:\/\/crocussativus.eu\/fr\/boutique\/"},{"@type":"ListItem","position":3,"name":"100% 75 MG Capsules de safran 60 pi\u00e8ces"}]},{"@type":"WebSite","@id":"https:\/\/crocussativus.eu\/#website","url":"https:\/\/crocussativus.eu\/","name":"Crocussativus.eu","description":"Saffraan, Capsules, Crocus sativus bollen &amp; Saffraankaas","publisher":{"@id":"https:\/\/crocussativus.eu\/#organization"},"potentialAction":[{"@type":"SearchAction","target":{"@type":"EntryPoint","urlTemplate":"https:\/\/crocussativus.eu\/?s={search_term_string}"},"query-input":{"@type":"PropertyValueSpecification","valueRequired":true,"valueName":"search_term_string"}}],"inLanguage":"fr-FR"},{"@type":"Organization","@id":"https:\/\/crocussativus.eu\/#organization","name":"abac holland bv","alternateName":"crocus sativus .eu","url":"https:\/\/crocussativus.eu\/","logo":{"@type":"ImageObject","inLanguage":"fr-FR","@id":"https:\/\/crocussativus.eu\/#\/schema\/logo\/image\/","url":"https:\/\/crocussativus.eu\/wp-content\/uploads\/2023\/06\/logo_h80-1.png","contentUrl":"https:\/\/crocussativus.eu\/wp-content\/uploads\/2023\/06\/logo_h80-1.png","width":181,"height":80,"caption":"abac holland bv"},"image":{"@id":"https:\/\/crocussativus.eu\/#\/schema\/logo\/image\/"},"sameAs":["https:\/\/www.facebook.com\/crocussativus.eu"],"description":"Social and Solidarity Enterprise. We do everything we can to oSociale en Solidaire Onderneming. We doen er alles aan om innovatieve en transparante middelen en diensten aan te bieden en zo de Saffraan- en Crocus sativus telers te ondersteunen.ffer innovative and transparent resources and services to support Saffron and Crocus sativus growers.","email":"info@abacholland.com","telephone":"+31 (0)627 267 149","legalName":"abac holland bv","foundingDate":"2011-01-09"}]}},"_links":{"self":[{"href":"https:\/\/crocussativus.eu\/fr\/wp-json\/wp\/v2\/product\/672","targetHints":{"allow":["GET"]}}],"collection":[{"href":"https:\/\/crocussativus.eu\/fr\/wp-json\/wp\/v2\/product"}],"about":[{"href":"https:\/\/crocussativus.eu\/fr\/wp-json\/wp\/v2\/types\/product"}],"replies":[{"embeddable":true,"href":"https:\/\/crocussativus.eu\/fr\/wp-json\/wp\/v2\/comments?post=672"}],"wp:featuredmedia":[{"embeddable":true,"href":"https:\/\/crocussativus.eu\/fr\/wp-json\/wp\/v2\/media\/812"}],"wp:attachment":[{"href":"https:\/\/crocussativus.eu\/fr\/wp-json\/wp\/v2\/media?parent=672"}],"wp:term":[{"taxonomy":"product_brand","embeddable":true,"href":"https:\/\/crocussativus.eu\/fr\/wp-json\/wp\/v2\/product_brand?post=672"},{"taxonomy":"product_cat","embeddable":true,"href":"https:\/\/crocussativus.eu\/fr\/wp-json\/wp\/v2\/product_cat?post=672"},{"taxonomy":"product_tag","embeddable":true,"href":"https:\/\/crocussativus.eu\/fr\/wp-json\/wp\/v2\/product_tag?post=672"}],"curies":[{"name":"wp","href":"https:\/\/api.w.org\/{rel}","templated":true}]}}