{"id":679,"date":"2022-02-11T10:24:17","date_gmt":"2022-02-11T10:24:17","guid":{"rendered":"https:\/\/demo.crocussativus.eu\/product\/saffraan\/"},"modified":"2023-04-09T15:20:28","modified_gmt":"2023-04-09T15:20:28","slug":"safran","status":"publish","type":"product","link":"https:\/\/crocussativus.eu\/fr\/produit\/safran\/","title":{"rendered":"Safran 5 grammes"},"content":{"rendered":"<h1>Acheter du safran de la plus haute qualit\u00e9<\/h1>\n<p>Vous pouvez\u00a0<strong>acheter du safran<\/strong>\u00a0au\u00a0<strong><a href=\"https:\/\/crocussativus.eu\/fr\/home\">Crocussativus<\/a><\/strong>. Cette \u00e9pice a un effet cicatrisant et est utilis\u00e9e dans toutes sortes de plats raffin\u00e9s. Cette \u00e9pice rend chaque plat plus savoureux, plus sain et plus attrayant.<\/p>\n<p>Nos produits ont \u00e9t\u00e9 test\u00e9s par\u00a0<strong><a href=\"https:\/\/www.eurofins.com\/about-us\/eurofins-fact-sheet\/\">Eurofins Scientific<\/a><\/strong>.\u00a0Cela garantit des produits de qualit\u00e9 sup\u00e9rieure.<\/p>\n<p>Profitez d\u00e8s maintenant des rabais \u00e9lev\u00e9s pour disposer d&rsquo;un stock de Safran de haute qualit\u00e9 \u00e0 un prix attractif et tr\u00e8s comp\u00e9titif. Qualit\u00e9 sup\u00e9rieure abordable, safran certifi\u00e9.<\/p>\n<h2>Acheter le safran chez Crocussativus<\/h2>\n<p>\u2713 100% Safran pur, sans additifs<br \/>\n\u2713 certifi\u00e9 ISO<br \/>\n\u2713 Emballage authentique<br \/>\n\u2713 Grand avantage d&rsquo;achat<br \/>\n\u2713 Livraison gratuite aux Pays-Bas (livr\u00e9e en Belgique pour une somme modique)<br \/>\n\u2713 Livraison sous 2-7 jours ouvr\u00e9s<\/p>\n<p>&nbsp;<\/p>\n<h2>Safran ou \u00ab\u00a0or rouge\u00a0\u00bb<\/h2>\n<p>Est une <strong>\u00e9pice exotique<\/strong>. C\u2019est une \u00e9pice de couleur rouge extraite du crocus safran (Crocus sativus). En raison de la m\u00e9thode fastidieuse de cueillette \u00e0 la main, l\u2019\u00e9pice est tr\u00e8s ch\u00e8re. C\u2019est m\u00eame l\u2019\u00e9pice la plus ch\u00e8re du monde. C\u2019est pour une bonne raison que cette \u00e9pice s\u2019appelle \u00e9galement \u201cor rouge\u201d.<\/p>\n<p>L\u2019\u00e9pice a un effet b\u00e9n\u00e9fique, mais est \u00e9galement indispensable dans de nombreuses cuisines. Vous pouvez penser \u00e0 diverses cuisines autour de la mer M\u00e9diterran\u00e9e. Mais aussi dans les cuisines du Moyen-Orient et de l\u2019Asie du Sud, le safran est un ingr\u00e9dient principal.<\/p>\n<p>&nbsp;<\/p>\n<h2>Des plats\u00a0traditionnels raffin\u00e9s et d\u00e9licats<\/h2>\n<p>Le safran a un go\u00fbt amer et un ar\u00f4me attrayant qui sent un peu le miel. Selon d\u2019autres, cela rappelle des fleurs ou du foin d\u2019odeur, tandis que d\u2019autres trouvent encore l\u2019odeur \u201cforte\u201d et piquante. Diff\u00e9rents chefs du monde entier utilisent cette \u00e9pice pour pr\u00e9parer des\u00a0<strong><a href=\"https:\/\/crocussativus.eu\/fr\/recettes\/\">recettes<\/a><\/strong>\u00a0traditionnelles raffin\u00e9es et d\u00e9licates. En outre, \u201cl\u2019or rouge\u201d est \u00e9galement utilis\u00e9 dans les plats de fusion. Ces plats modernes nouvellement d\u00e9velopp\u00e9s associent diverses cuisines dans lesquelles cet ingr\u00e9dient joue un r\u00f4le magique. Chaque plat devient plus savoureux, plus attrayant et plus sain gr\u00e2ce \u00e0 quelques fils de cette herbe.<\/p>\n<p>Vous pouvez acheter du\u00a0<strong><a href=\"https:\/\/crocussativus.eu\/fr\/webshop\/product\/saffraankaas-van-de-boerderij\">Fromage Safran<\/a><\/strong>\u00a0dans notre boutique en ligne. Ce fromage combine \u201cl\u2019or rouge\u201d avec le lait hollandais cors\u00e9 de la ferme.<\/p>\n<h2>Effet benefique<\/h2>\n<p>En plus du fait que le safran est utilis\u00e9 dans de nombreux plats, il a \u00e9galement des\u00a0<strong>effets b\u00e9n\u00e9fiques sur la sant\u00e9<\/strong>. Nous vendons des\u00a0<strong><a href=\"https:\/\/crocussativus.eu\/fr\/produit\/capsules-de-safran\/\">g\u00e9lules<\/a><\/strong>\u00a0qui peuvent vous aider \u00e0 vous sentir mieux. En outre, les g\u00e9lules sont \u00e9galement id\u00e9ales pour combattre l\u2019inconfort et les maux li\u00e9s \u00e0 l\u2019\u00e2ge.<\/p>\n<p>Chaque capsule est remplie \u00e0 100% \u201cd\u2019or rouge\u201d sans \u201ccharge\u201d ou additif. Le contenu de nos g\u00e9lules peut donc \u00e9galement \u00eatre utilis\u00e9 pour pr\u00e9parer n\u2019importe quel \u201cplat safran\u00e9\u201d.<\/p>\n<h2>Qualit\u00e9 sup\u00e9rieure abordable<\/h2>\n<p>Nous travaillons avec des producteurs de diff\u00e9rents pays, dont l\u2019Italie, la France, l\u2019Espagne, le Maroc et la Bulgarie. En travaillant en \u00e9troite collaboration avec eux, nous pouvons offrir du Safran de haute qualit\u00e9 tout au long de l\u2019ann\u00e9e. L\u2019\u00e9pice a \u00e9t\u00e9 test\u00e9e par 3 laboratoires d\u2019Eurofins Scientific. Ces tests montrent que notre Safran est de la plus haute qualit\u00e9.<\/p>\n<p>Avec nous, vous achetez\u00a0<strong>du Safran de qualit\u00e9 sup\u00e9rieure \u00e0 un prix tr\u00e8s comp\u00e9titif<\/strong>. Vous b\u00e9n\u00e9ficiez de prix discount pour les grandes quantit\u00e9s (minimum 20 grammes). Avec nous, vous ne payez jamais trop. Le safran devient abordable pour chaque cuisinier et chaque m\u00e9nage.<\/p>\n<p>&nbsp;<\/p>\n<h2>Passer une commande dans la boutique en ligne<\/h2>\n<p>Vous pouvez acheter du Safran dans notre boutique en ligne. Choisissez le nombre de grammes, mettez le produit dans le panier et validez. Le produit vous sera ensuite livr\u00e9 dans un d\u00e9lai d\u2019environ 5-7 jours ouvrables en dehors des Pays-Bas, en fonction de l\u2019activit\u00e9 du service de messagerie. Si vous avez des questions ou des suggestions, veuillez nous contacter\u00a0<strong><a href=\"https:\/\/crocussativus.eu\/fr\/contact\">via ce formulaire<\/a><\/strong>.<\/p>\n<p>&nbsp;<\/p>\n","protected":false},"excerpt":{"rendered":"<p>100% safran, la puret\u00e9 importante pour sa qualit\u00e9 et sa fonction. Des chefs c\u00e9l\u00e8bres du monde entier utilisent le safran pour pr\u00e9parer des plats traditionnels raffin\u00e9s et d\u00e9licats, ainsi que dans de nouveaux plats fusion, r\u00e9unissant diff\u00e9rentes cuisines dans lesquelles le safran joue souvent un r\u00f4le magique. Tous nos produits \u00e0 base de safran sont test\u00e9s chez Eurofins Scientific,<\/p>\n","protected":false},"featured_media":822,"comment_status":"closed","ping_status":"closed","template":"","meta":[],"product_brand":[],"product_cat":[66],"product_tag":[182],"class_list":{"0":"post-679","1":"product","2":"type-product","3":"status-publish","4":"has-post-thumbnail","6":"product_cat-geen-categorie-fr","7":"product_tag-saffraan-fr","8":"description-off","10":"first","11":"instock","12":"taxable","13":"shipping-taxable","14":"purchasable","15":"product-type-simple"},"yoast_head":"<!-- This site is optimized with the Yoast SEO Premium plugin v26.5 (Yoast SEO v26.5) - https:\/\/yoast.com\/wordpress\/plugins\/seo\/ -->\n<title>Safran 5 grammes - Crocussativus<\/title>\n<meta name=\"description\" content=\"safran la puret\u00e9 importante pour sa qualit\u00e9 et sa fonction. Des chefs c\u00e9l\u00e8bres du monde entier utilisent le safran pour pr\u00e9parer des plats traditionnels\" \/>\n<meta name=\"robots\" content=\"index, follow, max-snippet:-1, max-image-preview:large, max-video-preview:-1\" \/>\n<link rel=\"canonical\" href=\"https:\/\/crocussativus.eu\/fr\/produit\/safran\/\" \/>\n<meta property=\"og:locale\" content=\"fr_FR\" \/>\n<meta property=\"og:type\" content=\"article\" \/>\n<meta property=\"og:title\" content=\"Safran 5 grammes\" \/>\n<meta property=\"og:description\" content=\"safran la puret\u00e9 importante pour sa qualit\u00e9 et sa fonction. Des chefs c\u00e9l\u00e8bres du monde entier utilisent le safran pour pr\u00e9parer des plats traditionnels\" \/>\n<meta property=\"og:url\" content=\"https:\/\/crocussativus.eu\/fr\/produit\/safran\/\" \/>\n<meta property=\"og:site_name\" content=\"Crocussativus\" \/>\n<meta property=\"article:publisher\" content=\"https:\/\/www.facebook.com\/crocussativus.eu\" \/>\n<meta property=\"article:modified_time\" content=\"2023-04-09T15:20:28+00:00\" \/>\n<meta property=\"og:image\" content=\"https:\/\/crocussativus.eu\/wp-content\/uploads\/2022\/04\/pr_saffraan.jpg\" \/>\n\t<meta property=\"og:image:width\" content=\"800\" \/>\n\t<meta property=\"og:image:height\" content=\"563\" \/>\n\t<meta property=\"og:image:type\" content=\"image\/jpeg\" \/>\n<meta name=\"twitter:card\" content=\"summary_large_image\" \/>\n<meta name=\"twitter:label1\" content=\"Dur\u00e9e de lecture estim\u00e9e\" \/>\n\t<meta name=\"twitter:data1\" content=\"3 minutes\" \/>\n<script type=\"application\/ld+json\" class=\"yoast-schema-graph\">{\"@context\":\"https:\/\/schema.org\",\"@graph\":[{\"@type\":\"WebPage\",\"@id\":\"https:\/\/crocussativus.eu\/fr\/produit\/safran\/\",\"url\":\"https:\/\/crocussativus.eu\/fr\/produit\/safran\/\",\"name\":\"Safran 5 grammes - Crocussativus\",\"isPartOf\":{\"@id\":\"https:\/\/crocussativus.eu\/#website\"},\"primaryImageOfPage\":{\"@id\":\"https:\/\/crocussativus.eu\/fr\/produit\/safran\/#primaryimage\"},\"image\":{\"@id\":\"https:\/\/crocussativus.eu\/fr\/produit\/safran\/#primaryimage\"},\"thumbnailUrl\":\"https:\/\/crocussativus.eu\/wp-content\/uploads\/2022\/04\/pr_saffraan.jpg\",\"datePublished\":\"2022-02-11T10:24:17+00:00\",\"dateModified\":\"2023-04-09T15:20:28+00:00\",\"description\":\"safran la puret\u00e9 importante pour sa qualit\u00e9 et sa fonction. Des chefs c\u00e9l\u00e8bres du monde entier utilisent le safran pour pr\u00e9parer des plats traditionnels\",\"breadcrumb\":{\"@id\":\"https:\/\/crocussativus.eu\/fr\/produit\/safran\/#breadcrumb\"},\"inLanguage\":\"fr-FR\",\"potentialAction\":[{\"@type\":\"ReadAction\",\"target\":[\"https:\/\/crocussativus.eu\/fr\/produit\/safran\/\"]}]},{\"@type\":\"ImageObject\",\"inLanguage\":\"fr-FR\",\"@id\":\"https:\/\/crocussativus.eu\/fr\/produit\/safran\/#primaryimage\",\"url\":\"https:\/\/crocussativus.eu\/wp-content\/uploads\/2022\/04\/pr_saffraan.jpg\",\"contentUrl\":\"https:\/\/crocussativus.eu\/wp-content\/uploads\/2022\/04\/pr_saffraan.jpg\",\"width\":800,\"height\":563,\"caption\":\"saffraan, saffron\"},{\"@type\":\"BreadcrumbList\",\"@id\":\"https:\/\/crocussativus.eu\/fr\/produit\/safran\/#breadcrumb\",\"itemListElement\":[{\"@type\":\"ListItem\",\"position\":1,\"name\":\"Home\",\"item\":\"https:\/\/crocussativus.eu\/fr\/\"},{\"@type\":\"ListItem\",\"position\":2,\"name\":\"Boutique\",\"item\":\"https:\/\/crocussativus.eu\/fr\/boutique\/\"},{\"@type\":\"ListItem\",\"position\":3,\"name\":\"Safran 5 grammes\"}]},{\"@type\":\"WebSite\",\"@id\":\"https:\/\/crocussativus.eu\/#website\",\"url\":\"https:\/\/crocussativus.eu\/\",\"name\":\"Crocussativus.eu\",\"description\":\"Saffraan, Capsules, Crocus sativus bollen &amp; Saffraankaas\",\"publisher\":{\"@id\":\"https:\/\/crocussativus.eu\/#organization\"},\"potentialAction\":[{\"@type\":\"SearchAction\",\"target\":{\"@type\":\"EntryPoint\",\"urlTemplate\":\"https:\/\/crocussativus.eu\/?s={search_term_string}\"},\"query-input\":{\"@type\":\"PropertyValueSpecification\",\"valueRequired\":true,\"valueName\":\"search_term_string\"}}],\"inLanguage\":\"fr-FR\"},{\"@type\":\"Organization\",\"@id\":\"https:\/\/crocussativus.eu\/#organization\",\"name\":\"abac holland bv\",\"alternateName\":\"crocus sativus .eu\",\"url\":\"https:\/\/crocussativus.eu\/\",\"logo\":{\"@type\":\"ImageObject\",\"inLanguage\":\"fr-FR\",\"@id\":\"https:\/\/crocussativus.eu\/#\/schema\/logo\/image\/\",\"url\":\"https:\/\/crocussativus.eu\/wp-content\/uploads\/2023\/06\/logo_h80-1.png\",\"contentUrl\":\"https:\/\/crocussativus.eu\/wp-content\/uploads\/2023\/06\/logo_h80-1.png\",\"width\":181,\"height\":80,\"caption\":\"abac holland bv\"},\"image\":{\"@id\":\"https:\/\/crocussativus.eu\/#\/schema\/logo\/image\/\"},\"sameAs\":[\"https:\/\/www.facebook.com\/crocussativus.eu\"],\"description\":\"Social and Solidarity Enterprise. We do everything we can to oSociale en Solidaire Onderneming. We doen er alles aan om innovatieve en transparante middelen en diensten aan te bieden en zo de Saffraan- en Crocus sativus telers te ondersteunen.ffer innovative and transparent resources and services to support Saffron and Crocus sativus growers.\",\"email\":\"info@abacholland.com\",\"telephone\":\"+31 (0)627 267 149\",\"legalName\":\"abac holland bv\",\"foundingDate\":\"2011-01-09\"}]}<\/script>\n<!-- \/ Yoast SEO Premium plugin. -->","yoast_head_json":{"title":"Safran 5 grammes - Crocussativus","description":"safran la puret\u00e9 importante pour sa qualit\u00e9 et sa fonction. Des chefs c\u00e9l\u00e8bres du monde entier utilisent le safran pour pr\u00e9parer des plats traditionnels","robots":{"index":"index","follow":"follow","max-snippet":"max-snippet:-1","max-image-preview":"max-image-preview:large","max-video-preview":"max-video-preview:-1"},"canonical":"https:\/\/crocussativus.eu\/fr\/produit\/safran\/","og_locale":"fr_FR","og_type":"article","og_title":"Safran 5 grammes","og_description":"safran la puret\u00e9 importante pour sa qualit\u00e9 et sa fonction. Des chefs c\u00e9l\u00e8bres du monde entier utilisent le safran pour pr\u00e9parer des plats traditionnels","og_url":"https:\/\/crocussativus.eu\/fr\/produit\/safran\/","og_site_name":"Crocussativus","article_publisher":"https:\/\/www.facebook.com\/crocussativus.eu","article_modified_time":"2023-04-09T15:20:28+00:00","og_image":[{"width":800,"height":563,"url":"https:\/\/crocussativus.eu\/wp-content\/uploads\/2022\/04\/pr_saffraan.jpg","type":"image\/jpeg"}],"twitter_card":"summary_large_image","twitter_misc":{"Dur\u00e9e de lecture estim\u00e9e":"3 minutes"},"schema":{"@context":"https:\/\/schema.org","@graph":[{"@type":"WebPage","@id":"https:\/\/crocussativus.eu\/fr\/produit\/safran\/","url":"https:\/\/crocussativus.eu\/fr\/produit\/safran\/","name":"Safran 5 grammes - Crocussativus","isPartOf":{"@id":"https:\/\/crocussativus.eu\/#website"},"primaryImageOfPage":{"@id":"https:\/\/crocussativus.eu\/fr\/produit\/safran\/#primaryimage"},"image":{"@id":"https:\/\/crocussativus.eu\/fr\/produit\/safran\/#primaryimage"},"thumbnailUrl":"https:\/\/crocussativus.eu\/wp-content\/uploads\/2022\/04\/pr_saffraan.jpg","datePublished":"2022-02-11T10:24:17+00:00","dateModified":"2023-04-09T15:20:28+00:00","description":"safran la puret\u00e9 importante pour sa qualit\u00e9 et sa fonction. Des chefs c\u00e9l\u00e8bres du monde entier utilisent le safran pour pr\u00e9parer des plats traditionnels","breadcrumb":{"@id":"https:\/\/crocussativus.eu\/fr\/produit\/safran\/#breadcrumb"},"inLanguage":"fr-FR","potentialAction":[{"@type":"ReadAction","target":["https:\/\/crocussativus.eu\/fr\/produit\/safran\/"]}]},{"@type":"ImageObject","inLanguage":"fr-FR","@id":"https:\/\/crocussativus.eu\/fr\/produit\/safran\/#primaryimage","url":"https:\/\/crocussativus.eu\/wp-content\/uploads\/2022\/04\/pr_saffraan.jpg","contentUrl":"https:\/\/crocussativus.eu\/wp-content\/uploads\/2022\/04\/pr_saffraan.jpg","width":800,"height":563,"caption":"saffraan, saffron"},{"@type":"BreadcrumbList","@id":"https:\/\/crocussativus.eu\/fr\/produit\/safran\/#breadcrumb","itemListElement":[{"@type":"ListItem","position":1,"name":"Home","item":"https:\/\/crocussativus.eu\/fr\/"},{"@type":"ListItem","position":2,"name":"Boutique","item":"https:\/\/crocussativus.eu\/fr\/boutique\/"},{"@type":"ListItem","position":3,"name":"Safran 5 grammes"}]},{"@type":"WebSite","@id":"https:\/\/crocussativus.eu\/#website","url":"https:\/\/crocussativus.eu\/","name":"Crocussativus.eu","description":"Saffraan, Capsules, Crocus sativus bollen &amp; Saffraankaas","publisher":{"@id":"https:\/\/crocussativus.eu\/#organization"},"potentialAction":[{"@type":"SearchAction","target":{"@type":"EntryPoint","urlTemplate":"https:\/\/crocussativus.eu\/?s={search_term_string}"},"query-input":{"@type":"PropertyValueSpecification","valueRequired":true,"valueName":"search_term_string"}}],"inLanguage":"fr-FR"},{"@type":"Organization","@id":"https:\/\/crocussativus.eu\/#organization","name":"abac holland bv","alternateName":"crocus sativus .eu","url":"https:\/\/crocussativus.eu\/","logo":{"@type":"ImageObject","inLanguage":"fr-FR","@id":"https:\/\/crocussativus.eu\/#\/schema\/logo\/image\/","url":"https:\/\/crocussativus.eu\/wp-content\/uploads\/2023\/06\/logo_h80-1.png","contentUrl":"https:\/\/crocussativus.eu\/wp-content\/uploads\/2023\/06\/logo_h80-1.png","width":181,"height":80,"caption":"abac holland bv"},"image":{"@id":"https:\/\/crocussativus.eu\/#\/schema\/logo\/image\/"},"sameAs":["https:\/\/www.facebook.com\/crocussativus.eu"],"description":"Social and Solidarity Enterprise. We do everything we can to oSociale en Solidaire Onderneming. We doen er alles aan om innovatieve en transparante middelen en diensten aan te bieden en zo de Saffraan- en Crocus sativus telers te ondersteunen.ffer innovative and transparent resources and services to support Saffron and Crocus sativus growers.","email":"info@abacholland.com","telephone":"+31 (0)627 267 149","legalName":"abac holland bv","foundingDate":"2011-01-09"}]}},"_links":{"self":[{"href":"https:\/\/crocussativus.eu\/fr\/wp-json\/wp\/v2\/product\/679","targetHints":{"allow":["GET"]}}],"collection":[{"href":"https:\/\/crocussativus.eu\/fr\/wp-json\/wp\/v2\/product"}],"about":[{"href":"https:\/\/crocussativus.eu\/fr\/wp-json\/wp\/v2\/types\/product"}],"replies":[{"embeddable":true,"href":"https:\/\/crocussativus.eu\/fr\/wp-json\/wp\/v2\/comments?post=679"}],"wp:featuredmedia":[{"embeddable":true,"href":"https:\/\/crocussativus.eu\/fr\/wp-json\/wp\/v2\/media\/822"}],"wp:attachment":[{"href":"https:\/\/crocussativus.eu\/fr\/wp-json\/wp\/v2\/media?parent=679"}],"wp:term":[{"taxonomy":"product_brand","embeddable":true,"href":"https:\/\/crocussativus.eu\/fr\/wp-json\/wp\/v2\/product_brand?post=679"},{"taxonomy":"product_cat","embeddable":true,"href":"https:\/\/crocussativus.eu\/fr\/wp-json\/wp\/v2\/product_cat?post=679"},{"taxonomy":"product_tag","embeddable":true,"href":"https:\/\/crocussativus.eu\/fr\/wp-json\/wp\/v2\/product_tag?post=679"}],"curies":[{"name":"wp","href":"https:\/\/api.w.org\/{rel}","templated":true}]}}